{"id":162,"date":"2023-04-11T17:07:36","date_gmt":"2023-04-11T13:07:36","guid":{"rendered":"https:\/\/ambbaku.esteri.it\/chi-siamo\/"},"modified":"2023-09-28T12:08:54","modified_gmt":"2023-09-28T08:08:54","slug":"chi-siamo","status":"publish","type":"page","link":"https:\/\/ambbaku.esteri.it\/az\/chi-siamo\/","title":{"rendered":"Biz kimik"},"content":{"rendered":"<div>\n<p><strong>\u00dcnvan:<\/strong><\/p>\n<p>\u0130taliyan\u0131n Bak\u0131dak\u0131 s\u0259firliyi:<\/p>\n<p>Xaqani k\u00fc\u00e7\u0259si 77A, Landmark I, AZ1010 &#8211; BAKI<\/p>\n<p>S\u0259firliy\u0259 \u0259n yax\u0131n metro stansiyas\u0131:\u202f 28 MAY<\/p>\n<p>&nbsp;<\/p>\n<p><strong>Q\u0259bul g\u00fcnl\u0259ri:<\/strong><\/p>\n<p>&#8211; bazar ert\u0259si: 09:00 &#8211; 12:00<\/p>\n<p>&#8211; \u00e7\u0259r\u015f\u0259nb\u0259 ax\u015fam\u0131: 09:00 &#8211; 12:00<\/p>\n<p>&#8211; \u00e7\u0259r\u015f\u0259nb\u0259: 09:00 &#8211; 12:00 v\u0259 15:00 &#8211; 17:00<\/p>\n<p>&#8211; c\u00fcm\u0259 ax\u015fam\u0131 09:00 &#8211; 12:00<\/p>\n<p>&#8211; c\u00fcm\u0259 09:00 &#8211; 12:00<\/p>\n<p>&nbsp;<\/p>\n<p><strong>\u018flaq\u0259<\/strong><\/p>\n<p>Tel +99-412-4975133\/35<\/p>\n<p>Fax <span class=\"baec5a81-e4d6-4674-97f3-e9220f0136c1\">+99-412-4975202<a title=\"Chiama: +99-412-4975202\" href=\"https:\/\/ambbaku.esteri.it\/ambasciata_baku\/az\/ambasciata\/#\"><img decoding=\"async\" title=\"Chiama: +99-412-4975202\" src=\"data:image\/png;base64,iVBORw0KGgoAAAANSUhEUgAAABAAAAAQCAYAAAAf8\/9hAAABcklEQVR4XpXTPUvDUBTH4aR2c2hBQXGpTiIORhBcBOvgYKf0Awi+4Ggr1MVPIIrYdnEpShddHIyLi6AVXVxsRRDRwbi4KNgu4lCIv8i\/i6QRDzycy+09555LqOl5nhEUptPoJe1iDHU8oYlrlDw79m4QEbSLPexzsIc8hDRm8YBjLpj4q8EgxQdab+MNd4ghhQ2adIc1+ORAFEnWWfTDRp7GDfImlsIavKALLuqoqMGUCs4wHtagiQ5uc8kDyCOBKlP1k78QNTOZnMXCQRxWsbjl6iuskV41SQG2Gj9rikvcR1WcgKFDBa1LOEUK56hqv8BUFV3SGWkVS9JQ6Dsv4wQ1DKMPORUvkm78BhdQMI1CTa5I0yrcwSFqFD+SZ7DQesIkCG5S\/JpkHYERQRmuNsrZ7Grc+Ef8\/Bcoslkfae8Wc7CUHZ++TuAEBj86pHntjaDKXllPy6PW\/gkKFaThwp\/K87N8hDcQTTKKFTioSxqB8Q2BNX5JtAljwgAAAABJRU5ErkJggg==\" \/><\/a><\/span><\/p>\n<p>Yaln\u0131z f\u00f6vq\u0259lad\u0259 hallarda t\u0259cili yard\u0131m n\u00f6mr\u0259si h\u0259mv\u0259t\u0259nl\u0259rimizin xidm\u0259tind\u0259dir:<\/p>\n<p>+994-502106054<\/p>\n<p>&nbsp;<\/p>\n<p><strong>Konsulluq m\u0259s\u0259l\u0259l\u0259ri \u00fc\u00e7\u00fcn:<\/strong><\/p>\n<p>Tel +994-12-4975133\/35 daxili n. 136<\/p>\n<p>Fax <span class=\"baec5a81-e4d6-4674-97f3-e9220f0136c1\">+994-12-4975202<a title=\"Chiama: +994-12-4975202\" href=\"https:\/\/ambbaku.esteri.it\/ambasciata_baku\/az\/ambasciata\/#\"><img decoding=\"async\" title=\"Chiama: +994-12-4975202\" src=\"data:image\/png;base64,iVBORw0KGgoAAAANSUhEUgAAABAAAAAQCAYAAAAf8\/9hAAABcklEQVR4XpXTPUvDUBTH4aR2c2hBQXGpTiIORhBcBOvgYKf0Awi+4Ggr1MVPIIrYdnEpShddHIyLi6AVXVxsRRDRwbi4KNgu4lCIv8i\/i6QRDzycy+09555LqOl5nhEUptPoJe1iDHU8oYlrlDw79m4QEbSLPexzsIc8hDRm8YBjLpj4q8EgxQdab+MNd4ghhQ2adIc1+ORAFEnWWfTDRp7GDfImlsIavKALLuqoqMGUCs4wHtagiQ5uc8kDyCOBKlP1k78QNTOZnMXCQRxWsbjl6iuskV41SQG2Gj9rikvcR1WcgKFDBa1LOEUK56hqv8BUFV3SGWkVS9JQ6Dsv4wQ1DKMPORUvkm78BhdQMI1CTa5I0yrcwSFqFD+SZ7DQesIkCG5S\/JpkHYERQRmuNsrZ7Grc+Ef8\/Bcoslkfae8Wc7CUHZ++TuAEBj86pHntjaDKXllPy6PW\/gkKFaThwp\/K87N8hDcQTTKKFTioSxqB8Q2BNX5JtAljwgAAAABJRU5ErkJggg==\" \/><\/a><\/span><\/p>\n<p>e-mail: <a href=\"mailto:baku.consolare@esteri.it\">baku.consolare@esteri.it<\/a><\/p>\n<p>&nbsp;<\/p>\n<p><strong>Viza m\u0259s\u0259l\u0259l\u0259ri \u00fc\u00e7\u00fcn:<\/strong><\/p>\n<p>Tel <span class=\"baec5a81-e4d6-4674-97f3-e9220f0136c1\">+994-12-4975133<a title=\"Chiama: +994-12-4975133\" href=\"https:\/\/ambbaku.esteri.it\/ambasciata_baku\/az\/ambasciata\/#\"><img decoding=\"async\" title=\"Chiama: +994-12-4975133\" src=\"data:image\/png;base64,iVBORw0KGgoAAAANSUhEUgAAABAAAAAQCAYAAAAf8\/9hAAABcklEQVR4XpXTPUvDUBTH4aR2c2hBQXGpTiIORhBcBOvgYKf0Awi+4Ggr1MVPIIrYdnEpShddHIyLi6AVXVxsRRDRwbi4KNgu4lCIv8i\/i6QRDzycy+09555LqOl5nhEUptPoJe1iDHU8oYlrlDw79m4QEbSLPexzsIc8hDRm8YBjLpj4q8EgxQdab+MNd4ghhQ2adIc1+ORAFEnWWfTDRp7GDfImlsIavKALLuqoqMGUCs4wHtagiQ5uc8kDyCOBKlP1k78QNTOZnMXCQRxWsbjl6iuskV41SQG2Gj9rikvcR1WcgKFDBa1LOEUK56hqv8BUFV3SGWkVS9JQ6Dsv4wQ1DKMPORUvkm78BhdQMI1CTa5I0yrcwSFqFD+SZ7DQesIkCG5S\/JpkHYERQRmuNsrZ7Grc+Ef8\/Bcoslkfae8Wc7CUHZ++TuAEBj86pHntjaDKXllPy6PW\/gkKFaThwp\/K87N8hDcQTTKKFTioSxqB8Q2BNX5JtAljwgAAAABJRU5ErkJggg==\" \/><\/a><\/span> daxili n. 131<\/p>\n<p>email: <a href=\"mailto:baku.visti@esteri.it\">baku.visti@esteri.it<\/a><\/p>\n<p>&nbsp;<\/p>\n<p>&nbsp;<\/p>\n<p><strong>2023-c\u00fc ild\u0259 bayram t\u0259qvimi<\/strong><\/p>\n<p>01 yanvar Yeni il<\/p>\n<p>20 yanvar Mat\u0259m g\u00fcn\u00fc<\/p>\n<p>20 mart Novruz Bayram\u0131<\/p>\n<p>21 mart Novruz Bayram\u0131<\/p>\n<p>05 aprel M\u00fcq\u0259dd\u0259s bazar ert\u0259si<\/p>\n<p>01 May \u018fm\u0259k g\u00fcn\u00fc<\/p>\n<p>14 May Ramazan bayram\u0131<\/p>\n<p>28 May Az\u0259rbaycan\u0131n Respublika g\u00fcn\u00fc<\/p>\n<p>02 \u0130yun \u0130taliya Respublika G\u00fcn\u00fc<\/p>\n<p>25 dekabr Milad bayram\u0131<\/p>\n<p>26 dekabr M\u00fcq\u0259dd\u0259s Stefan g\u00fcn\u00fc<\/p>\n<\/div>\n","protected":false},"excerpt":{"rendered":"\u00dcnvan: \u0130taliyan\u0131n Bak\u0131dak\u0131 s\u0259firliyi: Xaqani k\u00fc\u00e7\u0259si 77A, Landmark I, AZ1010 &#8211; BAKI S\u0259firliy\u0259 \u0259n yax\u0131n metro stansiyas\u0131:\u202f 28 MAY &nbsp; Q\u0259bul g\u00fcnl\u0259ri: &#8211; bazar ert\u0259si: 09:00 &#8211; 12:00 &#8211; \u00e7\u0259r\u015f\u0259nb\u0259 ax\u015fam\u0131: 09:00 &#8211; 12:00 &#8211; \u00e7\u0259r\u015f\u0259nb\u0259: 09:00 &#8211; 12:00 v\u0259 15:00 &#8211; 17:00 &#8211; c\u00fcm\u0259 ax\u015fam\u0131 09:00 &#8211; 12:00 &#8211; c\u00fcm\u0259 09:00 &#8211; 12:00 &nbsp; [&hellip;]","protected":false},"author":1,"featured_media":0,"parent":0,"menu_order":2,"comment_status":"closed","ping_status":"closed","template":"","meta":{"footnotes":""},"class_list":["post-162","page","type-page","status-publish","hentry"],"_links":{"self":[{"href":"https:\/\/ambbaku.esteri.it\/az\/wp-json\/wp\/v2\/pages\/162","targetHints":{"allow":["GET"]}}],"collection":[{"href":"https:\/\/ambbaku.esteri.it\/az\/wp-json\/wp\/v2\/pages"}],"about":[{"href":"https:\/\/ambbaku.esteri.it\/az\/wp-json\/wp\/v2\/types\/page"}],"author":[{"embeddable":true,"href":"https:\/\/ambbaku.esteri.it\/az\/wp-json\/wp\/v2\/users\/1"}],"replies":[{"embeddable":true,"href":"https:\/\/ambbaku.esteri.it\/az\/wp-json\/wp\/v2\/comments?post=162"}],"version-history":[{"count":2,"href":"https:\/\/ambbaku.esteri.it\/az\/wp-json\/wp\/v2\/pages\/162\/revisions"}],"predecessor-version":[{"id":720,"href":"https:\/\/ambbaku.esteri.it\/az\/wp-json\/wp\/v2\/pages\/162\/revisions\/720"}],"wp:attachment":[{"href":"https:\/\/ambbaku.esteri.it\/az\/wp-json\/wp\/v2\/media?parent=162"}],"curies":[{"name":"wp","href":"https:\/\/api.w.org\/{rel}","templated":true}]}}