{"id":164,"date":"2023-04-11T17:55:33","date_gmt":"2023-04-11T13:55:33","guid":{"rendered":"https:\/\/ambbaku.esteri.it\/chi-siamo\/la-sede\/"},"modified":"2023-09-28T12:11:57","modified_gmt":"2023-09-28T08:11:57","slug":"la-sede","status":"publish","type":"page","link":"https:\/\/ambbaku.esteri.it\/az\/chi-siamo\/la-sede\/","title":{"rendered":"La Sede"},"content":{"rendered":"<div>\n<p>S\u0259firlik multimedia m\u0259zmunu v\u0259 sosial \u015f\u0259b\u0259k\u0259l\u0259rd\u0259ki r\u0259mi s\u0259hif\u0259l\u0259r\u0259 ke\u00e7idl\u0259rl\u0259 z\u0259nginl\u0259\u015fdirilmi\u015f yeni r\u0259smi veb sayt\u0131n\u0131 t\u0259qdim etm\u0259kd\u0259n m\u0259mnunluq duyur.<\/p>\n<p>Saytda \u00f6lk\u0259d\u0259 ba\u015f ver\u0259n son hadis\u0259l\u0259rl\u0259 ba\u011fl\u0131 x\u0259b\u0259rl\u0259r, iqtisadiyyatla maraqlananlar \u00fc\u00e7\u00fcn z\u0259ruri m\u0259lumatlar, Bak\u0131da ya\u015fayan h\u0259mv\u0259t\u0259nl\u0259rimiz \u00fc\u00e7\u00fcn s\u0259firliyin f\u0259aliyy\u0259ti v\u0259 dig\u0259r faydal\u0131 m\u0259lumatlar \u0259ks olunub.<\/p>\n<p>\u0130qtisadi sah\u0259d\u0259 f\u0259aliyy\u0259t g\u00f6st\u0259r\u0259nl\u0259r\u202f \u00fc\u00e7\u00fcn, italyan \u015firk\u0259tl\u0259rinin beyn\u0259lmil\u0259ll\u0259\u015fm\u0259si m\u0259qs\u0259dil\u0259 Xarici \u0130\u015fl\u0259r Nazirliyi v\u0259 bizim t\u0259r\u0259fimizd\u0259n haz\u0131rlanm\u0131\u015f InfoMercatiEsteri sayt\u0131na ke\u00e7idi n\u0259z\u0259riniz\u0259 \u00e7atd\u0131r\u0131r\u0131q.<\/p>\n<p>H\u0259mv\u0259t\u0259nl\u0259rimiz \u00fc\u00e7\u00fcn &#8220;Az\u0259rbaycanda ya\u015famaq&#8221; v\u0259 konsulluq xidm\u0259tl\u0259ri b\u00f6lm\u0259sini t\u00f6vsiy\u0259 edirik.<\/p>\n<p>ambasciata.baku@esteri.it elektron \u00fcnvan\u0131na g\u00f6nd\u0259ril\u0259n ist\u0259nil\u0259n m\u0259lumat ofisimiz t\u0259r\u0259find\u0259n cavabland\u0131r\u0131l\u0131r.<\/p>\n<p>&nbsp;<\/p>\n<p><strong>\u00dcnvan:<\/strong><\/p>\n<p>\u0130taliyan\u0131n Bak\u0131dak\u0131 S\u0259firliyi:<\/p>\n<p>Xaqani k\u00fc\u00e7\u0259si 77A, Landmark I, AZ1010 &#8211; BAKI<\/p>\n<p>S\u0259firliy\u0259 \u0259n yax\u0131n metro stansiyas\u0131:\u202f 28 MAY<\/p>\n<p><img loading=\"lazy\" decoding=\"async\" class=\"alignnone size-medium wp-image-560 img-fluid\" src=\"https:\/\/ambbaku.esteri.it\/wp-content\/uploads\/2023\/09\/sede_nuova_2-291x300.jpeg\" alt=\"\" width=\"291\" height=\"300\" srcset=\"https:\/\/ambbaku.esteri.it\/wp-content\/uploads\/2023\/09\/sede_nuova_2-291x300.jpeg 291w, https:\/\/ambbaku.esteri.it\/wp-content\/uploads\/2023\/09\/sede_nuova_2-992x1024.jpeg 992w, https:\/\/ambbaku.esteri.it\/wp-content\/uploads\/2023\/09\/sede_nuova_2-768x793.jpeg 768w, https:\/\/ambbaku.esteri.it\/wp-content\/uploads\/2023\/09\/sede_nuova_2.jpeg 1920w\" sizes=\"auto, (max-width: 291px) 100vw, 291px\" \/><\/p>\n<p>&nbsp;<\/p>\n<p><strong>Q\u0259bul g\u00fcnl\u0259ri:<\/strong><\/p>\n<p>&#8211; bazar ert\u0259si: 09:00 &#8211; 12:00<\/p>\n<p>&#8211; \u00e7\u0259r\u015f\u0259nb\u0259 ax\u015fam\u0131: 09:00 &#8211; 12:00<\/p>\n<p>&#8211; \u00e7\u0259r\u015f\u0259nb\u0259: 09:00 &#8211; 12:00 v\u0259 15:00 &#8211; 17:00<\/p>\n<p>&#8211; c\u00fcm\u0259 ax\u015fam\u0131 09:00 &#8211; 12:00<\/p>\n<p>&#8211; c\u00fcm\u0259 09:00 &#8211; 12:00<\/p>\n<p>&nbsp;<\/p>\n<p><strong>\u018flaq\u0259<\/strong><\/p>\n<p>Tel +99-412-4975133\/35<\/p>\n<p>Fax <span class=\"baec5a81-e4d6-4674-97f3-e9220f0136c1\">+99-412-4975202<a title=\"Chiama: +99-412-4975202\" href=\"https:\/\/ambbaku.esteri.it\/ambasciata_baku\/az\/ambasciata\/la-sede#\"><img decoding=\"async\" title=\"Chiama: +99-412-4975202\" src=\"data:image\/png;base64,iVBORw0KGgoAAAANSUhEUgAAABAAAAAQCAYAAAAf8\/9hAAABcklEQVR4XpXTPUvDUBTH4aR2c2hBQXGpTiIORhBcBOvgYKf0Awi+4Ggr1MVPIIrYdnEpShddHIyLi6AVXVxsRRDRwbi4KNgu4lCIv8i\/i6QRDzycy+09555LqOl5nhEUptPoJe1iDHU8oYlrlDw79m4QEbSLPexzsIc8hDRm8YBjLpj4q8EgxQdab+MNd4ghhQ2adIc1+ORAFEnWWfTDRp7GDfImlsIavKALLuqoqMGUCs4wHtagiQ5uc8kDyCOBKlP1k78QNTOZnMXCQRxWsbjl6iuskV41SQG2Gj9rikvcR1WcgKFDBa1LOEUK56hqv8BUFV3SGWkVS9JQ6Dsv4wQ1DKMPORUvkm78BhdQMI1CTa5I0yrcwSFqFD+SZ7DQesIkCG5S\/JpkHYERQRmuNsrZ7Grc+Ef8\/Bcoslkfae8Wc7CUHZ++TuAEBj86pHntjaDKXllPy6PW\/gkKFaThwp\/K87N8hDcQTTKKFTioSxqB8Q2BNX5JtAljwgAAAABJRU5ErkJggg==\" alt=\"\" \/><\/a><\/span><\/p>\n<p>e-mail: <a href=\"mailto:ambasciata.baku@esteri\">ambasciata.baku@esteri<\/a><\/p>\n<p>PEC: <a href=\"mailto:amb.baku@cert.esteri.it\">amb.baku@cert.esteri.it<\/a><\/p>\n<p>Ciddi \u015f\u0259kild\u0259 qeyd edilir ki,bu qaynar x\u0259tt yaln\u0131z f\u00f6vq\u0259lada hallar zaman\u0131 ekskluziv olaraq italyan v\u0259t\u0259nda\u015flar\u0131 olan h\u0259mv\u0259t\u0259nl\u0259rimizin xidm\u0259tind\u0259dir: +994502106054<\/p>\n<p style=\"text-align: justify;\">Qaynar x\u0259tt yaln\u0131z <strong>bazar ert\u0259sind\u0259n c\u00fcm\u0259 g\u00fcn\u00fcn\u0259 kimi saat 16:00-dan 22:00-a v\u0259 bayram g\u00fcnl\u0259ri saat 09:00-dan 22:00-a<\/strong> kimi a\u00e7\u0131q olacaqd\u0131r. Bu n\u00f6mr\u0259 yaln\u0131z f\u00f6vq\u0259lada hallar zaman\u0131 ekskluziv olaraq italyan v\u0259t\u0259nda\u015flar\u0131 olan h\u0259mv\u0259t\u0259nl\u0259rimizin xidm\u0259tind\u0259dir. Konsulluq m\u0259s\u0259l\u0259l\u0259ri (pasportlar, viza v\u0259 s.) il\u0259 ba\u011fl\u0131 g\u0259l\u0259n z\u0259ngl\u0259r n\u0259z\u0259r\u0259 al\u0131nmayacaqd\u0131r.<br \/>\nG\u00fcn\u00fcn qalan saatlar\u0131nda Xarici \u0130\u015fl\u0259r v\u0259 Beyn\u0259lxalq \u018fm\u0259kda\u015fl\u0131q Nazirliyinin n\u00f6vb\u0259t\u00e7i x\u0259tti +39 0636912666 xidm\u0259tinizd\u0259dir.<\/p>\n<p>&nbsp;<\/p>\n<p><strong>Konsulluq m\u0259s\u0259l\u0259l\u0259ri \u00fc\u00e7\u00fcn:<\/strong><\/p>\n<p>Tel +994-12-4975133\/35, +994 12 4976998,\u202f +994 12 4975258\u202f int. 136<\/p>\n<p>Fax <span class=\"baec5a81-e4d6-4674-97f3-e9220f0136c1\">+994-12-4975202<a title=\"Chiama: +994-12-4975202\" href=\"https:\/\/ambbaku.esteri.it\/ambasciata_baku\/az\/ambasciata\/la-sede#\"><img decoding=\"async\" title=\"Chiama: +994-12-4975202\" src=\"data:image\/png;base64,iVBORw0KGgoAAAANSUhEUgAAABAAAAAQCAYAAAAf8\/9hAAABcklEQVR4XpXTPUvDUBTH4aR2c2hBQXGpTiIORhBcBOvgYKf0Awi+4Ggr1MVPIIrYdnEpShddHIyLi6AVXVxsRRDRwbi4KNgu4lCIv8i\/i6QRDzycy+09555LqOl5nhEUptPoJe1iDHU8oYlrlDw79m4QEbSLPexzsIc8hDRm8YBjLpj4q8EgxQdab+MNd4ghhQ2adIc1+ORAFEnWWfTDRp7GDfImlsIavKALLuqoqMGUCs4wHtagiQ5uc8kDyCOBKlP1k78QNTOZnMXCQRxWsbjl6iuskV41SQG2Gj9rikvcR1WcgKFDBa1LOEUK56hqv8BUFV3SGWkVS9JQ6Dsv4wQ1DKMPORUvkm78BhdQMI1CTa5I0yrcwSFqFD+SZ7DQesIkCG5S\/JpkHYERQRmuNsrZ7Grc+Ef8\/Bcoslkfae8Wc7CUHZ++TuAEBj86pHntjaDKXllPy6PW\/gkKFaThwp\/K87N8hDcQTTKKFTioSxqB8Q2BNX5JtAljwgAAAABJRU5ErkJggg==\" alt=\"\" \/><\/a><\/span><\/p>\n<p>e-mail: <a href=\"mailto:baku.consolare@esteri.it\">baku.consolare@esteri.it<\/a><\/p>\n<p>&nbsp;<\/p>\n<p><strong>Viza m\u0259s\u0259l\u0259l\u0259ri \u00fc\u00e7\u00fcn:<\/strong><\/p>\n<p>Tel <span class=\"baec5a81-e4d6-4674-97f3-e9220f0136c1\">+994-12-4975133<a title=\"Chiama: +994-12-4975133\" href=\"https:\/\/ambbaku.esteri.it\/ambasciata_baku\/az\/ambasciata\/la-sede#\"><img decoding=\"async\" title=\"Chiama: +994-12-4975133\" src=\"data:image\/png;base64,iVBORw0KGgoAAAANSUhEUgAAABAAAAAQCAYAAAAf8\/9hAAABcklEQVR4XpXTPUvDUBTH4aR2c2hBQXGpTiIORhBcBOvgYKf0Awi+4Ggr1MVPIIrYdnEpShddHIyLi6AVXVxsRRDRwbi4KNgu4lCIv8i\/i6QRDzycy+09555LqOl5nhEUptPoJe1iDHU8oYlrlDw79m4QEbSLPexzsIc8hDRm8YBjLpj4q8EgxQdab+MNd4ghhQ2adIc1+ORAFEnWWfTDRp7GDfImlsIavKALLuqoqMGUCs4wHtagiQ5uc8kDyCOBKlP1k78QNTOZnMXCQRxWsbjl6iuskV41SQG2Gj9rikvcR1WcgKFDBa1LOEUK56hqv8BUFV3SGWkVS9JQ6Dsv4wQ1DKMPORUvkm78BhdQMI1CTa5I0yrcwSFqFD+SZ7DQesIkCG5S\/JpkHYERQRmuNsrZ7Grc+Ef8\/Bcoslkfae8Wc7CUHZ++TuAEBj86pHntjaDKXllPy6PW\/gkKFaThwp\/K87N8hDcQTTKKFTioSxqB8Q2BNX5JtAljwgAAAABJRU5ErkJggg==\" alt=\"\" \/><\/a><\/span> \/35, <span class=\"baec5a81-e4d6-4674-97f3-e9220f0136c1\">+994 12 4976998<a title=\"Chiama: +994 12 4976998\" href=\"https:\/\/ambbaku.esteri.it\/ambasciata_baku\/az\/ambasciata\/la-sede#\"><img decoding=\"async\" title=\"Chiama: +994 12 4976998\" src=\"data:image\/png;base64,iVBORw0KGgoAAAANSUhEUgAAABAAAAAQCAYAAAAf8\/9hAAABcklEQVR4XpXTPUvDUBTH4aR2c2hBQXGpTiIORhBcBOvgYKf0Awi+4Ggr1MVPIIrYdnEpShddHIyLi6AVXVxsRRDRwbi4KNgu4lCIv8i\/i6QRDzycy+09555LqOl5nhEUptPoJe1iDHU8oYlrlDw79m4QEbSLPexzsIc8hDRm8YBjLpj4q8EgxQdab+MNd4ghhQ2adIc1+ORAFEnWWfTDRp7GDfImlsIavKALLuqoqMGUCs4wHtagiQ5uc8kDyCOBKlP1k78QNTOZnMXCQRxWsbjl6iuskV41SQG2Gj9rikvcR1WcgKFDBa1LOEUK56hqv8BUFV3SGWkVS9JQ6Dsv4wQ1DKMPORUvkm78BhdQMI1CTa5I0yrcwSFqFD+SZ7DQesIkCG5S\/JpkHYERQRmuNsrZ7Grc+Ef8\/Bcoslkfae8Wc7CUHZ++TuAEBj86pHntjaDKXllPy6PW\/gkKFaThwp\/K87N8hDcQTTKKFTioSxqB8Q2BNX5JtAljwgAAAABJRU5ErkJggg==\" alt=\"\" \/><\/a><\/span> <span class=\"baec5a81-e4d6-4674-97f3-e9220f0136c1\">+994 12 4975258<a title=\"Chiama: +994 12 4975258\" href=\"https:\/\/ambbaku.esteri.it\/ambasciata_baku\/az\/ambasciata\/la-sede#\"><img decoding=\"async\" title=\"Chiama: +994 12 4975258\" src=\"data:image\/png;base64,iVBORw0KGgoAAAANSUhEUgAAABAAAAAQCAYAAAAf8\/9hAAABcklEQVR4XpXTPUvDUBTH4aR2c2hBQXGpTiIORhBcBOvgYKf0Awi+4Ggr1MVPIIrYdnEpShddHIyLi6AVXVxsRRDRwbi4KNgu4lCIv8i\/i6QRDzycy+09555LqOl5nhEUptPoJe1iDHU8oYlrlDw79m4QEbSLPexzsIc8hDRm8YBjLpj4q8EgxQdab+MNd4ghhQ2adIc1+ORAFEnWWfTDRp7GDfImlsIavKALLuqoqMGUCs4wHtagiQ5uc8kDyCOBKlP1k78QNTOZnMXCQRxWsbjl6iuskV41SQG2Gj9rikvcR1WcgKFDBa1LOEUK56hqv8BUFV3SGWkVS9JQ6Dsv4wQ1DKMPORUvkm78BhdQMI1CTa5I0yrcwSFqFD+SZ7DQesIkCG5S\/JpkHYERQRmuNsrZ7Grc+Ef8\/Bcoslkfae8Wc7CUHZ++TuAEBj86pHntjaDKXllPy6PW\/gkKFaThwp\/K87N8hDcQTTKKFTioSxqB8Q2BNX5JtAljwgAAAABJRU5ErkJggg==\" alt=\"\" \/><\/a><\/span>, <span class=\"baec5a81-e4d6-4674-97f3-e9220f0136c1\">+994 12 4976998<a title=\"Chiama: +994 12 4976998\" href=\"https:\/\/ambbaku.esteri.it\/ambasciata_baku\/az\/ambasciata\/la-sede#\"><img decoding=\"async\" title=\"Chiama: +994 12 4976998\" src=\"data:image\/png;base64,iVBORw0KGgoAAAANSUhEUgAAABAAAAAQCAYAAAAf8\/9hAAABcklEQVR4XpXTPUvDUBTH4aR2c2hBQXGpTiIORhBcBOvgYKf0Awi+4Ggr1MVPIIrYdnEpShddHIyLi6AVXVxsRRDRwbi4KNgu4lCIv8i\/i6QRDzycy+09555LqOl5nhEUptPoJe1iDHU8oYlrlDw79m4QEbSLPexzsIc8hDRm8YBjLpj4q8EgxQdab+MNd4ghhQ2adIc1+ORAFEnWWfTDRp7GDfImlsIavKALLuqoqMGUCs4wHtagiQ5uc8kDyCOBKlP1k78QNTOZnMXCQRxWsbjl6iuskV41SQG2Gj9rikvcR1WcgKFDBa1LOEUK56hqv8BUFV3SGWkVS9JQ6Dsv4wQ1DKMPORUvkm78BhdQMI1CTa5I0yrcwSFqFD+SZ7DQesIkCG5S\/JpkHYERQRmuNsrZ7Grc+Ef8\/Bcoslkfae8Wc7CUHZ++TuAEBj86pHntjaDKXllPy6PW\/gkKFaThwp\/K87N8hDcQTTKKFTioSxqB8Q2BNX5JtAljwgAAAABJRU5ErkJggg==\" alt=\"\" \/><\/a><\/span>\u202f int. 133<\/p>\n<p>email: <a href=\"mailto:baku.visti@esteri.it\">baku.visti@esteri.it<\/a><\/p>\n<p>&nbsp;<\/p>\n<p><strong>S\u0259firlik 2023-c\u00fc ild\u0259 bayram t\u0259qvimi<\/strong><\/p>\n<p>01 yanvar YEN\u0130 \u0130L<\/p>\n<p>20 yanvar MAT\u018fM G\u00dcN\u00dc<\/p>\n<p>20 mart NOVRUZ BAYRAMI<\/p>\n<p>21 mart NOVRUZ BAYRAMI<\/p>\n<p>18\u00a0aprel M\u00dcQ\u018fDD\u018fS BAZAR ERT\u018fS\u0130<\/p>\n<p>01 may \u018fM\u018fK G\u00dcN\u00dc<\/p>\n<p>03\u00a0may RAMAZAN BAYRAMI<\/p>\n<p>28 may AZ\u018fRBAYCANIN RESPUBL\u0130KA G\u00dcN\u00dc<\/p>\n<p>02 iyun\u00a0\u0130TAL\u0130YANIN RESPUBL\u0130KA G\u00dcN\u00dc<\/p>\n<p>25 dekabr M\u0130LAD BAYRAMI<\/p>\n<p>26 dekabr M\u00dcQ\u018fDD\u018fS SAN STEFANO<\/p>\n<\/div>\n","protected":false},"excerpt":{"rendered":"S\u0259firlik multimedia m\u0259zmunu v\u0259 sosial \u015f\u0259b\u0259k\u0259l\u0259rd\u0259ki r\u0259mi s\u0259hif\u0259l\u0259r\u0259 ke\u00e7idl\u0259rl\u0259 z\u0259nginl\u0259\u015fdirilmi\u015f yeni r\u0259smi veb sayt\u0131n\u0131 t\u0259qdim etm\u0259kd\u0259n m\u0259mnunluq duyur. Saytda \u00f6lk\u0259d\u0259 ba\u015f ver\u0259n son hadis\u0259l\u0259rl\u0259 ba\u011fl\u0131 x\u0259b\u0259rl\u0259r, iqtisadiyyatla maraqlananlar \u00fc\u00e7\u00fcn z\u0259ruri m\u0259lumatlar, Bak\u0131da ya\u015fayan h\u0259mv\u0259t\u0259nl\u0259rimiz \u00fc\u00e7\u00fcn s\u0259firliyin f\u0259aliyy\u0259ti v\u0259 dig\u0259r faydal\u0131 m\u0259lumatlar \u0259ks olunub. \u0130qtisadi sah\u0259d\u0259 f\u0259aliyy\u0259t g\u00f6st\u0259r\u0259nl\u0259r\u202f \u00fc\u00e7\u00fcn, italyan \u015firk\u0259tl\u0259rinin beyn\u0259lmil\u0259ll\u0259\u015fm\u0259si m\u0259qs\u0259dil\u0259 Xarici \u0130\u015fl\u0259r Nazirliyi [&hellip;]","protected":false},"author":1,"featured_media":0,"parent":162,"menu_order":2,"comment_status":"closed","ping_status":"closed","template":"","meta":{"footnotes":""},"class_list":["post-164","page","type-page","status-publish","hentry"],"_links":{"self":[{"href":"https:\/\/ambbaku.esteri.it\/az\/wp-json\/wp\/v2\/pages\/164","targetHints":{"allow":["GET"]}}],"collection":[{"href":"https:\/\/ambbaku.esteri.it\/az\/wp-json\/wp\/v2\/pages"}],"about":[{"href":"https:\/\/ambbaku.esteri.it\/az\/wp-json\/wp\/v2\/types\/page"}],"author":[{"embeddable":true,"href":"https:\/\/ambbaku.esteri.it\/az\/wp-json\/wp\/v2\/users\/1"}],"replies":[{"embeddable":true,"href":"https:\/\/ambbaku.esteri.it\/az\/wp-json\/wp\/v2\/comments?post=164"}],"version-history":[{"count":4,"href":"https:\/\/ambbaku.esteri.it\/az\/wp-json\/wp\/v2\/pages\/164\/revisions"}],"predecessor-version":[{"id":721,"href":"https:\/\/ambbaku.esteri.it\/az\/wp-json\/wp\/v2\/pages\/164\/revisions\/721"}],"up":[{"embeddable":true,"href":"https:\/\/ambbaku.esteri.it\/az\/wp-json\/wp\/v2\/pages\/162"}],"wp:attachment":[{"href":"https:\/\/ambbaku.esteri.it\/az\/wp-json\/wp\/v2\/media?parent=164"}],"curies":[{"name":"wp","href":"https:\/\/api.w.org\/{rel}","templated":true}]}}