{"id":166,"date":"2023-04-11T18:07:19","date_gmt":"2023-04-11T14:07:19","guid":{"rendered":"https:\/\/ambbaku.esteri.it\/chi-siamo\/numeri-di-emergenza\/"},"modified":"2023-09-27T11:34:57","modified_gmt":"2023-09-27T07:34:57","slug":"numeri-di-emergenza","status":"publish","type":"page","link":"https:\/\/ambbaku.esteri.it\/az\/chi-siamo\/numeri-di-emergenza\/","title":{"rendered":"T\u0259cili yard\u0131m n\u00f6mr\u0259l\u0259ri"},"content":{"rendered":"<p><span class=\"HwtZe\" lang=\"az\"><span class=\"jCAhz ChMk0b\"><span class=\"ryNqvb\">S\u0259firlik \u0259laq\u0259l\u0259ri<\/span><\/span> <\/span><\/p>\n<p><span class=\"HwtZe\" lang=\"az\"><span class=\"jCAhz ChMk0b\"><span class=\"ryNqvb\">Yaln\u0131z ciddi f\u00f6vq\u0259lad\u0259 hallar \u00fc\u00e7\u00fcn t\u0259cili yard\u0131m n\u00f6mr\u0259si h\u0259mv\u0259t\u0259nl\u0259r \u00fc\u00e7\u00fcn aktivdir: +994502106054.<\/span><\/span> <\/span><\/p>\n<p><span class=\"HwtZe\" lang=\"az\"><span class=\"jCAhz ChMk0b\"><span class=\"ryNqvb\">Tel +994 12-4975133\/35, +994 12 4976998 +994 12 4975258: +994 12 4976998<\/span><\/span> <span class=\"jCAhz ChMk0b\"><span class=\"ryNqvb\">Faks +994 12-4975202\/4975258.<\/span><\/span><\/span><\/p>\n","protected":false},"excerpt":{"rendered":"S\u0259firlik \u0259laq\u0259l\u0259ri Yaln\u0131z ciddi f\u00f6vq\u0259lad\u0259 hallar \u00fc\u00e7\u00fcn t\u0259cili yard\u0131m n\u00f6mr\u0259si h\u0259mv\u0259t\u0259nl\u0259r \u00fc\u00e7\u00fcn aktivdir: +994502106054. Tel +994 12-4975133\/35, +994 12 4976998 +994 12 4975258: +994 12 4976998 Faks +994 12-4975202\/4975258.","protected":false},"author":1,"featured_media":0,"parent":162,"menu_order":6,"comment_status":"closed","ping_status":"closed","template":"","meta":{"footnotes":""},"class_list":["post-166","page","type-page","status-publish","hentry"],"_links":{"self":[{"href":"https:\/\/ambbaku.esteri.it\/az\/wp-json\/wp\/v2\/pages\/166","targetHints":{"allow":["GET"]}}],"collection":[{"href":"https:\/\/ambbaku.esteri.it\/az\/wp-json\/wp\/v2\/pages"}],"about":[{"href":"https:\/\/ambbaku.esteri.it\/az\/wp-json\/wp\/v2\/types\/page"}],"author":[{"embeddable":true,"href":"https:\/\/ambbaku.esteri.it\/az\/wp-json\/wp\/v2\/users\/1"}],"replies":[{"embeddable":true,"href":"https:\/\/ambbaku.esteri.it\/az\/wp-json\/wp\/v2\/comments?post=166"}],"version-history":[{"count":3,"href":"https:\/\/ambbaku.esteri.it\/az\/wp-json\/wp\/v2\/pages\/166\/revisions"}],"predecessor-version":[{"id":570,"href":"https:\/\/ambbaku.esteri.it\/az\/wp-json\/wp\/v2\/pages\/166\/revisions\/570"}],"up":[{"embeddable":true,"href":"https:\/\/ambbaku.esteri.it\/az\/wp-json\/wp\/v2\/pages\/162"}],"wp:attachment":[{"href":"https:\/\/ambbaku.esteri.it\/az\/wp-json\/wp\/v2\/media?parent=166"}],"curies":[{"name":"wp","href":"https:\/\/api.w.org\/{rel}","templated":true}]}}