{"id":173,"date":"2023-04-11T17:08:52","date_gmt":"2023-04-11T13:08:52","guid":{"rendered":"https:\/\/ambbaku.esteri.it\/italia-e-azerbaigian\/"},"modified":"2023-10-24T15:49:12","modified_gmt":"2023-10-24T11:49:12","slug":"italia-e-azerbaigian","status":"publish","type":"page","link":"https:\/\/ambbaku.esteri.it\/az\/italia-e-azerbaigian\/","title":{"rendered":"\u0130taliya v\u0259 Az\u0259rbaycan"},"content":{"rendered":"<p><strong>\u0130taliya v\u0259 Az\u0259rbaycan<\/strong><\/p>\n<p>\u0130taliya v\u0259 Az\u0259rbaycan enerji t\u0259hl\u00fck\u0259sizliyi v\u0259 iqtisadi-ticari \u0259laq\u0259l\u0259r bax\u0131m\u0131ndan iki strateji t\u0259r\u0259fda\u015fd\u0131r. Ticari bax\u0131m\u0131ndan biz \u00f6lk\u0259nin ilk kommersiya t\u0259r\u0259fda\u015f\u0131y\u0131q. Bizi h\u0259m d\u0259 f\u0259al siyasi dialoq birl\u0259\u015fdirir. H\u0259m\u00e7inin xalqlar\u0131m\u0131z aras\u0131nda m\u00f6vcud olan t\u0259bii r\u0259\u011fb\u0259t kino, memarl\u0131q, musiqi v\u0259 inc\u0259s\u0259n\u0259t vasit\u0259si il\u0259 daha da m\u00f6hk\u0259ml\u0259nir.<\/p>\n<p>&nbsp;<\/p>\n<p><strong>\u0130taliya il\u0259 Az\u0259rbaycan aras\u0131nda m\u00fcnasib\u0259tl\u0259r<\/strong><\/p>\n<p>Az\u0259rbaycan bir \u00e7ox sah\u0259l\u0259ri \u0259hat\u0259 ed\u0259n v\u0259 strateji t\u0259r\u0259fda\u015fl\u0131\u011fa \u00e7evrilmi\u015f \u0130taliya il\u0259 tarixi v\u0259 m\u00fck\u0259mm\u0259l ikit\u0259r\u0259fli \u0259laq\u0259l\u0259r\u0259 malikdir. \u0130ki \u00f6lk\u0259 aras\u0131nda siyasi dialoqun y\u00fcks\u0259k keyfiyy\u0259ti z\u0259ngin iqtisadi v\u0259 ticari \u0259m\u0259kda\u015fl\u0131q \u0259laq\u0259l\u0259ri il\u0259 m\u00f6hk\u0259ml\u0259nmi\u015fdir.<\/p>\n<p>&nbsp;<\/p>\n<p>\u00d6lk\u0259mizl\u0259 Az\u0259rbaycan aras\u0131nda siyasi m\u00fcnasib\u0259tl\u0259r sonuncunun Rusiya imperiyas\u0131n\u0131n s\u00fcqutundan sonra 1918-ci il may\u0131n 28-d\u0259 elan etdiyi q\u0131sa \u201cilk m\u00fcst\u0259qilliyi\u201d il\u0259 ba\u015flam\u0131\u015fd\u0131r. H\u0259min d\u00f6vrd\u0259 \u0130taliyan\u0131n b\u0259zi iqtisadi v\u0259 h\u0259rbi n\u00fcmay\u0259nd\u0259l\u0259ri Qafqaz \u00f6lk\u0259sin\u0259 g\u00f6nd\u0259rildi.<\/p>\n<p>&nbsp;<\/p>\n<p>\u0130ki \u00f6lk\u0259 aras\u0131nda Sovet \u0130ttifaq\u0131n\u0131n yaranmas\u0131 il\u0259 z\u0259ifl\u0259y\u0259n \u0259laq\u0259l\u0259r kino v\u0259 musiqi vasit\u0259si il\u0259 canl\u0131 m\u0259d\u0259ni \u0259laq\u0259l\u0259r \u015f\u0259klind\u0259 m\u00f6vcudlu\u011funu davam etdirdi.<\/p>\n<p>&nbsp;<\/p>\n<p>Real \u0259m\u0259kda\u015fl\u0131q SSR\u0130-nin da\u011f\u0131lmas\u0131 v\u0259 Az\u0259rbaycan\u0131n 1992-ci il yanvar\u0131n 1-d\u0259 m\u00fcst\u0259qillik \u0259ld\u0259 etm\u0259si il\u0259 b\u0259rpa olundu. Bu tarixi hadis\u0259 \u0130taliya il\u0259 Az\u0259rbaycan aras\u0131nda m\u00fcnasib\u0259tl\u0259rin x\u00fcsusi bir d\u00f6vr\u00fcnd\u0259 ba\u015f verdi. Bel\u0259 ki, m\u00fcst\u0259qillik elan edildikd\u0259n bir ne\u00e7\u0259 g\u00fcn sonra Az\u0259rbaycan\u0131n Ba\u015f naziri H\u0259s\u0259n H\u0259s\u0259nov \u0130taliya n\u00fcmay\u0259nd\u0259l\u0259ri, o c\u00fcml\u0259d\u0259n oktyabr\u0131n 27-d\u0259 g\u00f6r\u00fc\u015fd\u00fcy\u00fc ba\u015f nazir Andreotti il\u0259 bir s\u0131ra dan\u0131\u015f\u0131qlar aparmaq \u00fc\u00e7\u00fcn Romada olmu\u015fdur. S\u0259f\u0259r zaman\u0131 \u0130taliyan\u0131n \u201cTecnimont\u201d v\u0259 \u201cFata\u201d \u015firk\u0259tl\u0259ri il\u0259 m\u00fch\u00fcm sazi\u015fl\u0259r imzalanm\u0131\u015f, Merloni il\u0259 birlikd\u0259 Az\u0259rbaycanda \u0130taliyan\u0131n s\u0259naye m\u00f6vcudlu\u011funun yarad\u0131lmas\u0131na r\u0259hb\u0259rlik etm\u0259y\u0259 d\u0259v\u0259t edilmi\u015fl\u0259r. Bel\u0259likl\u0259, iki \u00f6lk\u0259 aras\u0131nda s\u0131x siyasi v\u0259 iqtisadi m\u00fcbadil\u0259l\u0259rin uzun tarixi ba\u015flam\u0131\u015fd\u0131r.<\/p>\n<p>&nbsp;<\/p>\n<p>Son d\u00f6vrl\u0259rd\u0259 Bak\u0131 il\u0259 t\u0259r\u0259fda\u015fl\u0131q Romaya Ukraynada m\u00fcharib\u0259nin ba\u015flamas\u0131 v\u0259 pandemiya sonras\u0131 istehlak\u0131n b\u0259rpas\u0131 n\u0259tic\u0259sind\u0259 artan karbohidrogen qiym\u0259tl\u0259rinin yaratd\u0131\u011f\u0131 m\u0259nfi n\u0259tic\u0259l\u0259ri azaltma\u011fa imkan verdi. Bel\u0259likl\u0259, Az\u0259rbaycan son ill\u0259rd\u0259 TAP, Trans-Adriatik Qaz Boru K\u0259m\u0259ri say\u0259sind\u0259 \u00f6lk\u0259mizin birici xam neft t\u0259dar\u00fck\u00e7\u00fcl\u0259rind\u0259n v\u0259 \u0259sas qaz t\u0259chizat\u00e7\u0131lar\u0131ndan birin\u0259 \u00e7evrilmi\u015fdir. X\u0259z\u0259r d\u0259nizinin Az\u0259rbaycan sektorundak\u0131 \u201c\u015eahd\u0259niz\u201d yata\u011f\u0131ndan Avropaya qaz n\u0259qli \u00fc\u00e7\u00fcn n\u0259z\u0259rd\u0259 tutulan bu layih\u0259, t\u0259kc\u0259 2022-ci ild\u0259 \u0130taliyaya 13,2 milyard avro (illik 3,9 d\u0259f\u0259 art\u0131m) d\u0259y\u0259rind\u0259 10,3 milyard kubmetr qaz (2021-ci ill\u0259 m\u00fcqayis\u0259d\u0259 +43,1%) t\u0259dar\u00fck\u00fcn\u00fc t\u0259min etmi\u015fdir.<\/p>\n<p>&nbsp;<\/p>\n<p>Lakin iki \u00f6lk\u0259 aras\u0131nda y\u00fcks\u0259k s\u0259viyy\u0259li qar\u015f\u0131l\u0131ql\u0131 s\u0259f\u0259rl\u0259rin d\u0259 s\u00fcbut etdiyi kimi h\u0259r iki \u00f6lk\u0259 ticar\u0259td\u0259n tutmu\u015f m\u0259d\u0259niyy\u0259t\u0259 q\u0259d\u0259r says\u0131z-hesabs\u0131z sah\u0259l\u0259rd\u0259 f\u0259al v\u0259 s\u0259rf\u0259li \u0259m\u0259kda\u015fl\u0131q etdiyin\u0259 g\u00f6r\u0259 \u0130taliya-Az\u0259rbaycan t\u0259r\u0259fda\u015fl\u0131\u011f\u0131n\u0131n enerji \u0259m\u0259kda\u015fl\u0131\u011f\u0131 sah\u0259si il\u0259 m\u0259hdudla\u015fd\u0131\u011f\u0131n\u0131 d\u00fc\u015f\u00fcnm\u0259k s\u0259hvdir. Bu bax\u0131mdan, ilk \u0130taliya d\u00f6vl\u0259t ba\u015f\u00e7\u0131s\u0131n\u0131n Az\u0259rbaycana s\u0259f\u0259ri olan 2018-ci ilin iyulunda Respublika Prezidenti Sercio Mattarellan\u0131n Bak\u0131ya tarixi d\u00f6vl\u0259t s\u0259f\u0259rini xat\u0131rlamaq olar. Bu s\u0259f\u0259rd\u0259n sonra \u0130taliyaya eyni d\u0259r\u0259c\u0259d\u0259 \u0259h\u0259miyy\u0259t da\u015f\u0131yan iki tarixi s\u0259f\u0259r ba\u015f tutdu: Az\u0259rbaycan\u0131n Birinci vitse-prezidenti Mehriban \u018fliyevan\u0131n 2018-ci ilin sentyabr\u0131nda Az\u0259rbaycan Birinci vitse-prezidenti kimi h\u0259yata ke\u00e7irdiyi ilk institusional xarici s\u0259f\u0259ri v\u0259 daha sonra Az\u0259rbaycan Prezidenti \u0130lham \u018fliyevin 2020-ci ilin fevral\u0131nda \u0130taliyaya ilk d\u00f6vl\u0259t s\u0259f\u0259ri.<\/p>\n<p>&nbsp;<\/p>\n<p>T\u0259bii ki, ikit\u0259r\u0259fli m\u00fcnasib\u0259tl\u0259rin bel\u0259 d\u0259rinl\u0259\u015fm\u0259si 23 oktyabr 2020-ci il tarixind\u0259 ba\u015f q\u0259rargah\u0131m\u0131z\u0131n m\u00fcasir diplomatik missiyan\u0131n ehtiyaclar\u0131na cavab ver\u0259n daha geni\u015f struktura k\u00f6\u00e7m\u0259si il\u0259 n\u0259tic\u0259l\u0259ndi. Eyni zamanda 8 noyabr 2022-ci il tarixind\u0259 \u0130taliyada Az\u0259rbaycan\u0131n Romadak\u0131 S\u0259firliyinin yeni binas\u0131n\u0131n v\u0259 Az\u0259rbaycan M\u0259d\u0259niyy\u0259t M\u0259rk\u0259zinin a\u00e7\u0131l\u0131\u015f\u0131 realla\u015fd\u0131.<\/p>\n<p>Bunlarla yana\u015f\u0131 m\u0259d\u0259ni v\u0259 akademik \u0259laq\u0259l\u0259r d\u0259 geni\u015fl\u0259nir, bunu Bak\u0131da \u0130taliya-Az\u0259rbaycan Universitetinin yarad\u0131lmas\u0131na haz\u0131rl\u0131q n\u00fcmayi\u015f etdirir ki, bu da n\u00f6vb\u0259ti u\u011fur hekay\u0259sin\u0259 \u00e7evril\u0259r\u0259k b\u00fct\u00fcn sah\u0259l\u0259rd\u0259 ikit\u0259r\u0259fli \u0259m\u0259kda\u015fl\u0131\u011f\u0131m\u0131z\u0131 z\u0259nginl\u0259\u015fdir\u0259 bil\u0259r.<\/p>\n","protected":false},"excerpt":{"rendered":"\u0130taliya v\u0259 Az\u0259rbaycan \u0130taliya v\u0259 Az\u0259rbaycan enerji t\u0259hl\u00fck\u0259sizliyi v\u0259 iqtisadi-ticari \u0259laq\u0259l\u0259r bax\u0131m\u0131ndan iki strateji t\u0259r\u0259fda\u015fd\u0131r. Ticari bax\u0131m\u0131ndan biz \u00f6lk\u0259nin ilk kommersiya t\u0259r\u0259fda\u015f\u0131y\u0131q. Bizi h\u0259m d\u0259 f\u0259al siyasi dialoq birl\u0259\u015fdirir. H\u0259m\u00e7inin xalqlar\u0131m\u0131z aras\u0131nda m\u00f6vcud olan t\u0259bii r\u0259\u011fb\u0259t kino, memarl\u0131q, musiqi v\u0259 inc\u0259s\u0259n\u0259t vasit\u0259si il\u0259 daha da m\u00f6hk\u0259ml\u0259nir. &nbsp; \u0130taliya il\u0259 Az\u0259rbaycan aras\u0131nda m\u00fcnasib\u0259tl\u0259r Az\u0259rbaycan bir \u00e7ox [&hellip;]","protected":false},"author":1,"featured_media":0,"parent":0,"menu_order":4,"comment_status":"closed","ping_status":"closed","template":"","meta":{"footnotes":""},"class_list":["post-173","page","type-page","status-publish","hentry"],"_links":{"self":[{"href":"https:\/\/ambbaku.esteri.it\/az\/wp-json\/wp\/v2\/pages\/173","targetHints":{"allow":["GET"]}}],"collection":[{"href":"https:\/\/ambbaku.esteri.it\/az\/wp-json\/wp\/v2\/pages"}],"about":[{"href":"https:\/\/ambbaku.esteri.it\/az\/wp-json\/wp\/v2\/types\/page"}],"author":[{"embeddable":true,"href":"https:\/\/ambbaku.esteri.it\/az\/wp-json\/wp\/v2\/users\/1"}],"replies":[{"embeddable":true,"href":"https:\/\/ambbaku.esteri.it\/az\/wp-json\/wp\/v2\/comments?post=173"}],"version-history":[{"count":6,"href":"https:\/\/ambbaku.esteri.it\/az\/wp-json\/wp\/v2\/pages\/173\/revisions"}],"predecessor-version":[{"id":1755,"href":"https:\/\/ambbaku.esteri.it\/az\/wp-json\/wp\/v2\/pages\/173\/revisions\/1755"}],"wp:attachment":[{"href":"https:\/\/ambbaku.esteri.it\/az\/wp-json\/wp\/v2\/media?parent=173"}],"curies":[{"name":"wp","href":"https:\/\/api.w.org\/{rel}","templated":true}]}}