{"id":175,"date":"2023-04-11T18:24:01","date_gmt":"2023-04-11T14:24:01","guid":{"rendered":"https:\/\/ambbaku.esteri.it\/italia-e-azerbaigian\/diplomazia-economica\/fare-affari-in-italia\/"},"modified":"2025-12-08T11:30:05","modified_gmt":"2025-12-08T07:30:05","slug":"fare-affari-in-italia","status":"publish","type":"page","link":"https:\/\/ambbaku.esteri.it\/az\/italia-e-azerbaigian\/diplomazia-economica\/fare-affari-in-italia\/","title":{"rendered":"\u0130taliyada biznesl\u0259 m\u0259\u015f\u011ful olmaq"},"content":{"rendered":"<p><span class=\"HwtZe\" lang=\"az\"><span class=\"jCAhz ChMk0b\"><span class=\"ryNqvb\">\u018fg\u0259r siz \u0130taliyada biznesl\u0259 m\u0259\u015f\u011ful olmaq ist\u0259yirsinizs\u0259, S\u0259firliyin \u0130qtisadi-Kommersiya Ofisi sizin ixtiyar\u0131n\u0131zdad\u0131r.<\/span><\/span> <span class=\"jCAhz ChMk0b\"><span class=\"ryNqvb\">\u0130ndi siz\u0259 a\u015fa\u011f\u0131dak\u0131 internet saytlar\u0131na m\u00fcraci\u0259t etm\u0259yi t\u0259klif edirik:<\/span><\/span><\/span><\/p>\n<p>&gt; \u00a0\u00a0<a class=\"\" href=\"http:\/\/www.investinitaly.com\/it\/\" target=\"_blank\" rel=\"noopener\" data-focus-mouse=\"false\">Invest in Italy<\/a> &#8211; <span class=\"HwtZe\" lang=\"az\"><span class=\"jCAhz ChMk0b\"><span class=\"ryNqvb\">ICE Agentliyi t\u0259r\u0259find\u0259n,<\/span><\/span><\/span><\/p>\n<p>&gt; \u00a0 <a class=\"\" href=\"https:\/\/www.invitalia.it\/en\" target=\"_blank\" rel=\"noopener\" data-focus-mouse=\"false\">Invitalia <\/a>, <span class=\"HwtZe\" lang=\"az\"><span class=\"jCAhz ChMk0b\"><span class=\"ryNqvb\">\u0130nvestisiyalar\u0131n c\u0259lb edilm\u0259si v\u0259 biznesin inki\u015faf\u0131 agentliyi<\/span><\/span><\/span><\/p>\n<p>&gt; \u00a0\u00a0<a href=\"http:\/\/italiastartupvisa.mise.gov.it\/\" target=\"_blank\" rel=\"noopener\">Italy Startup Visa<\/a>, <span class=\"HwtZe\" lang=\"az\"><span class=\"jCAhz ChMk0b\"><span class=\"ryNqvb\">innovativ biznesin inki\u015faf\u0131na h\u0259sr olunmu\u015f proqram<\/span><\/span><\/span><\/p>\n<p>&gt;\u00a0\u00a0 <a href=\"http:\/\/www.registroimprese.it\/\" target=\"_blank\" rel=\"noopener\">Register of Italian Companies<\/a>, <span class=\"HwtZe\" lang=\"az\"><span class=\"jCAhz ChMk0b\"><span class=\"ryNqvb\">\u0130taliyada ba\u015f ofisi v\u0259 ya istehsal b\u00f6lm\u0259l\u0259ri olan \u015firk\u0259tl\u0259r haqq\u0131nda m\u0259lumat \u00fc\u00e7\u00fcn<\/span><\/span><\/span><\/p>\n<p>&gt; \u00a0 <a href=\"https:\/\/www.aefi.it\/en\/\" target=\"_blank\" rel=\"noopener\">Italian Exhibitions and Fairs Association<\/a><\/p>\n<p>&gt; <a href=\"https:\/\/www.bancaditalia.it\/statistiche\/index.html?com.dotmarketing.htmlpage.language=1\" target=\"_blank\" rel=\"noopener\">Statistics and main economic indicators<\/a>, <span class=\"HwtZe\" lang=\"az\"><span class=\"jCAhz ChMk0b\"><span class=\"ryNqvb\">\u0130taliya Bank\u0131 t\u0259r\u0259find\u0259n<\/span><\/span><\/span><\/p>\n","protected":false},"excerpt":{"rendered":"\u018fg\u0259r siz \u0130taliyada biznesl\u0259 m\u0259\u015f\u011ful olmaq ist\u0259yirsinizs\u0259, S\u0259firliyin \u0130qtisadi-Kommersiya Ofisi sizin ixtiyar\u0131n\u0131zdad\u0131r. \u0130ndi siz\u0259 a\u015fa\u011f\u0131dak\u0131 internet saytlar\u0131na m\u00fcraci\u0259t etm\u0259yi t\u0259klif edirik: &gt; \u00a0\u00a0Invest in Italy &#8211; ICE Agentliyi t\u0259r\u0259find\u0259n, &gt; \u00a0 Invitalia , \u0130nvestisiyalar\u0131n c\u0259lb edilm\u0259si v\u0259 biznesin inki\u015faf\u0131 agentliyi &gt; \u00a0\u00a0Italy Startup Visa, innovativ biznesin inki\u015faf\u0131na h\u0259sr olunmu\u015f proqram &gt;\u00a0\u00a0 Register of Italian Companies, [&hellip;]","protected":false},"author":1,"featured_media":0,"parent":174,"menu_order":0,"comment_status":"closed","ping_status":"closed","template":"","meta":{"footnotes":""},"class_list":["post-175","page","type-page","status-publish","hentry"],"_links":{"self":[{"href":"https:\/\/ambbaku.esteri.it\/az\/wp-json\/wp\/v2\/pages\/175","targetHints":{"allow":["GET"]}}],"collection":[{"href":"https:\/\/ambbaku.esteri.it\/az\/wp-json\/wp\/v2\/pages"}],"about":[{"href":"https:\/\/ambbaku.esteri.it\/az\/wp-json\/wp\/v2\/types\/page"}],"author":[{"embeddable":true,"href":"https:\/\/ambbaku.esteri.it\/az\/wp-json\/wp\/v2\/users\/1"}],"replies":[{"embeddable":true,"href":"https:\/\/ambbaku.esteri.it\/az\/wp-json\/wp\/v2\/comments?post=175"}],"version-history":[{"count":7,"href":"https:\/\/ambbaku.esteri.it\/az\/wp-json\/wp\/v2\/pages\/175\/revisions"}],"predecessor-version":[{"id":4979,"href":"https:\/\/ambbaku.esteri.it\/az\/wp-json\/wp\/v2\/pages\/175\/revisions\/4979"}],"up":[{"embeddable":true,"href":"https:\/\/ambbaku.esteri.it\/az\/wp-json\/wp\/v2\/pages\/174"}],"wp:attachment":[{"href":"https:\/\/ambbaku.esteri.it\/az\/wp-json\/wp\/v2\/media?parent=175"}],"curies":[{"name":"wp","href":"https:\/\/api.w.org\/{rel}","templated":true}]}}