{"id":186,"date":"2023-04-11T18:24:38","date_gmt":"2023-04-11T14:24:38","guid":{"rendered":"https:\/\/ambbaku.esteri.it\/italia-e-azerbaigian\/diplomazia-culturale\/studiare-in-italia\/"},"modified":"2023-09-27T15:00:14","modified_gmt":"2023-09-27T11:00:14","slug":"studiare-in-italia","status":"publish","type":"page","link":"https:\/\/ambbaku.esteri.it\/az\/italia-e-azerbaigian\/diplomazia-culturale\/studiare-in-italia\/","title":{"rendered":"\u0130taliyada t\u0259hsil"},"content":{"rendered":"<p>Bu b\u00f6lm\u0259d\u0259 \u0130talyan universitetl\u0259ri v\u0259 \u0130taliyadak\u0131 t\u0259hsil kurslar\u0131, t\u0259qa\u00fcdl\u0259r v\u0259 dig\u0259r faydal\u0131 x\u0259b\u0259rl\u0259r haqq\u0131nda m\u0259lumat ala bil\u0259rsiniz:<\/p>\n<p>&nbsp;<\/p>\n<p><strong>UN\u0130VERS\u0130TETL\u018fR\u018f \u00d6N QEYD\u0130YYAT<\/strong><\/p>\n<p>\u0130taliyada t\u0259hsil kurslar\u0131na getm\u0259k ist\u0259y\u0259n az\u0259rbaycanl\u0131 t\u0259l\u0259b\u0259l\u0259r, t\u0259xmin\u0259n aprel-may-iyun aylar\u0131nda se\u00e7ilmi\u015f italyan Universitetind\u0259 \u00f6n\u202f qeydiyyatdan ke\u00e7m\u0259k \u00fc\u00e7\u00fcn s\u0259firliy\u0259 \u0259riz\u0259 t\u0259qdim etm\u0259lidirl\u0259r. Daha sonra, h\u0259r bir t\u0259l\u0259b\u0259, qeydiyyat prosedurlar\u0131 v\u0259 m\u00fcmk\u00fcn giri\u015f testi \u00fc\u00e7\u00fcn universitet il\u0259 \u0259laq\u0259 qurmal\u0131d\u0131r.<\/p>\n<p>\u00dcmumiyy\u0259tl\u0259, \u0130talyan dili sertifikat\u0131na (m\u0259s\u0259l\u0259n, PLIDA) sahib olan az\u0259rbaycanl\u0131 t\u0259l\u0259b\u0259l\u0259rd\u0259n italyan dili imtahan\u0131 t\u0259l\u0259b olunmur. \u018fks halda, t\u0259l\u0259b\u0259l\u0259r ad\u0259t\u0259n sentyabr ay\u0131n\u0131n \u0259vv\u0259lind\u0259 ke\u00e7iril\u0259n italyan dili imtahan\u0131na d\u0259v\u0259t edil\u0259c\u0259kl\u0259r.<\/p>\n<p>Daha \u00e7ox m\u0259lumat \u00fc\u00e7\u00fcn, \u0130taliyada t\u0259hsil\u0259 h\u0259sr olunmu\u015f veb s\u0259hif\u0259ni ziyar\u0259t edin:<\/p>\n<p><a href=\"http:\/\/www.studiare-in-italia.it\">www.studiare-in-italia.it<\/a>\u00a0v\u0259 \u0130talyan T\u0259hsil Nazirliyinin <a href=\"http:\/\/www.formazione.it\">http:\/\/www.formazione.it<\/a><\/p>\n<p>&nbsp;<\/p>\n<p><strong>T\u018fQA\u00dcDL\u018fR<\/strong><\/p>\n<p>H\u0259r il \u0130taliyan\u0131n Xarici \u0130\u015fl\u0259r Nazirliyi m\u00fcxt\u0259lif s\u0259firlikl\u0259r aras\u0131nda b\u00f6l\u00fcn\u0259n f\u0259rqli sayda t\u0259qa\u00fcd t\u0259qdim edir. Az\u0259rbaycan da bu layih\u0259d\u0259n faydalanan \u00f6lk\u0259l\u0259r aras\u0131ndad\u0131r. Az\u0259rbaycanl\u0131 t\u0259l\u0259b\u0259l\u0259r, ad\u0259t\u0259n, aprel ay\u0131nda \u0130taliyan\u0131n Az\u0259rbaycandak\u0131 s\u0259firliyinin veb sayt\u0131nda v\u0259 ya Xarici \u0130\u015fl\u0259r Nazirliyinin www.esteri.it sayt\u0131nda imkanlar\/t\u0259qa\u00fcdl\u0259r ba\u015fl\u0131\u011f\u0131 alt\u0131nda yay\u0131mlanan m\u00fcsabiq\u0259 elan\u0131n\u0131 y\u00fckl\u0259y\u0259r\u0259k m\u00fcraci\u0259t ed\u0259 bil\u0259rl\u0259r.<\/p>\n<p>T\u0259l\u0259b\u0259l\u0259r italyan universitetl\u0259rind\u0259ki kurslarda qeydiyyatdan ke\u00e7m\u0259k v\u0259 ya italyan dilind\u0259 bilikl\u0259ri qiym\u0259tl\u0259ndir\u0259n sertifikatlar \u0259ld\u0259 etm\u0259k \u00fc\u00e7\u00fcn, universitetl\u0259rd\u0259n birin\u0259 italyan dilini \u00f6yr\u0259nm\u0259kl\u0259 ba\u011fl\u0131 m\u00fcraci\u0259t ed\u0259 bil\u0259rl\u0259r. (m\u0259s\u0259l\u0259n, Perugia v\u0259 Siena kimi).<\/p>\n","protected":false},"excerpt":{"rendered":"Bu b\u00f6lm\u0259d\u0259 \u0130talyan universitetl\u0259ri v\u0259 \u0130taliyadak\u0131 t\u0259hsil kurslar\u0131, t\u0259qa\u00fcdl\u0259r v\u0259 dig\u0259r faydal\u0131 x\u0259b\u0259rl\u0259r haqq\u0131nda m\u0259lumat ala bil\u0259rsiniz: &nbsp; UN\u0130VERS\u0130TETL\u018fR\u018f \u00d6N QEYD\u0130YYAT \u0130taliyada t\u0259hsil kurslar\u0131na getm\u0259k ist\u0259y\u0259n az\u0259rbaycanl\u0131 t\u0259l\u0259b\u0259l\u0259r, t\u0259xmin\u0259n aprel-may-iyun aylar\u0131nda se\u00e7ilmi\u015f italyan Universitetind\u0259 \u00f6n\u202f qeydiyyatdan ke\u00e7m\u0259k \u00fc\u00e7\u00fcn s\u0259firliy\u0259 \u0259riz\u0259 t\u0259qdim etm\u0259lidirl\u0259r. Daha sonra, h\u0259r bir t\u0259l\u0259b\u0259, qeydiyyat prosedurlar\u0131 v\u0259 m\u00fcmk\u00fcn giri\u015f testi \u00fc\u00e7\u00fcn universitet [&hellip;]","protected":false},"author":1,"featured_media":0,"parent":182,"menu_order":0,"comment_status":"closed","ping_status":"closed","template":"","meta":{"footnotes":""},"class_list":["post-186","page","type-page","status-publish","hentry"],"_links":{"self":[{"href":"https:\/\/ambbaku.esteri.it\/az\/wp-json\/wp\/v2\/pages\/186","targetHints":{"allow":["GET"]}}],"collection":[{"href":"https:\/\/ambbaku.esteri.it\/az\/wp-json\/wp\/v2\/pages"}],"about":[{"href":"https:\/\/ambbaku.esteri.it\/az\/wp-json\/wp\/v2\/types\/page"}],"author":[{"embeddable":true,"href":"https:\/\/ambbaku.esteri.it\/az\/wp-json\/wp\/v2\/users\/1"}],"replies":[{"embeddable":true,"href":"https:\/\/ambbaku.esteri.it\/az\/wp-json\/wp\/v2\/comments?post=186"}],"version-history":[{"count":3,"href":"https:\/\/ambbaku.esteri.it\/az\/wp-json\/wp\/v2\/pages\/186\/revisions"}],"predecessor-version":[{"id":662,"href":"https:\/\/ambbaku.esteri.it\/az\/wp-json\/wp\/v2\/pages\/186\/revisions\/662"}],"up":[{"embeddable":true,"href":"https:\/\/ambbaku.esteri.it\/az\/wp-json\/wp\/v2\/pages\/182"}],"wp:attachment":[{"href":"https:\/\/ambbaku.esteri.it\/az\/wp-json\/wp\/v2\/media?parent=186"}],"curies":[{"name":"wp","href":"https:\/\/api.w.org\/{rel}","templated":true}]}}