{"id":193,"date":"2023-04-11T18:11:52","date_gmt":"2023-04-11T14:11:52","guid":{"rendered":"https:\/\/ambbaku.esteri.it\/italia-e-azerbaigian\/cooperazione-allo-sviluppo\/"},"modified":"2023-09-28T15:33:12","modified_gmt":"2023-09-28T11:33:12","slug":"cooperazione-allo-sviluppo","status":"publish","type":"page","link":"https:\/\/ambbaku.esteri.it\/az\/italia-e-azerbaigian\/cooperazione-allo-sviluppo\/","title":{"rendered":"\u0130nki\u015faf sah\u0259sind\u0259 \u0259m\u0259kda\u015fl\u0131q"},"content":{"rendered":"<div>\n<p style=\"text-align: justify;\">\u0130\u018f\u0130T t\u0259r\u0259find\u0259n t\u0259sdiq olunmu\u015f meyarlara \u0259sas\u0259n, Az\u0259rbaycan inki\u015faf yard\u0131m\u0131ndan r\u0259smi faydalanan \u00f6lk\u0259l\u0259r s\u0131ras\u0131na daxil edilm\u0259yib.<\/p>\n<p style=\"text-align: justify;\">\u00d6t\u0259n ill\u0259rd\u0259 \u0130taliya iki u\u015faq evinin yenid\u0259n qurulmas\u0131nda i\u015ftirak ed\u0259r\u0259k, u\u015faqlara qay\u011f\u0131 sah\u0259sind\u0259 m\u00fch\u00fcm rol oynam\u0131\u015fd\u0131r; bu f\u0259aliyy\u0259t n\u00f6v\u00fcn\u0259, m\u00fc\u0259yy\u0259n u\u015faq patologiyalar\u0131n\u0131n m\u00fcalic\u0259si v\u0259 yerli tibb i\u015f\u00e7il\u0259rinin t\u0259limi \u00fc\u00e7\u00fcn m\u00fcnt\u0259z\u0259m tibbi hey\u0259tin s\u0259f\u0259rl\u0259rinin t\u0259\u015fkili d\u0259 aiddir.<\/p>\n<p style=\"text-align: justify;\">Bundan \u0259lav\u0259, San Raffaele \u0130nstitutu t\u0259r\u0259find\u0259n uzun m\u00fcdd\u0259tdir Bak\u0131da talassemiya, hemofiliya v\u0259 v\u0259r\u0259m m\u00fcalic\u0259 m\u0259rk\u0259zinin yarad\u0131lmas\u0131 layih\u0259si m\u00f6vcuddur. Erm\u0259nistanla m\u00fcharib\u0259d\u0259n d\u0259rhal sonrak\u0131 ill\u0259rd\u0259, Da\u011fl\u0131q Qaraba\u011fdan qa\u00e7q\u0131n d\u00fc\u015f\u0259n insanlara \u0130taliya t\u0259r\u0259find\u0259n qida yard\u0131mlar\u0131n\u0131n g\u00f6nd\u0259rilm\u0259si d\u0259 diqq\u0259t\u0259 layiqdir. Xat\u0131rladaq ki, 2008-ci ilin aprel ay\u0131nda, partlamam\u0131\u015f h\u0259rbi sursatlar\u0131n l\u0259\u011fv edilm\u0259sin\u0259 y\u00f6n\u0259lmi\u015f NATO \/ EAPC etibar fonduna \u0130taliya t\u0259r\u0259find\u0259n 50.000 avro ian\u0259 k\u00f6\u00e7\u00fcr\u00fclm\u00fc\u015fd\u00fcr.<\/p>\n<p style=\"text-align: justify;\">\u00dcmumiyy\u0259tl\u0259, \u0130taliya, Birl\u0259\u015fmi\u015f Mill\u0259tl\u0259r T\u0259\u015fkilat\u0131n\u0131n qa\u00e7q\u0131nlara d\u0259st\u0259k \u00fczr\u0259 ixtisasla\u015fm\u0131\u015f qurumlar\u0131n\u0131n (BMMYK) v\u0259 Beyn\u0259lxalq Q\u0131rm\u0131z\u0131 Xa\u00e7 Komit\u0259sinin h\u0259yata ke\u00e7irdiyi layih\u0259l\u0259rd\u0259 b\u00fcdc\u0259 maliyy\u0259l\u0259\u015fdirilm\u0259si yolu il\u0259 i\u015ftirak edir.<\/p>\n<\/div>\n","protected":false},"excerpt":{"rendered":"\u0130\u018f\u0130T t\u0259r\u0259find\u0259n t\u0259sdiq olunmu\u015f meyarlara \u0259sas\u0259n, Az\u0259rbaycan inki\u015faf yard\u0131m\u0131ndan r\u0259smi faydalanan \u00f6lk\u0259l\u0259r s\u0131ras\u0131na daxil edilm\u0259yib. \u00d6t\u0259n ill\u0259rd\u0259 \u0130taliya iki u\u015faq evinin yenid\u0259n qurulmas\u0131nda i\u015ftirak ed\u0259r\u0259k, u\u015faqlara qay\u011f\u0131 sah\u0259sind\u0259 m\u00fch\u00fcm rol oynam\u0131\u015fd\u0131r; bu f\u0259aliyy\u0259t n\u00f6v\u00fcn\u0259, m\u00fc\u0259yy\u0259n u\u015faq patologiyalar\u0131n\u0131n m\u00fcalic\u0259si v\u0259 yerli tibb i\u015f\u00e7il\u0259rinin t\u0259limi \u00fc\u00e7\u00fcn m\u00fcnt\u0259z\u0259m tibbi hey\u0259tin s\u0259f\u0259rl\u0259rinin t\u0259\u015fkili d\u0259 aiddir. Bundan \u0259lav\u0259, San Raffaele [&hellip;]","protected":false},"author":1,"featured_media":0,"parent":173,"menu_order":6,"comment_status":"closed","ping_status":"closed","template":"","meta":{"footnotes":""},"class_list":["post-193","page","type-page","status-publish","hentry"],"_links":{"self":[{"href":"https:\/\/ambbaku.esteri.it\/az\/wp-json\/wp\/v2\/pages\/193","targetHints":{"allow":["GET"]}}],"collection":[{"href":"https:\/\/ambbaku.esteri.it\/az\/wp-json\/wp\/v2\/pages"}],"about":[{"href":"https:\/\/ambbaku.esteri.it\/az\/wp-json\/wp\/v2\/types\/page"}],"author":[{"embeddable":true,"href":"https:\/\/ambbaku.esteri.it\/az\/wp-json\/wp\/v2\/users\/1"}],"replies":[{"embeddable":true,"href":"https:\/\/ambbaku.esteri.it\/az\/wp-json\/wp\/v2\/comments?post=193"}],"version-history":[{"count":2,"href":"https:\/\/ambbaku.esteri.it\/az\/wp-json\/wp\/v2\/pages\/193\/revisions"}],"predecessor-version":[{"id":756,"href":"https:\/\/ambbaku.esteri.it\/az\/wp-json\/wp\/v2\/pages\/193\/revisions\/756"}],"up":[{"embeddable":true,"href":"https:\/\/ambbaku.esteri.it\/az\/wp-json\/wp\/v2\/pages\/173"}],"wp:attachment":[{"href":"https:\/\/ambbaku.esteri.it\/az\/wp-json\/wp\/v2\/media?parent=193"}],"curies":[{"name":"wp","href":"https:\/\/api.w.org\/{rel}","templated":true}]}}