{"id":194,"date":"2023-04-11T17:08:57","date_gmt":"2023-04-11T13:08:57","guid":{"rendered":"https:\/\/ambbaku.esteri.it\/servizi-consolari-e-visti\/"},"modified":"2023-09-28T15:45:55","modified_gmt":"2023-09-28T11:45:55","slug":"servizi-consolari-e-visti","status":"publish","type":"page","link":"https:\/\/ambbaku.esteri.it\/az\/servizi-consolari-e-visti\/","title":{"rendered":"Konsulluq xidm\u0259tl\u0259ri v\u0259 vizalar"},"content":{"rendered":"<p>Konsulluq xidm\u0259tl\u0259ri b\u0259rab\u0259rlik, q\u0259r\u0259zsizlik, s\u0259m\u0259r\u0259lilik v\u0259 \u015f\u0259ffafl\u0131q prinsipl\u0259rin\u0259 uy\u011fun olaraq t\u0259qdim olunur.<\/p>\n<p>Konsulluqlar b\u00fct\u00fcn v\u0259t\u0259nda\u015flar\u0131n t\u0259m\u0259l h\u00fcquqlar\u0131n\u0131n pozulmas\u0131 v\u0259 \u015f\u0259xsi azadl\u0131\u011f\u0131n\u0131n m\u0259hdudla\u015fd\u0131r\u0131lmas\u0131 v\u0259 ya m\u0259hrum edilm\u0259si zaman\u0131 qorunmas\u0131na z\u0259man\u0259t verir. Bununla yana\u015f\u0131, m\u0259lum xidm\u0259tl\u0259r f\u00f6vq\u0259lad\u0259 hallar, ail\u0259 \u00fczvl\u0259rinin axtar\u0131\u015f\u0131, xaricd\u0259 a\u00e7\u0131lan miras prosesl\u0259ri v\u0259 c\u0259naz\u0259l\u0259rin\u202fv\u0259t\u0259n\u0259 qaytar\u0131lmas\u0131 zaman\u0131\u202fda g\u00f6st\u0259rilir.<\/p>\n<p>&nbsp;<\/p>\n<p>\u018flav\u0259 m\u0259lumat \u00fc\u00e7\u00fcn <a href=\"https:\/\/www.esteri.it\/mae\/it\/servizi\/italiani-all-estero\/\">X\u0130N-in veb sayt\u0131ndak\u0131 konsulluq xidm\u0259tl\u0259rin\u0259<\/a> aid\u202f b\u00f6lm\u0259y\u0259 ke\u00e7in<\/p>\n","protected":false},"excerpt":{"rendered":"Konsulluq xidm\u0259tl\u0259ri b\u0259rab\u0259rlik, q\u0259r\u0259zsizlik, s\u0259m\u0259r\u0259lilik v\u0259 \u015f\u0259ffafl\u0131q prinsipl\u0259rin\u0259 uy\u011fun olaraq t\u0259qdim olunur. Konsulluqlar b\u00fct\u00fcn v\u0259t\u0259nda\u015flar\u0131n t\u0259m\u0259l h\u00fcquqlar\u0131n\u0131n pozulmas\u0131 v\u0259 \u015f\u0259xsi azadl\u0131\u011f\u0131n\u0131n m\u0259hdudla\u015fd\u0131r\u0131lmas\u0131 v\u0259 ya m\u0259hrum edilm\u0259si zaman\u0131 qorunmas\u0131na z\u0259man\u0259t verir. Bununla yana\u015f\u0131, m\u0259lum xidm\u0259tl\u0259r f\u00f6vq\u0259lad\u0259 hallar, ail\u0259 \u00fczvl\u0259rinin axtar\u0131\u015f\u0131, xaricd\u0259 a\u00e7\u0131lan miras prosesl\u0259ri v\u0259 c\u0259naz\u0259l\u0259rin\u202fv\u0259t\u0259n\u0259 qaytar\u0131lmas\u0131 zaman\u0131\u202fda g\u00f6st\u0259rilir. &nbsp; \u018flav\u0259 m\u0259lumat \u00fc\u00e7\u00fcn X\u0130N-in veb sayt\u0131ndak\u0131 [&hellip;]","protected":false},"author":1,"featured_media":0,"parent":0,"menu_order":6,"comment_status":"closed","ping_status":"closed","template":"","meta":{"footnotes":""},"class_list":["post-194","page","type-page","status-publish","hentry"],"_links":{"self":[{"href":"https:\/\/ambbaku.esteri.it\/az\/wp-json\/wp\/v2\/pages\/194","targetHints":{"allow":["GET"]}}],"collection":[{"href":"https:\/\/ambbaku.esteri.it\/az\/wp-json\/wp\/v2\/pages"}],"about":[{"href":"https:\/\/ambbaku.esteri.it\/az\/wp-json\/wp\/v2\/types\/page"}],"author":[{"embeddable":true,"href":"https:\/\/ambbaku.esteri.it\/az\/wp-json\/wp\/v2\/users\/1"}],"replies":[{"embeddable":true,"href":"https:\/\/ambbaku.esteri.it\/az\/wp-json\/wp\/v2\/comments?post=194"}],"version-history":[{"count":3,"href":"https:\/\/ambbaku.esteri.it\/az\/wp-json\/wp\/v2\/pages\/194\/revisions"}],"predecessor-version":[{"id":769,"href":"https:\/\/ambbaku.esteri.it\/az\/wp-json\/wp\/v2\/pages\/194\/revisions\/769"}],"wp:attachment":[{"href":"https:\/\/ambbaku.esteri.it\/az\/wp-json\/wp\/v2\/media?parent=194"}],"curies":[{"name":"wp","href":"https:\/\/api.w.org\/{rel}","templated":true}]}}