{"id":1983,"date":"2024-01-08T16:32:14","date_gmt":"2024-01-08T12:32:14","guid":{"rendered":"https:\/\/ambbaku.esteri.it\/?page_id=1983"},"modified":"2024-01-08T16:43:06","modified_gmt":"2024-01-08T12:43:06","slug":"elektron-s%c9%99xsiyy%c9%99t-v%c9%99siq%c9%99sinin-cie-verilm%c9%99sin%c9%99-baslanilib","status":"publish","type":"page","link":"https:\/\/ambbaku.esteri.it\/az\/servizi-consolari-e-visti\/servizi-per-il-cittadino-italiano\/passaporti-e-carte-didentita\/elektron-s%c9%99xsiyy%c9%99t-v%c9%99siq%c9%99sinin-cie-verilm%c9%99sin%c9%99-baslanilib\/","title":{"rendered":"Elektron \u015f\u0259xsiyy\u0259t v\u0259siq\u0259si (CIE)"},"content":{"rendered":"<p style=\"text-align: justify;\"><strong><span class=\"HwtZe\" lang=\"az\"><span class=\"jCAhz ChMk0b\"><span class=\"ryNqvb\">Elektron \u015f\u0259xsiyy\u0259t v\u0259siq\u0259si n\u0259dir?<\/span><\/span> <\/span><\/strong><\/p>\n<p style=\"text-align: justify;\"><span class=\"HwtZe\" lang=\"az\"><span class=\"jCAhz ChMk0b\"><span class=\"ryNqvb\">\u015e\u0259xsiyy\u0259t v\u0259siq\u0259si Avropa \u0130ttifaq\u0131nda, \u015eengen sazi\u015fin\u0259 sadiq qalan b\u0259zi d\u00f6vl\u0259tl\u0259rd\u0259 (m\u0259s\u0259l\u0259n, \u0130slandiya, Norve\u00e7 v\u0259 \u0130sve\u00e7r\u0259) v\u0259 ikit\u0259r\u0259fli raz\u0131la\u015fmalar\u0131n \u0259ld\u0259 olundu\u011fu dig\u0259r d\u00f6vl\u0259tl\u0259rd\u0259 \u015f\u0259xsiyy\u0259tin m\u00fc\u0259yy\u0259n edilm\u0259si v\u0259 d\u00f6vriyy\u0259si \u00fc\u00e7\u00fcn etibarl\u0131 olan \u015f\u0259xsiyy\u0259ti t\u0259sdiq ed\u0259n s\u0259n\u0259ddir (bax: f\u0259rdi \u201d \u00f6lk\u0259 v\u0259r\u0259ql\u0259ri\u201d www.viaggiaresicuri.it sayt\u0131nda).<\/span><\/span> <\/span><\/p>\n<p style=\"text-align: justify;\"><span class=\"HwtZe\" lang=\"az\"><span class=\"jCAhz ChMk0b\"><span class=\"ryNqvb\">Elektron \u015f\u0259xsiyy\u0259t v\u0259siq\u0259si (CIE) pasport format\u0131nda olan yeni \u015f\u0259xsiyy\u0259t v\u0259siq\u0259sidir;<\/span><\/span> <span class=\"jCAhz ChMk0b\"><span class=\"ryNqvb\">ka\u011f\u0131z il\u0259 eyni funksiyalar\u0131 yerin\u0259 yetirm\u0259kl\u0259 yana\u015f\u0131, o, \u0130taliya D\u00f6vl\u0259t \u0130dar\u0259l\u0259rinin onlayn xidm\u0259tl\u0259rin\u0259 daxil olma\u011fa imkan verir.<\/span><\/span><\/span><\/p>\n<p style=\"text-align: justify;\"><img loading=\"lazy\" decoding=\"async\" class=\"alignnone size-medium wp-image-1971 img-fluid\" src=\"https:\/\/ambbaku.esteri.it\/wp-content\/uploads\/2024\/01\/carta-300x140.jpg\" sizes=\"auto, (max-width: 300px) 100vw, 300px\" srcset=\"https:\/\/ambbaku.esteri.it\/wp-content\/uploads\/2024\/01\/carta-300x140.jpg 300w, https:\/\/ambbaku.esteri.it\/wp-content\/uploads\/2024\/01\/carta.jpg 329w\" alt=\"\" width=\"300\" height=\"140\" \/><\/p>\n<p style=\"text-align: justify;\"><strong><span class=\"HwtZe\" lang=\"az\"><span class=\"jCAhz ChMk0b\"><span class=\"ryNqvb\">Elektron \u015f\u0259xsiyy\u0259t v\u0259siq\u0259si kim\u0259 veril\u0259 bil\u0259r?<\/span><\/span><\/span><\/strong><\/p>\n<p style=\"text-align: justify;\"><span class=\"HwtZe\" lang=\"az\"> <span class=\"jCAhz ChMk0b\"><span class=\"ryNqvb\">\u0130taliyan\u0131n Bak\u0131dak\u0131 S\u0259firliyinin Konsulluq \u0130dar\u0259si \u015f\u0259xsiyy\u0259t v\u0259siq\u0259sini yaln\u0131z \u00f6z konsulluq dair\u0259sind\u0259 m\u00fcnt\u0259z\u0259m olaraq konsulluq qeydiyyat\u0131nda olan v\u0259 \u015f\u0259xsi m\u0259lumatlar\u0131 A.I.R.E. reyestrind\u0259 olan \u0130taliya v\u0259t\u0259nda\u015flar\u0131na ver\u0259 bil\u0259r.<\/span><\/span> <\/span><\/p>\n<p style=\"text-align: justify;\"><span class=\"HwtZe\" lang=\"az\"><span class=\"jCAhz ChMk0b\"><span class=\"ryNqvb\">Daxili \u0130\u015fl\u0259r Nazirliyinin (Xaricd\u0259 ya\u015fayan italyanlar\u0131n reyestri).<\/span><\/span> <span class=\"jCAhz ChMk0b\"><span class=\"ryNqvb\">A.I.R.E.-d\u0259 qeydiyyatdan ke\u00e7m\u0259mi\u015f \u015f\u0259xsl\u0259r<\/span><\/span> <span class=\"jCAhz ChMk0b\"><span class=\"ryNqvb\">\u0259vv\u0259lc\u0259 reyestr qeydiyyat\u0131ndan ke\u00e7m\u0259li\u00a0 v\u0259 m\u00fcraci\u0259t etm\u0259mi\u015fd\u0259n \u0259vv\u0259l s\u0259lahiyy\u0259tli \u0130taliya B\u0259l\u0259diyy\u0259si t\u0259r\u0259find\u0259n bu reyestr\u0259 daxil edilm\u0259sini g\u00f6zl\u0259m\u0259lidir (A.I.R.E.-d\u0259 qeydiyyatdan ke\u00e7m\u0259mi\u015f v\u0259t\u0259nda\u015flar \u00fc\u00e7\u00fcn \u015f\u0259xsiyy\u0259t v\u0259siq\u0259sinin verilm\u0259si m\u0259suliyy\u0259ti ya\u015fay\u0131\u015f yeri B\u0259l\u0259diyy\u0259sind\u0259 qal\u0131r).<\/span><\/span> <\/span><\/p>\n<p style=\"text-align: justify;\"><span class=\"HwtZe\" lang=\"az\"><span class=\"jCAhz ChMk0b\"><span class=\"ryNqvb\">A.I.R.E. veril\u0259nl\u0259r bazas\u0131nda qeydiyyatdan ke\u00e7m\u0259k \u00fc\u00e7\u00fcn<\/span><\/span> <span class=\"jCAhz ChMk0b\"><span class=\"ryNqvb\">Xaricd\u0259 do\u011fulmu\u015f \u0130taliya v\u0259t\u0259nda\u015flar\u0131 \u00fc\u00e7\u00fcn do\u011fum haqq\u0131nda \u015f\u0259had\u0259tnam\u0259nin art\u0131q m\u00fcvafiq b\u0259l\u0259diyy\u0259nin V\u0259t\u0259nda\u015fl\u0131q V\u0259ziyy\u0259ti Reyestrl\u0259rin\u0259 k\u00f6\u00e7\u00fcr\u00fclm\u0259si vacibdir.<\/span><\/span> <\/span><\/p>\n<p style=\"text-align: justify;\"><span class=\"HwtZe\" lang=\"az\"><span class=\"jCAhz ChMk0b\"><span class=\"ryNqvb\">\u018fg\u0259r siz ya\u015fay\u0131\u015f \u00fcnvan\u0131n\u0131z\u0131 d\u0259yi\u015fmisinizs\u0259 (konsulluq idar\u0259sin\u0259 bildiril\u0259n \u00fcnvanla m\u00fcqayis\u0259d\u0259), siz \u00fcnvan\u0131n d\u0259yi\u015fdirilm\u0259sini t\u0259l\u0259b etm\u0259lisiniz.<\/span><\/span> <\/span><\/p>\n<p style=\"text-align: justify;\"><span class=\"HwtZe\" lang=\"az\"><span class=\"jCAhz ChMk0b\"><span class=\"ryNqvb\">Bundan \u0259lav\u0259, CIE \u0259ld\u0259 etm\u0259k \u00fc\u00e7\u00fcn Vergi M\u0259c\u0259ll\u0259sinin G\u0259lir Agentliyi t\u0259r\u0259find\u0259n t\u0259sdiql\u0259nm\u0259si vacibdir.<\/span><\/span> <span class=\"jCAhz ChMk0b\"><span class=\"ryNqvb\">\u018fg\u0259r h\u0259myerlinin vergi kodu yoxdursa v\u0259 ya sonuncu t\u0259sdiql\u0259nm\u0259yibs\u0259, Konsulluq Departamenti onun G\u0259lirl\u0259r Agentliyi vasit\u0259sil\u0259 t\u0259l\u0259b edilm\u0259sin\u0259 cavabdeh olacaq.<\/span><\/span><\/span><\/p>\n<p style=\"text-align: justify;\"><strong><span class=\"HwtZe\" lang=\"az\"><span class=\"jCAhz ChMk0b\"><span class=\"ryNqvb\">Elektron \u015f\u0259xsiyy\u0259t v\u0259siq\u0259sini (CIE) nec\u0259 t\u0259l\u0259b etm\u0259k olar<\/span><\/span><\/span><\/strong><\/p>\n<p style=\"text-align: justify;\"><span class=\"HwtZe\" lang=\"az\"> <span class=\"jCAhz ChMk0b\"><span class=\"ryNqvb\">\u015e\u0259xsiyy\u0259t v\u0259siq\u0259sinin verilm\u0259sini yaln\u0131z <a href=\"mailto:baku.consolare@esteri.it\">baku.consolare@esteri.it<\/a> elektron po\u00e7t \u00fcnvan\u0131na yazmaqla q\u0259bula yaz\u0131lmaqla t\u0259l\u0259b etm\u0259k m\u00fcmk\u00fcnd\u00fcr (diqq\u0259t: CIE-y\u0259 g\u00f6r\u00fc\u015f t\u0259yin etm\u0259d\u0259n birba\u015fa s\u0259firliy\u0259 m\u00fcraci\u0259t etm\u0259k m\u00fcmk\u00fcn deyil).<\/span><\/span><\/span><\/p>\n<p style=\"text-align: justify;\"><strong><span class=\"HwtZe\" lang=\"az\"><span class=\"jCAhz ChMk0b\"><span class=\"ryNqvb\">CIE-y\u0259 m\u00fcraci\u0259t etm\u0259k \u00fc\u00e7\u00fcn g\u00f6r\u00fc\u015f zaman\u0131 hans\u0131 s\u0259n\u0259dl\u0259ri t\u0259qdim etm\u0259k laz\u0131md\u0131r<\/span><\/span><\/span><\/strong><\/p>\n<p style=\"text-align: justify;\"><span class=\"HwtZe\" lang=\"az\"> <span class=\"jCAhz ChMk0b\"><span class=\"ryNqvb\">T\u0259yin olunan g\u00fcn \u0259riz\u0259\u00e7i \u00f6z\u00fcn\u00fc t\u0259qdim etm\u0259lidir:<\/span><\/span> <\/span><\/p>\n<p style=\"text-align: justify;\"><span class=\"HwtZe\" lang=\"az\"><span class=\"jCAhz ChMk0b\"><span class=\"ryNqvb\">\u2013 \u0259vv\u0259lki \u015f\u0259xsiyy\u0259t v\u0259siq\u0259si (ba\u015fqa \u015f\u0259xsiyy\u0259ti t\u0259sdiq ed\u0259n s\u0259n\u0259d olmad\u0131qda);<\/span><\/span> <span class=\"jCAhz ChMk0b\"><span class=\"ryNqvb\">yetkinlik ya\u015f\u0131na \u00e7atmayan \u00fc\u00e7\u00fcn CIE t\u0259l\u0259b olunarsa, onu m\u00fc\u015fayi\u0259t ed\u0259n valideyn d\u0259 \u015f\u0259xsiyy\u0259ti t\u0259sdiq ed\u0259n s\u0259n\u0259d t\u0259qdim etm\u0259lidir.<\/span><\/span> <span class=\"jCAhz ChMk0b\"><span class=\"ryNqvb\">\u018fvv\u0259lki \u015f\u0259xsiyy\u0259t v\u0259siq\u0259si g\u00f6r\u00fc\u015f g\u00fcn\u00fc al\u0131n\u0131r.<\/span><\/span><\/span><\/p>\n<p style=\"text-align: justify;\"><span class=\"HwtZe\" lang=\"az\"> <span class=\"jCAhz ChMk0b\"><span class=\"ryNqvb\">\u2013 \u0259vv\u0259lki s\u0259n\u0259din 1 \u0259d\u0259d sur\u0259ti (\u015f\u0259xsiyy\u0259t v\u0259siq\u0259sinin \u00fcz v\u0259 arxa t\u0259r\u0259finin sur\u0259ti; pasportun 2, 3, 4 v\u0259 5-ci s\u0259hif\u0259l\u0259rinin sur\u0259ti);<\/span><\/span> <\/span><\/p>\n<p style=\"text-align: justify;\"><span class=\"HwtZe\" lang=\"az\"><span class=\"jCAhz ChMk0b\"><span class=\"ryNqvb\">\u2013 2 \u0259d\u0259d pasport \u015f\u0259kli (son, frontal, r\u0259ngli 35 x 45 mm formatda).<\/span><\/span> <\/span><\/p>\n<p style=\"text-align: justify;\"><span class=\"HwtZe\" lang=\"az\"><span class=\"jCAhz ChMk0b\"><span class=\"ryNqvb\">\u2013 18 ya\u015f\u0131na \u00e7atmam\u0131\u015f u\u015faq \u00fc\u00e7\u00fcn \u015f\u0259xsiyy\u0259t v\u0259siq\u0259si t\u0259l\u0259b olunduqda, dig\u0259r valideynd\u0259n raz\u0131l\u0131q akt\u0131 (xarici valideynin imzas\u0131 \u0130taliyan\u0131n s\u0259lahiyy\u0259tli orqan\u0131 t\u0259r\u0259find\u0259n t\u0259sdiql\u0259nm\u0259lidir).<\/span><\/span> <span class=\"jCAhz ChMk0b\"><span class=\"ryNqvb\">Valideynl\u0259rd\u0259n biri v\u0259fat etdikd\u0259, valideynin \u00f6l\u00fcm \u015f\u0259had\u0259tnam\u0259si t\u0259qdim edilm\u0259lidir.<\/span><\/span> <\/span><\/p>\n<p style=\"text-align: justify;\"><span class=\"HwtZe\" lang=\"az\"><span class=\"jCAhz ChMk0b\"><span class=\"ryNqvb\">\u2013 o\u011furluq v\u0259 ya itkid\u0259n sonra \u0259riz\u0259\u00e7inin \u0259vv\u0259lki s\u0259n\u0259di art\u0131q olmad\u0131qda, o\u011furluq v\u0259 ya itki haqq\u0131nda b\u0259yannam\u0259 blank\u0131n\u0131 t\u0259yinat zaman\u0131 yerli polis orqanlar\u0131na t\u0259rtib edilmi\u015f protokolla birlikd\u0259 t\u0259qdim etm\u0259k laz\u0131md\u0131r.<\/span><\/span> <\/span><\/p>\n<p style=\"text-align: justify;\"><strong><span class=\"HwtZe\" lang=\"az\"><span class=\"jCAhz ChMk0b\"><span class=\"ryNqvb\">CIE-nin d\u0259y\u0259ri:<\/span><\/span> <\/span><\/strong><\/p>\n<p style=\"text-align: justify;\"><span class=\"HwtZe\" lang=\"az\"><span class=\"jCAhz ChMk0b\"><span class=\"ryNqvb\">\u2022 \u0130lk burax\u0131l\u0131\u015f v\u0259 ya yenil\u0259nm\u0259 hal\u0131nda c\u0259mi 21,95 avro (yerli valyuta il\u0259 \u00f6d\u0259nilir);<\/span><\/span> <\/span><\/p>\n<p style=\"text-align: justify;\"><span class=\"HwtZe\" lang=\"az\"><span class=\"jCAhz ChMk0b\"><span class=\"ryNqvb\">\u2022 O\u011furluq v\u0259 ya itki s\u0259b\u0259bind\u0259n dublikat olduqda, c\u0259mi 27,11 avro (yerli valyuta il\u0259 \u00f6d\u0259nilir)<\/span><\/span><\/span><\/p>\n<p style=\"text-align: justify;\"><strong><span class=\"HwtZe\" lang=\"az\"><span class=\"jCAhz ChMk0b\"><span class=\"ryNqvb\">T\u0259yin olunan g\u00fcn a\u015fa\u011f\u0131dak\u0131 \u0259m\u0259liyyatlar h\u0259yata ke\u00e7iril\u0259c\u0259k.<\/span><\/span> <\/span><\/strong><\/p>\n<p style=\"text-align: justify;\"><span class=\"HwtZe\" lang=\"az\"><span class=\"jCAhz ChMk0b\"><span class=\"ryNqvb\">T\u0259yin edildiyi g\u00fcn konsulluq operatoru \u0259vv\u0259lki b\u0259ndd\u0259 g\u00f6st\u0259ril\u0259n s\u0259n\u0259dl\u0259ri \u0259ld\u0259 edir, \u015f\u0259klin tan\u0131nmas\u0131n\u0131 v\u0259 yoxlan\u0131lmas\u0131n\u0131 h\u0259yata ke\u00e7irir, barmaq izl\u0259rini v\u0259 imzas\u0131n\u0131 (12 ya\u015f\u0131na \u00e7atmam\u0131\u015f u\u015faqlar istisna olmaqla) al\u0131r.<\/span><\/span> <\/span><\/p>\n<p style=\"text-align: justify;\"><span class=\"HwtZe\" lang=\"az\"><span class=\"jCAhz ChMk0b\"><span class=\"ryNqvb\">Ya\u015f\u0131 12-d\u0259n az olan yetkinlik ya\u015f\u0131na \u00e7atmayanlar da i\u015ftirak etm\u0259lidirl\u0259r, \u00e7\u00fcnki onlar\u0131n \u015f\u0259xsiyy\u0259tinin m\u0259sul v\u0259zif\u0259li \u015f\u0259xs t\u0259r\u0259find\u0259n t\u0259sdiql\u0259nm\u0259si t\u0259l\u0259b olunur.<\/span><\/span> <span class=\"jCAhz ChMk0b\"><span class=\"ryNqvb\">Yetkinlik ya\u015f\u0131na \u00e7atmayanlar\u0131 h\u0259mi\u015f\u0259 valideynl\u0259rind\u0259n biri v\u0259 ya h\u0259r halda valideyn m\u0259suliyy\u0259ti da\u015f\u0131yan \u015f\u0259xs m\u00fc\u015fayi\u0259t etm\u0259lidir.<\/span><\/span><\/span><\/p>\n<p style=\"text-align: justify;\"><strong><span class=\"HwtZe\" lang=\"az\"><span class=\"jCAhz ChMk0b\"><span class=\"ryNqvb\">Elektron \u015f\u0259xsiyy\u0259t v\u0259siq\u0259sini nec\u0259 \u0259ld\u0259 etm\u0259k olar<\/span><\/span> <\/span><\/strong><\/p>\n<p style=\"text-align: justify;\"><span class=\"HwtZe\" lang=\"az\"><span class=\"jCAhz ChMk0b\"><span class=\"ryNqvb\">CIE Daxili \u0130\u015fl\u0259r Nazirliyi t\u0259r\u0259find\u0259n verilir v\u0259 D\u00f6vl\u0259t Poliqrafiya v\u0259 Sikk\u0259xana \u0130nstitutu t\u0259r\u0259find\u0259n haz\u0131rlan\u0131r v\u0259 onu sifari\u015fli po\u00e7tla \u0259riz\u0259\u00e7inin bildirdiyi ya\u015fay\u0131\u015f \u00fcnvan\u0131na g\u00f6nd\u0259rir.<\/span><\/span> <span class=\"jCAhz ChMk0b\"><span class=\"ryNqvb\">X\u00fcsusi hallar istisna olmaqla, CIE t\u0259yin olundu\u011fu g\u00fcnd\u0259n etibar\u0259n 15 g\u00fcn \u0259rzind\u0259 po\u00e7tla g\u0259lm\u0259lidir (h\u0259mv\u0259t\u0259nimiz izl\u0259m\u0259 kodundan istifad\u0259 ed\u0259r\u0259k onlayn rejimd\u0259 m\u00fcst\u0259qil olaraq qeydiyyatdan ke\u00e7mi\u015f m\u0259ktubu izl\u0259y\u0259 bil\u0259c\u0259k).<\/span><\/span> <\/span><\/p>\n<p style=\"text-align: justify;\"><span class=\"HwtZe\" lang=\"az\"><span class=\"jCAhz ChMk0b\"><span class=\"ryNqvb\">\u00c7atd\u0131r\u0131lmad\u0131\u011f\u0131 halda, po\u00e7t \u015f\u00f6b\u0259sind\u0259 saxlama m\u00fcdd\u0259ti ba\u015fa \u00e7atd\u0131qdan sonra ba\u011flama sonrak\u0131 \u00e7atd\u0131r\u0131lma c\u0259hdl\u0259ri \u00fc\u00e7\u00fcn konsulluq idar\u0259sin\u0259 qaytar\u0131l\u0131r.<\/span><\/span><\/span><\/p>\n<p style=\"text-align: justify;\"><strong><span class=\"HwtZe\" lang=\"az\"><span class=\"jCAhz ChMk0b\"><span class=\"ryNqvb\">\u015e\u0259xsiyy\u0259t v\u0259siq\u0259si n\u0259 q\u0259d\u0259r m\u00fcdd\u0259t\u0259 q\u00fcvv\u0259d\u0259dir?<\/span><\/span> <\/span><\/strong><\/p>\n<p style=\"text-align: justify;\"><span class=\"HwtZe\" lang=\"az\"><span class=\"jCAhz ChMk0b\"><span class=\"ryNqvb\">\u015e\u0259xsiyy\u0259t v\u0259siq\u0259sinin etibarl\u0131l\u0131\u011f\u0131 sahibinin ya\u015f\u0131ndan as\u0131l\u0131 olaraq d\u0259yi\u015fir v\u0259:<\/span><\/span><\/span><\/p>\n<p style=\"text-align: justify;\"><span class=\"HwtZe\" lang=\"az\"> <span class=\"jCAhz ChMk0b\"><span class=\"ryNqvb\">\u2013 0-3 ya\u015f aras\u0131 yetkinlik ya\u015f\u0131na \u00e7atmayanlar \u00fc\u00e7\u00fcn 3 il;<\/span><\/span> <\/span><\/p>\n<p style=\"text-align: justify;\"><span class=\"HwtZe\" lang=\"az\"><span class=\"jCAhz ChMk0b\"><span class=\"ryNqvb\">\u2013 3 ya\u015f\u0131ndan yetkinlik ya\u015f\u0131na \u00e7atanad\u0259k (18 ya\u015f) yetkinlik ya\u015f\u0131na \u00e7atmayanlar \u00fc\u00e7\u00fcn 5 il;<\/span><\/span> <\/span><\/p>\n<p style=\"text-align: justify;\"><span class=\"HwtZe\" lang=\"az\"><span class=\"jCAhz ChMk0b\"><span class=\"ryNqvb\">\u2013 18 ya\u015fdan 10 ya\u015f.<\/span><\/span><\/span><\/p>\n","protected":false},"excerpt":{"rendered":"Elektron \u015f\u0259xsiyy\u0259t v\u0259siq\u0259si n\u0259dir? \u015e\u0259xsiyy\u0259t v\u0259siq\u0259si Avropa \u0130ttifaq\u0131nda, \u015eengen sazi\u015fin\u0259 sadiq qalan b\u0259zi d\u00f6vl\u0259tl\u0259rd\u0259 (m\u0259s\u0259l\u0259n, \u0130slandiya, Norve\u00e7 v\u0259 \u0130sve\u00e7r\u0259) v\u0259 ikit\u0259r\u0259fli raz\u0131la\u015fmalar\u0131n \u0259ld\u0259 olundu\u011fu dig\u0259r d\u00f6vl\u0259tl\u0259rd\u0259 \u015f\u0259xsiyy\u0259tin m\u00fc\u0259yy\u0259n edilm\u0259si v\u0259 d\u00f6vriyy\u0259si \u00fc\u00e7\u00fcn etibarl\u0131 olan \u015f\u0259xsiyy\u0259ti t\u0259sdiq ed\u0259n s\u0259n\u0259ddir (bax: f\u0259rdi \u201d \u00f6lk\u0259 v\u0259r\u0259ql\u0259ri\u201d www.viaggiaresicuri.it sayt\u0131nda). Elektron \u015f\u0259xsiyy\u0259t v\u0259siq\u0259si (CIE) pasport format\u0131nda olan yeni \u015f\u0259xsiyy\u0259t v\u0259siq\u0259sidir; [&hellip;]","protected":false},"author":5,"featured_media":0,"parent":200,"menu_order":0,"comment_status":"closed","ping_status":"closed","template":"","meta":{"footnotes":""},"class_list":["post-1983","page","type-page","status-publish","hentry"],"_links":{"self":[{"href":"https:\/\/ambbaku.esteri.it\/az\/wp-json\/wp\/v2\/pages\/1983","targetHints":{"allow":["GET"]}}],"collection":[{"href":"https:\/\/ambbaku.esteri.it\/az\/wp-json\/wp\/v2\/pages"}],"about":[{"href":"https:\/\/ambbaku.esteri.it\/az\/wp-json\/wp\/v2\/types\/page"}],"author":[{"embeddable":true,"href":"https:\/\/ambbaku.esteri.it\/az\/wp-json\/wp\/v2\/users\/5"}],"replies":[{"embeddable":true,"href":"https:\/\/ambbaku.esteri.it\/az\/wp-json\/wp\/v2\/comments?post=1983"}],"version-history":[{"count":2,"href":"https:\/\/ambbaku.esteri.it\/az\/wp-json\/wp\/v2\/pages\/1983\/revisions"}],"predecessor-version":[{"id":1998,"href":"https:\/\/ambbaku.esteri.it\/az\/wp-json\/wp\/v2\/pages\/1983\/revisions\/1998"}],"up":[{"embeddable":true,"href":"https:\/\/ambbaku.esteri.it\/az\/wp-json\/wp\/v2\/pages\/200"}],"wp:attachment":[{"href":"https:\/\/ambbaku.esteri.it\/az\/wp-json\/wp\/v2\/media?parent=1983"}],"curies":[{"name":"wp","href":"https:\/\/api.w.org\/{rel}","templated":true}]}}