{"id":200,"date":"2023-04-11T18:13:11","date_gmt":"2023-04-11T14:13:11","guid":{"rendered":"https:\/\/ambbaku.esteri.it\/servizi-consolari-e-visti\/servizi-per-il-cittadino-italiano\/passaporti-e-carte-didentita\/"},"modified":"2023-09-28T15:47:25","modified_gmt":"2023-09-28T11:47:25","slug":"passaporti-e-carte-didentita","status":"publish","type":"page","link":"https:\/\/ambbaku.esteri.it\/az\/servizi-consolari-e-visti\/servizi-per-il-cittadino-italiano\/passaporti-e-carte-didentita\/","title":{"rendered":"Pasportlar v\u0259 \u015f\u0259xsiyy\u0259t v\u0259siq\u0259l\u0259ri"},"content":{"rendered":"<p><strong>YEN\u0130 PASPORT \u00dc\u00c7\u00dcN M\u00dcRAC\u0130\u018fT<\/strong><\/p>\n<p>&nbsp;<\/p>\n<p><strong>T\u0259qdim edil\u0259c\u0259k s\u0259n\u0259dl\u0259r<\/strong><\/p>\n<p>&nbsp;<\/p>\n<p><strong>AZYA\u015eLI \u00d6VLADI OLMAYAN H\u018fDD\u0130-BULU\u011eA \u00c7ATMI\u015e \u018fR\u0130Z\u018f\u00c7\u0130<\/strong><\/p>\n<p>\u00b7 M\u00fcraci\u0259t ed\u0259n \u015f\u0259xs t\u0259r\u0259find\u0259n imzalanm\u0131\u015f pasport m\u00fcraci\u0259t formas\u0131 <a href=\"https:\/\/ambbaku.esteri.it\/ambasciata_baku\/resource\/doc\/2020\/05\/modulo_di_richiesta_passaporto.pdf\">(forman\u0131 y\u00fckl\u0259m\u0259k \u00fc\u00e7\u00fcn buraya daxil olun)<\/a><\/p>\n<p>\u00b7 Etibarl\u0131l\u0131q m\u00fcdd\u0259tii bitm\u0259y\u0259n k\u00f6hn\u0259 pasport;<\/p>\n<p>\u00b7 yeni \u00e7\u0259kilmi\u015f pasport \u00f6l\u00e7\u00fcl\u00fc iki foto\u015f\u0259kil (eyni, \u00f6nd\u0259n v\u0259 arxa fon a\u011folmaqla olmqla)<\/p>\n<p>&nbsp;<\/p>\n<p><strong>AZ YA\u015eLI \u00d6VLADI OLAN H\u018fDD\u0130-BULU\u011eA \u00c7ATMI\u015e \u018fR\u0130Z\u018f\u00c7\u0130:<\/strong><\/p>\n<p>\u00b7 M\u00fcraci\u0259t ed\u0259n \u015f\u0259xs t\u0259r\u0259find\u0259n imzalanm\u0131\u015f pasport m\u00fcraci\u0259t formas\u0131 <a href=\"https:\/\/ambbaku.esteri.it\/ambasciata_baku\/resource\/doc\/2020\/05\/modulo_di_richiesta_passaporto.pdf\">(forman\u0131 y\u00fckl\u0259m\u0259k \u00fc\u00e7\u00fcn buraya daxil olun)<\/a><\/p>\n<p>\u00b7 Etibarl\u0131l\u0131q m\u00fcdd\u0259tii bitm\u0259y\u0259n k\u00f6hn\u0259 pasport<\/p>\n<p>\u00b7 yeni \u00e7\u0259kilmi\u015f pasport \u00f6l\u00e7\u00fcl\u00fc iki foto\u015f\u0259kil (eyni, \u00f6nd\u0259n, r\u0259ngli v\u0259 arxa fon a\u011f olmaqla)<\/p>\n<p>\u00b7 Dig\u0259r valideyn t\u0259r\u0259find\u0259n imzalanm\u0131\u015f v\u0259 h\u0259min valideynin \u015f\u0259xsiyy\u0259t v\u0259siq\u0259sinin sur\u0259ti \u0259lav\u0259 edilmi\u015f raz\u0131l\u0131q s\u0259n\u0259di;<\/p>\n<p>Pasportun o\u011furland\u0131\u011f\u0131 v\u0259 ya itirildiyi t\u0259qdird\u0259, yeni bir pasport m\u00fcraci\u0259ti \u00fc\u00e7\u00fcn t\u0259l\u0259b olunan s\u0259n\u0259dl\u0259r\u0259, s\u0259lahiyy\u0259tli yerli polis orqanlar\u0131na t\u0259qdim olunan \u0259riz\u0259nin sur\u0259ti d\u0259 \u0259lav\u0259 olunmal\u0131d\u0131r.<\/p>\n<p>&nbsp;<\/p>\n<p><strong>YETK\u0130NL\u0130K YA\u015eINA \u00c7ATMAYAN \u015e\u018fXSL\u018fR\u0130N LEH\u0130N\u018f M\u00dcRAC\u0130\u018fT:<\/strong><\/p>\n<p>\u00b7 yetkinlik (18) ya\u015f\u0131na \u00e7atmayan \u015f\u0259xsl\u0259r \u00fc\u00e7\u00fcn pasport m\u00fcraci\u0259t formas\u0131 <a href=\"https:\/\/ambbaku.esteri.it\/ambasciata_baku\/resource\/doc\/2020\/05\/modulo_richiesta_passaporto_minorenni.pdf\">(forman\u0131 y\u00fckl\u0259m\u0259k \u00fc\u00e7\u00fcn buraya daxil olun)<\/a>:<\/p>\n<p>\u00b7 yeni \u00e7\u0259kilmi\u015f pasport \u00f6l\u00e7\u00fcl\u00fc iki foto\u015f\u0259kil (eyni, \u00f6nd\u0259n, r\u0259ngli v\u0259 arxa fon a\u011f olmaqla)<\/p>\n<p>\u00b7 H\u0259r iki valideynin etibarl\u0131 pasportu v\u0259 \/ v\u0259 ya \u015f\u0259xsiyy\u0259t v\u0259siq\u0259si<\/p>\n<p>&nbsp;<\/p>\n<p><strong>QEYD:<\/strong><\/p>\n<p>\u00b7 Yetkinlik ya\u015f\u0131na \u00e7atmayan \u015f\u0259xs xaricd\u0259 anadan olubsa, pasport almaq \u00fc\u00e7\u00fcn \u0259vv\u0259lc\u0259 \u0130taliyada qeydiyyata al\u0131nmal\u0131d\u0131r.<\/p>\n<p>\u00b7 Valideynl\u0259rd\u0259n biri raz\u0131l\u0131q formas\u0131n\u0131 imzalamaqdan imtina etdiyi t\u0259qdird\u0259, maraql\u0131 t\u0259r\u0259f dig\u0259r valideynin raz\u0131l\u0131q verm\u0259kd\u0259n imtina etm\u0259 s\u0259b\u0259bl\u0259rini izah ed\u0259n v\u0259 \u0259laq\u0259 yaratmaq \u00fc\u00e7\u00fcn laz\u0131m olan b\u00fct\u00fcn m\u0259lumatlar\u0131n g\u00f6st\u0259rildiyi imzal\u0131 \u0259riz\u0259 formas\u0131n\u0131 Konsulluq idar\u0259sin\u0259 t\u0259qdim etm\u0259lidir.<\/p>\n<p><strong>Naraz\u0131l\u0131q s\u0259b\u0259bl\u0259rinin \u0259sass\u0131z oldu\u011fu a\u015fkar edildiyi t\u0259qdird\u0259, Konsulluq \u015f\u00f6b\u0259sinin m\u00fcdiri, m\u00fcvafiq q\u0259rarla pasport verilm\u0259sin\u0259 icaz\u0259 ver\u0259 bil\u0259r.<\/strong><\/p>\n<p>M\u00fcraci\u0259t t\u0259l\u0259b olunan s\u0259n\u0259dl\u0259rl\u0259 birlikd\u0259, \u015f\u0259xs\u0259n Konsulluq \u0130dar\u0259sin\u0259 t\u0259qdim oluna v\u0259 ya <a href=\"mailto:baku.consolare@esteri.it\">baku.consolare@esteri.it<\/a> e-po\u00e7t \u00fcnvan\u0131na g\u00f6nd\u0259ril\u0259 bil\u0259r:<\/p>\n<p><strong>Daha sonra, biometrik m\u0259lumatlar\u0131n al\u0131nmas\u0131 m\u0259qs\u0259dil\u0259 \u0259riz\u0259\u00e7i Konsulluq idar\u0259sin\u0259 d\u0259v\u0259t olunacaq.<\/strong><\/p>\n<p>Yeni pasportun d\u0259y\u0259ri s\u0259firliyin r\u00fcbl\u00fck hesabatlar\u0131na \u0259sas\u0259n 116,32 avrodur, <strong>na\u011fd v\u0259 manatla \u00f6d\u0259nil\u0259 bil\u0259r.<\/strong><\/p>\n<p>&nbsp;<\/p>\n<p><strong>\u200bX\u018fB\u018fRDARLIQ:<\/strong><\/p>\n<p><strong>V\u0259t\u0259nda\u015flardan yeni pasport almadan \u0259vv\u0259l aviabilet \u0259ld\u0259 etm\u0259m\u0259l\u0259ri xahi\u015f olunur. T\u0259yyar\u0259 biletinin olmas\u0131 passportu t\u0259cili almaq \u00fc\u00e7\u00fcn s\u0259b\u0259b hesab olunmayacaq.<\/strong><\/p>\n","protected":false},"excerpt":{"rendered":"YEN\u0130 PASPORT \u00dc\u00c7\u00dcN M\u00dcRAC\u0130\u018fT &nbsp; T\u0259qdim edil\u0259c\u0259k s\u0259n\u0259dl\u0259r &nbsp; AZYA\u015eLI \u00d6VLADI OLMAYAN H\u018fDD\u0130-BULU\u011eA \u00c7ATMI\u015e \u018fR\u0130Z\u018f\u00c7\u0130 \u00b7 M\u00fcraci\u0259t ed\u0259n \u015f\u0259xs t\u0259r\u0259find\u0259n imzalanm\u0131\u015f pasport m\u00fcraci\u0259t formas\u0131 (forman\u0131 y\u00fckl\u0259m\u0259k \u00fc\u00e7\u00fcn buraya daxil olun) \u00b7 Etibarl\u0131l\u0131q m\u00fcdd\u0259tii bitm\u0259y\u0259n k\u00f6hn\u0259 pasport; \u00b7 yeni \u00e7\u0259kilmi\u015f pasport \u00f6l\u00e7\u00fcl\u00fc iki foto\u015f\u0259kil (eyni, \u00f6nd\u0259n v\u0259 arxa fon a\u011folmaqla olmqla) &nbsp; AZ YA\u015eLI \u00d6VLADI OLAN [&hellip;]","protected":false},"author":1,"featured_media":0,"parent":195,"menu_order":0,"comment_status":"closed","ping_status":"closed","template":"","meta":{"footnotes":""},"class_list":["post-200","page","type-page","status-publish","hentry"],"_links":{"self":[{"href":"https:\/\/ambbaku.esteri.it\/az\/wp-json\/wp\/v2\/pages\/200","targetHints":{"allow":["GET"]}}],"collection":[{"href":"https:\/\/ambbaku.esteri.it\/az\/wp-json\/wp\/v2\/pages"}],"about":[{"href":"https:\/\/ambbaku.esteri.it\/az\/wp-json\/wp\/v2\/types\/page"}],"author":[{"embeddable":true,"href":"https:\/\/ambbaku.esteri.it\/az\/wp-json\/wp\/v2\/users\/1"}],"replies":[{"embeddable":true,"href":"https:\/\/ambbaku.esteri.it\/az\/wp-json\/wp\/v2\/comments?post=200"}],"version-history":[{"count":3,"href":"https:\/\/ambbaku.esteri.it\/az\/wp-json\/wp\/v2\/pages\/200\/revisions"}],"predecessor-version":[{"id":772,"href":"https:\/\/ambbaku.esteri.it\/az\/wp-json\/wp\/v2\/pages\/200\/revisions\/772"}],"up":[{"embeddable":true,"href":"https:\/\/ambbaku.esteri.it\/az\/wp-json\/wp\/v2\/pages\/195"}],"wp:attachment":[{"href":"https:\/\/ambbaku.esteri.it\/az\/wp-json\/wp\/v2\/media?parent=200"}],"curies":[{"name":"wp","href":"https:\/\/api.w.org\/{rel}","templated":true}]}}