{"id":201,"date":"2023-04-11T18:17:44","date_gmt":"2023-04-11T14:17:44","guid":{"rendered":"https:\/\/ambbaku.esteri.it\/servizi-consolari-e-visti\/servizi-per-il-cittadino-italiano\/emergency-travel-documents-etd\/"},"modified":"2023-09-28T16:16:34","modified_gmt":"2023-09-28T12:16:34","slug":"emergency-travel-documents-etd","status":"publish","type":"page","link":"https:\/\/ambbaku.esteri.it\/az\/servizi-consolari-e-visti\/servizi-per-il-cittadino-italiano\/passaporti-e-carte-didentita\/emergency-travel-documents-etd\/","title":{"rendered":"T\u0259cili S\u0259yah\u0259t S\u0259n\u0259dl\u0259ri (ETD)"},"content":{"rendered":"<p style=\"text-align: justify;\"><strong>M\u00dcV\u018fQQ\u018fT\u0130 S\u018fYAH\u018fT S\u018fN\u018fD\u0130 &#8211; ETD<\/strong><\/p>\n<p style=\"text-align: justify;\">\u0130talyan konsulluq n\u00fcmay\u0259nd\u0259likl\u0259ri <strong>m\u00fcv\u0259qq\u0259ti s\u0259yah\u0259t s\u0259n\u0259din<\/strong>i<strong> (ETD &#8211; T\u0259cili S\u0259yah\u0259t S\u0259n\u0259di)<\/strong> verildiyi tarixd\u0259n etibar\u0259n, \u0259n \u00e7ox 5 g\u00fcnl\u00fck m\u00fcdd\u0259t\u0259, A\u0130RE-d\u0259 qeydiyyatdan ke\u00e7diyiniz t\u0259qdird\u0259, yaln\u0131z \u0130taliyaya v\u0259 ya xaricd\u0259 ya\u015fad\u0131\u011f\u0131n\u0131z \u00f6lk\u0259y\u0259 qay\u0131tmaq \u00fc\u00e7\u00fcn veril\u0259 bil\u0259r.<\/p>\n<p style=\"text-align: justify;\"><strong>T\u018fL\u018fB OLUNAN S\u018fN\u018fDL\u018fR<\/strong><\/p>\n<p style=\"text-align: justify;\">ETD s\u0259n\u0259dini almaq \u00fc\u00e7\u00fcn a\u015fa\u011f\u0131dak\u0131 s\u0259n\u0259dl\u0259rl\u0259 Konsulluq \u0130dar\u0259sin\u0259 m\u00fcraci\u0259t etm\u0259lisiniz:<\/p>\n<p style=\"text-align: justify;\">\u2022 pasportun o\u011furlanmas\u0131 v\u0259 ya itirilm\u0259si bar\u0259d\u0259 yerli s\u0259lahiyy\u0259tli polis idar\u0259sin\u0259 bildiri\u015f;<\/p>\n<p style=\"text-align: justify;\">\u2022 s\u0259n\u0259d \u00fc\u00e7\u00fcn 2 foto\u015f\u0259kil (eyni, \u00f6nd\u0259n, r\u0259ngli)<\/p>\n<p style=\"text-align: justify;\">\u2022 m\u00fcmk\u00fcn oldu\u011fu t\u0259qdird\u0259, itirilmi\u015f v\u0259 ya o\u011furlanm\u0131\u015f s\u0259n\u0259din v\u0259 ya foto\u015f\u0259killi h\u0259r hans\u0131 dig\u0259r s\u0259n\u0259din n\u00fcsx\u0259si v\u0259 ya alternativ olaraq \u0259riz\u0259\u00e7ini tan\u0131yan, \u015f\u0259xsiyy\u0259ti v\u0259siq\u0259si olan \u015fahidin i\u015ftirak\u0131.<\/p>\n<p style=\"text-align: justify;\">\n<p style=\"text-align: justify;\"><strong>X\u018fB\u018fRDARLIQ<\/strong> &#8211; \u018friz\u0259\u00e7inin kimliyi, itiril\u0259n v\u0259 ya o\u011furlanm\u0131\u015f \u015f\u0259xsiyy\u0259t v\u0259siq\u0259sinin sur\u0259tl\u0259ri v\u0259 ya f\u0259rdi m\u0259lumatlar\u0131, foto\u015f\u0259kil v\u0259 imzan\u0131 (m\u0259s\u0259l\u0259n, s\u00fcr\u00fcc\u00fcl\u00fck v\u0259siq\u0259si) ehtiva ed\u0259n dig\u0259r s\u0259n\u0259dl\u0259rl\u0259 v\u0259 yaxud \u0259n az\u0131 bir \u015fahidin t\u0259qdim etdiyi b\u0259yannam\u0259 il\u0259 g\u00f6st\u0259rilm\u0259lidir ( \u015fahid yetkinlik ya\u015f\u0131nda olmal\u0131 v\u0259 \u015f\u0259xsiyy\u0259ti t\u0259sdiq ed\u0259n etibarl\u0131 s\u0259n\u0259d\u0259 sahib olmal\u0131d\u0131r &#8211; y\u0259ni (\u015f\u0259xsiyy\u0259t v\u0259siq\u0259si v\u0259 ya pasport).<\/p>\n<p style=\"text-align: justify;\">Bu se\u00e7iml\u0259rd\u0259n he\u00e7 biri m\u00fcmk\u00fcn deyils\u0259, konsulluq n\u00fcmay\u0259nd\u0259liyi \u0259riz\u0259\u00e7inin \u015f\u0259xsi m\u0259lumatlar\u0131n\u0131n t\u0259sdiqini \u0130taliyada ya\u015fad\u0131\u011f\u0131 \u0259razi \u00fczr\u0259 b\u0259l\u0259diyy\u0259d\u0259n t\u0259l\u0259b etm\u0259lidir. Llakin bu yoxlama uzun \u00e7\u0259k\u0259 bil\u0259r.<\/p>\n<p style=\"text-align: justify;\">\n<p style=\"text-align: justify;\"><strong>M\u00dc\u015eAY\u0130\u018fT OLUNMAYAN AZYA\u015eLILAR<\/strong> \u2013 Valideynl\u0259rinin m\u00fc\u015fayi\u0259t etm\u0259diyi azya\u015fl\u0131lar \u00fc\u00e7\u00fcn, onlar\u0131n h\u0259val\u0259 edildikl\u0259ri \u015f\u0259xsin ad\u0131 v\u0259 ya sonuncunun s\u0259n\u0259dl\u0259rinin bir n\u00fcsx\u0259si il\u0259 birlikd\u0259 valideynl\u0259rin raz\u0131l\u0131\u011f\u0131 qeyd edil\u0259n b\u0259yannam\u0259 t\u0259qdim edilm\u0259lidir.<\/p>\n<p style=\"text-align: justify;\">ETF-nin d\u0259y\u0259ri na\u011fd v\u0259 manat \u015f\u0259klind\u0259 \u00f6d\u0259nilm\u0259kl\u0259 1,55 avro t\u0259\u015fkil edir.<\/p>\n","protected":false},"excerpt":{"rendered":"M\u00dcV\u018fQQ\u018fT\u0130 S\u018fYAH\u018fT S\u018fN\u018fD\u0130 &#8211; ETD \u0130talyan konsulluq n\u00fcmay\u0259nd\u0259likl\u0259ri m\u00fcv\u0259qq\u0259ti s\u0259yah\u0259t s\u0259n\u0259dini (ETD &#8211; T\u0259cili S\u0259yah\u0259t S\u0259n\u0259di) verildiyi tarixd\u0259n etibar\u0259n, \u0259n \u00e7ox 5 g\u00fcnl\u00fck m\u00fcdd\u0259t\u0259, A\u0130RE-d\u0259 qeydiyyatdan ke\u00e7diyiniz t\u0259qdird\u0259, yaln\u0131z \u0130taliyaya v\u0259 ya xaricd\u0259 ya\u015fad\u0131\u011f\u0131n\u0131z \u00f6lk\u0259y\u0259 qay\u0131tmaq \u00fc\u00e7\u00fcn veril\u0259 bil\u0259r. T\u018fL\u018fB OLUNAN S\u018fN\u018fDL\u018fR ETD s\u0259n\u0259dini almaq \u00fc\u00e7\u00fcn a\u015fa\u011f\u0131dak\u0131 s\u0259n\u0259dl\u0259rl\u0259 Konsulluq \u0130dar\u0259sin\u0259 m\u00fcraci\u0259t etm\u0259lisiniz: \u2022 pasportun o\u011furlanmas\u0131 [&hellip;]","protected":false},"author":1,"featured_media":0,"parent":200,"menu_order":2,"comment_status":"closed","ping_status":"closed","template":"","meta":{"footnotes":""},"class_list":["post-201","page","type-page","status-publish","hentry"],"_links":{"self":[{"href":"https:\/\/ambbaku.esteri.it\/az\/wp-json\/wp\/v2\/pages\/201","targetHints":{"allow":["GET"]}}],"collection":[{"href":"https:\/\/ambbaku.esteri.it\/az\/wp-json\/wp\/v2\/pages"}],"about":[{"href":"https:\/\/ambbaku.esteri.it\/az\/wp-json\/wp\/v2\/types\/page"}],"author":[{"embeddable":true,"href":"https:\/\/ambbaku.esteri.it\/az\/wp-json\/wp\/v2\/users\/1"}],"replies":[{"embeddable":true,"href":"https:\/\/ambbaku.esteri.it\/az\/wp-json\/wp\/v2\/comments?post=201"}],"version-history":[{"count":2,"href":"https:\/\/ambbaku.esteri.it\/az\/wp-json\/wp\/v2\/pages\/201\/revisions"}],"predecessor-version":[{"id":811,"href":"https:\/\/ambbaku.esteri.it\/az\/wp-json\/wp\/v2\/pages\/201\/revisions\/811"}],"up":[{"embeddable":true,"href":"https:\/\/ambbaku.esteri.it\/az\/wp-json\/wp\/v2\/pages\/200"}],"wp:attachment":[{"href":"https:\/\/ambbaku.esteri.it\/az\/wp-json\/wp\/v2\/media?parent=201"}],"curies":[{"name":"wp","href":"https:\/\/api.w.org\/{rel}","templated":true}]}}