{"id":211,"date":"2023-04-11T18:20:09","date_gmt":"2023-04-11T14:20:09","guid":{"rendered":"https:\/\/ambbaku.esteri.it\/servizi-consolari-e-visti\/servizi-per-il-cittadino-italiano\/autoveicoli-e-patenti-di-guida\/"},"modified":"2023-06-20T18:13:33","modified_gmt":"2023-06-20T14:13:33","slug":"autoveicoli-e-patenti-di-guida","status":"publish","type":"page","link":"https:\/\/ambbaku.esteri.it\/az\/servizi-consolari-e-visti\/servizi-per-il-cittadino-italiano\/autoveicoli-e-patenti-di-guida\/","title":{"rendered":"N\u0259qliyyat vasit\u0259l\u0259ri v\u0259 s\u00fcr\u00fcc\u00fcl\u00fck v\u0259siq\u0259l\u0259ri"},"content":{"rendered":"","protected":false},"excerpt":{"rendered":"","protected":false},"author":1,"featured_media":0,"parent":195,"menu_order":16,"comment_status":"closed","ping_status":"closed","template":"","meta":{"footnotes":""},"class_list":["post-211","page","type-page","status-publish","hentry"],"_links":{"self":[{"href":"https:\/\/ambbaku.esteri.it\/az\/wp-json\/wp\/v2\/pages\/211","targetHints":{"allow":["GET"]}}],"collection":[{"href":"https:\/\/ambbaku.esteri.it\/az\/wp-json\/wp\/v2\/pages"}],"about":[{"href":"https:\/\/ambbaku.esteri.it\/az\/wp-json\/wp\/v2\/types\/page"}],"author":[{"embeddable":true,"href":"https:\/\/ambbaku.esteri.it\/az\/wp-json\/wp\/v2\/users\/1"}],"replies":[{"embeddable":true,"href":"https:\/\/ambbaku.esteri.it\/az\/wp-json\/wp\/v2\/comments?post=211"}],"version-history":[{"count":1,"href":"https:\/\/ambbaku.esteri.it\/az\/wp-json\/wp\/v2\/pages\/211\/revisions"}],"predecessor-version":[{"id":216,"href":"https:\/\/ambbaku.esteri.it\/az\/wp-json\/wp\/v2\/pages\/211\/revisions\/216"}],"up":[{"embeddable":true,"href":"https:\/\/ambbaku.esteri.it\/az\/wp-json\/wp\/v2\/pages\/195"}],"wp:attachment":[{"href":"https:\/\/ambbaku.esteri.it\/az\/wp-json\/wp\/v2\/media?parent=211"}],"curies":[{"name":"wp","href":"https:\/\/api.w.org\/{rel}","templated":true}]}}