{"id":220,"date":"2023-04-11T18:22:07","date_gmt":"2023-04-11T14:22:07","guid":{"rendered":"https:\/\/ambbaku.esteri.it\/servizi-consolari-e-visti\/servizi-per-il-cittadino-straniero\/visti\/"},"modified":"2024-07-25T15:51:50","modified_gmt":"2024-07-25T11:51:50","slug":"visti","status":"publish","type":"page","link":"https:\/\/ambbaku.esteri.it\/az\/servizi-consolari-e-visti\/servizi-per-il-cittadino-straniero\/visti\/","title":{"rendered":"Vizalar"},"content":{"rendered":"<p><strong>BUNA G\u00d6R\u018f D\u018f VIZA \u018fRIZ\u018fL\u018fRINI PLANLA\u015eDIRILMI\u015e U\u00c7U\u015e TARIXL\u018fRIND\u018fN B\u0130R M\u00dcDD\u018fT QABAQ T\u018fQDIM ETM\u018fK M\u018fSL\u018fH\u018fTDIR.<\/strong><\/p>\n<p><strong>\u00a0<\/strong><\/p>\n<p><strong>\u0130TAL\u0130YA \u00dc\u00c7\u00dcN V\u0130ZA NEC\u018f \u018fLD\u018f ETM\u018fK OLAR<\/strong><\/p>\n<p><strong>\u00a0<\/strong><\/p>\n<p>H\u0259r bir viza n\u00f6v\u00fcn\u00fcn verilm\u0259si \u00fc\u00e7\u00fcn t\u0259l\u0259bl\u0259rin v\u0259 \u015f\u0259rtl\u0259rin siyah\u0131s\u0131, habel\u0259 \u0130taliyada v\u0259 \u015eengen b\u00f6lg\u0259sind\u0259 immiqrasiya qanunvericiliyin\u0259 dair m\u0259lumatlar Xarici \u0130\u015fl\u0259r v\u0259 Beyn\u0259lxalq \u018fm\u0259kda\u015fl\u0131q Nazirliyinin internet sayt\u0131nda &#8220;Il visto per l&#8217;Italia&#8221; b\u00f6lm\u0259sind\u0259 italyan, \u0259r\u0259b, ingilis, rus, \u00e7in dill\u0259rind\u0259 m\u00f6vcuddur.<\/p>\n<p>Dig\u0259r \u0259lav\u0259 m\u0259lumat \u00fc\u00e7\u00fcn: <a href=\"https:\/\/www.esteri.it\/it\/servizi-consolari-e-visti\/ingressosoggiornoinitalia\/\">https:\/\/www.esteri.it\/it\/servizi-consolari-e-visti\/ingressosoggiornoinitalia\/<\/a>.<\/p>\n<p>&nbsp;<\/p>\n<p><strong>V\u0130ZA M\u00dcRAC\u0130\u018fTL\u018fR\u0130N\u0130N Q\u018fBUL ED\u0130LM\u018fS\u0130<\/strong><\/p>\n<p><strong>\u00a0<\/strong><\/p>\n<p>Az\u0259rbaycanda ya\u015fayan v\u0259t\u0259nda\u015flar v\u0259 daimi ya\u015fay\u0131\u015f icaz\u0259si olan \u0259cn\u0259bil\u0259r viza \u00fc\u00e7\u00fcn m\u00fcraci\u0259t ed\u0259 bil\u0259rl\u0259r.<\/p>\n<p>\u0130taliya Respublikas\u0131ndan \u0259lav\u0259, bu S\u0259firlik \u015eengen vizalar\u0131n\u0131n verilm\u0259si \u00fc\u00e7\u00fcn Malta Respublikas\u0131n\u0131 da t\u0259msil edir.<\/p>\n<p><strong>\u00a0<\/strong><\/p>\n<p><strong>G\u00d6R\u00dc\u015e R\u0130ZERVAS\u0130YASI<\/strong><\/p>\n<p><strong>\u00a0<\/strong><\/p>\n<p><strong>Oktyabr\u0131n 12-d\u0259n<\/strong> etibar\u0259n \u0130taliya v\u0259 Malta \u00fc\u00e7\u00fcn viza m\u00fcraci\u0259tl\u0259ri <strong>Nizami k\u00fc\u00e7. 96E<\/strong> (Landmark I &#8211;\u00a0 m\u0259rt\u0259b\u0259 I ) \u00fcnvan\u0131nda yerl\u0259\u015f\u0259n yeni viza m\u0259rk\u0259zi olan VFS Global-da q\u0259bul olunacaq. G\u00f6r\u00fc\u015fl\u0259ri a\u015fa\u011f\u0131dak\u0131 link vasit\u0259sil\u0259 m\u00fcraci\u0259t ed\u0259r\u0259k t\u0259yin etm\u0259k olar: <a href=\"https:\/\/visa.vfsglobal.com\/aze\/en\/ita\">https:\/\/visa.vfsglobal.com\/aze\/en\/ita<\/a><\/p>\n<p>H\u0259r hans\u0131 bir sual yarand\u0131\u011f\u0131 halda yard\u0131m \u00fc\u00e7\u00fcn <b><span lang=\"TR\">+994 12 210 87 65<\/span><\/b> <strong>\u00c7a\u011fr\u0131 M\u0259rk\u0259zin\u0259<\/strong> m\u00fcraci\u0259t ed\u0259 bil\u0259rsiniz. Bundan \u0259lav\u0259 e-mail vasit\u0259si il\u0259 d\u0259 m\u0259lumat almaq m\u00fcmk\u00fcnd\u00fcr <strong>(<a href=\"mailto:info.italybaku@Vfshelpline.com\">info.italybaku@Vfshelpline.com<\/a><\/strong><strong>).<\/strong><\/p>\n<p>Prosedurlar haqq\u0131nda daha \u0259trafl\u0131 m\u0259lumat \u00fc\u00e7\u00fcn <a href=\"https:\/\/ambbaku.esteri.it\/wp-content\/uploads\/2023\/11\/faq.pdf\"><strong><u>FAQ<\/u><\/strong><\/a> b\u00f6lm\u0259sin\u0259 m\u00fcraci\u0259t edilm\u0259si m\u0259sl\u0259h\u0259t g\u00f6r\u00fcl\u00fcr.<\/p>\n<p>&nbsp;<\/p>\n<p>\u0130ki \u00f6lk\u0259 aras\u0131nda 2011-ci ilin avqust ay\u0131ndan q\u00fcvv\u0259d\u0259 olan diplomatik v\u0259 xidm\u0259ti pasportlar\u0131n vizadan azad edilm\u0259sin\u0259 dair ikit\u0259r\u0259fli Konvensiyaya \u0259sas\u0259n, <strong>diplomatik v\u0259 xidm\u0259ti pasportlara malik \u015f\u0259xsl\u0259r<\/strong> \u00fc\u00e7\u00fcn q\u0131sam\u00fcdd\u0259tli s\u0259f\u0259rl\u0259r \u00fc\u00e7\u00fcn giri\u015f vizas\u0131 t\u0259l\u0259b olunmur.<\/p>\n<p>&nbsp;<\/p>\n<p><strong>VAS\u0130T\u018f\u00c7\u0130L\u0130K QADA\u011eASI<\/strong><\/p>\n<p><strong>\u00a0<\/strong><\/p>\n<p>Viza s\u0259n\u0259dl\u0259rini t\u0259qdim etm\u0259k v\u0259 ya viza \u0259ld\u0259 edilm\u0259sini asanla\u015fd\u0131rmaq \u00fc\u00e7\u00fcn pullu xidm\u0259tl\u0259rini t\u0259klif ed\u0259n h\u0259r hans\u0131 bir vasit\u0259\u00e7il\u0259r\u0259 inanmamaq t\u00f6vsiy\u0259 olunur.<\/p>\n<p>X\u00fcsusil\u0259 d\u0259 viza \u00fc\u00e7\u00fcn m\u00fcraci\u0259t etm\u0259k v\u0259 viza \u0259ld\u0259 etm\u0259k \u00fc\u00e7\u00fcn imtiyazl\u0131 kanallar\u0131 olan insanlara qar\u015f\u0131 diqq\u0259tli olmaq t\u00f6vsiy\u0259 olunur.<\/p>\n<p>N\u0259z\u0259riniz\u0259 \u00e7atd\u0131r\u0131l\u0131r ki, \u0130taliya S\u0259firliyi viza m\u00fcraci\u0259tl\u0259rini t\u0259qdim etm\u0259k v\u0259 viza \u0259ld\u0259 etm\u0259k \u00fc\u00e7\u00fcn yegan\u0259 r\u0259smi kanald\u0131r. Q\u0259bul edil\u0259n yegan\u0259 \u00f6d\u0259ni\u015f formas\u0131 konsulluq r\u00fcsumunun m\u0259bl\u0259\u011fidir ki, bu da qanuna g\u00f6r\u0259 Az\u0259rbaycan v\u0259t\u0259nda\u015flar\u0131 \u00fc\u00e7\u00fcn 35 Avro t\u0259\u015fkil edir (dig\u0259r mill\u0259tl\u0259rd\u0259n olan v\u0259t\u0259nda\u015flar \u00fc\u00e7\u00fcn qiym\u0259t d\u0259yi\u015f\u0259 bil\u0259r).<\/p>\n<p>\u018friz\u0259ni t\u0259qdim etm\u0259k \u00fc\u00e7\u00fcn d\u00fczg\u00fcn olmayan prosedurlar v\u0259 ya \u00fc\u00e7\u00fcnc\u00fc \u015f\u0259xsl\u0259r t\u0259r\u0259find\u0259n m\u00fcdaxil\u0259 a\u015fkar edil\u0259rs\u0259, bu hal viza \u0259riz\u0259sinin \u00f6z\u00fcn\u00fcn r\u0259dd edilm\u0259sin\u0259 g\u0259tirib \u00e7\u0131xar\u0131r.<\/p>\n<p>&nbsp;<\/p>\n<p><strong>MODULLAR<\/strong><\/p>\n<p><strong>\u00a0<\/strong><\/p>\n<p><u><a href=\"https:\/\/ambbaku.esteri.it\/wp-content\/uploads\/2023\/11\/Formulario_Schengen-AZER.pdf\">\u015eengen vizas\u0131 \u00fc\u00e7\u00fcn \u0259riz\u0259 formas<\/a>\u0131<\/u> (italyan\/az\u0259rbaycan).<\/p>\n<p><a href=\"https:\/\/ambbaku.esteri.it\/wp-content\/uploads\/2023\/11\/English-Schenghen-application-form.pdf\"><u>\u015eengen vizas\u0131 \u00fc\u00e7\u00fcn \u0259riz\u0259 formas\u0131<\/u><\/a> (ingilis).<\/p>\n<p><a href=\"https:\/\/ambbaku.esteri.it\/wp-content\/uploads\/2023\/11\/National-Visa.pdf\"><u>Milli vizalar \u00fc\u00e7\u00fcn \u0259riz\u0259 formas\u0131<\/u><\/a> (italyan\/ingilis).<\/p>\n<p><a href=\"https:\/\/ambbaku.esteri.it\/wp-content\/uploads\/2023\/11\/lettera-di-invito-turismo.pdf\"><u>Turizm vizas\u0131 \u00fc\u00e7\u00fcn d\u0259v\u0259t m\u0259ktubu<\/u><\/a> (italyan\/ingilis).<\/p>\n<p><a href=\"https:\/\/ambbaku.esteri.it\/wp-content\/uploads\/2023\/11\/lettera-invito-affari.pdf\"><u>\u0130\u015fg\u00fczar viza \u00fc\u00e7\u00fcn d\u0259v\u0259t m\u0259ktubu<\/u><\/a> (italyan).<\/p>\n","protected":false},"excerpt":{"rendered":"BUNA G\u00d6R\u018f D\u018f VIZA \u018fRIZ\u018fL\u018fRINI PLANLA\u015eDIRILMI\u015e U\u00c7U\u015e TARIXL\u018fRIND\u018fN B\u0130R M\u00dcDD\u018fT QABAQ T\u018fQDIM ETM\u018fK M\u018fSL\u018fH\u018fTDIR. \u00a0 \u0130TAL\u0130YA \u00dc\u00c7\u00dcN V\u0130ZA NEC\u018f \u018fLD\u018f ETM\u018fK OLAR \u00a0 H\u0259r bir viza n\u00f6v\u00fcn\u00fcn verilm\u0259si \u00fc\u00e7\u00fcn t\u0259l\u0259bl\u0259rin v\u0259 \u015f\u0259rtl\u0259rin siyah\u0131s\u0131, habel\u0259 \u0130taliyada v\u0259 \u015eengen b\u00f6lg\u0259sind\u0259 immiqrasiya qanunvericiliyin\u0259 dair m\u0259lumatlar Xarici \u0130\u015fl\u0259r v\u0259 Beyn\u0259lxalq \u018fm\u0259kda\u015fl\u0131q Nazirliyinin internet sayt\u0131nda &#8220;Il visto per l&#8217;Italia&#8221; b\u00f6lm\u0259sind\u0259 [&hellip;]","protected":false},"author":1,"featured_media":0,"parent":214,"menu_order":0,"comment_status":"closed","ping_status":"closed","template":"","meta":{"footnotes":""},"class_list":["post-220","page","type-page","status-publish","hentry"],"_links":{"self":[{"href":"https:\/\/ambbaku.esteri.it\/az\/wp-json\/wp\/v2\/pages\/220","targetHints":{"allow":["GET"]}}],"collection":[{"href":"https:\/\/ambbaku.esteri.it\/az\/wp-json\/wp\/v2\/pages"}],"about":[{"href":"https:\/\/ambbaku.esteri.it\/az\/wp-json\/wp\/v2\/types\/page"}],"author":[{"embeddable":true,"href":"https:\/\/ambbaku.esteri.it\/az\/wp-json\/wp\/v2\/users\/1"}],"replies":[{"embeddable":true,"href":"https:\/\/ambbaku.esteri.it\/az\/wp-json\/wp\/v2\/comments?post=220"}],"version-history":[{"count":5,"href":"https:\/\/ambbaku.esteri.it\/az\/wp-json\/wp\/v2\/pages\/220\/revisions"}],"predecessor-version":[{"id":2839,"href":"https:\/\/ambbaku.esteri.it\/az\/wp-json\/wp\/v2\/pages\/220\/revisions\/2839"}],"up":[{"embeddable":true,"href":"https:\/\/ambbaku.esteri.it\/az\/wp-json\/wp\/v2\/pages\/214"}],"wp:attachment":[{"href":"https:\/\/ambbaku.esteri.it\/az\/wp-json\/wp\/v2\/media?parent=220"}],"curies":[{"name":"wp","href":"https:\/\/api.w.org\/{rel}","templated":true}]}}