{"id":4271,"date":"2025-10-15T11:28:14","date_gmt":"2025-10-15T07:28:14","guid":{"rendered":"https:\/\/ambbaku.esteri.it\/?page_id=4271"},"modified":"2025-10-15T12:20:00","modified_gmt":"2025-10-15T08:20:00","slug":"az%c9%99rbaycanda-italyan-dili-uzr%c9%99-sertifikat-ver%c9%99n-qurumlar","status":"publish","type":"page","link":"https:\/\/ambbaku.esteri.it\/az\/italia-e-azerbaigian\/diplomazia-culturale\/az%c9%99rbaycanda-italyan-dili-uzr%c9%99-sertifikat-ver%c9%99n-qurumlar\/","title":{"rendered":"Az\u0259rbaycanda \u0130talyan dili \u00fczr\u0259 sertifikat ver\u0259n qurumlar"},"content":{"rendered":"<p style=\"text-align: justify;\">Maraqlanan \u015f\u0259xsl\u0259rin diqq\u0259tin\u0259 \u00e7atd\u0131r\u0131l\u0131r ki, Az\u0259rbaycanda \u0130talyan dili \u00fczr\u0259 sertifikatlar t\u0259qdim etm\u0259y\u0259 s\u0259lahiyy\u0259tli olan qurumlar\u0131n siyah\u0131s\u0131 a\u015fa\u011f\u0131da verilmi\u015fdir. Bununla ba\u011fl\u0131 olaraq xat\u0131rlad\u0131r\u0131q ki, \u0130taliyan\u0131n Bak\u0131dak\u0131 S\u0259firliyi qeyd olunan qurumlarla he\u00e7 bir m\u00fcqavil\u0259 v\u0259 ya dig\u0259r xarakterli \u0259laq\u0259y\u0259 malik deyil v\u0259 buna g\u00f6r\u0259 d\u0259 h\u0259min qurumlar t\u0259r\u0259find\u0259n ke\u00e7iril\u0259n kurslara el\u0259c\u0259 d\u0259 burada t\u0259qdim olunan m\u0259lumatlara g\u00f6r\u0259 he\u00e7 bir m\u0259suliyy\u0259t da\u015f\u0131m\u0131r. M\u0259lumatlar\u0131n d\u0259qiqliyi birba\u015fa sertifikat\u0131 t\u0259qdim ed\u0259n m\u00fcvafiq m\u0259kt\u0259b v\u0259 ya universitetl\u0259 \u0259laq\u0259 saxlan\u0131laraq yoxlan\u0131lmal\u0131d\u0131r.<\/p>\n<p style=\"text-align: justify;\">\n<p>1. <strong>CIAO \u2013 \u0130talyan dili \u00fczr\u0259 T\u0259dris v\u0259 Y\u00f6nl\u0259ndirm\u0259 M\u0259rk\u0259zi<\/strong><\/p>\n<p style=\"text-align: justify;\">\n<p style=\"text-align: justify;\">CIAO &#8211; Siena \u018fcn\u0259bil\u0259r Universitetinin <strong>CILS<\/strong> sertifikat imtahanlar\u0131n\u0131n v\u0259 Dante Alighieri C\u0259miyy\u0259tinin <strong>PLIDA<\/strong> sertifikat imtahanlar\u0131 \u00fczr\u0259 r\u0259smi v\u0259 yegan\u0259 imtahan m\u0259rk\u0259zidir. Bu sertifikatlar \u0130taliyan\u0131n Xarici \u0130\u015fl\u0259r v\u0259 Beyn\u0259lxalq \u018fm\u0259kda\u015fl\u0131q Nazirliyi (MAECI) t\u0259r\u0259find\u0259n tan\u0131n\u0131r v\u0259 beyn\u0259lxalq s\u0259viyy\u0259d\u0259 t\u0259hsil, i\u015f v\u0259 \u0130taliya v\u0259t\u0259nda\u015fl\u0131\u011f\u0131 \u00fc\u00e7\u00fcn ke\u00e7\u0259rlidir.<\/p>\n<p style=\"text-align: justify;\">\n<p style=\"text-align: justify;\">\u018flav\u0259 m\u0259lumat \u00fc\u00e7\u00fcn:<\/p>\n<p style=\"text-align: justify;\">\n<p style=\"text-align: justify;\">\ud83d\udcde +994 50 388 38 87<\/p>\n<p style=\"text-align: justify;\">\ud83d\udcde +994 50 265 72 35<\/p>\n<p style=\"text-align: justify;\">\ud83d\udce7\u00a0<a href=\"mailto:info@ciao.az\">info@ciao.az<\/a><\/p>\n<p style=\"text-align: justify;\">\ud83c\udf10\u00a0<a href=\"http:\/\/www.ciao.az\/\">www.ciao.az<\/a><\/p>\n<p style=\"text-align: justify;\">\ud83d\udcf8 Instagram: ciao.azerbaigian.italia<\/p>\n","protected":false},"excerpt":{"rendered":"Maraqlanan \u015f\u0259xsl\u0259rin diqq\u0259tin\u0259 \u00e7atd\u0131r\u0131l\u0131r ki, Az\u0259rbaycanda \u0130talyan dili \u00fczr\u0259 sertifikatlar t\u0259qdim etm\u0259y\u0259 s\u0259lahiyy\u0259tli olan qurumlar\u0131n siyah\u0131s\u0131 a\u015fa\u011f\u0131da verilmi\u015fdir. Bununla ba\u011fl\u0131 olaraq xat\u0131rlad\u0131r\u0131q ki, \u0130taliyan\u0131n Bak\u0131dak\u0131 S\u0259firliyi qeyd olunan qurumlarla he\u00e7 bir m\u00fcqavil\u0259 v\u0259 ya dig\u0259r xarakterli \u0259laq\u0259y\u0259 malik deyil v\u0259 buna g\u00f6r\u0259 d\u0259 h\u0259min qurumlar t\u0259r\u0259find\u0259n ke\u00e7iril\u0259n kurslara el\u0259c\u0259 d\u0259 burada t\u0259qdim olunan m\u0259lumatlara g\u00f6r\u0259 [&hellip;]","protected":false},"author":7,"featured_media":3423,"parent":182,"menu_order":0,"comment_status":"closed","ping_status":"closed","template":"","meta":{"footnotes":""},"class_list":["post-4271","page","type-page","status-publish","has-post-thumbnail","hentry"],"_links":{"self":[{"href":"https:\/\/ambbaku.esteri.it\/az\/wp-json\/wp\/v2\/pages\/4271","targetHints":{"allow":["GET"]}}],"collection":[{"href":"https:\/\/ambbaku.esteri.it\/az\/wp-json\/wp\/v2\/pages"}],"about":[{"href":"https:\/\/ambbaku.esteri.it\/az\/wp-json\/wp\/v2\/types\/page"}],"author":[{"embeddable":true,"href":"https:\/\/ambbaku.esteri.it\/az\/wp-json\/wp\/v2\/users\/7"}],"replies":[{"embeddable":true,"href":"https:\/\/ambbaku.esteri.it\/az\/wp-json\/wp\/v2\/comments?post=4271"}],"version-history":[{"count":1,"href":"https:\/\/ambbaku.esteri.it\/az\/wp-json\/wp\/v2\/pages\/4271\/revisions"}],"predecessor-version":[{"id":4274,"href":"https:\/\/ambbaku.esteri.it\/az\/wp-json\/wp\/v2\/pages\/4271\/revisions\/4274"}],"up":[{"embeddable":true,"href":"https:\/\/ambbaku.esteri.it\/az\/wp-json\/wp\/v2\/pages\/182"}],"wp:featuredmedia":[{"embeddable":true,"href":"https:\/\/ambbaku.esteri.it\/az\/wp-json\/wp\/v2\/media\/3423"}],"wp:attachment":[{"href":"https:\/\/ambbaku.esteri.it\/az\/wp-json\/wp\/v2\/media?parent=4271"}],"curies":[{"name":"wp","href":"https:\/\/api.w.org\/{rel}","templated":true}]}}