{"id":587,"date":"2023-06-28T16:07:14","date_gmt":"2023-06-28T12:07:14","guid":{"rendered":"https:\/\/ambbaku.esteri.it\/?page_id=587"},"modified":"2023-09-27T12:21:54","modified_gmt":"2023-09-27T08:21:54","slug":"sirk%c9%99tl%c9%99r-ucun-xidm%c9%99tl%c9%99r","status":"publish","type":"page","link":"https:\/\/ambbaku.esteri.it\/az\/sirk%c9%99tl%c9%99r-ucun-xidm%c9%99tl%c9%99r\/","title":{"rendered":"\u015eirk\u0259tl\u0259r \u00fc\u00e7\u00fcn xidm\u0259tl\u0259r"},"content":{"rendered":"<p><a href=\"http:\/\/www.sace.it\/\">SACE-nin veb sayt\u0131<\/a><\/p>\n<p><strong>\u0130xracat s\u0131\u011fortas\u0131<\/strong><\/p>\n<p>&nbsp;<\/p>\n<p><strong>SACE s\u0259hmdar c\u0259miyy\u0259ti<\/strong><\/p>\n<p><strong>Xarici ticar\u0259t s\u0131\u011fortas\u0131 xidm\u0259tl\u0259ri<\/strong><\/p>\n<p>\u2022 \u0130qtisadiyyat v\u0259 Maliyy\u0259 Nazirliyi t\u0259r\u0259find\u0259n imzalanm\u0131\u015f nizamnam\u0259 kapital\u0131 il\u0259 ixrac kredit s\u0131\u011fortas\u0131 \u015firk\u0259ti;<\/p>\n<p>\u2022 \u0130talyan \u015firk\u0259tl\u0259rinin beyn\u0259lxalq \u0259m\u0259liyyatlarda m\u0259ruz qald\u0131qlar\u0131 siyasi, iqtisadi v\u0259 ticari riskl\u0259rinin s\u0131\u011forta v\u0259 t\u0259krar s\u0131\u011fortas\u0131n\u0131 \u00f6z \u00fcz\u0259rin\u0259 g\u00f6t\u00fcr\u00fcr.<\/p>\n<p>\u2022 SACE \u0130taliyan\u0131n ki\u00e7ik v\u0259 orta m\u00fc\u0259ssis\u0259l\u0259rinin ixracat\u0131n\u0131 d\u0259st\u0259kl\u0259m\u0259k m\u0259qs\u0259dil\u0259, onlar\u0131n s\u0131\u011forta t\u0259minat\u0131n\u0131 asanla\u015fd\u0131raraq iki \u0259m\u0259kda\u015fl\u0131q strategiyas\u0131 t\u0259klif edir:<\/p>\n<p>&nbsp;<\/p>\n<p>\u2022\u00a0birba\u015fa strategiya dedikd\u0259, m\u00fcxt\u0259lif xarici debitorlarla davaml\u0131 i\u015fg\u00fczar \u0259laq\u0259l\u0259r quran \u015firk\u0259tl\u0259r \u00fc\u00e7\u00fcn n\u0259z\u0259rd\u0259 tutulan \u0259sas m\u00f6vcud s\u0131\u011forta n\u00f6vl\u0259ri aras\u0131nda S\u0131\u011forta Siyas\u0259ti x\u00fcsusi yer tutur.<\/p>\n<p>\u2022 dolay\u0131 strategiya, y\u0259ni banklar\u0131n v\u0259\/v\u0259 ya \u00f6z\u0259l s\u0131\u011forta \u015firk\u0259tl\u0259rinin vasit\u0259\u00e7iliyi il\u0259 f\u0259aliyy\u0259t;<\/p>\n","protected":false},"excerpt":{"rendered":"SACE-nin veb sayt\u0131 \u0130xracat s\u0131\u011fortas\u0131 &nbsp; SACE s\u0259hmdar c\u0259miyy\u0259ti Xarici ticar\u0259t s\u0131\u011fortas\u0131 xidm\u0259tl\u0259ri \u2022 \u0130qtisadiyyat v\u0259 Maliyy\u0259 Nazirliyi t\u0259r\u0259find\u0259n imzalanm\u0131\u015f nizamnam\u0259 kapital\u0131 il\u0259 ixrac kredit s\u0131\u011fortas\u0131 \u015firk\u0259ti; \u2022 \u0130talyan \u015firk\u0259tl\u0259rinin beyn\u0259lxalq \u0259m\u0259liyyatlarda m\u0259ruz qald\u0131qlar\u0131 siyasi, iqtisadi v\u0259 ticari riskl\u0259rinin s\u0131\u011forta v\u0259 t\u0259krar s\u0131\u011fortas\u0131n\u0131 \u00f6z \u00fcz\u0259rin\u0259 g\u00f6t\u00fcr\u00fcr. \u2022 SACE \u0130taliyan\u0131n ki\u00e7ik v\u0259 orta m\u00fc\u0259ssis\u0259l\u0259rinin ixracat\u0131n\u0131 d\u0259st\u0259kl\u0259m\u0259k [&hellip;]","protected":false},"author":5,"featured_media":0,"parent":0,"menu_order":0,"comment_status":"closed","ping_status":"closed","template":"","meta":{"footnotes":""},"class_list":["post-587","page","type-page","status-publish","hentry"],"_links":{"self":[{"href":"https:\/\/ambbaku.esteri.it\/az\/wp-json\/wp\/v2\/pages\/587","targetHints":{"allow":["GET"]}}],"collection":[{"href":"https:\/\/ambbaku.esteri.it\/az\/wp-json\/wp\/v2\/pages"}],"about":[{"href":"https:\/\/ambbaku.esteri.it\/az\/wp-json\/wp\/v2\/types\/page"}],"author":[{"embeddable":true,"href":"https:\/\/ambbaku.esteri.it\/az\/wp-json\/wp\/v2\/users\/5"}],"replies":[{"embeddable":true,"href":"https:\/\/ambbaku.esteri.it\/az\/wp-json\/wp\/v2\/comments?post=587"}],"version-history":[{"count":2,"href":"https:\/\/ambbaku.esteri.it\/az\/wp-json\/wp\/v2\/pages\/587\/revisions"}],"predecessor-version":[{"id":589,"href":"https:\/\/ambbaku.esteri.it\/az\/wp-json\/wp\/v2\/pages\/587\/revisions\/589"}],"wp:attachment":[{"href":"https:\/\/ambbaku.esteri.it\/az\/wp-json\/wp\/v2\/media?parent=587"}],"curies":[{"name":"wp","href":"https:\/\/api.w.org\/{rel}","templated":true}]}}