{"id":595,"date":"2023-09-01T12:12:13","date_gmt":"2023-09-01T08:12:13","guid":{"rendered":"https:\/\/ambbaku.esteri.it\/?page_id=595"},"modified":"2023-09-27T12:31:02","modified_gmt":"2023-09-27T08:31:02","slug":"tenderl%c9%99r-on-m%c9%99lumatlandirma","status":"publish","type":"page","link":"https:\/\/ambbaku.esteri.it\/az\/sirk%c9%99tl%c9%99r-ucun-xidm%c9%99tl%c9%99r\/tenderl%c9%99r-on-m%c9%99lumatlandirma\/","title":{"rendered":"Tenderl\u0259r \u2013 \u00d6n m\u0259lumatland\u0131rma"},"content":{"rendered":"<div>\n<p><strong><a href=\"http:\/\/195.110.134.84\/extender\/Index.htm\">ExTender<\/a><\/strong><\/p>\n<p><strong>EXTENDER<\/strong><br \/>\n<strong>M\u00fcsabiq\u0259l\u0259r v\u0259 b\u00f6y\u00fck layih\u0259l\u0259rin proqnozla\u015fd\u0131r\u0131lmas\u0131 \u00fc\u00e7\u00fcn m\u0259lumat sistemi<\/strong><\/p>\n<p>Xarici \u0130\u015fl\u0259r Nazirliyi, \u0130talyan Ticar\u0259t palatalar birliyi v\u0259 Xaricd\u0259ki \u0130talyan Ticar\u0259t palatalar birliyi aras\u0131ndak\u0131 raz\u0131la\u015fma \u00e7\u0259r\u00e7iv\u0259sind\u0259 italyan \u015firk\u0259tl\u0259rinin xeyrin\u0259, xaricd\u0259 italyan qurumlar\u0131 t\u0259r\u0259find\u0259n g\u00f6st\u0259ril\u0259n iqtisadi m\u0259lumatlar\u0131n v\u0259 i\u015f imkanlar\u0131n\u0131n m\u0259qs\u0259dy\u00f6nl\u00fc yay\u0131lmas\u0131 \u00fc\u00e7\u00fcn t\u0259qdim olunan \u00f6d\u0259ni\u015fsiz m\u0259lumat sistemi;<\/p>\n<p>\u2022\u202fsaytda \u00f6d\u0259ni\u015fsiz qeydiyyatdan ke\u00e7m\u0259kl\u0259, istifad\u0259\u00e7i d\u0259rhal elektron po\u00e7tla qeydiyyat zaman\u0131 g\u00f6st\u0259ril\u0259n bazarlara v\u0259 maraq do\u011furan sah\u0259l\u0259r\u0259 aid f\u0259rdi m\u0259lumatlar al\u0131r;<\/p>\n<p>\u2022 sistemin \u00fczvl\u0259r\u0259 t\u0259qdim etdiyi m\u0259lumat n\u00f6vl\u0259ri bunlard\u0131r:<\/p>\n<p>&#8211; beyn\u0259lxalq podrat\u00e7\u0131 tenderl\u0259ri;<br \/>\n&#8211; \u00f6n m\u0259lumatland\u0131rma: proqnozla\u015fd\u0131r\u0131lan tenderl\u0259r v\u0259 b\u00f6y\u00fck layih\u0259l\u0259r;<\/p>\n<\/div>\n","protected":false},"excerpt":{"rendered":"ExTender EXTENDER M\u00fcsabiq\u0259l\u0259r v\u0259 b\u00f6y\u00fck layih\u0259l\u0259rin proqnozla\u015fd\u0131r\u0131lmas\u0131 \u00fc\u00e7\u00fcn m\u0259lumat sistemi Xarici \u0130\u015fl\u0259r Nazirliyi, \u0130talyan Ticar\u0259t palatalar birliyi v\u0259 Xaricd\u0259ki \u0130talyan Ticar\u0259t palatalar birliyi aras\u0131ndak\u0131 raz\u0131la\u015fma \u00e7\u0259r\u00e7iv\u0259sind\u0259 italyan \u015firk\u0259tl\u0259rinin xeyrin\u0259, xaricd\u0259 italyan qurumlar\u0131 t\u0259r\u0259find\u0259n g\u00f6st\u0259ril\u0259n iqtisadi m\u0259lumatlar\u0131n v\u0259 i\u015f imkanlar\u0131n\u0131n m\u0259qs\u0259dy\u00f6nl\u00fc yay\u0131lmas\u0131 \u00fc\u00e7\u00fcn t\u0259qdim olunan \u00f6d\u0259ni\u015fsiz m\u0259lumat sistemi; \u2022\u202fsaytda \u00f6d\u0259ni\u015fsiz qeydiyyatdan ke\u00e7m\u0259kl\u0259, istifad\u0259\u00e7i d\u0259rhal elektron po\u00e7tla [&hellip;]","protected":false},"author":5,"featured_media":0,"parent":587,"menu_order":0,"comment_status":"closed","ping_status":"closed","template":"","meta":{"footnotes":""},"class_list":["post-595","page","type-page","status-publish","hentry"],"_links":{"self":[{"href":"https:\/\/ambbaku.esteri.it\/az\/wp-json\/wp\/v2\/pages\/595","targetHints":{"allow":["GET"]}}],"collection":[{"href":"https:\/\/ambbaku.esteri.it\/az\/wp-json\/wp\/v2\/pages"}],"about":[{"href":"https:\/\/ambbaku.esteri.it\/az\/wp-json\/wp\/v2\/types\/page"}],"author":[{"embeddable":true,"href":"https:\/\/ambbaku.esteri.it\/az\/wp-json\/wp\/v2\/users\/5"}],"replies":[{"embeddable":true,"href":"https:\/\/ambbaku.esteri.it\/az\/wp-json\/wp\/v2\/comments?post=595"}],"version-history":[{"count":2,"href":"https:\/\/ambbaku.esteri.it\/az\/wp-json\/wp\/v2\/pages\/595\/revisions"}],"predecessor-version":[{"id":597,"href":"https:\/\/ambbaku.esteri.it\/az\/wp-json\/wp\/v2\/pages\/595\/revisions\/597"}],"up":[{"embeddable":true,"href":"https:\/\/ambbaku.esteri.it\/az\/wp-json\/wp\/v2\/pages\/587"}],"wp:attachment":[{"href":"https:\/\/ambbaku.esteri.it\/az\/wp-json\/wp\/v2\/media?parent=595"}],"curies":[{"name":"wp","href":"https:\/\/api.w.org\/{rel}","templated":true}]}}