{"id":605,"date":"2023-09-01T12:15:36","date_gmt":"2023-09-01T08:15:36","guid":{"rendered":"https:\/\/ambbaku.esteri.it\/?page_id=605"},"modified":"2023-09-27T12:45:58","modified_gmt":"2023-09-27T08:45:58","slug":"xaricd%c9%99ki-italyan-sirk%c9%99tl%c9%99ri-t%c9%99r%c9%99find%c9%99n-h%c9%99yata-keciril%c9%99n-isl%c9%99rin-sertifikatlasdirilmasi","status":"publish","type":"page","link":"https:\/\/ambbaku.esteri.it\/az\/sirk%c9%99tl%c9%99r-ucun-xidm%c9%99tl%c9%99r\/xaricd%c9%99ki-italyan-sirk%c9%99tl%c9%99ri-t%c9%99r%c9%99find%c9%99n-h%c9%99yata-keciril%c9%99n-isl%c9%99rin-sertifikatlasdirilmasi\/","title":{"rendered":"Xaricd\u0259ki italyan \u015firk\u0259tl\u0259ri t\u0259r\u0259find\u0259n h\u0259yata ke\u00e7iril\u0259n i\u015fl\u0259rin sertifikatla\u015fd\u0131r\u0131lmas\u0131"},"content":{"rendered":"<p><strong>Xaricd\u0259ki italyan \u015firk\u0259tl\u0259ri (CEL) t\u0259r\u0259find\u0259n h\u0259yata ke\u00e7iril\u0259n i\u015fl\u0259rin sertifikatla\u015fd\u0131r\u0131lmas\u0131 \u00fczr\u0259 madd\u0259 84 DPR 207\/2010.<\/strong><\/p>\n<p>Xaricd\u0259ki italyan \u015firk\u0259tl\u0259ri t\u0259r\u0259find\u0259n h\u0259yata ke\u00e7iril\u0259n i\u015fl\u0259rin sertifikatla\u015fd\u0131r\u0131lmas\u0131 \u00fc\u00e7\u00fcn, s\u0259firlikd\u0259 texniki hey\u0259t siyah\u0131s\u0131n\u0131n yarad\u0131lmas\u0131 bar\u0259d\u0259 m\u0259lumat verilir. Qeyd etm\u0259k laz\u0131md\u0131r ki, bu s\u0259firliyin texniki hey\u0259tinin siyah\u0131s\u0131nda qeydiyyatdan ke\u00e7m\u0259k \u00fc\u00e7\u00fcn a\u015fa\u011f\u0131dak\u0131 s\u0259n\u0259dl\u0259ri g\u00f6nd\u0259rm\u0259k laz\u0131md\u0131r:<\/p>\n<p>a) m\u00fcvafiq pe\u015f\u0259 sahibl\u0259ri birliyind\u0259 (m\u00fch\u0259ndisl\u0259r v\u0259 ya memarlar) qeydiyyat\u0131 t\u0259sdiq ed\u0259n s\u0259n\u0259dl\u0259r;<\/p>\n<p>b) \u0130taliya qanunvericiliyi v\u0259 x\u00fcsus\u0259n d\u0259, M\u00fcqavil\u0259l\u0259r m\u0259c\u0259ll\u0259sin\u0259 (Qanunvericilik F\u0259rman\u0131, 12 Aprel 2006, n. 163) uy\u011fun olan \u00f6z\u00fcn\u00fc sertifikatla\u015fd\u0131rma b\u0259yannam\u0259si v\u0259 m\u00fcvafiq icra qaydalar\u0131 (Respublika Prezidentinin 5 Oktyabr 2010-cu il 207 sayl\u0131 f\u0259rman\u0131);<\/p>\n<p>c) a\u015fa\u011f\u0131dak\u0131 blank\u0131n doldurulmas\u0131 .<\/p>\n<p>Prezidentin 5 oktyabr 2010-cu il tarixli S\u0259r\u0259ncam\u0131n\u0131n 84-c\u00fc madd\u0259sinin icras\u0131na \u0259sas\u0259n<\/p>\n<p>Texniki hey\u0259tin t\u0259sdiqi \u00fc\u00e7\u00fcn blank:<\/p>\n<p>&nbsp;<\/p>\n<p>Ad\u0131:<\/p>\n<p>Soyad\u0131:<\/p>\n<p>Do\u011fum yeri:<\/p>\n<p>Vergi kodu:<\/p>\n<p>Qeydiyyat \u00fcnvan\u0131:<\/p>\n<p>M\u0259nsub oldu\u011fu pe\u015f\u0259 sahibl\u0259ri birliyi orqan\u0131:<\/p>\n<p>Pe\u015f\u0259 sahibl\u0259ri birliyinin \u00fcnvan\u0131:<\/p>\n<p>Pe\u015f\u0259 sahibl\u0259ri birliyind\u0259 qeydiyyata al\u0131nd\u0131\u011f\u0131 tarix:<\/p>\n<p>Qeydiyyat n\u00f6mr\u0259si:<\/p>\n<p>Tam \u00fcnvan:<\/p>\n<p>Telefonlar:<\/p>\n<p>Fax:<\/p>\n<p>Email \u00fcnvan\u0131:<\/p>\n<p>T\u0259sdiql\u0259nmi\u015f email \u00fcnvan\u0131:<\/p>\n<p>&nbsp;<\/p>\n<p>Ad\u0131\u00e7\u0259kil\u0259n blank\u0131 buradan y\u00fckl\u0259m\u0259k m\u00fcmk\u00fcnd\u00fcr.<\/p>\n","protected":false},"excerpt":{"rendered":"Xaricd\u0259ki italyan \u015firk\u0259tl\u0259ri (CEL) t\u0259r\u0259find\u0259n h\u0259yata ke\u00e7iril\u0259n i\u015fl\u0259rin sertifikatla\u015fd\u0131r\u0131lmas\u0131 \u00fczr\u0259 madd\u0259 84 DPR 207\/2010. Xaricd\u0259ki italyan \u015firk\u0259tl\u0259ri t\u0259r\u0259find\u0259n h\u0259yata ke\u00e7iril\u0259n i\u015fl\u0259rin sertifikatla\u015fd\u0131r\u0131lmas\u0131 \u00fc\u00e7\u00fcn, s\u0259firlikd\u0259 texniki hey\u0259t siyah\u0131s\u0131n\u0131n yarad\u0131lmas\u0131 bar\u0259d\u0259 m\u0259lumat verilir. Qeyd etm\u0259k laz\u0131md\u0131r ki, bu s\u0259firliyin texniki hey\u0259tinin siyah\u0131s\u0131nda qeydiyyatdan ke\u00e7m\u0259k \u00fc\u00e7\u00fcn a\u015fa\u011f\u0131dak\u0131 s\u0259n\u0259dl\u0259ri g\u00f6nd\u0259rm\u0259k laz\u0131md\u0131r: a) m\u00fcvafiq pe\u015f\u0259 sahibl\u0259ri birliyind\u0259 (m\u00fch\u0259ndisl\u0259r v\u0259 ya [&hellip;]","protected":false},"author":5,"featured_media":0,"parent":587,"menu_order":0,"comment_status":"closed","ping_status":"closed","template":"","meta":{"footnotes":""},"class_list":["post-605","page","type-page","status-publish","hentry"],"_links":{"self":[{"href":"https:\/\/ambbaku.esteri.it\/az\/wp-json\/wp\/v2\/pages\/605","targetHints":{"allow":["GET"]}}],"collection":[{"href":"https:\/\/ambbaku.esteri.it\/az\/wp-json\/wp\/v2\/pages"}],"about":[{"href":"https:\/\/ambbaku.esteri.it\/az\/wp-json\/wp\/v2\/types\/page"}],"author":[{"embeddable":true,"href":"https:\/\/ambbaku.esteri.it\/az\/wp-json\/wp\/v2\/users\/5"}],"replies":[{"embeddable":true,"href":"https:\/\/ambbaku.esteri.it\/az\/wp-json\/wp\/v2\/comments?post=605"}],"version-history":[{"count":2,"href":"https:\/\/ambbaku.esteri.it\/az\/wp-json\/wp\/v2\/pages\/605\/revisions"}],"predecessor-version":[{"id":607,"href":"https:\/\/ambbaku.esteri.it\/az\/wp-json\/wp\/v2\/pages\/605\/revisions\/607"}],"up":[{"embeddable":true,"href":"https:\/\/ambbaku.esteri.it\/az\/wp-json\/wp\/v2\/pages\/587"}],"wp:attachment":[{"href":"https:\/\/ambbaku.esteri.it\/az\/wp-json\/wp\/v2\/media?parent=605"}],"curies":[{"name":"wp","href":"https:\/\/api.w.org\/{rel}","templated":true}]}}