{"id":618,"date":"2023-06-29T12:45:11","date_gmt":"2023-06-29T08:45:11","guid":{"rendered":"https:\/\/ambbaku.esteri.it\/?page_id=618"},"modified":"2025-12-08T11:33:34","modified_gmt":"2025-12-08T07:33:34","slug":"lazimli-linkler","status":"publish","type":"page","link":"https:\/\/ambbaku.esteri.it\/az\/italia-e-azerbaigian\/diplomazia-economica\/fare-affari-in-italia\/lazimli-linkler\/","title":{"rendered":"LAZIMLI L\u0130NKL\u018fR"},"content":{"rendered":"<div>\n<p><a href=\"https:\/\/calendariofiereinternazionali.it\/en\/\">BEYN\u018fLXALQ YARMARKALAR T\u018fQV\u0130M\u0130<\/a>\u00a0sayt\u0131nda \u0130taliyada ke\u00e7iril\u0259c\u0259k beyn\u0259lxalq yarmarkalar\u0131n t\u0259qvimini region v\u0259 m\u0259hsul sektoru \u00fczr\u0259 m\u0259sl\u0259h\u0259tl\u0259\u015fm\u0259k v\u0259 y\u00fckl\u0259m\u0259k m\u00fcmk\u00fcnd\u00fcr.<\/p>\n<p>&nbsp;<\/p>\n<p>&nbsp;<\/p>\n<p>&nbsp;<\/p>\n<p><strong>\u00a0<\/strong><\/p>\n<\/div>\n<hr \/>\n","protected":false},"excerpt":{"rendered":"BEYN\u018fLXALQ YARMARKALAR T\u018fQV\u0130M\u0130\u00a0sayt\u0131nda \u0130taliyada ke\u00e7iril\u0259c\u0259k beyn\u0259lxalq yarmarkalar\u0131n t\u0259qvimini region v\u0259 m\u0259hsul sektoru \u00fczr\u0259 m\u0259sl\u0259h\u0259tl\u0259\u015fm\u0259k v\u0259 y\u00fckl\u0259m\u0259k m\u00fcmk\u00fcnd\u00fcr. &nbsp; &nbsp; &nbsp; \u00a0","protected":false},"author":5,"featured_media":0,"parent":175,"menu_order":0,"comment_status":"closed","ping_status":"closed","template":"","meta":{"footnotes":""},"class_list":["post-618","page","type-page","status-publish","hentry"],"_links":{"self":[{"href":"https:\/\/ambbaku.esteri.it\/az\/wp-json\/wp\/v2\/pages\/618","targetHints":{"allow":["GET"]}}],"collection":[{"href":"https:\/\/ambbaku.esteri.it\/az\/wp-json\/wp\/v2\/pages"}],"about":[{"href":"https:\/\/ambbaku.esteri.it\/az\/wp-json\/wp\/v2\/types\/page"}],"author":[{"embeddable":true,"href":"https:\/\/ambbaku.esteri.it\/az\/wp-json\/wp\/v2\/users\/5"}],"replies":[{"embeddable":true,"href":"https:\/\/ambbaku.esteri.it\/az\/wp-json\/wp\/v2\/comments?post=618"}],"version-history":[{"count":5,"href":"https:\/\/ambbaku.esteri.it\/az\/wp-json\/wp\/v2\/pages\/618\/revisions"}],"predecessor-version":[{"id":4985,"href":"https:\/\/ambbaku.esteri.it\/az\/wp-json\/wp\/v2\/pages\/618\/revisions\/4985"}],"up":[{"embeddable":true,"href":"https:\/\/ambbaku.esteri.it\/az\/wp-json\/wp\/v2\/pages\/175"}],"wp:attachment":[{"href":"https:\/\/ambbaku.esteri.it\/az\/wp-json\/wp\/v2\/media?parent=618"}],"curies":[{"name":"wp","href":"https:\/\/api.w.org\/{rel}","templated":true}]}}