{"id":627,"date":"2023-06-29T12:52:49","date_gmt":"2023-06-29T08:52:49","guid":{"rendered":"https:\/\/ambbaku.esteri.it\/?page_id=627"},"modified":"2023-09-27T12:58:37","modified_gmt":"2023-09-27T08:58:37","slug":"unioncamere","status":"publish","type":"page","link":"https:\/\/ambbaku.esteri.it\/az\/italia-e-azerbaigian\/diplomazia-economica\/fare-affari-in-italia\/lazimli-linkler\/unioncamere\/","title":{"rendered":"Unioncamere"},"content":{"rendered":"<div>\n<p><a href=\"http:\/\/www.unioncamere.it\/\"><strong>Unioncamere-nin veb sayt\u0131<\/strong><\/a><\/p>\n<p><strong>UNIONCAMERE<\/strong><\/p>\n<p>\u0130talyan ticar\u0259t, s\u0259naye v\u0259 s\u0259n\u0259tkarl\u0131q palatalar\u0131 birliyi &#8211;<\/p>\n<p>Birlik h\u0259m yerli, h\u0259m d\u0259 milli v\u0259 beyn\u0259lxalq s\u0259viyy\u0259d\u0259 istehsal sektorlar\u0131 \u00fc\u00e7\u00fcn istinad n\u00f6qt\u0259si olan Ticar\u0259t Palatalar\u0131n\u0131n \u00fcmumi maraqlar\u0131n\u0131 qoruyur v\u0259 onlar\u0131 t\u0259msil edir. Bundan ba\u015fqa:<\/p>\n<p>\u2022 birba\u015fa v\u0259 ya x\u00fcsusi \u015firk\u0259tl\u0259ri vasit\u0259si il\u0259 Ticar\u0259t Palatalar\u0131n\u0131n v\u0259 iqtisadi kateqoriyalar \u00fc\u00e7\u00fcn maraql\u0131 olan xidm\u0259tl\u0259ri v\u0259 f\u0259aliyy\u0259tl\u0259ri t\u0259bli\u011f edir, h\u0259yata ke\u00e7irir v\u0259 idar\u0259 edir;<\/p>\n<p>\u2022 CCIE \u015f\u0259b\u0259k\u0259si il\u0259 \u0259m\u0259kda\u015fl\u0131\u011f\u0131 inki\u015faf etdirm\u0259k v\u0259 m\u00f6hk\u0259ml\u0259ndirm\u0259k m\u0259qs\u0259di da\u015f\u0131y\u0131r;<\/p>\n<p>\u2022 \u0130taliyan\u0131 d\u00fcnyada tan\u0131tmaq m\u0259qs\u0259di il\u0259 beyn\u0259lxalq m\u00fcqavil\u0259l\u0259ri d\u0259st\u0259kl\u0259y\u0259r\u0259k, qabaqc\u0131l texnologiyalarla Avropa Birliyi proqramlar\u0131 v\u0259 t\u0259\u015f\u0259bb\u00fcsl\u0259rin\u0259 \u00e7\u0131x\u0131\u015f\u0131 s\u00fcr\u0259tl\u0259ndirir.<\/p>\n<\/div>\n","protected":false},"excerpt":{"rendered":"Unioncamere-nin veb sayt\u0131 UNIONCAMERE \u0130talyan ticar\u0259t, s\u0259naye v\u0259 s\u0259n\u0259tkarl\u0131q palatalar\u0131 birliyi &#8211; Birlik h\u0259m yerli, h\u0259m d\u0259 milli v\u0259 beyn\u0259lxalq s\u0259viyy\u0259d\u0259 istehsal sektorlar\u0131 \u00fc\u00e7\u00fcn istinad n\u00f6qt\u0259si olan Ticar\u0259t Palatalar\u0131n\u0131n \u00fcmumi maraqlar\u0131n\u0131 qoruyur v\u0259 onlar\u0131 t\u0259msil edir. Bundan ba\u015fqa: \u2022 birba\u015fa v\u0259 ya x\u00fcsusi \u015firk\u0259tl\u0259ri vasit\u0259si il\u0259 Ticar\u0259t Palatalar\u0131n\u0131n v\u0259 iqtisadi kateqoriyalar \u00fc\u00e7\u00fcn maraql\u0131 olan xidm\u0259tl\u0259ri [&hellip;]","protected":false},"author":5,"featured_media":0,"parent":618,"menu_order":0,"comment_status":"closed","ping_status":"closed","template":"","meta":{"footnotes":""},"class_list":["post-627","page","type-page","status-publish","hentry"],"_links":{"self":[{"href":"https:\/\/ambbaku.esteri.it\/az\/wp-json\/wp\/v2\/pages\/627","targetHints":{"allow":["GET"]}}],"collection":[{"href":"https:\/\/ambbaku.esteri.it\/az\/wp-json\/wp\/v2\/pages"}],"about":[{"href":"https:\/\/ambbaku.esteri.it\/az\/wp-json\/wp\/v2\/types\/page"}],"author":[{"embeddable":true,"href":"https:\/\/ambbaku.esteri.it\/az\/wp-json\/wp\/v2\/users\/5"}],"replies":[{"embeddable":true,"href":"https:\/\/ambbaku.esteri.it\/az\/wp-json\/wp\/v2\/comments?post=627"}],"version-history":[{"count":2,"href":"https:\/\/ambbaku.esteri.it\/az\/wp-json\/wp\/v2\/pages\/627\/revisions"}],"predecessor-version":[{"id":629,"href":"https:\/\/ambbaku.esteri.it\/az\/wp-json\/wp\/v2\/pages\/627\/revisions\/629"}],"up":[{"embeddable":true,"href":"https:\/\/ambbaku.esteri.it\/az\/wp-json\/wp\/v2\/pages\/618"}],"wp:attachment":[{"href":"https:\/\/ambbaku.esteri.it\/az\/wp-json\/wp\/v2\/media?parent=627"}],"curies":[{"name":"wp","href":"https:\/\/api.w.org\/{rel}","templated":true}]}}