{"id":630,"date":"2023-06-29T12:53:27","date_gmt":"2023-06-29T08:53:27","guid":{"rendered":"https:\/\/ambbaku.esteri.it\/?page_id=630"},"modified":"2023-09-27T12:59:35","modified_gmt":"2023-09-27T08:59:35","slug":"ice","status":"publish","type":"page","link":"https:\/\/ambbaku.esteri.it\/az\/italia-e-azerbaigian\/diplomazia-economica\/fare-affari-in-italia\/lazimli-linkler\/ice\/","title":{"rendered":"ICE"},"content":{"rendered":"<div>\n<p><a href=\"https:\/\/www.ice.it\/en\/markets\/azerbaijan\/baku\"><strong>ICE veb sayt\u0131<\/strong><\/a><\/p>\n<p><strong>ICE<\/strong><\/p>\n<p style=\"text-align: justify;\">\u0130taliya ticar\u0259t agentliyi olan ICE, ki\u00e7ik v\u0259 orta m\u00fc\u0259ssis\u0259l\u0259rin, onlar\u0131n konsorsiumlar\u0131 v\u0259 birlikl\u0259rinin ehtiyaclar\u0131na x\u00fcsusi diqq\u0259t yetir\u0259r\u0259k, xarici \u00f6lk\u0259l\u0259rl\u0259 \u0130taliyan\u0131n iqtisadi v\u0259 ticar\u0259t \u0259laq\u0259l\u0259rini inki\u015faf etdirm\u0259k, s\u00fcr\u0259tl\u0259ndirm\u0259k v\u0259 t\u0259\u015fviq etm\u0259k v\u0259zif\u0259sin\u0259 sahib olan d\u00f6vl\u0259t orqan\u0131d\u0131r.<\/p>\n<p style=\"text-align: justify;\">ICE \u015f\u0259b\u0259k\u0259si d\u00fcnyan\u0131n 80 \u00f6lk\u0259sind\u0259 81 ofis v\u0259 lakin strateji maraq k\u0259sb ed\u0259n nisb\u0259t\u0259n uzaq \u0259razil\u0259rd\u0259 is\u0259, 23 b\u00fcro il\u0259 t\u0259msil olunur.<\/p>\n<p style=\"text-align: justify;\">Xaricd\u0259ki ICE n\u00fcmay\u0259nd\u0259likl\u0259rinin f\u0259aliyy\u0259ti, yard\u0131m\/m\u0259sl\u0259h\u0259t xidm\u0259tl\u0259ri g\u00f6st\u0259rm\u0259y\u0259, ayr\u0131-ayr\u0131 \u015firk\u0259tl\u0259rin v\u0259 Sistema Italia-n\u0131n lehin\u0259 t\u0259\u015fviqat t\u0259dbirl\u0259rinin inki\u015faf etdirilm\u0259sin\u0259, \u00f6lk\u0259, ticar\u0259t imkanlar\u0131, beyn\u0259lxalq tenderl\u0259r, \u0130taliyaya v\u0259 \u00f6lk\u0259 xaricin\u0259 s\u0259rmay\u0259l\u0259r bar\u0259d\u0259 m\u0259lumat haz\u0131rlama\u011fa y\u00f6n\u0259ldilmi\u015fdir.<\/p>\n<\/div>\n","protected":false},"excerpt":{"rendered":"ICE veb sayt\u0131 ICE \u0130taliya ticar\u0259t agentliyi olan ICE, ki\u00e7ik v\u0259 orta m\u00fc\u0259ssis\u0259l\u0259rin, onlar\u0131n konsorsiumlar\u0131 v\u0259 birlikl\u0259rinin ehtiyaclar\u0131na x\u00fcsusi diqq\u0259t yetir\u0259r\u0259k, xarici \u00f6lk\u0259l\u0259rl\u0259 \u0130taliyan\u0131n iqtisadi v\u0259 ticar\u0259t \u0259laq\u0259l\u0259rini inki\u015faf etdirm\u0259k, s\u00fcr\u0259tl\u0259ndirm\u0259k v\u0259 t\u0259\u015fviq etm\u0259k v\u0259zif\u0259sin\u0259 sahib olan d\u00f6vl\u0259t orqan\u0131d\u0131r. ICE \u015f\u0259b\u0259k\u0259si d\u00fcnyan\u0131n 80 \u00f6lk\u0259sind\u0259 81 ofis v\u0259 lakin strateji maraq k\u0259sb ed\u0259n nisb\u0259t\u0259n uzaq \u0259razil\u0259rd\u0259 [&hellip;]","protected":false},"author":5,"featured_media":0,"parent":618,"menu_order":0,"comment_status":"closed","ping_status":"closed","template":"","meta":{"footnotes":""},"class_list":["post-630","page","type-page","status-publish","hentry"],"_links":{"self":[{"href":"https:\/\/ambbaku.esteri.it\/az\/wp-json\/wp\/v2\/pages\/630","targetHints":{"allow":["GET"]}}],"collection":[{"href":"https:\/\/ambbaku.esteri.it\/az\/wp-json\/wp\/v2\/pages"}],"about":[{"href":"https:\/\/ambbaku.esteri.it\/az\/wp-json\/wp\/v2\/types\/page"}],"author":[{"embeddable":true,"href":"https:\/\/ambbaku.esteri.it\/az\/wp-json\/wp\/v2\/users\/5"}],"replies":[{"embeddable":true,"href":"https:\/\/ambbaku.esteri.it\/az\/wp-json\/wp\/v2\/comments?post=630"}],"version-history":[{"count":2,"href":"https:\/\/ambbaku.esteri.it\/az\/wp-json\/wp\/v2\/pages\/630\/revisions"}],"predecessor-version":[{"id":632,"href":"https:\/\/ambbaku.esteri.it\/az\/wp-json\/wp\/v2\/pages\/630\/revisions\/632"}],"up":[{"embeddable":true,"href":"https:\/\/ambbaku.esteri.it\/az\/wp-json\/wp\/v2\/pages\/618"}],"wp:attachment":[{"href":"https:\/\/ambbaku.esteri.it\/az\/wp-json\/wp\/v2\/media?parent=630"}],"curies":[{"name":"wp","href":"https:\/\/api.w.org\/{rel}","templated":true}]}}