{"id":633,"date":"2023-06-29T12:54:13","date_gmt":"2023-06-29T08:54:13","guid":{"rendered":"https:\/\/ambbaku.esteri.it\/?page_id=633"},"modified":"2023-09-27T13:00:41","modified_gmt":"2023-09-27T09:00:41","slug":"assocamere-estero","status":"publish","type":"page","link":"https:\/\/ambbaku.esteri.it\/az\/italia-e-azerbaigian\/diplomazia-economica\/fare-affari-in-italia\/lazimli-linkler\/assocamere-estero\/","title":{"rendered":"ASSOCAMERE ESTERO"},"content":{"rendered":"<hr \/>\n<div class=\"sr-only\"><\/div>\n<div class=\"sr-only\"><\/div>\n<div>\n<p><a href=\"http:\/\/www.assocamerestero.it\/\"><strong>Assocamere estero veb sayt\u0131<\/strong><\/a><\/p>\n<p><strong>ASSOCAMERE ESTERO<\/strong><\/p>\n<p>&nbsp;<\/p>\n<p style=\"text-align: justify;\">Assocamere estero, d\u00fcnyadak\u0131 italyan Ticar\u0259t Palatalar\u0131n\u0131n birliyi olub, palatalar\u0131n f\u0259aliyy\u0259tini inki\u015faf etdirm\u0259k, d\u0259y\u0259rl\u0259ndirm\u0259k \u00fc\u00e7\u00fcn italyan m\u00fc\u0259ssis\u0259l\u0259ri, beyn\u0259lxalq v\u0259 i\u015fg\u00fczar t\u0259\u015fkilatlarda \u015f\u0259b\u0259k\u0259y\u0259 dair m\u0259lumatlar\u0131, x\u00fcsusiyy\u0259tl\u0259ri yaymaq m\u0259qs\u0259di il\u0259 yaranm\u0131\u015fd\u0131r.<\/p>\n<p>Assosiasiya:<\/p>\n<p>-Xaricd\u0259 italyan Ticar\u0259t Palatalar\u0131n\u0131n (CCIE) xidm\u0259tl\u0259rinin t\u0259l\u0259bat v\u0259 imkanlar\u0131n\u0131 t\u0259msil edir;<\/p>\n<p>&#8211; Xaricd\u0259 italyan Ticar\u0259t Palatalar\u0131n\u0131n (CCIE) \u015f\u0259b\u0259k\u0259sinin tan\u0131nmas\u0131 v\u0259 istifad\u0259sini t\u0259\u015fviq etm\u0259k \u00fc\u00e7\u00fcn \u015f\u0259xsl\u0259r, d\u00f6vl\u0259t v\u0259 \u00f6z\u0259l qurumlar\u0131 il\u0259 \u0259m\u0259kda\u015fl\u0131q v\u0259 strateji ittifaqlar ara\u015fd\u0131r\u0131r;<\/p>\n<p>&#8211; m\u00fcxt\u0259lif &#8220;m\u0259nb\u0259l\u0259r&#8221; d\u0259n \u0259ld\u0259 olunan t\u0259cr\u00fcb\u0259 v\u0259 yeni texnologiyalar\u0131 birl\u0259\u015fdirir;<\/p>\n<p>&#8211; proqram v\u0259 layih\u0259l\u0259ri \u015f\u0259b\u0259k\u0259 s\u0259viyy\u0259sind\u0259 t\u0259bli\u011f edir v\u0259 yay\u0131r;<\/p>\n<p>&#8211; yenil\u0259nmi\u015f informatika bilikl\u0259rini t\u0259bli\u011f edir v\u0259 yay\u0131r;<\/p>\n<p>&#8211; \u0130talyan medias\u0131, qurumlar\u0131, m\u00fc\u0259ssis\u0259l\u0259ri il\u0259 \u0259laq\u0259li f\u0259aliyy\u0259tl\u0259r h\u0259yata ke\u00e7irir;<\/p>\n<p>&#8211; menecer haz\u0131rl\u0131\u011f\u0131n\u0131 t\u0259\u015fviq v\u0259 t\u0259qdim edir;<\/p>\n<p>&#8211; yeni palatalar\u0131n xaricd\u0259ki t\u0259bli\u011fat\u00e7\u0131lar\u0131na d\u0259st\u0259k olur;<\/p>\n<p>&#8211; dig\u0259r ikili milliy\u0259tli Avropa ticar\u0259t palata sisteml\u0259ri il\u0259 \u0259laq\u0259l\u0259ndirm\u0259 f\u0259aliyy\u0259tini h\u0259yata ke\u00e7irir.<\/p>\n<\/div>\n","protected":false},"excerpt":{"rendered":"Assocamere estero veb sayt\u0131 ASSOCAMERE ESTERO &nbsp; Assocamere estero, d\u00fcnyadak\u0131 italyan Ticar\u0259t Palatalar\u0131n\u0131n birliyi olub, palatalar\u0131n f\u0259aliyy\u0259tini inki\u015faf etdirm\u0259k, d\u0259y\u0259rl\u0259ndirm\u0259k \u00fc\u00e7\u00fcn italyan m\u00fc\u0259ssis\u0259l\u0259ri, beyn\u0259lxalq v\u0259 i\u015fg\u00fczar t\u0259\u015fkilatlarda \u015f\u0259b\u0259k\u0259y\u0259 dair m\u0259lumatlar\u0131, x\u00fcsusiyy\u0259tl\u0259ri yaymaq m\u0259qs\u0259di il\u0259 yaranm\u0131\u015fd\u0131r. Assosiasiya: -Xaricd\u0259 italyan Ticar\u0259t Palatalar\u0131n\u0131n (CCIE) xidm\u0259tl\u0259rinin t\u0259l\u0259bat v\u0259 imkanlar\u0131n\u0131 t\u0259msil edir; &#8211; Xaricd\u0259 italyan Ticar\u0259t Palatalar\u0131n\u0131n (CCIE) \u015f\u0259b\u0259k\u0259sinin tan\u0131nmas\u0131 [&hellip;]","protected":false},"author":5,"featured_media":0,"parent":618,"menu_order":0,"comment_status":"closed","ping_status":"closed","template":"","meta":{"footnotes":""},"class_list":["post-633","page","type-page","status-publish","hentry"],"_links":{"self":[{"href":"https:\/\/ambbaku.esteri.it\/az\/wp-json\/wp\/v2\/pages\/633","targetHints":{"allow":["GET"]}}],"collection":[{"href":"https:\/\/ambbaku.esteri.it\/az\/wp-json\/wp\/v2\/pages"}],"about":[{"href":"https:\/\/ambbaku.esteri.it\/az\/wp-json\/wp\/v2\/types\/page"}],"author":[{"embeddable":true,"href":"https:\/\/ambbaku.esteri.it\/az\/wp-json\/wp\/v2\/users\/5"}],"replies":[{"embeddable":true,"href":"https:\/\/ambbaku.esteri.it\/az\/wp-json\/wp\/v2\/comments?post=633"}],"version-history":[{"count":2,"href":"https:\/\/ambbaku.esteri.it\/az\/wp-json\/wp\/v2\/pages\/633\/revisions"}],"predecessor-version":[{"id":635,"href":"https:\/\/ambbaku.esteri.it\/az\/wp-json\/wp\/v2\/pages\/633\/revisions\/635"}],"up":[{"embeddable":true,"href":"https:\/\/ambbaku.esteri.it\/az\/wp-json\/wp\/v2\/pages\/618"}],"wp:attachment":[{"href":"https:\/\/ambbaku.esteri.it\/az\/wp-json\/wp\/v2\/media?parent=633"}],"curies":[{"name":"wp","href":"https:\/\/api.w.org\/{rel}","templated":true}]}}