{"id":636,"date":"2023-06-29T12:54:58","date_gmt":"2023-06-29T08:54:58","guid":{"rendered":"https:\/\/ambbaku.esteri.it\/?page_id=636"},"modified":"2023-09-27T13:01:57","modified_gmt":"2023-09-27T09:01:57","slug":"confindustria","status":"publish","type":"page","link":"https:\/\/ambbaku.esteri.it\/az\/italia-e-azerbaigian\/diplomazia-economica\/fare-affari-in-italia\/lazimli-linkler\/confindustria\/","title":{"rendered":"CONFINDUSTRIA"},"content":{"rendered":"<div>\n<p><a href=\"http:\/\/www.confindustria.it\/\"><strong>Confindustria veb sayt\u0131<\/strong><\/a><\/p>\n<p><strong>CONFINDUSTRIA<\/strong><\/p>\n<p>&nbsp;<\/p>\n<p>\u0130taliyada istehsal v\u0259 xidm\u0259t sektorundak\u0131 \u015firk\u0259tl\u0259rin t\u0259msil\u00e7i t\u0259\u015fkilat\u0131<\/p>\n<p>1910-cu ild\u0259 qurulan Confindustria, \u0130taliyada istehsal v\u0259 xidm\u0259t sektorundak\u0131 \u015firk\u0259tl\u0259rinin \u0259sas t\u0259msil\u00e7i t\u0259\u015fkilatd\u0131r.<\/p>\n<p>K\u00f6n\u00fcll\u00fcl\u00fck \u0259sas\u0131nda, t\u0259xmin\u0259n 4.300.000 i\u015f\u00e7id\u0259n ibar\u0259t, m\u00fcxt\u0259lif miqyasl\u0131 115.000-d\u0259n \u00e7ox \u015firk\u0259ti birl\u0259\u015fdirir.<\/p>\n<p>Konfindustriya \u00f6z nizamnam\u0259sin\u0259 \u0259sas\u0259n, milli v\u0259 beyn\u0259lxalq siyasi qurumlarla, iqtisadi, sosial v\u0259 m\u0259d\u0259ni t\u0259\u015fkilatlarla birlikd\u0259 \u00f6lk\u0259nin iqtisadi inki\u015faf\u0131 v\u0259 sosial t\u0259r\u0259qqisin\u0259 t\u00f6hf\u0259 verm\u0259yi h\u0259d\u0259fl\u0259yir.<\/p>\n<\/div>\n","protected":false},"excerpt":{"rendered":"Confindustria veb sayt\u0131 CONFINDUSTRIA &nbsp; \u0130taliyada istehsal v\u0259 xidm\u0259t sektorundak\u0131 \u015firk\u0259tl\u0259rin t\u0259msil\u00e7i t\u0259\u015fkilat\u0131 1910-cu ild\u0259 qurulan Confindustria, \u0130taliyada istehsal v\u0259 xidm\u0259t sektorundak\u0131 \u015firk\u0259tl\u0259rinin \u0259sas t\u0259msil\u00e7i t\u0259\u015fkilatd\u0131r. K\u00f6n\u00fcll\u00fcl\u00fck \u0259sas\u0131nda, t\u0259xmin\u0259n 4.300.000 i\u015f\u00e7id\u0259n ibar\u0259t, m\u00fcxt\u0259lif miqyasl\u0131 115.000-d\u0259n \u00e7ox \u015firk\u0259ti birl\u0259\u015fdirir. Konfindustriya \u00f6z nizamnam\u0259sin\u0259 \u0259sas\u0259n, milli v\u0259 beyn\u0259lxalq siyasi qurumlarla, iqtisadi, sosial v\u0259 m\u0259d\u0259ni t\u0259\u015fkilatlarla birlikd\u0259 \u00f6lk\u0259nin iqtisadi [&hellip;]","protected":false},"author":5,"featured_media":0,"parent":618,"menu_order":0,"comment_status":"closed","ping_status":"closed","template":"","meta":{"footnotes":""},"class_list":["post-636","page","type-page","status-publish","hentry"],"_links":{"self":[{"href":"https:\/\/ambbaku.esteri.it\/az\/wp-json\/wp\/v2\/pages\/636","targetHints":{"allow":["GET"]}}],"collection":[{"href":"https:\/\/ambbaku.esteri.it\/az\/wp-json\/wp\/v2\/pages"}],"about":[{"href":"https:\/\/ambbaku.esteri.it\/az\/wp-json\/wp\/v2\/types\/page"}],"author":[{"embeddable":true,"href":"https:\/\/ambbaku.esteri.it\/az\/wp-json\/wp\/v2\/users\/5"}],"replies":[{"embeddable":true,"href":"https:\/\/ambbaku.esteri.it\/az\/wp-json\/wp\/v2\/comments?post=636"}],"version-history":[{"count":2,"href":"https:\/\/ambbaku.esteri.it\/az\/wp-json\/wp\/v2\/pages\/636\/revisions"}],"predecessor-version":[{"id":638,"href":"https:\/\/ambbaku.esteri.it\/az\/wp-json\/wp\/v2\/pages\/636\/revisions\/638"}],"up":[{"embeddable":true,"href":"https:\/\/ambbaku.esteri.it\/az\/wp-json\/wp\/v2\/pages\/618"}],"wp:attachment":[{"href":"https:\/\/ambbaku.esteri.it\/az\/wp-json\/wp\/v2\/media?parent=636"}],"curies":[{"name":"wp","href":"https:\/\/api.w.org\/{rel}","templated":true}]}}