{"id":639,"date":"2023-06-29T12:56:00","date_gmt":"2023-06-29T08:56:00","guid":{"rendered":"https:\/\/ambbaku.esteri.it\/?page_id=639"},"modified":"2023-09-27T13:02:45","modified_gmt":"2023-09-27T09:02:45","slug":"b%c9%99nz%c9%99r-t%c9%99skilatlar","status":"publish","type":"page","link":"https:\/\/ambbaku.esteri.it\/az\/italia-e-azerbaigian\/diplomazia-economica\/fare-affari-in-italia\/lazimli-linkler\/b%c9%99nz%c9%99r-t%c9%99skilatlar\/","title":{"rendered":"B\u0259nz\u0259r t\u0259\u015fkilatlar"},"content":{"rendered":"<p><a href=\"http:\/\/www.confapi.it\/\"><strong>CONFAPI veb sayt\u0131<\/strong><\/a><\/p>\n<p><a href=\"http:\/\/www.confapi.it\/\"><strong>Informest veb sayt\u0131<\/strong><\/a><\/p>\n<p><a href=\"http:\/\/www.formez.it\/\"><strong>Formez veb sayt\u0131<\/strong><\/a><\/p>\n<p><a href=\"http:\/\/www.sace.it\/\"><strong>Sace veb sayt\u0131<\/strong><\/a><\/p>\n<p><a href=\"http:\/\/www.simest.it\/\"><strong>SIMEST veb sayt\u0131<\/strong><\/a><\/p>\n<p>&nbsp;<\/p>\n<p><strong>B\u0259zi t\u0259msil\u00e7i t\u0259\u015fkilatlar<\/strong><\/p>\n<p>&nbsp;<\/p>\n<p><strong>CONFAPI<\/strong><\/p>\n<p><strong>Ki\u00e7ik v\u0259 orta italyan s\u0259naye Konfederasiyas\u0131<\/strong><\/p>\n<p>Confapi, ki\u00e7ik italyan m\u00fc\u0259ssis\u0259l\u0259ri il\u0259 b\u0259rab\u0259r b\u00f6y\u00fcm\u00fc\u015f v\u0259 bu g\u00fcn t\u0259xmin\u0259n bir milyon i\u015f\u00e7isi olan 50 mind\u0259n \u00e7ox \u015firk\u0259ti t\u0259msil ed\u0259n \u00f6z t\u0259sdiqini tapm\u0131\u015f bir ger\u00e7\u0259klikdir.<\/p>\n<p>Confapinin qurum olaraq m\u0259qs\u0259di, italyan ki\u00e7ik v\u0259 orta s\u0259nayesinin maraqlar\u0131n\u0131n m\u00fcdafi\u0259si v\u0259 inki\u015faf etdirilm\u0259sidir. T\u0259\u015f\u0259bb\u00fcsl\u0259r v\u0259 proqramlar, \u00f6lk\u0259nin iqtisadi v\u0259 sivil inki\u015faf\u0131n\u0131n t\u0259\u015fviqi m\u0259qs\u0259di il\u0259, milli v\u0259 Avropa t\u0259\u015fkilatlar\u0131 v\u0259 qurumlar\u0131 il\u0259 \u0259laq\u0259li olaraq h\u0259yata ke\u00e7irilir.<\/p>\n<p>Konfederasiya, sahibkarl\u0131\u011f\u0131n inki\u015faf\u0131na t\u00f6hv\u0259 ver\u0259n yerli iqtisadi siyas\u0259ti d\u0259st\u0259kl\u0259y\u0259r\u0259k, ki\u00e7ik v\u0259 orta s\u0259nayenin xeyrin\u0259 t\u0259msil\u00e7i v\u0259 t\u0259\u015f\u0259bb\u00fcskar rolunu yerin\u0259 yetirir.<\/p>\n<p>&nbsp;<\/p>\n<p><strong>FORMEZ<\/strong><br \/>\n<strong>T\u0259lim v\u0259 T\u0259dris M\u0259rk\u0259zi<\/strong><\/p>\n<p>&nbsp;<\/p>\n<p><strong>INFORMEST<\/strong><\/p>\n<p><strong>Beyn\u0259lxalq \u0130qtisadi \u018fm\u0259kda\u015fl\u0131q \u00fc\u00e7\u00fcn xidm\u0259t v\u0259 s\u0259n\u0259dl\u0259\u015fm\u0259 m\u0259rk\u0259zi<\/strong><\/p>\n<p>&nbsp;<\/p>\n<p><strong>SACE<\/strong><br \/>\n<strong>Xarici Ticar\u0259t S\u0131\u011fortas\u0131 xidm\u0259tl\u0259ri<\/strong><\/p>\n<p>&nbsp;<\/p>\n<p><strong>SIMEST<\/strong><\/p>\n<p><strong>\u0130talyan \u015firk\u0259tl\u0259rinin xaricd\u0259 inki\u015faf\u0131 v\u0259 t\u0259\u015fviqi \u00fc\u00e7\u00fcn maliyy\u0259 qurumu<\/strong><\/p>\n","protected":false},"excerpt":{"rendered":"CONFAPI veb sayt\u0131 Informest veb sayt\u0131 Formez veb sayt\u0131 Sace veb sayt\u0131 SIMEST veb sayt\u0131 &nbsp; B\u0259zi t\u0259msil\u00e7i t\u0259\u015fkilatlar &nbsp; CONFAPI Ki\u00e7ik v\u0259 orta italyan s\u0259naye Konfederasiyas\u0131 Confapi, ki\u00e7ik italyan m\u00fc\u0259ssis\u0259l\u0259ri il\u0259 b\u0259rab\u0259r b\u00f6y\u00fcm\u00fc\u015f v\u0259 bu g\u00fcn t\u0259xmin\u0259n bir milyon i\u015f\u00e7isi olan 50 mind\u0259n \u00e7ox \u015firk\u0259ti t\u0259msil ed\u0259n \u00f6z t\u0259sdiqini tapm\u0131\u015f bir ger\u00e7\u0259klikdir. Confapinin qurum [&hellip;]","protected":false},"author":5,"featured_media":0,"parent":618,"menu_order":0,"comment_status":"closed","ping_status":"closed","template":"","meta":{"footnotes":""},"class_list":["post-639","page","type-page","status-publish","hentry"],"_links":{"self":[{"href":"https:\/\/ambbaku.esteri.it\/az\/wp-json\/wp\/v2\/pages\/639","targetHints":{"allow":["GET"]}}],"collection":[{"href":"https:\/\/ambbaku.esteri.it\/az\/wp-json\/wp\/v2\/pages"}],"about":[{"href":"https:\/\/ambbaku.esteri.it\/az\/wp-json\/wp\/v2\/types\/page"}],"author":[{"embeddable":true,"href":"https:\/\/ambbaku.esteri.it\/az\/wp-json\/wp\/v2\/users\/5"}],"replies":[{"embeddable":true,"href":"https:\/\/ambbaku.esteri.it\/az\/wp-json\/wp\/v2\/comments?post=639"}],"version-history":[{"count":2,"href":"https:\/\/ambbaku.esteri.it\/az\/wp-json\/wp\/v2\/pages\/639\/revisions"}],"predecessor-version":[{"id":641,"href":"https:\/\/ambbaku.esteri.it\/az\/wp-json\/wp\/v2\/pages\/639\/revisions\/641"}],"up":[{"embeddable":true,"href":"https:\/\/ambbaku.esteri.it\/az\/wp-json\/wp\/v2\/pages\/618"}],"wp:attachment":[{"href":"https:\/\/ambbaku.esteri.it\/az\/wp-json\/wp\/v2\/media?parent=639"}],"curies":[{"name":"wp","href":"https:\/\/api.w.org\/{rel}","templated":true}]}}