{"id":646,"date":"2023-06-29T12:57:18","date_gmt":"2023-06-29T08:57:18","guid":{"rendered":"https:\/\/ambbaku.esteri.it\/?page_id=646"},"modified":"2023-09-27T13:16:44","modified_gmt":"2023-09-27T09:16:44","slug":"italiya-iqtisadiyyat-v%c9%99-maliyy%c9%99-nazirliyinin-bulleteni-the-narrow-path","status":"publish","type":"page","link":"https:\/\/ambbaku.esteri.it\/az\/italia-e-azerbaigian\/diplomazia-economica\/fare-affari-in-italia\/italiya-iqtisadiyyat-v%c9%99-maliyy%c9%99-nazirliyinin-bulleteni-the-narrow-path\/","title":{"rendered":"\u0130taliya \u0130qtisadiyyat v\u0259 Maliyy\u0259 Nazirliyinin B\u00fclleteni &#8211; &#8221; The Narrow Path&#8221;"},"content":{"rendered":"<div>\n<p>\u0130qtisadiyyat v\u0259 Maliyy\u0259 Nazirliyi, xarici investisiyalar\u0131n c\u0259lb edilm\u0259si m\u0259qs\u0259di il\u0259, xarici bazarlar\u0131n apar\u0131c\u0131 i\u015ftirak\u00e7\u0131lar\u0131na h\u00f6kum\u0259t t\u0259r\u0259find\u0259n h\u0259yata ke\u00e7iril\u0259n islahatlar\u0131n\u0131 g\u00f6st\u0259rm\u0259k \u00fc\u00e7\u00fcn \u0259sas islahatlar v\u0259 \u0130taliyadak\u0131 iqtisadi v\u0259 maliyy\u0259 v\u0259ziyy\u0259tinin tendensiyas\u0131 bar\u0259d\u0259 pe\u015f\u0259kar ictimaiyy\u0259ti yenil\u0259m\u0259yi h\u0259d\u0259fl\u0259y\u0259n ingilis dilind\u0259 &#8220;The Narrow Path&#8221; adl\u0131 x\u0259b\u0259r b\u00fclleteni d\u0259rc etmi\u015fdir.<\/p>\n<p><a href=\"https:\/\/ambbaku.esteri.it\/ambasciata_baku\/resource\/doc\/2018\/06\/the_narrow_path_nr_10_maggio_2018.pdf\">The Narrow Path &#8211; Onuncu burax\u0131l\u0131\u015f<\/a><\/p>\n<p><a href=\"https:\/\/ambbaku.esteri.it\/ambasciata_baku\/resource\/doc\/2018\/06\/thenarrowpath_9.pdf\">The Narrow Path &#8211; Doqquzuncu burax\u0131l\u0131\u015f<\/a><\/p>\n<\/div>\n","protected":false},"excerpt":{"rendered":"\u0130qtisadiyyat v\u0259 Maliyy\u0259 Nazirliyi, xarici investisiyalar\u0131n c\u0259lb edilm\u0259si m\u0259qs\u0259di il\u0259, xarici bazarlar\u0131n apar\u0131c\u0131 i\u015ftirak\u00e7\u0131lar\u0131na h\u00f6kum\u0259t t\u0259r\u0259find\u0259n h\u0259yata ke\u00e7iril\u0259n islahatlar\u0131n\u0131 g\u00f6st\u0259rm\u0259k \u00fc\u00e7\u00fcn \u0259sas islahatlar v\u0259 \u0130taliyadak\u0131 iqtisadi v\u0259 maliyy\u0259 v\u0259ziyy\u0259tinin tendensiyas\u0131 bar\u0259d\u0259 pe\u015f\u0259kar ictimaiyy\u0259ti yenil\u0259m\u0259yi h\u0259d\u0259fl\u0259y\u0259n ingilis dilind\u0259 &#8220;The Narrow Path&#8221; adl\u0131 x\u0259b\u0259r b\u00fclleteni d\u0259rc etmi\u015fdir. The Narrow Path &#8211; Onuncu burax\u0131l\u0131\u015f The Narrow Path &#8211; [&hellip;]","protected":false},"author":5,"featured_media":0,"parent":175,"menu_order":0,"comment_status":"closed","ping_status":"closed","template":"","meta":{"footnotes":""},"class_list":["post-646","page","type-page","status-publish","hentry"],"_links":{"self":[{"href":"https:\/\/ambbaku.esteri.it\/az\/wp-json\/wp\/v2\/pages\/646","targetHints":{"allow":["GET"]}}],"collection":[{"href":"https:\/\/ambbaku.esteri.it\/az\/wp-json\/wp\/v2\/pages"}],"about":[{"href":"https:\/\/ambbaku.esteri.it\/az\/wp-json\/wp\/v2\/types\/page"}],"author":[{"embeddable":true,"href":"https:\/\/ambbaku.esteri.it\/az\/wp-json\/wp\/v2\/users\/5"}],"replies":[{"embeddable":true,"href":"https:\/\/ambbaku.esteri.it\/az\/wp-json\/wp\/v2\/comments?post=646"}],"version-history":[{"count":2,"href":"https:\/\/ambbaku.esteri.it\/az\/wp-json\/wp\/v2\/pages\/646\/revisions"}],"predecessor-version":[{"id":648,"href":"https:\/\/ambbaku.esteri.it\/az\/wp-json\/wp\/v2\/pages\/646\/revisions\/648"}],"up":[{"embeddable":true,"href":"https:\/\/ambbaku.esteri.it\/az\/wp-json\/wp\/v2\/pages\/175"}],"wp:attachment":[{"href":"https:\/\/ambbaku.esteri.it\/az\/wp-json\/wp\/v2\/media?parent=646"}],"curies":[{"name":"wp","href":"https:\/\/api.w.org\/{rel}","templated":true}]}}