{"id":649,"date":"2023-06-29T12:43:04","date_gmt":"2023-06-29T08:43:04","guid":{"rendered":"https:\/\/ambbaku.esteri.it\/?page_id=649"},"modified":"2023-09-27T13:19:26","modified_gmt":"2023-09-27T09:19:26","slug":"makroiqtisadi-m%c9%99nz%c9%99r%c9%99","status":"publish","type":"page","link":"https:\/\/ambbaku.esteri.it\/az\/italia-e-azerbaigian\/diplomazia-economica\/fare-affari-in-italia\/makroiqtisadi-m%c9%99nz%c9%99r%c9%99\/","title":{"rendered":"Makroiqtisad\u0131 m\u0259nz\u0259r\u0259"},"content":{"rendered":"<div>\n<p><a href=\"http:\/\/www.bancaditalia.it\/\"><strong>\u0130taliya Bank\u0131n\u0131n veb sayt\u0131<\/strong><\/a><\/p>\n<p>&nbsp;<\/p>\n<p><strong>MAKRO\u0130QT\u0130SADI M\u018fNZ\u018fR\u018f<\/strong><\/p>\n<p>\u0130taliya Bank\u0131n\u0131n veb sayt\u0131n\u0131n ana s\u0259hif\u0259sind\u0259, \u0130taliyaya dair iqtisadi, statistik v\u0259 valyuta siyas\u0259ti xidm\u0259tl\u0259rin\u0259 giri\u015f imkan\u0131 ver\u0259n ke\u00e7id var.<\/p>\n<p>Bu hiss\u0259d\u0259 milli iqtisadiyyata dair d\u0259qiq v\u0259 yenil\u0259nmi\u015f t\u0259hlil, qurum t\u0259r\u0259find\u0259n h\u0259r ilin noyabr v\u0259 mart aylar\u0131nda yenil\u0259n\u0259n \u0130qtisadi b\u00fclletend\u0259 t\u0259qdim edilir.<\/p>\n<p>&nbsp;<\/p>\n<p><a href=\"https:\/\/ambbaku.esteri.it\/resource\/2012\/06\/59260_f_amb61Azerbaijan27.pdf\">&#8211;&gt; \u201cIl Sole 24 ore\u201d q\u0259zetinin Az\u0259rbaycan haqq\u0131nda m\u0259qal\u0259si<\/a><\/p>\n<\/div>\n","protected":false},"excerpt":{"rendered":"\u0130taliya Bank\u0131n\u0131n veb sayt\u0131 &nbsp; MAKRO\u0130QT\u0130SADI M\u018fNZ\u018fR\u018f \u0130taliya Bank\u0131n\u0131n veb sayt\u0131n\u0131n ana s\u0259hif\u0259sind\u0259, \u0130taliyaya dair iqtisadi, statistik v\u0259 valyuta siyas\u0259ti xidm\u0259tl\u0259rin\u0259 giri\u015f imkan\u0131 ver\u0259n ke\u00e7id var. Bu hiss\u0259d\u0259 milli iqtisadiyyata dair d\u0259qiq v\u0259 yenil\u0259nmi\u015f t\u0259hlil, qurum t\u0259r\u0259find\u0259n h\u0259r ilin noyabr v\u0259 mart aylar\u0131nda yenil\u0259n\u0259n \u0130qtisadi b\u00fclletend\u0259 t\u0259qdim edilir. &nbsp; &#8211;&gt; \u201cIl Sole 24 ore\u201d q\u0259zetinin [&hellip;]","protected":false},"author":5,"featured_media":0,"parent":175,"menu_order":5,"comment_status":"closed","ping_status":"closed","template":"","meta":{"footnotes":""},"class_list":["post-649","page","type-page","status-publish","hentry"],"_links":{"self":[{"href":"https:\/\/ambbaku.esteri.it\/az\/wp-json\/wp\/v2\/pages\/649","targetHints":{"allow":["GET"]}}],"collection":[{"href":"https:\/\/ambbaku.esteri.it\/az\/wp-json\/wp\/v2\/pages"}],"about":[{"href":"https:\/\/ambbaku.esteri.it\/az\/wp-json\/wp\/v2\/types\/page"}],"author":[{"embeddable":true,"href":"https:\/\/ambbaku.esteri.it\/az\/wp-json\/wp\/v2\/users\/5"}],"replies":[{"embeddable":true,"href":"https:\/\/ambbaku.esteri.it\/az\/wp-json\/wp\/v2\/comments?post=649"}],"version-history":[{"count":2,"href":"https:\/\/ambbaku.esteri.it\/az\/wp-json\/wp\/v2\/pages\/649\/revisions"}],"predecessor-version":[{"id":651,"href":"https:\/\/ambbaku.esteri.it\/az\/wp-json\/wp\/v2\/pages\/649\/revisions\/651"}],"up":[{"embeddable":true,"href":"https:\/\/ambbaku.esteri.it\/az\/wp-json\/wp\/v2\/pages\/175"}],"wp:attachment":[{"href":"https:\/\/ambbaku.esteri.it\/az\/wp-json\/wp\/v2\/media?parent=649"}],"curies":[{"name":"wp","href":"https:\/\/api.w.org\/{rel}","templated":true}]}}