{"id":667,"date":"2023-06-27T12:11:14","date_gmt":"2023-06-27T08:11:14","guid":{"rendered":"https:\/\/ambbaku.esteri.it\/?page_id=667"},"modified":"2023-09-27T15:04:21","modified_gmt":"2023-09-27T11:04:21","slug":"qida-v%c9%99-k%c9%99nd-t%c9%99s%c9%99rrufati-sah%c9%99si","status":"publish","type":"page","link":"https:\/\/ambbaku.esteri.it\/az\/italia-e-azerbaigian\/diplomazia-economica\/664-2\/qida-v%c9%99-k%c9%99nd-t%c9%99s%c9%99rrufati-sah%c9%99si\/","title":{"rendered":"Qida v\u0259 k\u0259nd t\u0259s\u0259rr\u00fcfat\u0131 sah\u0259si"},"content":{"rendered":"<p style=\"text-align: justify;\">K\u0259nd t\u0259s\u0259rr\u00fcfat\u0131 sektorunun inki\u015faf\u0131 Az\u0259rbaycan h\u00f6kum\u0259tinin prioritet h\u0259d\u0259fidir. \u00dcmumdaxili m\u0259hsulun (enerji sektorundan sonra) ikincisi olan k\u0259nd t\u0259s\u0259rr\u00fcfat\u0131n\u0131n yenid\u0259n dir\u00e7\u0259ldilm\u0259si h\u00f6kum\u0259tin \u0259halini qida il\u0259 t\u0259minatna y\u00f6n\u0259lik siyas\u0259tini v\u0259 Erm\u0259nistan t\u0259r\u0259find\u0259n i\u015f\u011fal edilmi\u015f Da\u011fl\u0131q Qaraba\u011f b\u00f6lg\u0259sind\u0259ki k\u0259nd t\u0259s\u0259rr\u00fcfat\u0131 v\u0259 heyvandarl\u0131q sah\u0259sind\u0259ki potensial\u0131n m\u0259hdud olmas\u0131n\u0131 vur\u011fulay\u0131r.<\/p>\n<p style=\"text-align: justify;\">M\u00f6vcud tendensiya, h\u00f6kum\u0259tin h\u0259l\u0259 d\u0259 neft sektorundan as\u0131l\u0131 olan milli iqtisadiyyat\u0131 \u015fax\u0259l\u0259ndirm\u0259k strategiyas\u0131 \u00e7\u0259r\u00e7iv\u0259sind\u0259 k\u0259nd t\u0259s\u0259rr\u00fcfat\u0131 sektoruna investisiyalar\u0131n art\u0131r\u0131lmas\u0131ndan ibar\u0259tdir. Bu q\u0259bild\u0259n olan son investisiyalar k\u0259nd t\u0259s\u0259rr\u00fcfat\u0131 sektorunda f\u0259aliyy\u0259t g\u00f6st\u0259r\u0259n m\u00fc\u0259ssis\u0259l\u0259rin \u00fcmumi say\u0131n\u0131n t\u0259xmin\u0259n 30% -ni t\u0259\u015fkil ed\u0259n y\u00fcks\u0259k texnologiyal\u0131 k\u0259nd t\u0259s\u0259rr\u00fcfat\u0131 m\u00fc\u0259ssis\u0259l\u0259rinin yarad\u0131lmas\u0131na g\u0259tirib \u00e7\u0131xard\u0131.<\/p>\n<p style=\"text-align: justify;\">\u00d6lk\u0259 x\u00fcsusil\u0259 m\u00fcnbit v\u0259 d\u00fcz\u0259nlik c\u0259nub b\u00f6lg\u0259l\u0259rind\u0259 yax\u015f\u0131 meyv\u0259-t\u0259r\u0259v\u0259z istehsal\u0131 il\u0259 f\u0259rql\u0259nir\u202f v\u0259 d\u00fcnyan\u0131n q\u0259r\u0259nfil yeti\u015fdirilm\u0259sind\u0259 ilk yerl\u0259rd\u0259n birini tutur. \u018fsas\u0259n MDB \u00f6lk\u0259l\u0259rin\u0259 ixrac olunan pomidor bec\u0259rilm\u0259si d\u0259 \u00f6n\u0259mli sah\u0259l\u0259rd\u0259n biridir. Az\u0259rbaycan\u0131n \u015fimal b\u00f6lg\u0259l\u0259rind\u0259 (Quba\/Qusar) alma, armud, G\u0259nc\u0259 yax\u0131nl\u0131\u011f\u0131nda nar, \u00f6lk\u0259nin q\u0259rb b\u00f6lg\u0259l\u0259rind\u0259 f\u0131nd\u0131q, badam v\u0259 qoz bec\u0259rilm\u0259si d\u0259 geni\u015f yay\u0131lm\u0131\u015fd\u0131r. Nax\u00e7\u0131van Muxtar Respublikas\u0131nda\u202f \u0259rik v\u0259 \u0259ncir bec\u0259rilm\u0259si, L\u0259nk\u0259ran yax\u0131nl\u0131\u011f\u0131nda is\u0259 \u00e7ay\u00e7\u0131l\u0131q inki\u015faf etdirilir. Lakin\u202f bu, bir \u00e7ox qida m\u0259hsullar\u0131n\u0131n keyfiyy\u0259t s\u0259viyy\u0259si v\u0259 m\u0259hsulun keyfiyy\u0259t\/qiym\u0259t nisb\u0259ti uy\u011fun olan Baltikyan\u0131 \u00f6lk\u0259l\u0259rd\u0259n, Ukrayna, Rusiya v\u0259 T\u00fcrkiy\u0259d\u0259n idxal\u0131n\u0131 istisna etmir.<\/p>\n<p style=\"text-align: justify;\">Aqrar sektor bir s\u0131ra s\u0259b\u0259bl\u0259rd\u0259n italyan \u015firk\u0259tl\u0259ri \u00fc\u00e7\u00fcn maraql\u0131 investisiya imkanlar\u0131 yarad\u0131r: ilk n\u00f6vb\u0259d\u0259, Az\u0259rbaycan Rusiya bazar\u0131 il\u0259 ticar\u0259t \u0259laq\u0259l\u0259rini davam etdirm\u0259y\u0259 imkan ver\u0259n strateji bir m\u00f6vqey\u0259 malikdir. \u0130kincisi, Az\u0259rbaycan h\u00f6kum\u0259ti\u202f xeyli vergi g\u00fcz\u0259\u015ftl\u0259ri il\u0259 aqrar sektorun art\u0131m\u0131n\u0131 d\u0259st\u0259kl\u0259yir (m\u0259s\u0259l\u0259n, korporativ m\u0259nf\u0259\u0259t vergisi tutulmur) v\u0259 bir hektar \u0259razinin qiym\u0259ti\u202f \u0130taliya v\u0259 Avropadak\u0131ndan xeyli a\u015fa\u011f\u0131d\u0131r. N\u0259hay\u0259t, i\u015f\u00e7i q\u00fcvv\u0259sinin\u202f qiym\u0259ti d\u0259 a\u015fa\u011f\u0131d\u0131r (orta ayl\u0131q \u0259m\u0259k haqq\u0131 400 AZN,\u202f t\u0259qrib\u0259n 200 Avrodur).<\/p>\n","protected":false},"excerpt":{"rendered":"K\u0259nd t\u0259s\u0259rr\u00fcfat\u0131 sektorunun inki\u015faf\u0131 Az\u0259rbaycan h\u00f6kum\u0259tinin prioritet h\u0259d\u0259fidir. \u00dcmumdaxili m\u0259hsulun (enerji sektorundan sonra) ikincisi olan k\u0259nd t\u0259s\u0259rr\u00fcfat\u0131n\u0131n yenid\u0259n dir\u00e7\u0259ldilm\u0259si h\u00f6kum\u0259tin \u0259halini qida il\u0259 t\u0259minatna y\u00f6n\u0259lik siyas\u0259tini v\u0259 Erm\u0259nistan t\u0259r\u0259find\u0259n i\u015f\u011fal edilmi\u015f Da\u011fl\u0131q Qaraba\u011f b\u00f6lg\u0259sind\u0259ki k\u0259nd t\u0259s\u0259rr\u00fcfat\u0131 v\u0259 heyvandarl\u0131q sah\u0259sind\u0259ki potensial\u0131n m\u0259hdud olmas\u0131n\u0131 vur\u011fulay\u0131r. M\u00f6vcud tendensiya, h\u00f6kum\u0259tin h\u0259l\u0259 d\u0259 neft sektorundan as\u0131l\u0131 olan milli iqtisadiyyat\u0131 \u015fax\u0259l\u0259ndirm\u0259k [&hellip;]","protected":false},"author":5,"featured_media":0,"parent":664,"menu_order":0,"comment_status":"closed","ping_status":"closed","template":"","meta":{"footnotes":""},"class_list":["post-667","page","type-page","status-publish","hentry"],"_links":{"self":[{"href":"https:\/\/ambbaku.esteri.it\/az\/wp-json\/wp\/v2\/pages\/667","targetHints":{"allow":["GET"]}}],"collection":[{"href":"https:\/\/ambbaku.esteri.it\/az\/wp-json\/wp\/v2\/pages"}],"about":[{"href":"https:\/\/ambbaku.esteri.it\/az\/wp-json\/wp\/v2\/types\/page"}],"author":[{"embeddable":true,"href":"https:\/\/ambbaku.esteri.it\/az\/wp-json\/wp\/v2\/users\/5"}],"replies":[{"embeddable":true,"href":"https:\/\/ambbaku.esteri.it\/az\/wp-json\/wp\/v2\/comments?post=667"}],"version-history":[{"count":2,"href":"https:\/\/ambbaku.esteri.it\/az\/wp-json\/wp\/v2\/pages\/667\/revisions"}],"predecessor-version":[{"id":669,"href":"https:\/\/ambbaku.esteri.it\/az\/wp-json\/wp\/v2\/pages\/667\/revisions\/669"}],"up":[{"embeddable":true,"href":"https:\/\/ambbaku.esteri.it\/az\/wp-json\/wp\/v2\/pages\/664"}],"wp:attachment":[{"href":"https:\/\/ambbaku.esteri.it\/az\/wp-json\/wp\/v2\/media?parent=667"}],"curies":[{"name":"wp","href":"https:\/\/api.w.org\/{rel}","templated":true}]}}