{"id":679,"date":"2023-06-27T12:14:32","date_gmt":"2023-06-27T08:14:32","guid":{"rendered":"https:\/\/ambbaku.esteri.it\/?page_id=679"},"modified":"2023-09-27T15:16:21","modified_gmt":"2023-09-27T11:16:21","slug":"679-2","status":"publish","type":"page","link":"https:\/\/ambbaku.esteri.it\/az\/italia-e-azerbaigian\/diplomazia-economica\/664-2\/679-2\/","title":{"rendered":"Turizm"},"content":{"rendered":"<div>\n<p style=\"text-align: justify;\">Orta statistik Az\u0259rbaycan v\u0259t\u0259nda\u015f\u0131 i\u015f v\u0259 ya turizm m\u0259qs\u0259dil\u0259 s\u0259yah\u0259t edir. \u00dcst\u00fcnl\u00fck veril\u0259n istiqam\u0259tl\u0259rin Rusiya Federasiyas\u0131, T\u00fcrkiy\u0259 v\u0259 Birl\u0259\u015fmi\u015f \u018fr\u0259b \u018fmirlikl\u0259ri olmas\u0131 yaln\u0131z dil, m\u0259d\u0259ni v\u0259 ail\u0259 \u0259laq\u0259l\u0259rind\u0259n as\u0131l\u0131 olmay\u0131b, h\u0259m d\u0259 qiym\u0259tl\u0259rin r\u0259qab\u0259t qabiliyy\u0259ti v\u0259 bu \u00f6lk\u0259l\u0259r\u0259 vizas\u0131z giri\u015f \u015f\u0259rtl\u0259rinin sad\u0259l\u0259\u015fdirilm\u0259si s\u0259b\u0259bil\u0259dir. Dig\u0259r \u0259n\u0259n\u0259vi turizm m\u0259kanlar\u0131 az\u0259rbaycanl\u0131lar\u0131n m\u00fcalic\u0259si \u00fc\u00e7\u00fcn \u0130ran v\u0259 G\u00fcrc\u00fcstand\u0131r.<\/p>\n<p style=\"text-align: justify;\">Milli valyutan\u0131n devalvasiyas\u0131 s\u0259b\u0259bind\u0259n, 2016-c\u0131 ild\u0259 az\u0259rbaycanl\u0131lar\u0131n \u0130taliyan\u0131n m\u0259d\u0259ni irsin\u0259 v\u0259 b\u0259zi italyan \u015f\u0259h\u0259rl\u0259rin\u0259 olan b\u00f6y\u00fck mara\u011f\u0131na baxmayaraq, \u0130taliyaya turizm vizalar\u0131 \u00fc\u00e7\u00fcn m\u00fcraci\u0259tl\u0259rin say\u0131 iki d\u0259f\u0259 azald\u0131. Ke\u00e7\u0259n il\u0259 q\u0259d\u0259r turizm m\u0259qs\u0259dil\u0259 viza say\u0131 \u00e7ox y\u00fcks\u0259k idi (2015-ci ild\u0259 10.000-d\u0259n \u00e7ox viza), ancaq bu g\u00fcn\u0259 q\u0259d\u0259r (iyun 2016)\u202f veril\u0259n viza say\u0131 c\u0259mi 2500-dir.<\/p>\n<p style=\"text-align: justify;\">AZAL Az\u0259rbaycan hava yollar\u0131 \u015firk\u0259tinin idar\u0259 etdiyi birba\u015fa Bak\u0131-Milan-Bak\u0131 mar\u015frutu say\u0259sind\u0259 \u0130taliyan\u0131n \u0259sas turistik \u015f\u0259h\u0259rl\u0259ri Roma v\u0259 Milan olaraq qal\u0131r.<\/p>\n<p style=\"text-align: justify;\">Lakin t\u0259\u0259ss\u00fcf ki, Bak\u0131-Roma-Bak\u0131 reysi 2015-ci ilin oktyabr ay\u0131ndan etibar\u0259n dayand\u0131r\u0131l\u0131b.<\/p>\n<p style=\"text-align: justify;\">Az\u0259rbaycanl\u0131lar\u0131 h\u0259m\u00e7inin, Florensiya v\u0259 Venesiya kimi m\u0259\u015fhur m\u0259d\u0259niyy\u0259t m\u0259rk\u0259zl\u0259ri, Siena v\u0259 Peruca kimi t\u0259l\u0259b\u0259 \u015f\u0259h\u0259rl\u0259ri c\u0259lb edir. G\u0259l\u0259c\u0259kd\u0259, h\u0259r il aprel ay\u0131nda ba\u015f tutan \u0259h\u0259miyy\u0259tli regional t\u0259dbir say\u0131lan Bak\u0131 Turizm S\u0259rgisind\u0259, italyan stendl\u0259rinin t\u0259\u015fkili imkanlar\u0131n\u0131 da n\u0259z\u0259r\u0259 alaraq,\u202f bu \u015firk\u0259tl\u0259rinin i\u015ftirak\u0131n\u0131n t\u0259\u015fviqin\u0259 d\u0259st\u0259k verm\u0259k m\u0259qs\u0259d\u0259 uy\u011fundur. \u0130taliyada Az\u0259rbaycan dilind\u0259, Az\u0259rbaycanda is\u0259 italyan dilind\u0259 turist b\u0259l\u0259d\u00e7isi olmad\u0131\u011f\u0131ndan (C\u0259nubi Qafqaz\u0131n \u00fc\u00e7 \u00f6lk\u0259si \u00fc\u00e7\u00fcn yaln\u0131z Lonely Planet b\u0259l\u0259d\u00e7isi var), buna olan t\u0259l\u0259bat getdikc\u0259 art\u0131r.<\/p>\n<p style=\"text-align: justify;\">S\u0259yah\u0259t\u00e7il\u0259rin 70% -i xaric\u0259 s\u0259yah\u0259t \u00fc\u00e7\u00fcn t\u0259yyar\u0259ni se\u00e7ir. IATA (Beyn\u0259lxalq Hava N\u0259qliyyat\u0131 Assosiasiyas\u0131) \u00fczv\u00fc olan Az\u0259rbaycan hava yolu \u015firk\u0259ti AZAL (Az\u0259rbaycan Hava Yollar\u0131) s\u0259yah\u0259t\u00e7il\u0259r\u0259 Avropa, M\u00fcst\u0259qil D\u00f6vl\u0259tl\u0259r Birliyi &#8220;MDB&#8221;, Yax\u0131n \u015e\u0259rq v\u0259 Asiyaya u\u00e7u\u015flar t\u0259klif edir. Uzunm\u00fcdd\u0259tli u\u00e7u\u015flar \u00fc\u00e7\u00fcn yeni Boeing t\u0259yyar\u0259l\u0259ri al\u0131nd\u0131qdan sonra \u015firk\u0259t \u015eimali Amerika v\u0259 C\u0259nub-\u015e\u0259rqi Asiya \u00f6lk\u0259l\u0259rin\u0259 m\u00fcnt\u0259z\u0259m u\u00e7u\u015flar planla\u015fd\u0131r\u0131r. AZAL h\u0259ft\u0259d\u0259 iki d\u0259f\u0259 Bak\u0131dan Milan Malpensaya birba\u015fa u\u00e7u\u015flar h\u0259yata ke\u00e7irir. AZAL-dan ba\u015fqa \u0130taliya istiqam\u0259tind\u0259 u\u00e7u\u015flar h\u0259yata ke\u00e7ir\u0259n \u015firk\u0259tl\u0259r aras\u0131nda T\u00fcrk Hava Yollar\u0131 (\u0130stanbuldan \u0130taliyan\u0131n b\u00f6y\u00fck \u015f\u0259h\u0259rl\u0259rin\u0259), Lufthansa (Frankfurtdan), Aeroflot (Moskvadan ), Austrian Airlines (Vyanadan) v\u0259 ucuz qiym\u0259t\u0259 Wizz air (Budape\u015ft vasit\u0259sil\u0259) kimi dig\u0259r hava yollar\u0131 da var.<\/p>\n<p style=\"text-align: justify;\">\u0130taliya Az\u0259rbaycanda yaln\u0131z m\u0259d\u0259ni irsinin g\u00f6z\u0259lliyi v\u0259 z\u0259nginliyi il\u0259 deyil, h\u0259m d\u0259 moda, kulinariya v\u0259 mebel kimi tipik Made in Italy m\u0259hsullar\u0131 il\u0259 m\u0259\u015fhurdur. Az\u0259rbaycanda, x\u00fcsus\u0259n d\u0259 paytaxtda, \u0130taliyada istehsal olunan m\u0259hsulun keyfiyy\u0259tin\u0259 v\u0259 dizayn\u0131na olan r\u0259\u011fb\u0259td\u0259n x\u0259b\u0259r ver\u0259n bir s\u0131ra brend v\u0259 \u0259n\u0259n\u0259vi markalar var. Burada Salvatore Ferragamo, Max Mara, Giorgio Armani, Dolce &amp; Gabbana, Versace, Gucci, Ermenegildo Zegna v\u0259 dig\u0259rl\u0259ri kimi \u0259n prestijli v\u0259 y\u00fcks\u0259k s\u0259viyy\u0259li b\u00fct\u00fcn italyan markalar\u0131n\u0131n\u202f sat\u0131\u015f n\u00f6qt\u0259l\u0259ri m\u00f6vcuddur.<\/p>\n<p style=\"text-align: justify;\"><strong>Yeni texnologiyalar v\u0259 turizm<\/strong><\/p>\n<p style=\"text-align: justify;\">Az\u0259rbaycanda internetd\u0259n istifad\u0259\u202f geni\u015f yay\u0131lm\u0131\u015fd\u0131r. Internet World Stats-a g\u00f6r\u0259, \u00f6lk\u0259d\u0259ki internet istifad\u0259\u00e7il\u0259ri 2000-ci ild\u0259 12.000-d\u0259n 2012-ci ild\u0259 4.7 milyona \u00e7at\u0131b ki, bu da b\u00fct\u00fcn Asiya \u00fczr\u0259 0.4% -i t\u0259\u015fkil edir. \u0130nternetd\u0259n istifad\u0259 g\u00f6st\u0259ricisi 50%-dir (\u00fcmumi \u0259halinin 9 milyonundan 4.7 milyonu). Facebook istifad\u0259\u00e7il\u0259ri 963.100 n\u0259f\u0259rdir. \u0130nternetin turizm sah\u0259sind\u0259 istifad\u0259si \u00e7ox y\u00fcks\u0259kdir. Ged\u0259c\u0259yiniz \u00f6lk\u0259, onun m\u0259d\u0259niyy\u0259ti v\u0259 \u0259n\u0259n\u0259l\u0259ri\u202f haqq\u0131nda m\u0259lumat tapa bil\u0259c\u0259yiniz \u00e7oxlu sayda veb s\u0259hif\u0259l\u0259r\u202f var.<\/p>\n<p style=\"text-align: justify;\"><strong>Az\u0259rbaycan turizm agentlikl\u0259ri<\/strong><\/p>\n<p style=\"text-align: justify;\">Haz\u0131rda Az\u0259rbaycanda 141 turizm agentliyi v\u0259 turoperator f\u0259aliyy\u0259t g\u00f6st\u0259rir. \u00dcmumilikd\u0259 bu sektorda 1541 i\u015f\u00e7i var. \u0130st\u0259nil\u0259n\u202f m\u0259lumat \u00fc\u00e7\u00fcn Az\u0259rbaycan Respublikas\u0131 Turizm v\u0259 M\u0259d\u0259niyy\u0259t Nazirliyinin www.azerbaijan.tourism.az veb s\u0259hif\u0259sin\u0259 daxil ola bil\u0259rsiniz.<\/p>\n<p style=\"text-align: justify;\">\u018fsas turizm agentlikl\u0259ri bunlard\u0131r:<\/p>\n<p style=\"text-align: justify;\">Silk Way Travel &#8211; <a href=\"http:\/\/www.swtravel.az\">www.swtravel.az<\/a><\/p>\n<p style=\"text-align: justify;\">Pa\u015fa S\u0259yah\u0259t &#8211; <a href=\"http:\/\/www.pashatravel.az\">www.pashatravel.az<\/a><\/p>\n<p style=\"text-align: justify;\">Improtex S\u0259yah\u0259t &#8211; <a href=\"http:\/\/www.improtex-travel.az\">www.improtex-travel.az<\/a><\/p>\n<p style=\"text-align: justify;\">STI Travel,Cheap Student Travel &#8211; <a href=\"http:\/\/www.sti.az\">www.sti.az<\/a><\/p>\n<p>&nbsp;<\/p>\n<\/div>\n","protected":false},"excerpt":{"rendered":"Orta statistik Az\u0259rbaycan v\u0259t\u0259nda\u015f\u0131 i\u015f v\u0259 ya turizm m\u0259qs\u0259dil\u0259 s\u0259yah\u0259t edir. \u00dcst\u00fcnl\u00fck veril\u0259n istiqam\u0259tl\u0259rin Rusiya Federasiyas\u0131, T\u00fcrkiy\u0259 v\u0259 Birl\u0259\u015fmi\u015f \u018fr\u0259b \u018fmirlikl\u0259ri olmas\u0131 yaln\u0131z dil, m\u0259d\u0259ni v\u0259 ail\u0259 \u0259laq\u0259l\u0259rind\u0259n as\u0131l\u0131 olmay\u0131b, h\u0259m d\u0259 qiym\u0259tl\u0259rin r\u0259qab\u0259t qabiliyy\u0259ti v\u0259 bu \u00f6lk\u0259l\u0259r\u0259 vizas\u0131z giri\u015f \u015f\u0259rtl\u0259rinin sad\u0259l\u0259\u015fdirilm\u0259si s\u0259b\u0259bil\u0259dir. Dig\u0259r \u0259n\u0259n\u0259vi turizm m\u0259kanlar\u0131 az\u0259rbaycanl\u0131lar\u0131n m\u00fcalic\u0259si \u00fc\u00e7\u00fcn \u0130ran v\u0259 G\u00fcrc\u00fcstand\u0131r. Milli valyutan\u0131n [&hellip;]","protected":false},"author":5,"featured_media":0,"parent":664,"menu_order":0,"comment_status":"closed","ping_status":"closed","template":"","meta":{"footnotes":""},"class_list":["post-679","page","type-page","status-publish","hentry"],"_links":{"self":[{"href":"https:\/\/ambbaku.esteri.it\/az\/wp-json\/wp\/v2\/pages\/679","targetHints":{"allow":["GET"]}}],"collection":[{"href":"https:\/\/ambbaku.esteri.it\/az\/wp-json\/wp\/v2\/pages"}],"about":[{"href":"https:\/\/ambbaku.esteri.it\/az\/wp-json\/wp\/v2\/types\/page"}],"author":[{"embeddable":true,"href":"https:\/\/ambbaku.esteri.it\/az\/wp-json\/wp\/v2\/users\/5"}],"replies":[{"embeddable":true,"href":"https:\/\/ambbaku.esteri.it\/az\/wp-json\/wp\/v2\/comments?post=679"}],"version-history":[{"count":3,"href":"https:\/\/ambbaku.esteri.it\/az\/wp-json\/wp\/v2\/pages\/679\/revisions"}],"predecessor-version":[{"id":682,"href":"https:\/\/ambbaku.esteri.it\/az\/wp-json\/wp\/v2\/pages\/679\/revisions\/682"}],"up":[{"embeddable":true,"href":"https:\/\/ambbaku.esteri.it\/az\/wp-json\/wp\/v2\/pages\/664"}],"wp:attachment":[{"href":"https:\/\/ambbaku.esteri.it\/az\/wp-json\/wp\/v2\/media?parent=679"}],"curies":[{"name":"wp","href":"https:\/\/api.w.org\/{rel}","templated":true}]}}