{"id":745,"date":"2023-09-28T12:38:45","date_gmt":"2023-09-28T08:38:45","guid":{"rendered":"https:\/\/ambbaku.esteri.it\/?page_id=745"},"modified":"2023-09-28T12:39:15","modified_gmt":"2023-09-28T08:39:15","slug":"diplomlarin-taninmasi","status":"publish","type":"page","link":"https:\/\/ambbaku.esteri.it\/az\/italia-e-azerbaigian\/diplomazia-culturale\/lingua-e-cultura-italiana\/diplomlarin-taninmasi\/","title":{"rendered":"Diplomlar\u0131n tan\u0131nmas\u0131"},"content":{"rendered":"<div>\n<p><strong>T\u018fHS\u0130L HAQQINDA S\u018fN\u018fDL\u018fR\u0130N TANINMASI<\/strong><\/p>\n<p style=\"text-align: justify;\">Xaricd\u0259 \u0259ld\u0259 olunan t\u0259hsil haqq\u0131nda s\u0259n\u0259dl\u0259r \u0130taliyada avtomatik olaraq tan\u0131nm\u0131r. Xaricd\u0259 \u0259ld\u0259 edil\u0259n t\u0259hsil haqq\u0131nda s\u0259n\u0259din (r\u0259smi olaraq tan\u0131nm\u0131\u015f t\u0259hsil m\u00fc\u0259ssis\u0259l\u0259rind\u0259 \u0259ld\u0259 edilmi\u015f) \u0130talyadak\u0131 m\u00fcvafiq t\u0259hsil s\u0259n\u0259dl\u0259rin\u0259 uy\u011funlu\u011funun (&#8220;ekvivalentliyi&#8221;) tan\u0131nmas\u0131 il\u0259 maraqlanan qeyri-italyan v\u0259t\u0259nda\u015flar, Konsullu\u011fun t\u0259l\u0259b\u0259 \u015f\u00f6b\u0259si vasit\u0259sil\u0259 \u00f6z \u0259riz\u0259l\u0259rini t\u0259qdim ed\u0259 bil\u0259rl\u0259r. \u018fksin\u0259, \u0130talyan v\u0259t\u0259nda\u015flar\u0131 ilk n\u00f6vb\u0259d\u0259 Konsullu\u011fun t\u0259l\u0259b\u0259 \u015f\u00f6b\u0259sind\u0259n &#8220;T\u0259sdiq s\u0259n\u0259di&#8221;nin verilm\u0259sini t\u0259l\u0259b etdikd\u0259n sonra, birba\u015fa italyan T\u0259hsil \u015f\u00f6b\u0259sin\u0259 m\u00fcraci\u0259t etm\u0259lidirl\u0259r.<\/p>\n<p style=\"text-align: justify;\">Xaricd\u0259 \u0259ld\u0259 edilmi\u015f v\u0259 \u0130taliyada m\u00fcvafiq t\u0259hsil d\u0259r\u0259c\u0259sin\u0259 uy\u011funlu\u011fu t\u0259sdiql\u0259n\u0259n orta t\u0259hsil haqq\u0131nda s\u0259n\u0259dl\u0259r (orta m\u0259kt\u0259bin \u00fc\u00e7\u00fcnc\u00fc ili, s\u0259kkizinci sinif, orta v\u0259 ali m\u0259kt\u0259b diplomu) \u0130taliyada h\u00fcquqi \u00e7\u0259kiy\u0259 malikdir. Bu h\u0259m\u00e7inin, italyan v\u0259t\u0259nda\u015f\u0131 olan \u015f\u0259xsin, \u0130taliya d\u00f6vl\u0259t idar\u0259si t\u0259r\u0259find\u0259n elan edilmi\u015f m\u00fcsabiq\u0259l\u0259rd\u0259 i\u015ftirak\u0131na imkan verir.<\/p>\n<p style=\"text-align: justify;\">T\u0259sdiq s\u0259n\u0259di v\u0259 t\u0259hsil haqq\u0131nda s\u0259n\u0259din tan\u0131nmas\u0131 \u00fc\u00e7\u00fcn Konsullu\u011fa t\u0259qdim edilm\u0259li olan s\u0259n\u0259dl\u0259r:<\/p>\n<p style=\"text-align: justify;\">&#8211; m\u0259kt\u0259b v\u0259 ya universitet m\u00fc\u0259ssis\u0259sinin m\u00f6h\u00fcr\u00fc v\u0259 ya \u015ftamp\u0131 olan, m\u0259sul \u015f\u0259xs t\u0259r\u0259find\u0259n ayd\u0131n \u015f\u0259kild\u0259 imzalanm\u0131\u015f, orijinal v\u0259 ya m\u00fcvafiq qaydada r\u0259smil\u0259\u015fdirilmi\u015f diplom v\u0259 yaxud sertifikat;<\/p>\n<p style=\"text-align: justify;\">&#8211; s\u0259n\u0259din, d\u0259qiq v\u0259 orijinal m\u0259tn\u0259 \u200b\u200buy\u011fun olaraq italyan dilin\u0259 t\u0259rc\u00fcm\u0259si. T\u0259rc\u00fcm\u0259 m\u00fcraci\u0259t ed\u0259n \u015f\u0259xs v\u0259 ya t\u0259rc\u00fcm\u0259\u00e7i t\u0259r\u0259find\u0259n h\u0259yata ke\u00e7iril\u0259 bil\u0259r; Konsulluq \u0259riz\u0259\u00e7inin t\u0259qdim etdiyi t\u0259rc\u00fcm\u0259l\u0259rin t\u0259sdiqini \u00f6z\u00fcnd\u0259 saxlaya bil\u0259r.<\/p>\n<\/div>\n","protected":false},"excerpt":{"rendered":"T\u018fHS\u0130L HAQQINDA S\u018fN\u018fDL\u018fR\u0130N TANINMASI Xaricd\u0259 \u0259ld\u0259 olunan t\u0259hsil haqq\u0131nda s\u0259n\u0259dl\u0259r \u0130taliyada avtomatik olaraq tan\u0131nm\u0131r. Xaricd\u0259 \u0259ld\u0259 edil\u0259n t\u0259hsil haqq\u0131nda s\u0259n\u0259din (r\u0259smi olaraq tan\u0131nm\u0131\u015f t\u0259hsil m\u00fc\u0259ssis\u0259l\u0259rind\u0259 \u0259ld\u0259 edilmi\u015f) \u0130talyadak\u0131 m\u00fcvafiq t\u0259hsil s\u0259n\u0259dl\u0259rin\u0259 uy\u011funlu\u011funun (&#8220;ekvivalentliyi&#8221;) tan\u0131nmas\u0131 il\u0259 maraqlanan qeyri-italyan v\u0259t\u0259nda\u015flar, Konsullu\u011fun t\u0259l\u0259b\u0259 \u015f\u00f6b\u0259si vasit\u0259sil\u0259 \u00f6z \u0259riz\u0259l\u0259rini t\u0259qdim ed\u0259 bil\u0259rl\u0259r. \u018fksin\u0259, \u0130talyan v\u0259t\u0259nda\u015flar\u0131 ilk n\u00f6vb\u0259d\u0259 Konsullu\u011fun t\u0259l\u0259b\u0259 \u015f\u00f6b\u0259sind\u0259n [&hellip;]","protected":false},"author":5,"featured_media":0,"parent":183,"menu_order":0,"comment_status":"closed","ping_status":"closed","template":"","meta":{"footnotes":""},"class_list":["post-745","page","type-page","status-publish","hentry"],"_links":{"self":[{"href":"https:\/\/ambbaku.esteri.it\/az\/wp-json\/wp\/v2\/pages\/745","targetHints":{"allow":["GET"]}}],"collection":[{"href":"https:\/\/ambbaku.esteri.it\/az\/wp-json\/wp\/v2\/pages"}],"about":[{"href":"https:\/\/ambbaku.esteri.it\/az\/wp-json\/wp\/v2\/types\/page"}],"author":[{"embeddable":true,"href":"https:\/\/ambbaku.esteri.it\/az\/wp-json\/wp\/v2\/users\/5"}],"replies":[{"embeddable":true,"href":"https:\/\/ambbaku.esteri.it\/az\/wp-json\/wp\/v2\/comments?post=745"}],"version-history":[{"count":1,"href":"https:\/\/ambbaku.esteri.it\/az\/wp-json\/wp\/v2\/pages\/745\/revisions"}],"predecessor-version":[{"id":746,"href":"https:\/\/ambbaku.esteri.it\/az\/wp-json\/wp\/v2\/pages\/745\/revisions\/746"}],"up":[{"embeddable":true,"href":"https:\/\/ambbaku.esteri.it\/az\/wp-json\/wp\/v2\/pages\/183"}],"wp:attachment":[{"href":"https:\/\/ambbaku.esteri.it\/az\/wp-json\/wp\/v2\/media?parent=745"}],"curies":[{"name":"wp","href":"https:\/\/api.w.org\/{rel}","templated":true}]}}