{"id":750,"date":"2023-09-28T12:41:45","date_gmt":"2023-09-28T08:41:45","guid":{"rendered":"https:\/\/ambbaku.esteri.it\/?page_id=750"},"modified":"2023-09-28T12:46:39","modified_gmt":"2023-09-28T08:46:39","slug":"t%c9%99sdiq-s%c9%99n%c9%99di","status":"publish","type":"page","link":"https:\/\/ambbaku.esteri.it\/az\/italia-e-azerbaigian\/diplomazia-culturale\/lingua-e-cultura-italiana\/t%c9%99sdiq-s%c9%99n%c9%99di\/","title":{"rendered":"T\u0259sdiq s\u0259n\u0259di"},"content":{"rendered":"<div>\n<p><strong>T\u018fSD\u0130Q S\u018fN\u018fD\u0130<\/strong><\/p>\n<p style=\"text-align: justify;\">\u018fcn\u0259bil\u0259r v\u0259 xaricd\u0259 ya\u015fayan italyanlar, konsullu\u011fa laz\u0131mi s\u0259n\u0259dl\u0259rl\u0259 birlikd\u0259 \u0259riz\u0259 formas\u0131 t\u0259qdim ed\u0259r\u0259k, \u0130taliyadak\u0131 universitetl\u0259r\u0259 m\u00fcraci\u0259t ed\u0259 bil\u0259rl\u0259r. Bu s\u0259n\u0259dl\u0259r, xaricd\u0259 \u0259ld\u0259 olunan t\u0259hsil haqq\u0131nda s\u0259n\u0259din qiym\u0259tl\u0259ndirilm\u0259sin\u0259 \u0259sas\u0259n s\u0259lahiyy\u0259tli italyan qurumlar\u0131 t\u0259r\u0259find\u0259n t\u0259sdiql\u0259nm\u0259lidir. Konsullu\u011fun t\u0259l\u0259b\u0259 \u015f\u00f6b\u0259si, T\u0259sdiq s\u0259n\u0259dinin verilm\u0259si \u00fc\u00e7\u00fcn, orta ixtias haqq\u0131nda al\u0131nan s\u0259n\u0259din universitet\u0259 q\u0259bul \u00fc\u00e7\u00fcn uy\u011funlu\u011funu yoxlamal\u0131 v\u0259 t\u0259sdiql\u0259m\u0259lidir.<\/p>\n<p style=\"text-align: justify;\">\n<p style=\"text-align: justify;\"><strong>\u201cDichiarazione di Valore\u201d &#8211; DOV s\u0259n\u0259dini \u0259ld\u0259 etm\u0259k \u00fc\u00e7\u00fcn laz\u0131m olan s\u0259n\u0259dl\u0259rin siyah\u0131s\u0131<\/strong><\/p>\n<p style=\"text-align: justify;\">-Yerli orta m\u0259kt\u0259b s\u0259n\u0259di (Attestat)<br \/>\nA. S\u0259n\u0259din \u0259sli Xarici \u0130\u015fl\u0259r Nazirliyinin Konsulluq \u0130dar\u0259si t\u0259r\u0259find\u0259n apostill\u0259 r\u0259smil\u0259\u015fdirilm\u0259lidir;<br \/>\nB. S\u0259n\u0259d italyan dilin\u0259 (ingilis dilin\u0259 deyil) t\u0259rc\u00fcm\u0259 edilm\u0259li v\u0259 \u018fdliyy\u0259 Nazirliyi t\u0259r\u0259find\u0259n apostill\u0259 r\u0259smil\u0259\u015fdirilm\u0259lidir.<\/p>\n<p style=\"text-align: justify;\">-Yerli universitet diplomu v\u0259 transkript<br \/>\nA. S\u0259n\u0259dl\u0259rin \u0259sli Xarici \u0130\u015fl\u0259r Nazirliyinin Konsulluq \u0130dar\u0259si t\u0259r\u0259find\u0259n apostill\u0259 r\u0259smil\u0259\u015fdirilm\u0259lidir;<br \/>\nB. S\u0259n\u0259dl\u0259r italyan dilin\u0259 (ingilis dilin\u0259 deyil) t\u0259rc\u00fcm\u0259 edilm\u0259li v\u0259 \u018fdliyy\u0259 Nazirliyi t\u0259r\u0259find\u0259n apostill\u0259 r\u0259smil\u0259\u015fdirilm\u0259lidir.<\/p>\n<p style=\"text-align: justify;\">*<strong>Yuxar\u0131da g\u00f6st\u0259ril\u0259n b\u00fct\u00fcn s\u0259n\u0259dl\u0259rd\u0259n \u0259lav\u0259 bir n\u00fcsx\u0259 g\u0259tirilm\u0259lidir<\/strong>.<\/p>\n<p style=\"text-align: justify;\">Pasportun sur\u0259ti, viza v\u0259 \u015f\u0259xsiyy\u0259t v\u0259siq\u0259sinin sur\u0259ti<\/p>\n<p style=\"text-align: justify;\">\u201cUniversitaly\u201d-portal\u0131ndan qeydiyyat s\u0259n\u0259di<\/p>\n<p style=\"text-align: justify;\">\u201cDichiarazione di Valore\u201d (DOV) s\u0259n\u0259din\u0259 alternativ olaraq, Universitetl\u0259r t\u0259r\u0259find\u0259n icaz\u0259 verildiyi t\u0259qdird\u0259, t\u0259l\u0259b\u0259l\u0259r CIMEA veb-sayt\u0131 (T\u0259hsil, Universitet v\u0259 T\u0259dqiqat Nazirliyi t\u0259r\u0259find\u0259n idar\u0259 olunur) vasit\u0259sil\u0259 ekvivalent b\u0259yannam\u0259ni \u0259ld\u0259 ed\u0259 bil\u0259rl\u0259r. S\u0259firlik CIMEA vasit\u0259sil\u0259 olan prosedura g\u00f6r\u0259 m\u0259suliyy\u0259t da\u015f\u0131m\u0131r.<\/p>\n<p style=\"text-align: justify;\">\n<\/div>\n","protected":false},"excerpt":{"rendered":"T\u018fSD\u0130Q S\u018fN\u018fD\u0130 \u018fcn\u0259bil\u0259r v\u0259 xaricd\u0259 ya\u015fayan italyanlar, konsullu\u011fa laz\u0131mi s\u0259n\u0259dl\u0259rl\u0259 birlikd\u0259 \u0259riz\u0259 formas\u0131 t\u0259qdim ed\u0259r\u0259k, \u0130taliyadak\u0131 universitetl\u0259r\u0259 m\u00fcraci\u0259t ed\u0259 bil\u0259rl\u0259r. Bu s\u0259n\u0259dl\u0259r, xaricd\u0259 \u0259ld\u0259 olunan t\u0259hsil haqq\u0131nda s\u0259n\u0259din qiym\u0259tl\u0259ndirilm\u0259sin\u0259 \u0259sas\u0259n s\u0259lahiyy\u0259tli italyan qurumlar\u0131 t\u0259r\u0259find\u0259n t\u0259sdiql\u0259nm\u0259lidir. Konsullu\u011fun t\u0259l\u0259b\u0259 \u015f\u00f6b\u0259si, T\u0259sdiq s\u0259n\u0259dinin verilm\u0259si \u00fc\u00e7\u00fcn, orta ixtias haqq\u0131nda al\u0131nan s\u0259n\u0259din universitet\u0259 q\u0259bul \u00fc\u00e7\u00fcn uy\u011funlu\u011funu yoxlamal\u0131 v\u0259 t\u0259sdiql\u0259m\u0259lidir. \u201cDichiarazione [&hellip;]","protected":false},"author":5,"featured_media":0,"parent":183,"menu_order":0,"comment_status":"closed","ping_status":"closed","template":"","meta":{"footnotes":""},"class_list":["post-750","page","type-page","status-publish","hentry"],"_links":{"self":[{"href":"https:\/\/ambbaku.esteri.it\/az\/wp-json\/wp\/v2\/pages\/750","targetHints":{"allow":["GET"]}}],"collection":[{"href":"https:\/\/ambbaku.esteri.it\/az\/wp-json\/wp\/v2\/pages"}],"about":[{"href":"https:\/\/ambbaku.esteri.it\/az\/wp-json\/wp\/v2\/types\/page"}],"author":[{"embeddable":true,"href":"https:\/\/ambbaku.esteri.it\/az\/wp-json\/wp\/v2\/users\/5"}],"replies":[{"embeddable":true,"href":"https:\/\/ambbaku.esteri.it\/az\/wp-json\/wp\/v2\/comments?post=750"}],"version-history":[{"count":1,"href":"https:\/\/ambbaku.esteri.it\/az\/wp-json\/wp\/v2\/pages\/750\/revisions"}],"predecessor-version":[{"id":751,"href":"https:\/\/ambbaku.esteri.it\/az\/wp-json\/wp\/v2\/pages\/750\/revisions\/751"}],"up":[{"embeddable":true,"href":"https:\/\/ambbaku.esteri.it\/az\/wp-json\/wp\/v2\/pages\/183"}],"wp:attachment":[{"href":"https:\/\/ambbaku.esteri.it\/az\/wp-json\/wp\/v2\/media?parent=750"}],"curies":[{"name":"wp","href":"https:\/\/api.w.org\/{rel}","templated":true}]}}