{"id":760,"date":"2023-09-28T15:34:16","date_gmt":"2023-09-28T11:34:16","guid":{"rendered":"https:\/\/ambbaku.esteri.it\/?page_id=760"},"modified":"2023-09-28T15:37:48","modified_gmt":"2023-09-28T11:37:48","slug":"f%c9%99aliyy%c9%99t","status":"publish","type":"page","link":"https:\/\/ambbaku.esteri.it\/az\/italia-e-azerbaigian\/cooperazione-allo-sviluppo\/f%c9%99aliyy%c9%99t\/","title":{"rendered":"F\u0259aliyy\u0259t"},"content":{"rendered":"<p style=\"text-align: justify;\">S\u0259hiyy\u0259 \u0259m\u0259kda\u015fl\u0131\u011f\u0131 sah\u0259sind\u0259, nazirl\u0259r Fatsio v\u0259 \u015eir\u0259liyev t\u0259r\u0259find\u0259n 2010-cu ild\u0259 imzalanan Anla\u015fma Memorandumu, s\u0259hiyy\u0259 v\u0259 tibb elml\u0259ri sah\u0259sind\u0259 ikit\u0259r\u0259fli \u0259laq\u0259l\u0259rin inki\u015faf etdirilm\u0259si, qar\u015f\u0131l\u0131ql\u0131 m\u0259lumat m\u00fcbadil\u0259si, t\u0259cr\u00fcb\u0259 v\u0259 \u0259m\u0259kda\u015fl\u0131q proqramlar\u0131n\u0131n t\u0259\u015fviqi, birg\u0259 \u0259m\u0259kda\u015fl\u0131q proqramlar\u0131n\u0131n ke\u00e7irilm\u0259sini h\u0259d\u0259fl\u0259yir. Bununla da, birg\u0259 qabaqc\u0131l t\u0259cr\u00fcb\u0259l\u0259rd\u0259n yararlanaraq,milli standartlar\u0131n Avropa standartlar\u0131na uy\u011funla\u015fd\u0131r\u0131lmas\u0131, t\u0259lim turlar\u0131 v\u0259 birg\u0259 seminarlar vasit\u0259sil\u0259 t\u0259lim, texniki v\u0259 t\u0259\u015fkilati bacar\u0131qlar\u0131n inki\u015faf\u0131 s\u00fcr\u0259tl\u0259n\u0259c\u0259k. \u00dcmumi koordinasiya \u00e7\u0259r\u00e7iv\u0259sind\u0259 prioritetl\u0259ri qiym\u0259tl\u0259ndir\u0259r\u0259k, \u0259m\u0259kda\u015fl\u0131q f\u0259aliyy\u0259t planlar\u0131n\u0131 haz\u0131rlayan Birg\u0259 i\u015f\u00e7i qrupu da yarad\u0131ld\u0131.<\/p>\n<p style=\"text-align: justify;\">S\u00f6z\u00fcged\u0259n m\u00fcqavil\u0259nin icras\u0131 \u00e7\u0259r\u00e7iv\u0259sind\u0259, aprel ay\u0131nda italyan n\u00fcmay\u0259nd\u0259 hey\u0259tinin s\u0259f\u0259ri ba\u015f tutdu v\u0259 bu m\u00fcdd\u0259t \u0259rzind\u0259 Az\u0259rbaycan Milli Onkologiya M\u0259rk\u0259zi il\u0259 b\u0259zi sazi\u015fl\u0259r imzaland\u0131<\/p>\n<p style=\"text-align: justify;\">S\u00f6z\u00fcged\u0259n m\u00fcqavil\u0259nin icras\u0131 \u00e7\u0259r\u00e7iv\u0259sind\u0259, aprel ay\u0131nda italyan n\u00fcmay\u0259nd\u0259 hey\u0259tinin s\u0259f\u0259ri ba\u015f tutdu v\u0259 bu m\u00fcdd\u0259t \u0259rzind\u0259 Az\u0259rbaycan Milli Onkologiya M\u0259rk\u0259zi il\u0259 b\u0259zi sazi\u015fl\u0259r imzaland\u0131.<\/p>\n<ul style=\"text-align: justify;\">\n<li>Hemoblastozun diaqnozu v\u0259 m\u00fcalic\u0259si haqq\u0131nda S. Raffaele \u0130nstitutu il\u0259;<\/li>\n<li>B\u0259dxass\u0259li \u015fi\u015fl\u0259rin qar\u015f\u0131s\u0131n\u0131n al\u0131nmas\u0131, diaqnozu v\u0259 m\u00fcalic\u0259si \u00fczr\u0259 Milli X\u0259r\u00e7\u0259ng \u0130nstitutu il\u0259;<\/li>\n<li>B\u0259dxass\u0259li \u015fi\u015fl\u0259rin rentgenoloji diaqnostikas\u0131 v\u0259 radioterapiyas\u0131 \u00fczr\u0259 Niguarda X\u0259st\u0259xanas\u0131 il\u0259;<\/li>\n<\/ul>\n<p style=\"text-align: justify;\">\n<p style=\"text-align: justify;\">Az\u0259rbaycan S\u0259hiyy\u0259 Nazirliyinin Hematologiya v\u0259 Transf\u00fcziya \u0130nstitutu il\u0259 a\u015fa\u011f\u0131dak\u0131 m\u00fcqavil\u0259 imzalanm\u0131\u015fd\u0131r:<\/p>\n<ul style=\"text-align: justify;\">\n<li>S. Raffaele \u0130nstitutu il\u0259 hematoloji x\u0259st\u0259likl\u0259rin diaqnozu v\u0259 m\u00fcalic\u0259si;<\/li>\n<\/ul>\n<p style=\"text-align: justify;\">\n<p style=\"text-align: justify;\">Bak\u0131da tibb sah\u0259si il\u0259 a\u015fa\u011f\u0131dak\u0131 m\u00fcqavil\u0259l\u0259r imzalanm\u0131\u015fd\u0131r:<\/p>\n<ul>\n<li style=\"text-align: justify;\">T\u0259dqiqat v\u0259 t\u0259lim f\u0259aliyy\u0259tl\u0259ri \u00fc\u00e7\u00fcn kadr m\u00fcbadil\u0259si yolu il\u0259 \u0259m\u0259kda\u015fl\u0131q \u00fc\u00e7\u00fcn Milli X\u0259r\u00e7\u0259ng \u0130nstitutu il\u0259:<\/li>\n<li style=\"text-align: justify;\">Aral\u0131q d\u0259nizi Hematologiya \u0130nstitutu il\u0259 \u0259m\u0259kda\u015fl\u0131q \u00fc\u00e7\u00fcn, yuxar\u0131da g\u00f6st\u0259ril\u0259n \u015f\u0259kild\u0259, talassemiya v\u0259 oraq h\u00fcceyr\u0259 anemiyas\u0131ndan yaranan s\u00fcm\u00fck iliyi transplantasiyas\u0131 sah\u0259sind\u0259.<\/li>\n<\/ul>\n","protected":false},"excerpt":{"rendered":"S\u0259hiyy\u0259 \u0259m\u0259kda\u015fl\u0131\u011f\u0131 sah\u0259sind\u0259, nazirl\u0259r Fatsio v\u0259 \u015eir\u0259liyev t\u0259r\u0259find\u0259n 2010-cu ild\u0259 imzalanan Anla\u015fma Memorandumu, s\u0259hiyy\u0259 v\u0259 tibb elml\u0259ri sah\u0259sind\u0259 ikit\u0259r\u0259fli \u0259laq\u0259l\u0259rin inki\u015faf etdirilm\u0259si, qar\u015f\u0131l\u0131ql\u0131 m\u0259lumat m\u00fcbadil\u0259si, t\u0259cr\u00fcb\u0259 v\u0259 \u0259m\u0259kda\u015fl\u0131q proqramlar\u0131n\u0131n t\u0259\u015fviqi, birg\u0259 \u0259m\u0259kda\u015fl\u0131q proqramlar\u0131n\u0131n ke\u00e7irilm\u0259sini h\u0259d\u0259fl\u0259yir. Bununla da, birg\u0259 qabaqc\u0131l t\u0259cr\u00fcb\u0259l\u0259rd\u0259n yararlanaraq,milli standartlar\u0131n Avropa standartlar\u0131na uy\u011funla\u015fd\u0131r\u0131lmas\u0131, t\u0259lim turlar\u0131 v\u0259 birg\u0259 seminarlar vasit\u0259sil\u0259 t\u0259lim, texniki v\u0259 t\u0259\u015fkilati [&hellip;]","protected":false},"author":5,"featured_media":0,"parent":193,"menu_order":0,"comment_status":"closed","ping_status":"closed","template":"","meta":{"footnotes":""},"class_list":["post-760","page","type-page","status-publish","hentry"],"_links":{"self":[{"href":"https:\/\/ambbaku.esteri.it\/az\/wp-json\/wp\/v2\/pages\/760","targetHints":{"allow":["GET"]}}],"collection":[{"href":"https:\/\/ambbaku.esteri.it\/az\/wp-json\/wp\/v2\/pages"}],"about":[{"href":"https:\/\/ambbaku.esteri.it\/az\/wp-json\/wp\/v2\/types\/page"}],"author":[{"embeddable":true,"href":"https:\/\/ambbaku.esteri.it\/az\/wp-json\/wp\/v2\/users\/5"}],"replies":[{"embeddable":true,"href":"https:\/\/ambbaku.esteri.it\/az\/wp-json\/wp\/v2\/comments?post=760"}],"version-history":[{"count":1,"href":"https:\/\/ambbaku.esteri.it\/az\/wp-json\/wp\/v2\/pages\/760\/revisions"}],"predecessor-version":[{"id":761,"href":"https:\/\/ambbaku.esteri.it\/az\/wp-json\/wp\/v2\/pages\/760\/revisions\/761"}],"up":[{"embeddable":true,"href":"https:\/\/ambbaku.esteri.it\/az\/wp-json\/wp\/v2\/pages\/193"}],"wp:attachment":[{"href":"https:\/\/ambbaku.esteri.it\/az\/wp-json\/wp\/v2\/media?parent=760"}],"curies":[{"name":"wp","href":"https:\/\/api.w.org\/{rel}","templated":true}]}}