{"id":765,"date":"2023-09-28T15:43:36","date_gmt":"2023-09-28T11:43:36","guid":{"rendered":"https:\/\/ambbaku.esteri.it\/?page_id=765"},"modified":"2023-09-28T15:44:15","modified_gmt":"2023-09-28T11:44:15","slug":"az%c9%99rbaycanda-dovl%c9%99t-qurumlari","status":"publish","type":"page","link":"https:\/\/ambbaku.esteri.it\/az\/az%c9%99rbaycanda-dovl%c9%99t-qurumlari\/","title":{"rendered":"Az\u0259rbaycanda D\u00f6vl\u0259t qurumlar\u0131"},"content":{"rendered":"<p><strong>Az\u0259rbaycan Respublikas\u0131n\u0131n Prezidenti\u2028 <a href=\"http:\/\/www.president.az\">http:\/\/www.president.az<\/a><\/strong><\/p>\n<p><strong>Az\u0259rbaycan Respublikas\u0131n\u0131n Birinci Xan\u0131m\u0131 <a href=\"http:\/\/www.mehriban-aliyeva.org\/\">\u2028http:\/\/www.mehriban-aliyeva.org<\/a><\/strong><\/p>\n<p><strong>Xarici \u0130\u015fl\u0259r Nazirliyi: <a href=\"http:\/\/www.mfa.gov.az\">http:\/\/www.mfa.gov.az<\/a><\/strong><\/p>\n<p><strong>Daxili \u0130\u015fl\u0259r Nazirliyi: <a href=\"http:\/\/www.din.gov.az\">http:\/\/www.din.gov.az<\/a><\/strong><\/p>\n<p><strong>\u018fdliyy\u0259 Nazirliyi: <a href=\"http:\/\/www.justice.gov.az\">http:\/\/www.justice.gov.az<\/a><\/strong><\/p>\n<p><strong>Milli T\u0259hl\u00fck\u0259sizlik Nazirliyi: <a href=\"http:\/\/www.mns.gov.az\">http:\/\/www.mns.gov.az<\/a><\/strong><\/p>\n<p><strong>\u0130qtisadi \u0130nki\u015faf Nazirliyi: <a href=\"http:\/\/www.economy.gov.az\">http:\/\/www.economy.gov.az<\/a><\/strong><\/p>\n<p><strong>Rabit\u0259 Nazirliyi: \u2028<a href=\"http:\/\/www.mincom.gov.az\/\">http:\/\/www.mincom.gov.az<\/a><\/strong><\/p>\n<p><strong>Maliyy\u0259 Nazirliyi \u2028<a href=\"http:\/\/www.maliyye.gov.az\/\">http:\/\/www.maliyye.gov.az<\/a><\/strong><\/p>\n<p><strong>S\u0259hiyy\u0259 Nazirliyi: <a href=\"http:\/\/www.mednet.az\">http:\/\/www.mednet.az<\/a><\/strong><\/p>\n<p><strong>\u018fm\u0259k Nazirliyi: \u2028<a href=\"http:\/\/www.mlspp.gov.az\/\">http:\/\/www.mlspp.gov.az<\/a><\/strong><\/p>\n<p><strong>T\u0259hsil Nazirliyi: <a href=\"http:\/\/www.edu.gov.az\">http:\/\/www.edu.gov.az<\/a><\/strong><\/p>\n<p><strong>Vergil\u0259r Nazirliyi: <a href=\"http:\/\/www.taxes.gov.az\">http:\/\/www.taxes.gov.az<\/a><\/strong><\/p>\n<p><strong>G\u0259ncl\u0259r v\u0259 \u0130dman Nazirliyi: <a href=\"http:\/\/www.mys.gov.az\">http:\/\/www.mys.gov.az<\/a><\/strong><\/p>\n<p><strong>\u018ftraf M\u00fchit Nazirliyi: \u2028<a href=\"http:\/\/www.eco.gov.az\/\">http:\/\/www.eco.gov.az<\/a><\/strong><\/p>\n<p><strong>Ail\u0259, Qad\u0131n v\u0259 U\u015faq probleml\u0259ri \u00fczr\u0259 D\u00f6vl\u0259t komit\u0259si: <a href=\"http:\/\/www.scfwca.gov.az\">http:\/\/www.scfwca.gov.az<\/a><\/strong><\/p>\n<p><strong>Statistika Komit\u0259si: \u2028<a href=\"http:\/\/www.stat.gov.az\/\">http:\/\/www.stat.gov.az<\/a><\/strong><\/p>\n<p><strong>G\u00f6mr\u00fck Komit\u0259si: <a href=\"http:\/\/www.customs.gov.az\">http:\/\/www.customs.gov.az<\/a><\/strong><\/p>\n<p><strong>Milli M\u0259clis: <a href=\"http:\/\/www.meclis.gov.az\">http:\/\/www.meclis.gov.az<\/a><\/strong><\/p>\n<p><strong>Ombudsman aparat\u0131: \u2028<a href=\"http:\/\/www.ombudsman.gov.az\/\">http:\/\/www.ombudsman.gov.az<\/a><\/strong><\/p>\n<p><strong>Konstitusiya M\u0259hk\u0259m\u0259si\u2028 <a href=\"http:\/\/www.constcourt.gov.az\">http:\/\/www.constcourt.gov.az<\/a><\/strong><\/p>\n<p><strong>M\u0259rk\u0259zi Se\u00e7ki Komit\u0259si: <a href=\"http:\/\/www.cec.gov.az\/\">\u2028http:\/\/www.cec.gov.az<\/a><\/strong><\/p>\n<p><strong>Hesablama Palatas\u0131: \u2028<a href=\"http:\/\/www.ach.gov.az\/\">http:\/\/www.ach.gov.az<\/a><\/strong><\/p>\n<p><strong>D\u00f6vl\u0259t Neft \u015eirk\u0259ti (SOCAR): <a href=\"http:\/\/www.socar.gov.az\">http:\/\/www.socar.gov.az<\/a><\/strong><\/p>\n<p><strong>M\u0259rk\u0259zi Bank:\u2028 <a href=\"http:\/\/www.cbar.az\">http:\/\/www.cbar.az<\/a><\/strong><\/p>\n<p><strong>Heyd\u0259r \u018fliyev Fondu: \u2028<a href=\"http:\/\/www.heydar-aliyev-foundation.org\/\">http:\/\/www.heydar-aliyev-foundation.org<\/a><\/strong><\/p>\n","protected":false},"excerpt":{"rendered":"Az\u0259rbaycan Respublikas\u0131n\u0131n Prezidenti\u2028 http:\/\/www.president.az Az\u0259rbaycan Respublikas\u0131n\u0131n Birinci Xan\u0131m\u0131 \u2028http:\/\/www.mehriban-aliyeva.org Xarici \u0130\u015fl\u0259r Nazirliyi: http:\/\/www.mfa.gov.az Daxili \u0130\u015fl\u0259r Nazirliyi: http:\/\/www.din.gov.az \u018fdliyy\u0259 Nazirliyi: http:\/\/www.justice.gov.az Milli T\u0259hl\u00fck\u0259sizlik Nazirliyi: http:\/\/www.mns.gov.az \u0130qtisadi \u0130nki\u015faf Nazirliyi: http:\/\/www.economy.gov.az Rabit\u0259 Nazirliyi: \u2028http:\/\/www.mincom.gov.az Maliyy\u0259 Nazirliyi \u2028http:\/\/www.maliyye.gov.az S\u0259hiyy\u0259 Nazirliyi: http:\/\/www.mednet.az \u018fm\u0259k Nazirliyi: \u2028http:\/\/www.mlspp.gov.az T\u0259hsil Nazirliyi: http:\/\/www.edu.gov.az Vergil\u0259r Nazirliyi: http:\/\/www.taxes.gov.az G\u0259ncl\u0259r v\u0259 \u0130dman Nazirliyi: http:\/\/www.mys.gov.az \u018ftraf M\u00fchit Nazirliyi: \u2028http:\/\/www.eco.gov.az [&hellip;]","protected":false},"author":5,"featured_media":0,"parent":0,"menu_order":0,"comment_status":"closed","ping_status":"closed","template":"","meta":{"footnotes":""},"class_list":["post-765","page","type-page","status-publish","hentry"],"_links":{"self":[{"href":"https:\/\/ambbaku.esteri.it\/az\/wp-json\/wp\/v2\/pages\/765","targetHints":{"allow":["GET"]}}],"collection":[{"href":"https:\/\/ambbaku.esteri.it\/az\/wp-json\/wp\/v2\/pages"}],"about":[{"href":"https:\/\/ambbaku.esteri.it\/az\/wp-json\/wp\/v2\/types\/page"}],"author":[{"embeddable":true,"href":"https:\/\/ambbaku.esteri.it\/az\/wp-json\/wp\/v2\/users\/5"}],"replies":[{"embeddable":true,"href":"https:\/\/ambbaku.esteri.it\/az\/wp-json\/wp\/v2\/comments?post=765"}],"version-history":[{"count":1,"href":"https:\/\/ambbaku.esteri.it\/az\/wp-json\/wp\/v2\/pages\/765\/revisions"}],"predecessor-version":[{"id":766,"href":"https:\/\/ambbaku.esteri.it\/az\/wp-json\/wp\/v2\/pages\/765\/revisions\/766"}],"wp:attachment":[{"href":"https:\/\/ambbaku.esteri.it\/az\/wp-json\/wp\/v2\/media?parent=765"}],"curies":[{"name":"wp","href":"https:\/\/api.w.org\/{rel}","templated":true}]}}