{"id":773,"date":"2023-09-20T14:15:46","date_gmt":"2023-09-20T10:15:46","guid":{"rendered":"https:\/\/ambbaku.esteri.it\/?page_id=773"},"modified":"2023-09-28T15:48:42","modified_gmt":"2023-09-28T11:48:42","slug":"qeydiyyat","status":"publish","type":"page","link":"https:\/\/ambbaku.esteri.it\/az\/servizi-consolari-e-visti\/servizi-per-il-cittadino-italiano\/qeydiyyat\/","title":{"rendered":"Qeydiyyat"},"content":{"rendered":"<p>Xaricd\u0259 ya\u015fayan italyanlar\u0131n reyestrin\u0259 dair, \u0130taliyan\u0131n konsulluq idar\u0259l\u0259rind\u0259 h\u0259yata ke\u00e7iril\u0259n\u202f prosedurlara x\u00fcsusi istinad ed\u0259r\u0259k, m\u00f6vcud m\u0259lumatlara Xarici \u0130\u015fl\u0259r v\u0259 Beyn\u0259lxalq \u018fm\u0259kda\u015fl\u0131q Nazirliyinin veb sayt\u0131ndak\u0131 linkd\u0259n daxil ola bil\u0259rsiniz:<\/p>\n<p>AIRE &#8211;<a href=\"https:\/\/www.esteri.it\/mae\/it\/servizi\/italiani-all-estero\/aire_0.html\"> Xarici \u0130\u015fl\u0259r v\u0259 Beyn\u0259lxalq \u018fm\u0259kda\u015fl\u0131q Nazirliyinin veb sayt\u0131ndak\u0131 m\u0259lumatlar<\/a><\/p>\n<p><strong>Fast-it Portal\u0131<\/strong>\u202f haqq\u0131nda \u0259trafl\u0131\u202f m\u0259lumat \u00fc\u00e7\u00fcn <a href=\"https:\/\/serviziconsolari.esteri.it\/ScoFE\/index.sco\">bu s\u0259hif\u0259y\u0259<\/a> bax\u0131n.<\/p>\n<p>&nbsp;<\/p>\n<p><strong>2. AIRE-y\u0259\u202f QEYD\u0130YYATI\u202f N\u018fZ\u018fRD\u018f TUTULAN \u015e\u018fXSL\u018fR<\/strong><\/p>\n<p><strong>A\u0130RE-d\u0259 qeydiyyatdan ke\u00e7m\u0259k a\u015fa\u011f\u0131dak\u0131 hallarda A\u0130RE-nin t\u0259sis etdiyi \u0259sasnam\u0259 il\u0259\u202f m\u00fc\u0259yy\u0259n edilmi\u015f bir \u00f6hd\u0259likdir:<\/strong><\/p>\n<p>\u00b7 \u0130taliya v\u0259t\u0259nda\u015f\u0131s\u0131n\u0131zsa v\u0259 on iki aydan \u00e7ox m\u00fcdd\u0259t\u0259 xaric\u0259 ya\u015famaq niyy\u0259tind\u0259sinizs\u0259;<\/p>\n<p>\u00b7 xaricd\u0259 do\u011fulmu\u015f v\u0259 h\u0259mi\u015f\u0259 \u0130taliya \u0259razisind\u0259n k\u0259narda ya\u015fam\u0131\u015f italyan v\u0259t\u0259nda\u015f\u0131s\u0131n\u0131zsa;<\/p>\n<p>\u00b7 Xaricd\u0259 \u0130taliya v\u0259t\u0259nda\u015fl\u0131\u011f\u0131n\u0131 q\u0259bul etmisinizs\u0259.<\/p>\n<p>A\u015fa\u011f\u0131dak\u0131 hallarda\u202f A\u0130RE-d\u0259 qeydiyyatdan ke\u00e7m\u0259k t\u0259l\u0259b olunmur;<\/p>\n<p>\u00b7 On iki aydan az m\u00fcdd\u0259t\u0259 xaric\u0259 ged\u0259n v\u0259t\u0259nda\u015flar;<\/p>\n<p>\u00b7 M\u00f6vs\u00fcmi i\u015f \u00fc\u00e7\u00fcn xaric\u0259 ged\u0259n v\u0259t\u0259nda\u015flar;<\/p>\n<p>\u00b7 Diplomatik v\u0259 Konsulluq M\u00fcnasib\u0259tl\u0259rin\u0259 dair Vyana Konvensiyalar\u0131 \u00e7\u0259r\u00e7iv\u0259sind\u0259 yerli hakimiyy\u0259t orqanlar\u0131na m\u0259lumat vermi\u015f, xaricd\u0259 xidm\u0259t g\u00f6st\u0259r\u0259n d\u00f6vl\u0259t qulluq\u00e7ular\u0131 v\u0259 onlarla birlikd\u0259 ya\u015fayan \u015f\u0259xsl\u0259r;<\/p>\n<p>\u00b7 NATO-nun xaricd\u0259 yerl\u0259\u015f\u0259n ofis v\u0259 m\u00fc\u0259ssis\u0259l\u0259rind\u0259 xidm\u0259t g\u00f6st\u0259r\u0259n italyan h\u0259rb\u00e7il\u0259ri.<\/p>\n<p>&nbsp;<\/p>\n<p><strong>Ba\u015fqa bir konsulluq \u015f\u00f6b\u0259sind\u0259n\u202f A\u0130RE-y\u0259 k\u00f6\u00e7\u00fcr\u00fclm\u0259<\/strong><\/p>\n<p>Art\u0131q A\u0130RE-d\u0259 qeydiyyatdan ke\u00e7mi\u015f v\u0259 ba\u015fqa bir konsulluq \u0259razisind\u0259n g\u0259l\u0259n \u0130taliya v\u0259t\u0259nda\u015flar\u0131, Z\u018fRUR\u0130 S\u018fN\u018fDL\u018fR adl\u0131 3-c\u00fc b\u0259ndd\u0259 g\u00f6st\u0259ril\u0259n s\u0259n\u0259dl\u0259ri y\u00fckl\u0259y\u0259r\u0259k, modulda g\u0259ldiyi \u00f6lk\u0259nin\u202f S\u0259firliyini v\u0259 ya Konsullu\u011funu qeyd etm\u0259kl\u0259,\u202f <strong>FAST-IT Portal\u0131<\/strong> vasit\u0259si il\u0259 \u0130taliyan\u0131n Bak\u0131dak\u0131 s\u0259firliyinin Konsulluq \u0130dar\u0259sin\u0259 k\u00f6\u00e7\u00fcr\u00fclm\u0259 haqq\u0131nda m\u0259lumat verm\u0259lidirl\u0259r. Bununla yana\u015f\u0131,, FAST-IT Portal\u0131ndan istifad\u0259 etm\u0259k m\u00fcmk\u00fcn olmad\u0131\u011f\u0131 t\u0259qdird\u0259, s\u0259n\u0259dl\u0259ri elektron po\u00e7t vasit\u0259sil\u0259 (baku.consolare@esteri.it) \u00fcnvan\u0131na g\u00f6nd\u0259rm\u0259k m\u00fcmk\u00fcnd\u00fcr.<\/p>\n<p>&nbsp;<\/p>\n<p><strong>3. Z\u018fRUR\u0130 S\u018fN\u018fDL\u018fR V\u018f M\u00dcRAC\u0130\u018fT FORMASI<\/strong><\/p>\n<p>A.\u0130.R.E.-d\u0259 qeydiyyat daimi ya\u015fay\u0131\u015f yerini t\u0259rk etdikd\u0259n <strong>sonra 90 g\u00fcn \u0259rzind\u0259 edilm\u0259lidir.<\/strong><\/p>\n<p><strong>A\u0130RE-d\u0259 qeydiyyatdan ke\u00e7m\u0259k \u00fc\u00e7\u00fcn a\u015fa\u011f\u0131da qeyd olunan s\u0259n\u0259dl\u0259ri t\u0259qdim etm\u0259k laz\u0131md\u0131r:<\/strong><\/p>\n<p>1. M\u00fcvafiq qaydada doldurulmu\u015f v\u0259 imzalanm\u0131\u015f qeydiyyat \u00fc\u00e7\u00fcn m\u00fcraci\u0259t <a href=\"https:\/\/ambbaku.esteri.it\/ambasciata_baku\/resource\/doc\/2020\/06\/modulo_iscrizione_aire.doc\">(A\u0130RE\u2013 y\u0259 qeydiyyat\u202f formas\u0131)<\/a>;<\/p>\n<p>2. Az\u0259rbaycanda ya\u015fad\u0131\u011f\u0131n\u0131 t\u0259sdiql\u0259y\u0259n s\u0259n\u0259dl\u0259r, \u202fm\u0259s\u0259l\u0259n, ya\u015fay\u0131\u015f haqq\u0131nda v\u0259 ya \u0259riz\u0259\u00e7inin ad\u0131na olan su, elektrik, qaz v\u0259 ya b\u0259l\u0259diyy\u0259 vergil\u0259ri haqq\u0131nda s\u0259n\u0259d. Az\u0259rbaycana\u202f uzunm\u00fcdd\u0259tli giri\u015f vizas\u0131 da ya\u015fay\u0131\u015f haqq\u0131nda\u202f s\u00fcbut kimi q\u0259bul edilir;<\/p>\n<p>3. Pasport: foto\u015f\u0259kil, imza v\u0259 s\u0259n\u0259d ver\u0259n orqan\u0131n ad\u0131 olan s\u0259hif\u0259l\u0259rin sur\u0259ti.<\/p>\n<p>A.I.R.E.-d\u0259 qeydiyyatdan ke\u00e7m\u0259k \u00fc\u00e7\u00fcn h\u0259ddi-bulu\u011fa \u00e7atm\u0131\u015f italyan\u202f v\u0259t\u0259nda\u015f\u0131 m\u00fcraci\u0259t formas\u0131n\u0131\u202f \u00f6z\u00fcv\u0259 himay\u0259sind\u0259 olan\u202f \u015f\u0259xsl\u0259r \u00fc\u00e7\u00fcn t\u0259qdim etm\u0259lidir.<\/p>\n<p><strong>Qeydiyyat apar\u0131la bil\u0259r:<\/strong><\/p>\n<p>a) FAST-IT Portal\u0131 vasit\u0259sil\u0259<\/p>\n<p>b) e-mail vasit\u0259sil\u0259 <a href=\"mailto:baku.consolare@esteri.it\">baku.consolare@esteri.it<\/a><\/p>\n<p><strong>S\u0259n\u0259dl\u0259ri pdf\u202f format\u0131nda g\u00f6nd\u0259rm\u0259yiniz xahi\u015f olunur.<\/strong><\/p>\n<p><strong>A\u0130RE-d\u0259 qeydiyyat pulsuzdur.<\/strong><\/p>\n<p>&nbsp;<\/p>\n<p><strong>4. M\u00dcDD\u018fT<\/strong><\/p>\n<p>A.\u0130.R.E. il\u0259 \u0259laq\u0259li b\u00fct\u00fcn m\u00fcraci\u0259tl\u0259r Fast-IT Portal\u0131 v\u0259 ya elektron po\u00e7t vasit\u0259sil\u0259 t\u0259qdim olunur.\u202f M\u00fcraci\u0259tl\u0259r, edildiyi tarixd\u0259n etibar\u0259n 30 i\u015f g\u00fcn\u00fc \u0259rzind\u0259 h\u0259yata ke\u00e7irilir.<\/p>\n<p>Bir v\u0259 ya daha \u00e7ox t\u0259l\u0259b olunan s\u0259n\u0259din olmamas\u0131 s\u0259b\u0259bind\u0259n natamam \u0259riz\u0259l\u0259r q\u0259bul oluna bilm\u0259z v\u0259 \u0259riz\u0259\u00e7i t\u0259r\u0259find\u0259n \u00e7at\u0131\u015fmayan s\u0259n\u0259dl\u0259r t\u0259qdim olunana q\u0259d\u0259r s\u0259n\u0259din i\u015fl\u0259nm\u0259 m\u00fcdd\u0259ti dayand\u0131r\u0131lacaqd\u0131r.<\/p>\n<p><strong>A\u0130RE -d\u0259 qeydiyyat\u0131n t\u0259sdiql\u0259nm\u0259si Konsulluq \u015f\u00f6b\u0259si t\u0259r\u0259find\u0259n deyil, xaricd\u0259 ya\u015fayan \u0259halinin reyestrinin m\u00fct\u0259madi apar\u0131lmas\u0131 \u00fc\u00e7\u00fcn s\u0259lahiyy\u0259tli orqan olan \u0130taliya B\u0259l\u0259diyy\u0259si t\u0259r\u0259find\u0259n h\u0259yata ke\u00e7iril\u0259c\u0259kdir.<\/strong><\/p>\n<p><strong>Buna g\u00f6r\u0259 d\u0259, maraql\u0131 t\u0259r\u0259fl\u0259rd\u0259n \u0130taliya B\u0259l\u0259diyy\u0259sind\u0259n m\u00fcvafiq bildiri\u015fi g\u00f6zl\u0259m\u0259l\u0259ri v\u0259 ya t\u0259sdiq \u00fc\u00e7\u00fcn birba\u015fa \u0130taliya B\u0259l\u0259diyy\u0259si il\u0259 \u0259laq\u0259 saxlamalar\u0131 xahi\u015f olunur. Laz\u0131mi bildiri\u015fi alma\u011f\u0131 v\u0259 sonrak\u0131 m\u0259rh\u0259l\u0259l\u0259ri\u202f asanla\u015fd\u0131rmaq \u00fc\u00e7\u00fcn h\u0259r zaman bir e-po\u00e7t \u00fcnvan\u0131 v\u0259 telefon n\u00f6mr\u0259si t\u0259qdim etm\u0259k laz\u0131md\u0131r.<\/strong><\/p>\n<p>Konsulluq \u015f\u00f6b\u0259sin\u0259 verilmi\u015f bildiri\u015fin (A\u0130RE-d\u0259 qeydiyyatla ba\u011fl\u0131 m\u00fcraci\u0259t) n\u0259tic\u0259l\u0259ri, qeydiyyat tamamland\u0131\u011f\u0131 t\u0259qdird\u0259, bildiri\u015fin t\u0259qdim olund\u011fu tarixid\u0259n etibar\u0259n q\u00fcvv\u0259y\u0259 minir.<\/p>\n<p>A\u0130RE-d\u0259 qeydiyyatdan ke\u00e7diyiniz t\u0259qdird\u0259, B\u0259l\u0259diyy\u0259nin \u018fhali Reyestrind\u0259n \u00e7\u0131xar\u0131lma n\u0259z\u0259rd\u0259 tutur.<\/p>\n<p>&nbsp;<\/p>\n<p><strong>5. QEYD\u0130YYATLA BA\u011eLI\u202f \u00d6HD\u018fL\u0130KL\u018fR<\/strong><\/p>\n<p>V\u0259t\u0259nda\u015flar, xaricd\u0259 olduqlar\u0131 m\u00fcdd\u0259td\u0259 ba\u015f ver\u0259n d\u0259yi\u015fiklikl\u0259 ba\u011fl\u0131 Konsulluq \u015e\u00f6b\u0259sini\u202f m\u0259lumatland\u0131rmal\u0131d\u0131rlar: \u00fcnvan d\u0259yi\u015fikliyi, k\u00f6\u00e7\u00fcr\u00fclm\u0259, v\u0259t\u0259n\u0259 qay\u0131tma, v\u0259t\u0259nda\u015fl\u0131q, ail\u0259 v\u0259ziyy\u0259tind\u0259ki d\u0259yi\u015fiklikl\u0259r (evlilik, bo\u015fanma, u\u015faq do\u011fulmas\u0131 v\u0259 ya ail\u0259nin bir \u00fczv\u00fcn\u00fcn \u00f6l\u00fcm\u00fc v\u0259 s.).<\/p>\n<p>Ya\u015fay\u0131\u015f \u00fcnvan\u0131na g\u0259ldikd\u0259, unutmay\u0131n ki, art\u0131q \u00fcnvan m\u00f6vcud deyils\u0259, g\u00f6nd\u0259ril\u0259n yaz\u0131\u015fmalar g\u00f6nd\u0259r\u0259n t\u0259r\u0259f\u0259 geri qay\u0131d\u0131r. \u202fKonsullu\u011fun q\u0259bul \u015f\u00f6b\u0259si, yenil\u0259nmi\u015f \u00fcnvan\u0131 \u0259ld\u0259 etm\u0259diyi t\u0259qdird\u0259, s\u0259lahiyy\u0259tli orqan olan \u0130taliya B\u0259l\u0259diyy\u0259sin\u0259, \u00fcnvan\u0131n tap\u0131lmamas\u0131 s\u0259b\u0259bind\u0259n AIRE t\u0259r\u0259find\u0259n l\u0259\u011fv edilm\u0259si \u00fc\u00e7\u00fcn r\u0259smi m\u0259lumat ver\u0259c\u0259kdir.<\/p>\n<p>&nbsp;<\/p>\n<p><strong>Ya\u015fay\u0131\u015f \u00fcnvan\u0131n\u0131n yenil\u0259nm\u0259si<\/strong><\/p>\n<p>\u015e\u0259xsi m\u0259lumatlar\u0131n v\u0259 ya\u015fay\u0131\u015f yerl\u0259rinin yenil\u0259nm\u0259si konsulluq xidm\u0259tl\u0259rinin asanla\u015fd\u0131r\u0131lmas\u0131 v\u0259 s\u0259n\u0259dl\u0259rin verilm\u0259si, h\u0259m\u00e7inin s\u0259sverm\u0259 h\u00fcququndan istifad\u0259 \u00fc\u00e7\u00fcn \u00e7ox vacibdir. \u015e\u0259xsi m\u0259lumatlar\u0131n yenil\u0259nm\u0259m\u0259si, h\u0259r hans\u0131 bir konsulluq xidm\u0259tinin\u202f vaxt\u0131n uzanmas\u0131na s\u0259b\u0259b olacaq v\u0259 qeydiyyat tamamland\u0131qdan\u202f sonra ba\u015f tutacaqd\u0131r.<\/p>\n<p>A\u0130RE -d\u0259n m\u0259lumatlar\u0131n silinm\u0259si<\/p>\n<p>A\u0130RE \u2013 d\u0259n m\u0259lumatlar\u0131n silinsi a\u015fa\u011f\u0131dak\u0131 hallarda ba\u015f verir:<\/p>\n<p>&#8211; repatriasiya edildikd\u0259n sonra\u202f \u0130talyan B\u0259l\u0259diyy\u0259sin\u0259 aid olan Yerli \u018fhalinin Reyestrind\u0259 (A.P.R.) qeydiyyata al\u0131nd\u0131qda;<\/p>\n<p>-\u00f6l\u00fcm v\u0259 yaxud m\u0259hk\u0259m\u0259 t\u0259r\u0259find\u0259n t\u0259sdiql\u0259nmi\u015f ehtimal olunan \u00f6l\u00fcm hallar\u0131nda;<\/p>\n<p>-\u015f\u0259xs tap\u0131lmad\u0131qda v\u0259 bunun \u0259ksi s\u00fcbut edilm\u0259diyi t\u0259qdird\u0259, do\u011fumundan 100 il ke\u00e7ibs\u0259 v\u0259 ya n\u00f6vb\u0259ti iki axtar\u0131\u015fdan sonra xaricd\u0259 ya\u015fayan \u015f\u0259xsin bildirdiyi \u00fcnvan etibars\u0131zd\u0131rsa v\u0259 yeni ev \u00fcnvan\u0131n\u0131 \u0259ld\u0259 etm\u0259k m\u00fcmk\u00fcn deyils\u0259;<\/p>\n<p>\u00b7 \u0130taliya v\u0259t\u0259nda\u015fl\u0131\u011f\u0131ndan m\u0259hrum edildikd\u0259;<\/p>\n<p>&nbsp;<\/p>\n<p><strong>\u0130TAL\u0130YAYA\u202f REPATR\u0130AS\u0130YA\u202f V\u018f YA XAR\u0130C\u018f K\u00d6\u00c7M\u018fK<\/strong><\/p>\n<p>H\u0259m \u0130taliyaya repatriasiya, h\u0259m d\u0259 ba\u015fqa bir xarici \u00f6lk\u0259y\u0259 k\u00f6\u00e7m\u0259 ba\u015f verdiyi halda, Az\u0259rbaycan qeydiyyat\u0131n\u0131n l\u0259\u011fv edilm\u0259sini t\u0259min etm\u0259k laz\u0131md\u0131r. \u202fBu konsulluq reyestrinin l\u0259\u011fvinin, daimi \u0259halinin reyestrind\u0259 (\u0130taliyaya qay\u0131td\u0131\u011f\u0131 hal\u0131nda) v\u0259 ya xarici \u00f6lk\u0259d\u0259ki konsulluq reyestrind\u0259 birba\u015fa\u202f qeydiyyat\u0131 tamamlamad\u0131\u011f\u0131n\u0131 bildiririk. \u018fslind\u0259 qeydiyyat\u0131 r\u0259smil\u0259\u015fdirm\u0259k \u00fc\u00e7\u00fcn \u0130taliya B\u0259l\u0259diyy\u0259sin\u0259 v\u0259 ya t\u0259yinat yeri \u00fczr\u0259 \u0130taliya Konsulluq N\u00fcmay\u0259nd\u0259liyin\u0259 getm\u0259k m\u0259cburiyy\u0259ti qal\u0131r.<\/p>\n<p>&nbsp;<\/p>\n<p><strong>Q\u0131saca olaraq:<\/strong><\/p>\n<p><strong>A\u0130RE n\u0259dir:<\/strong>\u202f Xaricd\u0259 ya\u015fayan italyanlar\u0131n qeydiyyat\u0131<\/p>\n<p><strong>K\u0130ML\u018fR QEYD\u0130YYATDAN KE\u00c7M\u018fL\u0130D\u0130R<\/strong>: Xaricd\u0259 12 aydan \u00e7ox m\u00fcdd\u0259t\u0259 ya\u015fayan \u0130taliya v\u0259t\u0259nda\u015flar\u0131<\/p>\n<p><strong>N\u018f \u00dc\u00c7\u00dcN<\/strong>? Qanuni bir \u00f6hd\u0259likdir v\u0259 konsulluq xidm\u0259tl\u0259rind\u0259n istifad\u0259 \u00fc\u00e7\u00fcn z\u0259ruridir<\/p>\n<p><strong>N\u018f ZAMAN<\/strong>: Ya\u015fay\u0131\u015f yerini t\u0259rk etdikd\u0259n sonra 90 g\u00fcn \u0259rzind\u0259<\/p>\n<p><strong>HARADA<\/strong>: FAST-IT Portal\u0131,\u202f baku.consolare@esteri.it. elektron \u00fcnvan\u0131 vasit\u0259sil\u0259<\/p>\n","protected":false},"excerpt":{"rendered":"Xaricd\u0259 ya\u015fayan italyanlar\u0131n reyestrin\u0259 dair, \u0130taliyan\u0131n konsulluq idar\u0259l\u0259rind\u0259 h\u0259yata ke\u00e7iril\u0259n\u202f prosedurlara x\u00fcsusi istinad ed\u0259r\u0259k, m\u00f6vcud m\u0259lumatlara Xarici \u0130\u015fl\u0259r v\u0259 Beyn\u0259lxalq \u018fm\u0259kda\u015fl\u0131q Nazirliyinin veb sayt\u0131ndak\u0131 linkd\u0259n daxil ola bil\u0259rsiniz: AIRE &#8211; Xarici \u0130\u015fl\u0259r v\u0259 Beyn\u0259lxalq \u018fm\u0259kda\u015fl\u0131q Nazirliyinin veb sayt\u0131ndak\u0131 m\u0259lumatlar Fast-it Portal\u0131\u202f haqq\u0131nda \u0259trafl\u0131\u202f m\u0259lumat \u00fc\u00e7\u00fcn bu s\u0259hif\u0259y\u0259 bax\u0131n. &nbsp; 2. AIRE-y\u0259\u202f QEYD\u0130YYATI\u202f N\u018fZ\u018fRD\u018f TUTULAN \u015e\u018fXSL\u018fR [&hellip;]","protected":false},"author":5,"featured_media":0,"parent":195,"menu_order":0,"comment_status":"closed","ping_status":"closed","template":"","meta":{"footnotes":""},"class_list":["post-773","page","type-page","status-publish","hentry"],"_links":{"self":[{"href":"https:\/\/ambbaku.esteri.it\/az\/wp-json\/wp\/v2\/pages\/773","targetHints":{"allow":["GET"]}}],"collection":[{"href":"https:\/\/ambbaku.esteri.it\/az\/wp-json\/wp\/v2\/pages"}],"about":[{"href":"https:\/\/ambbaku.esteri.it\/az\/wp-json\/wp\/v2\/types\/page"}],"author":[{"embeddable":true,"href":"https:\/\/ambbaku.esteri.it\/az\/wp-json\/wp\/v2\/users\/5"}],"replies":[{"embeddable":true,"href":"https:\/\/ambbaku.esteri.it\/az\/wp-json\/wp\/v2\/comments?post=773"}],"version-history":[{"count":1,"href":"https:\/\/ambbaku.esteri.it\/az\/wp-json\/wp\/v2\/pages\/773\/revisions"}],"predecessor-version":[{"id":774,"href":"https:\/\/ambbaku.esteri.it\/az\/wp-json\/wp\/v2\/pages\/773\/revisions\/774"}],"up":[{"embeddable":true,"href":"https:\/\/ambbaku.esteri.it\/az\/wp-json\/wp\/v2\/pages\/195"}],"wp:attachment":[{"href":"https:\/\/ambbaku.esteri.it\/az\/wp-json\/wp\/v2\/media?parent=773"}],"curies":[{"name":"wp","href":"https:\/\/api.w.org\/{rel}","templated":true}]}}