{"id":775,"date":"2023-09-20T15:05:20","date_gmt":"2023-09-20T11:05:20","guid":{"rendered":"https:\/\/ambbaku.esteri.it\/?page_id=775"},"modified":"2023-09-28T15:55:43","modified_gmt":"2023-09-28T11:55:43","slug":"v%c9%99tandasliq","status":"publish","type":"page","link":"https:\/\/ambbaku.esteri.it\/az\/servizi-consolari-e-visti\/servizi-per-il-cittadino-italiano\/v%c9%99tandasliq\/","title":{"rendered":"V\u0259tanda\u015fl\u0131q"},"content":{"rendered":"<p style=\"text-align: justify;\"><strong>N\u0130KAHA G\u00d6R\u018f V\u018fT\u018fNDA\u015eLI\u011eIN ALINMASI<\/strong><\/p>\n<p style=\"text-align: justify;\">\u018fcn\u0259bi h\u0259yat yolda\u015f\u0131 v\u0259 ya bir \u0130talyan v\u0259t\u0259nda\u015f\u0131 t\u0259r\u0259find\u0259n v\u0259t\u0259nda\u015fl\u0131q al\u0131nmas\u0131, 91\/92 sayl\u0131 qanunla t\u0259nziml\u0259nir. 5, 6, 7 v\u0259 8 -ci madd\u0259l\u0259ri sonradan 4 oktyabr 2018-ci il tarixli 11 sayl\u0131 f\u0259rmanla\u202fd\u0259yi\u015fdirilmi\u015fdir. Y\u0259ni \u0259cn\u0259bi\u202fh\u0259yat yolda\u015f\u0131, m\u00fc\u0259yy\u0259n t\u0259l\u0259bl\u0259r n\u0259z\u0259r\u0259 al\u0131nmaqla, italyan v\u0259t\u0259nda\u015fl\u0131\u011f\u0131n\u0131 ala bil\u0259r:<\/p>\n<p style=\"text-align: justify;\">&#8211; <strong>\u0130taliyada qanuni \u015f\u0259kild\u0259 ya\u015fad\u0131\u011f\u0131 halda:<\/strong> evlilik tarixind\u0259n 2 (iki) il sonra;<\/p>\n<p style=\"text-align: justify;\">&#8211; <strong>xaricd\u0259 \u00fc\u00e7 (3) illik evlilikd\u0259n sonra.<\/strong><\/p>\n<p style=\"text-align: justify;\"><strong>Bu \u015f\u0259rtl\u0259r, c\u00fctl\u00fcy\u00fcn do\u011fulmu\u015f v\u0259 ya \u00f6vladl\u0131\u011fa g\u00f6t\u00fcr\u00fcl\u0259n u\u015faqlar\u0131 varsa, \u0259lav\u0259 olaraq yar\u0131ya endirilir.<\/strong><\/p>\n<p style=\"text-align: justify;\">Nikah v\u0259 \u0259r-arvad \u00f6hd\u0259likl\u0259ri f\u0259rman q\u0259bul edil\u0259n\u0259 q\u0259d\u0259r q\u00fcvv\u0259d\u0259 qalmal\u0131d\u0131r. \u018fn az\u0131 \u00fc\u00e7 il azadl\u0131qdan m\u0259hrumetm\u0259 c\u0259zas\u0131 veril\u0259n cinay\u0259tl\u0259r\u0259 v\u0259 ya xarici bir m\u0259hk\u0259m\u0259 orqan\u0131 t\u0259r\u0259find\u0259n qeyri-siyasi xarakterli cinay\u0259tl\u0259r\u0259 g\u00f6r\u0259 bir ild\u0259n \u00e7ox m\u00fcdd\u0259t\u0259 m\u0259hkum luq h\u00f6km\u00fcn\u00fcn olmad\u0131\u011f\u0131 t\u0259qdird\u0259; Cinay\u0259t M\u0259c\u0259ll\u0259sinin ikinci cildinin, I b\u00f6lm\u0259sinin\u202f I, II v\u0259 III f\u0259sill\u0259rind\u0259 (\u015f\u0259xsiyy\u0259t \u0259leyhin\u0259 olan cinay\u0259tl\u0259r) n\u0259z\u0259rd\u0259 tutulmu\u015f cinay\u0259tl\u0259rd\u0259n birin\u0259 g\u00f6r\u0259 m\u0259hkum edilm\u0259diyi t\u0259qdird\u0259; d\u00f6vl\u0259t t\u0259hl\u00fck\u0259sizliyi \u00fc\u00e7\u00fcn mane\u0259l\u0259r olmad\u0131\u011f\u0131 t\u0259qdird\u0259.<\/p>\n<p style=\"text-align: justify;\">Nikah \u015f\u0259had\u0259tnam\u0259sinin \u0130taliya b\u0259l\u0259diyy\u0259sinin v\u0259t\u0259nda\u015fl\u0131q v\u0259ziyy\u0259ti aktlar\u0131nda qeyd olunmas\u0131 vacibdir.<\/p>\n<p style=\"text-align: justify;\">Buna g\u00f6r\u0259 m\u00fcraci\u0259t etm\u0259zd\u0259n \u0259vv\u0259l nikah \u015f\u0259had\u0259tnam\u0259sind\u0259n \u00e7\u0131xar\u0131\u015f ist\u0259m\u0259yiniz m\u0259sl\u0259h\u0259tdir.<\/p>\n<p style=\"text-align: justify;\"><strong>D\u0130QQ\u018fT:<\/strong><\/p>\n<p style=\"text-align: justify;\">4 dekabr 2018-ci il tarixind\u0259n etibar\u0259n (1 dekabr 2018-ci il tarixli, 132 sayl\u0131 Qanunla) 91\/1992 sayl\u0131 Qanunun 9.1-ci madd\u0259sinin t\u0259tbiq olundu\u011funu bildiririk. <strong>Yuxar\u0131da g\u00f6st\u0259ril\u0259n qanuna v\u0259 5-ci madd\u0259y\u0259 \u0259sas\u0259n, Avropa dil portfelinin B1 s\u0259viyy\u0259sind\u0259 italyan dilini bilm\u0259k \u0130taliya v\u0259t\u0259nda\u015fl\u0131\u011f\u0131n\u0131n tan\u0131nmas\u0131 \u00fc\u00e7\u00fcn vacib \u015f\u0259rtdir<\/strong> (nikaha g\u00f6r\u0259 v\u0259t\u0259nda\u015fl\u0131q).<\/p>\n<p style=\"text-align: justify;\">Bu t\u0259l\u0259b, d\u00f6vl\u0259t v\u0259 ya ona b\u0259rab\u0259r t\u0259hsil m\u00fc\u0259ssis\u0259si t\u0259r\u0259find\u0259n veril\u0259n s\u0259n\u0259d\u202fv\u0259 yaxud sertifikatla\u015fd\u0131rma orqan\u0131 t\u0259r\u0259find\u0259n veril\u0259n\u202fsertifikatla yerin\u0259 yetirilm\u0259lidir.<\/p>\n<p style=\"text-align: justify;\">Hal-haz\u0131rda vahid sertifikatla\u015fd\u0131rma sistemin\u0259 (\u0130talyan Dili \u00fczr\u0259 Keyfiyy\u0259t Sertifikat\u0131) aid olan sertifikatla\u015fd\u0131rma orqanlar\u0131 a\u015fa\u011f\u0131dak\u0131lard\u0131r:<\/p>\n<p style=\"text-align: justify;\"><strong>\u2022 Siena \u018fcn\u0259bil\u0259r Universitet,<\/strong><\/p>\n<p style=\"text-align: justify;\"><strong>\u2022 Peruca \u018fcn\u0259bil\u0259r Universitet,<\/strong><\/p>\n<p style=\"text-align: justify;\"><strong>\u2022 Roma Tre Universiteti,<\/strong><\/p>\n<p style=\"text-align: justify;\"><strong>\u2022 Dante Alighieri C\u0259miyy\u0259ti<\/strong><\/p>\n<p style=\"text-align: justify;\">Bu\u202f qayda 4 dekabr 2018-ci il tarixind\u0259n etibar\u0259n t\u0259tbiq olundu\u011fundan, g\u00f6st\u0259ril\u0259n\u202f tarixd\u0259n sonra bu kimi attestatlar (\u015f\u0259had\u0259tnam\u0259l\u0259r) v\u0259 sertifikatlar olmadan t\u0259qdim olunan m\u00fcraci\u0259tl\u0259r r\u0259dd edil\u0259c\u0259kdir.<\/p>\n<p style=\"text-align: justify;\">1 Avqust 2015-ci il<strong> tarixind\u0259n etibar\u0259n birba\u015fa Daxili \u0130\u015fl\u0259r Nazirliyinin<\/strong> <a href=\"https:\/\/cittadinanza.dlci.interno.it\">https:\/\/cittadinanza.dlci.interno.it<\/a>,<strong> portal\u0131nda elektron qaydada qanunla t\u0259l\u0259b olunan be\u015f s\u0259n\u0259d y\u00fckl\u0259n\u0259r\u0259k t\u0259qdim edilm\u0259lidir.<\/strong><\/p>\n<p style=\"text-align: justify;\">\n<p style=\"text-align: justify;\"><strong>Saytda nec\u0259 qeydiyyatdan ke\u00e7m\u0259k laz\u0131md\u0131r?<\/strong><\/p>\n<p style=\"text-align: justify;\">Qeydiyyat\u0131n yerin\u0259 yetirilm\u0259si \u00fc\u00e7\u00fcn etibarl\u0131 v\u0259 aktiv elektron po\u00e7t \u00fcnvan\u0131 t\u0259l\u0259b olunur.<\/p>\n<p style=\"text-align: justify;\">M\u00fcraci\u0259t <a href=\"https:\/\/nullaostalavoro.dlci.interno.it\/\">https:\/\/cittadinanza.dlci.interno.it\/<\/a> veb s\u0259hif\u0259sinin sol hiss\u0259sind\u0259ki naviqasiya menyusunda m\u00f6vcud olan \u201cQeydiyyatdan ke\u00e7in\u201d\u202f b\u00f6lm\u0259sin\u0259 daxil olmaqla h\u0259yata ke\u00e7irilir.<\/p>\n<p style=\"text-align: justify;\">A\u015fa\u011f\u0131dak\u0131 \u015f\u0259xsi m\u0259lumatlar\u0131n\u202f daxil edilm\u0259si m\u00fctl\u0259qdir:<\/p>\n<p style=\"text-align: justify;\">\u00b7 Ad<\/p>\n<p style=\"text-align: justify;\">\u00b7 Soyad<\/p>\n<p style=\"text-align: justify;\">\u00b7 Do\u011fum tarixi<\/p>\n<p style=\"text-align: justify;\">\u00b7 Elektron po\u00e7t<\/p>\n<p style=\"text-align: justify;\">\u00b7 \u015eifr\u0259<\/p>\n<p style=\"text-align: justify;\">\n<p style=\"text-align: justify;\">B\u00fct\u00fcn s\u0259n\u0259dl\u0259rd\u0259ki \u015f\u0259xsi m\u0259lumatlar\u0131n uy\u011funlu\u011funu v\u0259 do\u011fum yeri haqq\u0131nda\u202fd\u0259qiq m\u0259lumatlar\u0131 yoxlamaq t\u00f6vsiy\u0259 olunur. Xan\u0131mlar ail\u0259 qurmazdan \u0259vv\u0259lki soyadlar\u0131n\u0131 m\u00fctl\u0259q daxil etm\u0259lidirl\u0259r.<\/p>\n<p style=\"text-align: justify;\">Modul g\u00f6nd\u0259rildikd\u0259n sonra sistem qeydiyyat \u00fc\u00e7\u00fcn istifad\u0259 olunan e-po\u00e7t \u00fcnvan\u0131na t\u0259sdiq cavab\u0131 g\u00f6nd\u0259r\u0259c\u0259kdir.<\/p>\n<p style=\"text-align: justify;\">E-po\u00e7t vasit\u0259sil\u0259 \u0259ld\u0259 olunan linkd\u0259n istifad\u0259 ed\u0259r\u0259k qeydiyyat\u0131 t\u0259sdiql\u0259m\u0259k \u00fc\u00e7\u00fcn g\u00f6nd\u0259ril\u0259n t\u0259limatlara \u0259m\u0259l etm\u0259lisiniz.<\/p>\n<p style=\"text-align: justify;\">Qeydiyyat t\u0259sdiql\u0259ndikd\u0259n sonra \u015f\u0259xsi istifad\u0259 \u00fc\u00e7\u00fcn yarad\u0131lan istifad\u0259\u00e7i ad\u0131 v\u0259 \u015fifr\u0259si il\u0259 sistem\u0259 daxil olmaq m\u00fcmk\u00fcn olacaq.<\/p>\n<p style=\"text-align: justify;\">\n<p style=\"text-align: justify;\"><strong>M\u00dcRAC\u0130\u018fT ETM\u018fZD\u018fN \u00d6NC\u018f YER\u0130N\u018f YET\u0130R\u0130LM\u018fL\u0130 OLAN T\u018fL\u018fBL\u018fR<\/strong><\/p>\n<p style=\"text-align: justify;\">Nikah tarixind\u0259n \u00fc\u00e7 il sonra xaricd\u0259 ya\u015famaq (m\u00fclki h\u00fcquq n\u0259tic\u0259l\u0259r pozulmad\u0131qda, l\u0259\u011fv edilm\u0259dikd\u0259 v\u0259\u202fdayand\u0131r\u0131lmad\u0131qda, qanuni bo\u015fanma olmad\u0131qda). Bu \u015f\u0259rtl\u0259r azya\u015fl\u0131\u202fv\u0259 ya h\u0259yat yolda\u015f\u0131\u202ft\u0259r\u0259find\u0259n \u00f6vladl\u0131\u011fa g\u00f6t\u00fcr\u00fclm\u00fc\u015f u\u015faqlar\u0131n oldu\u011fu t\u0259qdird\u0259 yar\u0131ya (18 aya q\u0259d\u0259r) endirilir.<\/p>\n<p style=\"text-align: justify;\">\u00b7 Nikah \u015f\u0259had\u0259tnam\u0259sinin \u0130taliya b\u0259l\u0259diyy\u0259sind\u0259 qeydiyyata al\u0131nmas\u0131 vacibdir.<\/p>\n<p style=\"text-align: justify;\">\n<p style=\"text-align: justify;\"><strong>M\u00fcraci\u0259t formas\u0131na\u202f\u0259lav\u0259 olunan s\u0259n\u0259dl\u0259r:<\/strong><\/p>\n<p style=\"text-align: justify;\">1. \u00d6lk\u0259nin s\u0259lahiyy\u0259tli orqanlar\u0131 t\u0259r\u0259find\u0259n veril\u0259n,\u202fm\u00fcraci\u0259t ed\u0259n \u015f\u0259xsin valideynl\u0259ri bar\u0259d\u0259 m\u0259lumatlar\u0131 t\u0259sdiq ed\u0259n do\u011fum haqq\u0131nda \u015f\u0259had\u0259tnam\u0259d\u0259n \u00e7\u0131xar\u0131\u015f\u202fs\u0259n\u0259di v\u0259 onun t\u0259rc\u00fcm\u0259si;<\/p>\n<p style=\"text-align: justify;\">2. Do\u011fuldu\u011fu \u00f6lk\u0259 v\u0259 ya ya\u015fad\u0131\u011f\u0131 dig\u0259r \u00fc\u00e7\u00fcnc\u00fc \u00f6lk\u0259l\u0259rd\u0259n ald\u0131\u011f\u0131 m\u0259hkumluq haqq\u0131nda aray\u0131\u015f v\u0259 bununla \u0259laq\u0259li s\u0259n\u0259dl\u0259rin italyan dilin\u0259 t\u0259rc\u00fcm\u0259si. Bu aray\u0131\u015flar\u0131n 6 ay m\u00fcdd\u0259tind\u0259 q\u00fcvv\u0259d\u0259 oldu\u011funu bildiririk;<\/p>\n<p style=\"text-align: justify;\">\u00b7 Haaqa Konvensiyas\u0131na \u00fczv olan d\u00f6vl\u0259tl\u0259rin s\u0259lahiyy\u0259tli orqanlar\u0131 t\u0259r\u0259find\u0259n &#8220;Apostil&#8221; m\u00f6h\u00fcr\u00fc vurulan\u202fs\u0259n\u0259dl\u0259r v\u0259 onlar\u0131n t\u0259rc\u00fcm\u0259si;<\/p>\n<p style=\"text-align: justify;\">3.\u0130talyan b\u0259l\u0259diyy\u0259si t\u0259r\u0259find\u0259n verilmi\u015f nikah s\u0259n\u0259dind\u0259n \u00e7\u0131xar\u0131\u015f v\u0259 ya s\u0259n\u0259din qeydiyyat\u0131 v\u0259 ya transkripti<\/p>\n<p style=\"text-align: justify;\">4. \u0130talyan dili haqq\u0131nda sertifikat\/attestat: D\u00f6vl\u0259t v\u0259 ya ona b\u0259rab\u0259r t\u0259hsil m\u00fc\u0259ssis\u0259si t\u0259r\u0259find\u0259n veril\u0259n s\u0259n\u0259d\u202fv\u0259 yaxud sertifikatla\u015fd\u0131rma orqan\u0131 t\u0259r\u0259find\u0259n veril\u0259n B1 s\u0259viyy\u0259sind\u0259n a\u015fa\u011f\u0131 olmayan dil sertifikat\u0131.<\/p>\n<p style=\"text-align: justify;\">5. Daxili \u0130\u015fl\u0259r Nazirliyinin cari po\u00e7t hesab\u0131na 250 avro d\u0259y\u0259rind\u0259 olan \u00f6d\u0259m\u0259ni\u202ft\u0259sdiq ed\u0259n hesab m\u0259lumatlar\u0131<\/p>\n<p style=\"text-align: justify;\">MINISTERO DELL&#8217;INTERNO D.L.C.I. CITTADINANZA<\/p>\n<p style=\"text-align: justify;\">IBAN: IT54D0760103200000000809020, s\u0259b\u0259bini g\u00f6st\u0259rilm\u0259kl\u0259,<\/p>\n<p style=\"text-align: justify;\">\u201crichiesta cittadinanza ex art. 5 legge 91\/92 di (nome cognome del\/della richiedente)\u201d<\/p>\n<p style=\"text-align: justify;\">&#8220;&#8221;91\/92 sayl\u0131 qanunun 5-ci madd\u0259sin\u0259 \u0259sas\u0259n\u202f v\u0259t\u0259nda\u015fl\u0131q t\u0259l\u0259bi (\u0259riz\u0259\u00e7inin ad\u0131, soyad\u0131)&#8221;<\/p>\n<p style=\"text-align: justify;\">\u00d6d\u0259ni\u015f a\u015fa\u011f\u0131dak\u0131 \u00fcsullarla h\u0259yata ke\u00e7iril\u0259 bil\u0259r:<\/p>\n<p style=\"text-align: justify;\">a)xarici bank k\u00f6\u00e7\u00fcrm\u0259si yolu il\u0259 (BIC \/ SWIFT kodu: BPPIITRRXXX)<\/p>\n<p style=\"text-align: justify;\">b) EUROGIRO d\u00f6vriyy\u0259si vasit\u0259sil\u0259 (BIC \/ SWIFT Kodu: PIBPITRA)<\/p>\n<p style=\"text-align: justify;\">M\u00fcraci\u0259t tamamland\u0131qdan v\u0259 yuxar\u0131dak\u0131 s\u0259n\u0259dl\u0259rin ham\u0131s\u0131 daxil edildikd\u0259n sonra x\u00fclas\u0259 s\u0259n\u0259di v\u0259 \u00e7atd\u0131r\u0131lma q\u0259bzi haz\u0131rlanacaqd\u0131r.<\/p>\n<p style=\"text-align: justify;\">Daha sonra \u0259riz\u0259\u00e7i <strong>q\u0259bul<\/strong>, \u201c<strong>\u015f\u0259rti q\u0259bul<\/strong>\u201d v\u0259 ya \u0259riz\u0259nin r\u0259dd edilm\u0259si il\u0259 ba\u011fl\u0131 mesaj alacaq.<\/p>\n<p style=\"text-align: justify;\">S\u0259n\u0259din m\u00fcdd\u0259alar\u0131na uy\u011fun olaraq \u0130taliya v\u0259t\u0259nda\u015fl\u0131\u011f\u0131 alma proseduru\u202f \u00fc\u00e7\u00fcn son m\u00fcdd\u0259t, 4 oktyabr 2018-ci il tarixli\u202f 14 sayl\u0131 madd\u0259nin\u202f 113-c\u00fc b\u0259ndin\u0259 \u0259sas\u0259n\u202f m\u00fcraci\u0259t tarixind\u0259n sonrak\u0131\u202f 48 ay \u0259rzind\u0259 m\u00fc\u0259yy\u0259nl\u0259\u015fdirilir.<\/p>\n<p style=\"text-align: justify;\">Daha sonra, Konsulluq \u015e\u00f6b\u0259sinin\u202f t\u0259l\u0259bi il\u0259, \u0259riz\u0259\u00e7i \u0259vv\u0259lc\u0259d\u0259n elektron qaydada g\u00f6nd\u0259rmi\u015f oldu\u011fu s\u0259n\u0259dl\u0259rin \u0259slini t\u0259qdim etm\u0259k \u00fc\u00e7\u00fcn, \u0130taliya v\u0259t\u0259nda\u015f\u0131 olan h\u0259yat yolda\u015f\u0131 il\u0259 birlikd\u0259 t\u0259yin olunan g\u00f6r\u00fc\u015f\u0259 g\u0259lm\u0259li, h\u0259m\u00e7inin\u202f v\u0259t\u0259nda\u015fl\u0131q \u0259riz\u0259sind\u0259ki imzan\u0131n do\u011frulu\u011funu t\u0259sdiql\u0259m\u0259k \u00fc\u00e7\u00fcn \u00f6d\u0259ni\u015f etm\u0259lidir.<strong> D\u0130QQ\u018fT: &#8220;ALI&#8221; portal\u0131ndan m\u0259lumat almad\u0131\u011f\u0131n\u0131z halda\u202f g\u00f6r\u00fc\u015f t\u0259yin etm\u0259yin.<\/strong><\/p>\n<p style=\"text-align: justify;\">\u0130taliya v\u0259t\u0259nda\u015fl\u0131\u011f\u0131 haqq\u0131nda veril\u0259n\u202f q\u0259rar, m\u00fcraci\u0259t ed\u0259n t\u0259r\u0259f\u0259 sifari\u015fli m\u0259ktub vasit\u0259sil\u0259 bildiril\u0259c\u0259kdir. \u00dcnvanlar\u0131n\u0131 d\u0259yi\u015fdir\u0259n \u015f\u0259xsl\u0259r\u0259 m\u0259lumat\u0131 d\u0259rhal yenil\u0259m\u0259l\u0259ri t\u00f6vsiy\u0259 olunur.<\/p>\n<p style=\"text-align: justify;\">\u0130taliya v\u0259t\u0259nda\u015fl\u0131\u011f\u0131n\u0131n verilm\u0259si il\u0259 ba\u011fl\u0131\u202f bildiri\u015fd\u0259n\u202f sonra\u202f alt\u0131 ay \u0259rzind\u0259 maraql\u0131 t\u0259r\u0259f \u0130taliya Respublikas\u0131na v\u0259 qanunlar\u0131na s\u0259daq\u0259t and\u0131 i\u00e7m\u0259k \u00fc\u00e7\u00fcn Konsullu\u011fa g\u0259lm\u0259lidir.<\/p>\n<p style=\"text-align: justify;\">Daha \u0259trafl\u0131 m\u0259lumat \u00fc\u00e7\u00fcn a\u015fa\u011f\u0131dak\u0131 link\u0259 daxil olun:<\/p>\n<p style=\"text-align: justify;\"><a href=\"https:\/\/www.esteri.it\/mae\/it\/servizi\/italiani-all-estero\/cittadinanza.html\">http:\/\/www.esteri.it\/MAE\/IT\/Italiani_nel_Mondo\/ServiziConsolari\/Cittadinanza.html<\/a><\/p>\n","protected":false},"excerpt":{"rendered":"N\u0130KAHA G\u00d6R\u018f V\u018fT\u018fNDA\u015eLI\u011eIN ALINMASI \u018fcn\u0259bi h\u0259yat yolda\u015f\u0131 v\u0259 ya bir \u0130talyan v\u0259t\u0259nda\u015f\u0131 t\u0259r\u0259find\u0259n v\u0259t\u0259nda\u015fl\u0131q al\u0131nmas\u0131, 91\/92 sayl\u0131 qanunla t\u0259nziml\u0259nir. 5, 6, 7 v\u0259 8 -ci madd\u0259l\u0259ri sonradan 4 oktyabr 2018-ci il tarixli 11 sayl\u0131 f\u0259rmanla\u202fd\u0259yi\u015fdirilmi\u015fdir. Y\u0259ni \u0259cn\u0259bi\u202fh\u0259yat yolda\u015f\u0131, m\u00fc\u0259yy\u0259n t\u0259l\u0259bl\u0259r n\u0259z\u0259r\u0259 al\u0131nmaqla, italyan v\u0259t\u0259nda\u015fl\u0131\u011f\u0131n\u0131 ala bil\u0259r: &#8211; \u0130taliyada qanuni \u015f\u0259kild\u0259 ya\u015fad\u0131\u011f\u0131 halda: evlilik tarixind\u0259n 2 [&hellip;]","protected":false},"author":5,"featured_media":0,"parent":195,"menu_order":0,"comment_status":"closed","ping_status":"closed","template":"","meta":{"footnotes":""},"class_list":["post-775","page","type-page","status-publish","hentry"],"_links":{"self":[{"href":"https:\/\/ambbaku.esteri.it\/az\/wp-json\/wp\/v2\/pages\/775","targetHints":{"allow":["GET"]}}],"collection":[{"href":"https:\/\/ambbaku.esteri.it\/az\/wp-json\/wp\/v2\/pages"}],"about":[{"href":"https:\/\/ambbaku.esteri.it\/az\/wp-json\/wp\/v2\/types\/page"}],"author":[{"embeddable":true,"href":"https:\/\/ambbaku.esteri.it\/az\/wp-json\/wp\/v2\/users\/5"}],"replies":[{"embeddable":true,"href":"https:\/\/ambbaku.esteri.it\/az\/wp-json\/wp\/v2\/comments?post=775"}],"version-history":[{"count":3,"href":"https:\/\/ambbaku.esteri.it\/az\/wp-json\/wp\/v2\/pages\/775\/revisions"}],"predecessor-version":[{"id":778,"href":"https:\/\/ambbaku.esteri.it\/az\/wp-json\/wp\/v2\/pages\/775\/revisions\/778"}],"up":[{"embeddable":true,"href":"https:\/\/ambbaku.esteri.it\/az\/wp-json\/wp\/v2\/pages\/195"}],"wp:attachment":[{"href":"https:\/\/ambbaku.esteri.it\/az\/wp-json\/wp\/v2\/media?parent=775"}],"curies":[{"name":"wp","href":"https:\/\/api.w.org\/{rel}","templated":true}]}}