{"id":784,"date":"2023-09-20T15:11:36","date_gmt":"2023-09-20T11:11:36","guid":{"rendered":"https:\/\/ambbaku.esteri.it\/?page_id=784"},"modified":"2023-09-28T16:00:10","modified_gmt":"2023-09-28T12:00:10","slug":"notarius","status":"publish","type":"page","link":"https:\/\/ambbaku.esteri.it\/az\/servizi-consolari-e-visti\/servizi-per-il-cittadino-italiano\/notarius\/","title":{"rendered":"Notarius"},"content":{"rendered":"<p style=\"text-align: justify;\"><strong>Notarius s\u0259n\u0259dl\u0259ri<\/strong><\/p>\n<p style=\"text-align: justify;\">Konsulluq \u0130dar\u0259si h\u00fcquq sistemimiz t\u0259r\u0259find\u0259n m\u00fc\u0259yy\u0259n edilmi\u015f bu kimi notarial xidm\u0259tl\u0259ri,<strong>yaln\u0131z daimi v\u0259 ya m\u00fcv\u0259qq\u0259ti xaricd\u0259 ya\u015fayan italyan v\u0259t\u0259nda\u015flar\u0131 \u00fc\u00e7\u00fcn n\u0259z\u0259rd\u0259 tutmu\u015fdur.<\/strong><\/p>\n<p style=\"text-align: justify;\">\u018fslind\u0259 bu xidm\u0259t, d\u00f6vl\u0259t s\u0259n\u0259dl\u0259rinin (etibarnam\u0259l\u0259r, v\u0259kal\u0259tnam\u0259l\u0259r), notarial v\u0259 identifikasiya s\u0259n\u0259dl\u0259rinin q\u0259bul olunmas\u0131n\u0131 ehtiva edir.<\/p>\n<p style=\"text-align: justify;\">Konsulluq idar\u0259l\u0259rinin g\u00f6st\u0259rdiyi m\u00fcxt\u0259lif notarial xidm\u0259tl\u0259r aras\u0131nda \u0259n \u00e7ox m\u00fcraci\u0259t olunanlar a\u015fa\u011f\u0131dak\u0131lard\u0131r:<\/p>\n<p style=\"text-align: justify;\">\u00b7 X\u00fcsusi v\u0259 \u00fcmumi etibarnam\u0259l\u0259r<\/p>\n<p style=\"text-align: justify;\">\u00b7 \u0130dentifikasiya \u0259m\u0259liyyatlar\u0131<\/p>\n<p style=\"text-align: justify;\">\u00b7 V\u0259kal\u0259tnam\u0259l\u0259r<\/p>\n<p style=\"text-align: justify;\"><strong>Yuxar\u0131da g\u00f6st\u0259ril\u0259n s\u0259n\u0259dl\u0259rin italyan dilind\u0259 t\u0259rtib olunmas\u0131 \u00fc\u00e7\u00fcn<\/strong>, dil biliyini t\u0259sdiq ed\u0259n etibarl\u0131 s\u0259n\u0259dl\u0259 birg\u0259, \u015f\u0259xsin s\u0259firliyin Konsulluq \u015f\u00f6b\u0259sind\u0259 fiziki i\u015ftirak\u0131 t\u0259l\u0259b olunur.<\/p>\n<p style=\"text-align: justify;\">\n<p style=\"text-align: justify;\"><strong>ET\u0130BARNAM\u018f \u00dc\u00c7\u00dcN M\u00dcRAC\u0130\u018fT<\/strong><\/p>\n<p style=\"text-align: justify;\">S\u0259n\u0259dl\u0259rin haz\u0131rlanmas\u0131 \u00fc\u00e7\u00fcn, m\u0259s\u0259l\u0259nin m\u00fcr\u0259kk\u0259bliyini n\u0259z\u0259r\u0259 alaraq, \u0130taliyada Konsulluq idar\u0259sind\u0259 imzalanm\u0131\u015f s\u0259n\u0259di alacaq h\u00fcquq m\u0259sl\u0259h\u0259t\u00e7isi v\u0259 ya etibarl\u0131 notariusla \u0259vv\u0259lc\u0259d\u0259n m\u0259sl\u0259h\u0259tl\u0259\u015fm\u0259yiniz t\u00f6vsiy\u0259 olunur. s\u0259n\u0259din nec\u0259 yaz\u0131lmas\u0131 v\u0259 layih\u0259nin g\u00f6nd\u0259rilm\u0259si bar\u0259d\u0259 m\u0259lumat almaq \u00fc\u00e7\u00fcn bunu etm\u0259k laz\u0131md\u0131r.<\/p>\n<p style=\"text-align: justify;\">Notarius kontoru t\u0259r\u0259find\u0259n t\u0259rtib edil\u0259c\u0259k aktlar\u0131n (etibarnam\u0259 m\u0259tni) m\u0259zmunu h\u0259r zaman WORD formatda konsulluq idar\u0259sinin (<a href=\"mailto:baku.consolare@esteri.it\">baku.consolare@esteri.it<\/a>) elektron po\u00e7t \u00fcnvan\u0131na g\u00f6nd\u0259rilm\u0259lidir.<\/p>\n<p style=\"text-align: justify;\">Konsulluq idar\u0259sinin notarial kontoru t\u0259r\u0259find\u0259n notarial s\u0259n\u0259dl\u0259rin haz\u0131rlanmas\u0131 v\u0259 \u201ct\u0259sdiq edilmi\u015f s\u0259n\u0259d\u201d formas\u0131nda redakt\u0259si \u00fc\u00e7\u00fcn \u0259riz\u0259\u00e7id\u0259n t\u0259l\u0259b olunan m\u0259lumatlar a\u015fa\u011f\u0131dak\u0131lard\u0131r<\/p>\n<p style=\"text-align: justify;\">\n<p style=\"text-align: justify;\">\u00b7 <strong>V\u018fKAL\u018fT VER\u018fN<\/strong> (v\u0259kal\u0259tnam\u0259 \/ etibarnam\u0259 ver\u0259n \u015f\u0259xs): soyad\u0131 v\u0259 ad\u0131, do\u011fuldu\u011fu yer v\u0259 tarix, ya\u015fay\u0131\u015f yeri (\u015f\u0259h\u0259r, k\u00fc\u00e7\u0259 \/ meydan, ev n\u00f6mr\u0259si), <strong>italyan vergi kodu, \u015f\u0259xsiyy\u0259ti m\u00fc\u0259yy\u0259nl\u0259\u015fdirm\u0259k \u00fc\u00e7\u00fcn istifad\u0259 olunan pasport m\u0259lumatlar\u0131, t\u0259hvil ver\u0259n Polis \u0130dar\u0259si, S\u0259firlik v\u0259 ya Konsulluq, verilm\u0259 tarixi v\u0259 sona \u00e7atma tarixi (s\u0259hif\u0259nin, foto\u015f\u0259kill\u0259rin, \u00fcmumi m\u0259lumatlar\u0131n v\u0259 yuxar\u0131dak\u0131 qurumun g\u00f6st\u0259rildiyi s\u0259hif\u0259nin elektron s\u00fcr\u0259tinin g\u00f6nd\u0259rilm\u0259si t\u00f6vsiy\u0259 olunur);<\/strong><\/p>\n<p style=\"text-align: justify;\">\n<p style=\"text-align: justify;\">\u00b7 <strong>V\u018fKAL\u018fT\u0130 ALAN<\/strong> (v\u0259kal\u0259tnam\u0259 \/ etibarnam\u0259 alan): soyad\u0131 v\u0259 ad\u0131, do\u011fuldu\u011fu yer v\u0259 tarix, ya\u015fay\u0131\u015f yeri (\u015f\u0259h\u0259r, k\u00fc\u00e7\u0259 \/ meydan, ev n\u00f6mr\u0259si), italyan vergi kodu<\/p>\n<p style=\"text-align: justify;\">\n<p style=\"text-align: justify;\">\u00b7 <strong>S\u018fN\u018fD\u0130N M\u018fZMUNU<\/strong><\/p>\n<p style=\"text-align: justify;\">Konsulluq idar\u0259sinin elektron po\u00e7t \u00fcnvan\u0131: <a href=\"mailto:baku.consolare@esteri.it\">baku.consolare@esteri.it<\/a><\/p>\n<p style=\"text-align: justify;\">Etibarnam\u0259 haz\u0131r olan kimi, imza, konsulluq r\u00fcsumlar\u0131n\u0131n \u00f6d\u0259ni\u015fi v\u0259 s\u0259n\u0259din t\u0259hvili \u00fc\u00e7\u00fcn(\u015f\u0259xsiyy\u0259ti t\u0259sdiq ed\u0259n s\u0259n\u0259dl\u0259) s\u0259firlik t\u0259r\u0259find\u0259n m\u00fcraci\u0259t ed\u0259n \u015f\u0259xsl\u0259 (pasportla) \u0259laq\u0259 yarad\u0131lacaq ( t\u0259xmin\u0259n 2 h\u0259ft\u0259d\u0259n sonra) ;<\/p>\n<p style=\"text-align: justify;\">M\u00fcraci\u0259tin yerin\u0259 yetirilm\u0259si \u00fc\u00e7\u00fcn, m\u0259tni Word formatda g\u00f6nd\u0259rm\u0259yiniz xahi\u015f olunur.<\/p>\n<p style=\"text-align: justify;\"><strong>\u00dcMUM\u0130 Etibarnam\u0259 v\u0259 ya S\u0259lahiyy\u0259tnam\u0259<\/strong> -S\u0259n\u0259din verilm\u0259si, d\u00fcz\u0259li\u015fi, l\u0259\u011fvi (h\u0259r bir s\u0259n\u0259d \u00fc\u00e7\u00fcn): 80,00 avro, t\u0259l\u0259b olunan \u0259lav\u0259 h\u0259r bir n\u00fcsx\u0259 \u00fc\u00e7\u00fcn 16,00 avro (\u00dcmumi Etibarnam\u0259nin \u0259sli idar\u0259nin notarius s\u0259n\u0259dl\u0259ri toplusunda qal\u0131r);<\/p>\n<p style=\"text-align: justify;\"><strong>X\u00dcSUS\u0130 Etibarnam\u0259 v\u0259 ya S\u0259lahiyy\u0259tnam\u0259<\/strong> &#8211; S\u0259n\u0259din verilm\u0259i, d\u00fcz\u0259li\u015fi, l\u0259\u011fvi (h\u0259r bir s\u0259n\u0259d \u00fc\u00e7\u00fcn): 56,00 avro.<\/p>\n<p style=\"text-align: justify;\">\n<p style=\"text-align: justify;\">Daha \u0259trafl\u0131 m\u0259lumat \u00fc\u00e7\u00fcn a\u015fa\u011f\u0131dak\u0131 link\u0259 daxil olun: <a href=\"https:\/\/www.esteri.it\/mae\/it\/servizi\/italiani-all-estero\/attinotarili\/procura.html\">https:\/\/www.esteri.it\/mae\/it\/servizi\/italiani-all-estero\/attinotarili\/procura.html<\/a><\/p>\n","protected":false},"excerpt":{"rendered":"Notarius s\u0259n\u0259dl\u0259ri Konsulluq \u0130dar\u0259si h\u00fcquq sistemimiz t\u0259r\u0259find\u0259n m\u00fc\u0259yy\u0259n edilmi\u015f bu kimi notarial xidm\u0259tl\u0259ri,yaln\u0131z daimi v\u0259 ya m\u00fcv\u0259qq\u0259ti xaricd\u0259 ya\u015fayan italyan v\u0259t\u0259nda\u015flar\u0131 \u00fc\u00e7\u00fcn n\u0259z\u0259rd\u0259 tutmu\u015fdur. \u018fslind\u0259 bu xidm\u0259t, d\u00f6vl\u0259t s\u0259n\u0259dl\u0259rinin (etibarnam\u0259l\u0259r, v\u0259kal\u0259tnam\u0259l\u0259r), notarial v\u0259 identifikasiya s\u0259n\u0259dl\u0259rinin q\u0259bul olunmas\u0131n\u0131 ehtiva edir. Konsulluq idar\u0259l\u0259rinin g\u00f6st\u0259rdiyi m\u00fcxt\u0259lif notarial xidm\u0259tl\u0259r aras\u0131nda \u0259n \u00e7ox m\u00fcraci\u0259t olunanlar a\u015fa\u011f\u0131dak\u0131lard\u0131r: \u00b7 X\u00fcsusi v\u0259 \u00fcmumi [&hellip;]","protected":false},"author":5,"featured_media":0,"parent":195,"menu_order":0,"comment_status":"closed","ping_status":"closed","template":"","meta":{"footnotes":""},"class_list":["post-784","page","type-page","status-publish","hentry"],"_links":{"self":[{"href":"https:\/\/ambbaku.esteri.it\/az\/wp-json\/wp\/v2\/pages\/784","targetHints":{"allow":["GET"]}}],"collection":[{"href":"https:\/\/ambbaku.esteri.it\/az\/wp-json\/wp\/v2\/pages"}],"about":[{"href":"https:\/\/ambbaku.esteri.it\/az\/wp-json\/wp\/v2\/types\/page"}],"author":[{"embeddable":true,"href":"https:\/\/ambbaku.esteri.it\/az\/wp-json\/wp\/v2\/users\/5"}],"replies":[{"embeddable":true,"href":"https:\/\/ambbaku.esteri.it\/az\/wp-json\/wp\/v2\/comments?post=784"}],"version-history":[{"count":2,"href":"https:\/\/ambbaku.esteri.it\/az\/wp-json\/wp\/v2\/pages\/784\/revisions"}],"predecessor-version":[{"id":786,"href":"https:\/\/ambbaku.esteri.it\/az\/wp-json\/wp\/v2\/pages\/784\/revisions\/786"}],"up":[{"embeddable":true,"href":"https:\/\/ambbaku.esteri.it\/az\/wp-json\/wp\/v2\/pages\/195"}],"wp:attachment":[{"href":"https:\/\/ambbaku.esteri.it\/az\/wp-json\/wp\/v2\/media?parent=784"}],"curies":[{"name":"wp","href":"https:\/\/api.w.org\/{rel}","templated":true}]}}