{"id":787,"date":"2023-09-20T15:23:19","date_gmt":"2023-09-20T11:23:19","guid":{"rendered":"https:\/\/ambbaku.esteri.it\/?page_id=787"},"modified":"2023-09-28T16:01:45","modified_gmt":"2023-09-28T12:01:45","slug":"secki-xidm%c9%99tl%c9%99ri","status":"publish","type":"page","link":"https:\/\/ambbaku.esteri.it\/az\/servizi-consolari-e-visti\/servizi-per-il-cittadino-italiano\/secki-xidm%c9%99tl%c9%99ri\/","title":{"rendered":"Se\u00e7ki Xidm\u0259tl\u0259ri"},"content":{"rendered":"<p style=\"text-align: justify;\"><strong>Uninominal 01-Kalyari se\u00e7ki dair\u0259sind\u0259n Deputatlar Palatas\u0131na \u0259lav\u0259 se\u00e7ki. Abrutso regionu \u00fczr\u0259 cunta v\u0259 \u015fura s\u0259drinin se\u00e7ilm\u0259si<\/strong><\/p>\n<p style=\"text-align: justify;\">Deputatlardan biri istefa etdiyi t\u0259qdird\u0259 20 Yanvar 2019-cu il tarixind\u0259 bazar g\u00fcn\u00fc bir XXVI Sardiniya dair\u0259sinin 01 &#8216;Kalyari se\u00e7ki m\u0259nt\u0259q\u0259sind\u0259 Deputatlar Palatas\u0131na \u0259lav\u0259 se\u00e7kil\u0259rin ke\u00e7irilm\u0259si haqq\u0131nda Daxili \u0130\u015fl\u0259r Nazirliyinin m\u00fcraci\u0259ti d\u0259rc olunur.<\/p>\n<p style=\"text-align: justify;\">Eyni m\u00fcraci\u0259tl\u0259, yuxar\u0131da g\u00f6st\u0259ril\u0259n Nazirlik, Abrutso regionu cunta v\u0259 \u015fura s\u0259drinin se\u00e7ilm\u0259si \u00fc\u00e7\u00fcn se\u00e7kiqaba\u011f\u0131 iclas\u0131n, 11 Fevral 2019-cu il bazar g\u00fcn\u00fc ke\u00e7iril\u0259c\u0259yini bildirir.<\/p>\n<p style=\"text-align: justify;\"><a href=\"https:\/\/ambbaku.esteri.it\/ambasciata_baku\/resource\/doc\/2018\/12\/nota_elezione_suppletiva_cagliari_elezione_abruzzo.pdf\">Daxili \u0130\u015fl\u0259r Nazirliyinin M\u00fcraci\u0259ti &#8211; Kalyarid\u0259 \u0259lav\u0259 se\u00e7kil\u0259r \/ Abrutsoda se\u00e7kil\u0259r<\/a><\/p>\n<p style=\"text-align: justify;\">\n<p style=\"text-align: justify;\"><strong>Si\u00e7iliya Regionu &#8211; 25 Noyabr inzibati se\u00e7kil\u0259r \u2013 Korleone v\u0259 Palazzo Adriano B\u0259l\u0259diyy\u0259l\u0259ri \/n\u00f6vb\u0259d\u0259nk\u0259nar se\u00e7kil\u0259r<\/strong><\/p>\n<p style=\"text-align: justify;\">Yay\u0131mlanan m\u00fcraci\u0259t\u0259 v\u0259 d\u0259rc olunmu\u015f 27 sentyabr 2018-ci il 269 sayl\u0131 q\u0259rara \u0259sas\u0259n, Si\u00e7iliya Regionu, Korleone v\u0259 Palazzo Adriano B\u0259l\u0259diyy\u0259l\u0259rind\u0259ki inzibati se\u00e7kil\u0259rin, 25 noyabr 2018-ci il tarixind\u0259 ke\u00e7irilic\u0259yi bildirilir.<\/p>\n<p style=\"text-align: justify;\"><a href=\"https:\/\/ambbaku.esteri.it\/ambasciata_baku\/resource\/doc\/2018\/10\/nota_prot._n__14123_del_28.09.2018_elezioni_amministrative_25_novembre_2018_indizione_comizi_elettorali.pdf\">Si\u00e7iliya Regionu &#8211; 25 Noyabr 2018-ci il tarixli inzibati se\u00e7kil\u0259ri \u2013 se\u00e7kiqaba\u011f\u0131 iclaslar\u0131n t\u0259yin edilm\u0259si<\/a><\/p>\n<p style=\"text-align: justify;\">Si\u00e7iliya Regionu &#8211; 25 Noyabr 2018-ci il tarixli inzibati se\u00e7kil\u0259r &#8211; 27 sentyabr 2018-ci il tarixli 269 sayl\u0131 q\u0259rar<\/p>\n<p style=\"text-align: justify;\">\n<p style=\"text-align: justify;\"><strong>Romada A\u0130RE-d\u0259 qeydiyyata al\u0131nm\u0131\u015f, xaricd\u0259 ya\u015fayan se\u00e7icil\u0259r \u00fc\u00e7\u00fcn bildiri\u015f &#8211; 11 Noyabr 2018 tarixli Referendum qaba\u011f\u0131 b\u0259l\u0259diyy\u0259 m\u0259\u015fv\u0259r\u0259ti<\/strong><\/p>\n<p style=\"text-align: justify;\">01.10.2018<\/p>\n<p style=\"text-align: justify;\">Roma \u015f\u0259h\u0259r Meriyas\u0131n\u0131n 30 yanvar 2018-ci il 17 sayl\u0131 q\u0259rar\u0131na \u0259sas\u0259n,\u201cMobilitiamo Roma\u201d komit\u0259si t\u0259r\u0259find\u0259n t\u0259\u015fkil edil\u0259n v\u0259t\u0259nda\u015flar\u0131n m\u0259nafeyi namin\u0259 ictimai n\u0259qliyyatla ba\u011fl\u0131 iki m\u0259\u015fv\u0259r\u0259t\u00e7i referendum ke\u00e7irildi.<\/p>\n<p style=\"text-align: justify;\">\u0130cra hakimyy\u0259tinin 06.06.2018-ci il 101 sayl\u0131 q\u0259rar\u0131na \u0259saslanan iki referendum, 11 Noyabr 2018-ci il bazar g\u00fcn\u00fc Romada ba\u015f tutacaq v\u0259 g\u00fcnd\u0259likd\u0259 duran a\u015fa\u011f\u0131daak\u0131 m\u0259s\u0259l\u0259l\u0259ri \u0259hat\u0259 ed\u0259c\u0259k:<\/p>\n<p style=\"text-align: justify;\">1.Roma \u015f\u0259h\u0259rinin b\u00fct\u00fcn ictimai n\u0259qliyyat xidm\u0259tl\u0259rini (tramvaylar, avtobuslar v\u0259 metrolar) f\u0259rqli inzibat\u00e7\u0131lara h\u0259val\u0259 etm\u0259sini,bununla da aralar\u0131ndak\u0131 r\u0259qab\u0259ti t\u0259min etm\u0259sini, v\u0259 q\u00fcvv\u0259d\u0259 olan regional qanun \u00e7\u0259r\u00e7iv\u0259sind\u0259 bu xidm\u0259tl\u0259rin yenid\u0259n t\u0259\u015fkili m\u0259rh\u0259l\u0259sind\u0259 i\u015f\u00e7il\u0259r\u0259 i\u015f t\u0259minat\u0131 verm\u0259yini ist\u0259y\u0259rsiniz?<\/p>\n<p style=\"text-align: justify;\">2. Yerli yeralt\u0131 v\u0259 yer\u00fcst\u00fc ictimai n\u0259qliyyat, avtomobil v\u0259 ya d\u0259mir yolu il\u0259 \u0259laq\u0259li xidm\u0259tl\u0259r\u0259 x\u0259l\u0259l g\u0259tirm\u0259d\u0259n, yerli \u0259razil\u0259rd\u0259 qeyri-m\u00fcnt\u0259z\u0259m kollektiv n\u0259qliyyat\u0131n f\u0259aliyy\u0259tind\u0259 r\u0259qab\u0259t apararaq \u00e7al\u0131\u015fan \u015firk\u0259tl\u0259r\u0259 \u00fcst\u00fcnl\u00fck verm\u0259sini v\u0259 t\u0259\u015fviq etm\u0259sini ist\u0259yirsiniz?<\/p>\n<p style=\"text-align: justify;\">&#8220;S\u0259sverm\u0259 11 Noyabr 2018-ci il tarixind\u0259 saat 8: 00-da ba\u015flayacaq v\u0259 h\u0259min g\u00fcn saat 20: 00-d\u0259k davam ed\u0259c\u0259k.<\/p>\n<p style=\"text-align: justify;\">Xaricd\u0259 ya\u015fayan, AIRE-d\u0259 v\u0259 Roma \u015f\u0259h\u0259r Meriyas\u0131n\u0131n se\u00e7ki siyah\u0131lar\u0131nda qeydiyyatdan ke\u00e7mi\u015f v\u0259t\u0259nda\u015flar, m\u0259nsub olduqlar\u0131 se\u00e7ki m\u0259nt\u0259q\u0259sin\u0259 gedib, \u015f\u0259xsi se\u00e7ki v\u0259siq\u0259sini t\u0259qdim etm\u0259kl\u0259 Luici Petroselli k\u00fc\u00e7\u0259sind\u0259 yerl\u0259\u015f\u0259n 50 sayl\u0131 b\u0259l\u0259diyy\u0259 se\u00e7ki m\u0259nt\u0259q\u0259sind\u0259 v\u0259 ya referendumun ke\u00e7irilm\u0259si il\u0259 ba\u011fl\u0131 b\u00fct\u00fcn m\u0259lumatlar\u0131 \u0259ld\u0259 ed\u0259 bil\u0259c\u0259kl\u0259ri b\u0259l\u0259diyy\u0259y\u0259 m\u0259xsus qeydiyyat \u015f\u00f6b\u0259l\u0259rind\u0259n birind\u0259 s\u0259s ver\u0259 bil\u0259c\u0259kl\u0259r.<\/p>\n<p style=\"text-align: justify;\">\u015e\u0259xsi se\u00e7ki v\u0259siq\u0259nizi \u0259ld\u0259 etm\u0259k \u00fc\u00e7\u00fcn pasportunuzu v\u0259 ya dig\u0259r etibarl\u0131 s\u0259n\u0259dinizi g\u00f6st\u0259rm\u0259lisiniz.<\/p>\n<p style=\"text-align: justify;\">11 Noyabr 2018 referendumu il\u0259 \u0259laq\u0259dar b\u00fct\u00fcn m\u0259lumatlar\u0131, Roma \u015e\u0259h\u0259r Meriyas\u0131n\u0131n <a href=\"http:\/\/www.comune.roma.it\/\">www.comune.roma.it<\/a> veb sayt\u0131ndan \u0259ld\u0259 ed\u0259 bil\u0259rsiniz.<\/p>\n<p style=\"text-align: justify;\">\n<p style=\"text-align: justify;\"><strong>21 Oktyabr 2018-ci il tarixli se\u00e7ki v\u0259 referendum m\u00fc\u015favir\u0259l\u0259ri: Xaricd\u0259 ya\u015fayan se\u00e7icil\u0259r \u00fc\u00e7\u00fcn s\u0259yah\u0259t g\u00fcz\u0259\u015ftl\u0259ri<\/strong><\/p>\n<p style=\"text-align: justify;\">24.09.2018<\/p>\n<p style=\"text-align: justify;\">A\u015fa\u011f\u0131da Trenitalia \u015firk\u0259tinin 21 oktyabr tarixind\u0259 ke\u00e7iril\u0259c\u0259k, n\u00f6vb\u0259ti se\u00e7ki v\u0259 referendum m\u00fc\u015favir\u0259l\u0259ri m\u00fcnasib\u0259til\u0259 xaricd\u0259 ya\u015fayan se\u00e7icil\u0259r \u00fc\u00e7\u00fcn s\u0259yah\u0259t g\u00fcz\u0259\u015ftl\u0259rin\u0259 dair t\u0259limat\u0131 d\u0259rc olunub.<\/p>\n<p style=\"text-align: justify;\"><a href=\"https:\/\/ambbaku.esteri.it\/ambasciata_baku\/resource\/doc\/2018\/09\/trnit_dplh_ms_pccp20180048617_2.pdf\">G\u00fcz\u0259\u015ftl\u0259r haqq\u0131nda m\u0259lumat \u2013 Trenitalia \u015firk\u0259ti<\/a><\/p>\n<p style=\"text-align: justify;\">\n<p style=\"text-align: justify;\"><strong>11 Noyabr 2018-ci il tarixind\u0259 Gaby B\u0259l\u0259diyy\u0259 \u015euras\u0131n\u0131n se\u00e7kil\u0259ri: Se\u00e7kiqaba\u011f\u0131 iclaslar\u0131 t\u0259yin ed\u0259n f\u0259rman<\/strong><\/p>\n<p style=\"text-align: justify;\">12.09.2018<\/p>\n<p style=\"text-align: justify;\">11 Noyabr 2018-ci il bazar g\u00fcn\u00fcn\u0259 t\u0259yin edilmi\u015f Gaby b\u0259l\u0259diyy\u0259 \u015furas\u0131n\u0131n yenil\u0259nm\u0259si \u00fc\u00e7\u00fcn se\u00e7kiqaba\u011f\u0131 iclaslar\u0131n\u0131n \u00e7a\u011f\u0131r\u0131lmas\u0131 v\u0259 25 Noyabr 2018-ci il bazar g\u00fcn\u00fc planla\u015fd\u0131r\u0131lan t\u0259krar s\u0259sverm\u0259 il\u0259 \u0259laq\u0259dar, b\u00f6lg\u0259 s\u0259dri t\u0259r\u0259find\u0259n verilmi\u015f 31 Avqust 2018-ci il 465 sayl\u0131 q\u0259rar d\u0259rc edilib.<\/p>\n<p style=\"text-align: justify;\">Yuxar\u0131da qeyd edil\u0259n q\u0259rar 11 sentyabr 2018-ci il tarixind\u0259 b\u00f6lg\u0259nin r\u0259smi q\u0259zetind\u0259 d\u0259rc olunub.<\/p>\n<p style=\"text-align: justify;\"><a href=\"https:\/\/ambbaku.esteri.it\/ambasciata_baku\/resource\/doc\/2018\/09\/decreto_convocazione.pdf\">31 Avqust 2018-ci il tarixli 465 sayl\u0131 \u00e7a\u011f\u0131r\u0131\u015f q\u0259rar\u0131. 31 Avqust 2018-ci il tarixli 465 sayl\u0131 q\u0259rar<\/a><\/p>\n<p style=\"text-align: justify;\">\n<p style=\"text-align: justify;\"><strong>21 Oktyabr 2018-ci il tarixli bazar g\u00fcn\u00fc se\u00e7ki v\u0259 referendum m\u00fc\u015favir\u0259l\u0259ri: Mafiya tipli cinay\u0259tkar qrupla\u015fmalarla t\u0259maslar\u0131 s\u0259b\u0259bind\u0259n f\u0259aliyy\u0259tin\u0259 xitam verilmi\u015f b\u0259l\u0259diyy\u0259l\u0259rd\u0259 ke\u00e7iril\u0259c\u0259k n\u00f6vb\u0259d\u0259nk\u0259nar se\u00e7kil\u0259r; Verbanio Kuzio Ossola \u0259yal\u0259tini inzibati bax\u0131mdan b\u00f6lm\u0259k \u00fc\u00e7\u00fcn \u00fcmumxalq referendumu: Trento \u0259yal\u0259t \u015euras\u0131 v\u0259 s\u0259dri, h\u0259m\u00e7inin Bolzano B\u0259l\u0259diyy\u0259 \u015euras\u0131na se\u00e7kil\u0259r.<\/strong><\/p>\n<p style=\"text-align: justify;\">11.09.2018<\/p>\n<p style=\"text-align: justify;\">267\/2000 qanun layih\u0259sinin 143-c\u00fc madd\u0259sinin 10-cu b\u0259ndin\u0259 \u0259sas\u0259n, Daxili \u0130\u015fl\u0259r Nazirliyi \u0259lav\u0259 edilmi\u015f m\u0259lumatda, mafiya s\u0259b\u0259bind\u0259n l\u0259\u011fv edilmi\u015f b\u0259l\u0259diyy\u0259l\u0259rin r\u0259hb\u0259r orqanlar\u0131n\u0131n yenil\u0259nm\u0259si \u00fc\u00e7\u00fcn n\u00f6vb\u0259d\u0259nk\u0259nar se\u00e7kil\u0259rin ke\u00e7irilm\u0259 tarixini bildirmi\u015fdir. 21 Oktyabr 2018-ci il bazar g\u00fcn\u00fcn\u0259 t\u0259yin olunmu\u015f se\u00e7kil\u0259rin, 4 Noyabr bazar g\u00fcn\u00fc yenid\u0259n ke\u00e7irilm\u0259si il\u0259 n\u0259z\u0259rd\u0259 tutulub.<\/p>\n<p style=\"text-align: justify;\">S\u00f6z\u00fcged\u0259n nazirlik, el\u0259 h\u0259min tarixd\u0259, y\u0259ni y\u0259ni 21 Oktyabr 2018 &#8211; ci il bazar g\u00fcn\u00fc, Verbano Kuzio Ossola vilay\u0259tinin Piemonte regionundan ayr\u0131lmas\u0131 v\u0259 Lombardiya b\u00f6lg\u0259sin\u0259 birl\u0259\u015fdirilm\u0259si \u00fc\u00e7\u00fcn \u00fcmumxalq s\u0259sverm\u0259sinin ke\u00e7iril\u0259c\u0259yini elan etdi.<\/p>\n<p style=\"text-align: justify;\">21 Oktyabr 2018 \u2013 ci il bazar g\u00fcn\u00fc Trento \u0259yal\u0259t \u015furas\u0131 v\u0259 ba\u015f\u00e7\u0131s\u0131n\u0131n eyni zamanda Bolzano \u0259yal\u0259t \u015furas\u0131n\u0131n yenil\u0259nm\u0259si \u00fc\u00e7\u00fcn se\u00e7kil\u0259r ke\u00e7iril\u0259c\u0259k.<\/p>\n<p style=\"text-align: justify;\">N\u0259hay\u0259t, Daxili \u0130\u015fl\u0259r Nazirliyinin n\u00f6vb\u0259d\u0259nk\u0259nar se\u00e7kil\u0259rin ke\u00e7irilm\u0259sind\u0259 maraql\u0131 olan Parabita b\u0259l\u0259diyy\u0259si il\u0259 \u0259laq\u0259dar haz\u0131rk\u0131 komissar r\u0259hb\u0259rliyinin vaxt\u0131n\u0131n uzad\u0131lmad\u0131\u011f\u0131 t\u0259qdird\u0259, se\u00e7kil\u0259rin 21 Oktyabr 2018 bazar g\u00fcn\u00fc ba\u015f tutaca\u011f\u0131 haqq\u0131nda m\u0259lumat\u0131 \u0259lav\u0259 edilib.<\/p>\n<p style=\"text-align: justify;\"><a href=\"https:\/\/ambbaku.esteri.it\/ambasciata_baku\/resource\/doc\/2018\/09\/nota_mint_consultazioni_elettorali_21_ottobre_2018.pdf\">Nazirliyin m\u0259lumat\u0131 &#8211; Se\u00e7ki m\u00fc\u015favir\u0259l\u0259ri 21 Oktyabr 2018 \u2013 ci il<\/a><\/p>\n<p style=\"text-align: justify;\"><a href=\"https:\/\/ambbaku.esteri.it\/ambasciata_baku\/resource\/doc\/2018\/09\/nota_aggiuntiva_mint_consultazioni_elettorali_del_21.10.2018_.parabita.pdf\">Nazirliyin \u0259lav\u0259 m\u0259lumat\u0131 &#8211; Se\u00e7ki m\u00fc\u015favir\u0259l\u0259ri 21 Oktyabr 2018 &#8211; Parabita<\/a><\/p>\n<p style=\"text-align: justify;\">\n<p style=\"text-align: justify;\"><strong>YEN\u0130L\u018fM\u018fL\u018fR \u2013 \u0130NZ\u0130BAT\u0130 SE\u00c7K\u0130L\u018fR 2018 &#8211; S\u0130\u00c7\u0130L\u0130YA REG\u0130ONU<\/strong><\/p>\n<p style=\"text-align: justify;\">&#8220;A&#8221; siyah\u0131s\u0131na d\u0259yi\u015fiklik ed\u0259n 24 May tarixli 6805 sayl\u0131 v\u0259 23 May 2018 \u2013 ci il tarixli 98 sayl\u0131 \u015eura q\u0259rar\u0131 d\u0259rc olunub.<\/p>\n<p style=\"text-align: justify;\"><a href=\"https:\/\/ambbaku.esteri.it\/ambasciata_baku\/resource\/doc\/2018\/06\/nota_prot._n__6805_del_24.05.2018_trasmissione_d.a._n__98_del_23.05.2018.pdf\">24 may 2018 tarixli 6805 sayl\u0131 q\u0259rar<\/a><\/p>\n<p style=\"text-align: justify;\">\n<p style=\"text-align: justify;\"><strong>\u0130NZ\u0130BAT\u0130 SE\u00c7K\u0130L\u018fR 2018 &#8211; S\u0130\u00c7\u0130L\u0130YA REG\u0130ONU \u00dcZR\u018f SE\u00c7K\u0130QABA\u011eI \u0130CLASLARIN T\u018fY\u0130N ED\u0130LM\u018fS\u0130<\/strong><\/p>\n<p style=\"text-align: justify;\">13-04-2018<\/p>\n<p style=\"text-align: justify;\">Si\u00e7iliya regionunun Yerli Muxtariyy\u0259tl\u0259r v\u0259 D\u00f6vl\u0259t Xidm\u0259tl\u0259ri \u0130dar\u0259si v\u0259 11.04.2018 tarixli 57 sayl\u0131 \u015fura q\u0259rar\u0131na \u0259sas\u0259n b\u0259l\u0259diyy\u0259 ba\u015f\u00e7\u0131lar\u0131n\u0131n, b\u0259l\u0259diyy\u0259 \u015furalar\u0131n\u0131n v\u0259 yuxar\u0131da qeyd olunan q\u0259rara \u0259lav\u0259d\u0259 g\u00f6st\u0259ril\u0259n b\u0259l\u0259diyy\u0259l\u0259rin \u0259razil\u0259rind\u0259 ke\u00e7iril\u0259c\u0259k se\u00e7kil\u0259rin 10 \u0130yun 2018-ci il tarixin\u0259 t\u0259yin olunmas\u0131 haqq\u0131nda m\u0259lumat d\u0259rc olunub.<\/p>\n<p style=\"text-align: justify;\"><a href=\"https:\/\/ambbaku.esteri.it\/ambasciata_baku\/resource\/img\/2018\/04\/nota_prot._n__4615_del_12.04.2018_elez._amm._2018_indizione_comizi_elettorali.pdf\">\u0130nzibati Se\u00e7kil\u0259r 2018 &#8211; 11.04.2018 tarixli 57 sayl\u0131 \u015eura q\u0259rar\u0131 \u2013 Se\u00e7kiqaba\u011f\u0131 iclaslara \u00e7a\u011f\u0131r\u0131\u015f<\/a><\/p>\n<p style=\"text-align: justify;\"><a href=\"https:\/\/ambbaku.esteri.it\/ambasciata_baku\/resource\/doc\/2018\/04\/nota_prot._n__4615_del_12.04.2018_elez._amm._2018_indizione_comizi_elettorali.pdf\">11.04.2018 tarixli 57 sayl\u0131 \u015eura q\u0259rar\u0131 &#8211; Si\u00e7iliya regionu<\/a><\/p>\n<p style=\"text-align: justify;\">\n<p style=\"text-align: justify;\"><strong>27 may 2018-ci il yenid\u0259n s\u0259sverm\u0259 yolu il\u0259 Trentino Alto Adige regionunda b\u0259l\u0259diyy\u0259 se\u00e7kil\u0259ri. Xaricd\u0259 ya\u015fayan se\u00e7icil\u0259r \u00fc\u00e7\u00fcn s\u0259yah\u0259t g\u00fcz\u0259\u015ftl\u0259ri<\/strong><\/p>\n<p style=\"text-align: justify;\">11-04-2018<\/p>\n<p style=\"text-align: justify;\"><a href=\"http:\/\/ambbaku.esteri.it\/ambasciata_baku\/it\/ambasciata\/news\/dall_ambasciata\/elezioni-comunali-in-trentino-alto.html\">M\u0259lumat\u0131 a\u015fa\u011f\u0131dak\u0131 linkd\u0259n \u0259ld\u0259 ed\u0259 bil\u0259rsiniz.<\/a><\/p>\n<p style=\"text-align: justify;\">\n<p style=\"text-align: justify;\"><strong>Valtournenche \u0259razisi \u00fczr\u0259 B\u0259l\u0259diyy\u0259 \u015furas\u0131n\u0131n yenil\u0259nm\u0259sin\u0259 dair se\u00e7kiqaba\u011fl iclaslar\u0131n \u00e7a\u011f\u0131r\u0131lmas\u0131 haqq\u0131nda elan.<\/strong><\/p>\n<p style=\"text-align: justify;\">29-03-2018<\/p>\n<p style=\"text-align: justify;\">\u018flav\u0259 edilmi\u015f q\u0259rara \u0259sas\u0259n, Valle d&#8217;Aosta Muxtar Vilay\u0259tinin ba\u015f\u00e7\u0131s\u0131n\u0131n 20 May 2018 bazar g\u00fcn\u00fc, b\u0259l\u0259diyy\u0259 s\u0259drinin , b\u0259l\u0259diyy\u0259 s\u0259drinin m\u00fcavini v\u0259 Valtournenche \u015f\u0259h\u0259r m\u0259clisinin 13 \u00fczv\u00fcn\u00fcn se\u00e7ilm\u0259sini n\u0259z\u0259rd\u0259 tutan se\u00e7kiqaba\u011f\u0131 iclaslar\u0131n t\u0259yin olunmas\u0131 bar\u0259d\u0259 m\u0259lumat\u0131 verilir. Bildirilir ki, s\u0259sverm\u0259nin ilk turu 20 may 2018-ci il, bazar g\u00fcn\u00fc t\u0259yin olunsa da, 4\/1995 qanunun 53 -c\u00fc madd\u0259sinin 4-c\u00fc b\u0259ndind\u0259 n\u0259z\u0259rd\u0259 tutulmu\u015f m\u00fcst\u0259sna hallarda yenid\u0259n s\u0259sverm\u0259 bazar g\u00fcn\u00fc, 2018-ci il 3 \u0130yun tarixind\u0259 ke\u00e7iril\u0259c\u0259k.<\/p>\n<p style=\"text-align: justify;\">\n<p style=\"text-align: justify;\"><strong>Valle d&#8217;Aosta-da Regional \u015euran\u0131n se\u00e7kil\u0259ri \u00fc\u00e7\u00fcn se\u00e7kiqaba\u011f\u0131 iclaslar\u0131n \u00e7a\u011f\u0131r\u0131lmas\u0131 bar\u0259d\u0259 m\u0259lumat<\/strong><\/p>\n<p style=\"text-align: justify;\">27-03-2018<\/p>\n<p style=\"text-align: justify;\">Valle d&#8217;Aosta Muxtar Vilay\u0259ti \u0259lav\u0259 edilmi\u015f q\u0259rara \u0259sas\u0259n, bazar g\u00fcn\u00fc 20 may tarixind\u0259 Regional \u015euran\u0131n yenil\u0259nm\u0259si \u00fc\u00e7\u00fcn se\u00e7kiqaba\u011f\u0131 iclaslar\u0131n \u00e7a\u011f\u0131r\u0131lmas\u0131 bar\u0259d\u0259 m\u0259lumat veril\u0131r.<\/p>\n<p style=\"text-align: justify;\"><a href=\"https:\/\/ambbaku.esteri.it\/ambasciata_baku\/resource\/doc\/2018\/03\/regione_autonoma_valle_d_aosta.pdf\">Se\u00e7kiqaba\u011f\u0131 iclaslar\u0131n \u00e7a\u011fr\u0131lmas\u0131 haqq\u0131nda q\u0259rar.<\/a><\/p>\n<p style=\"text-align: justify;\">\n<p style=\"text-align: justify;\"><strong>Friuli Venesiya Culya- Regional v\u0259 b\u0259l\u0259diyy\u0259 se\u00e7kil\u0259ri, regional m\u0259\u015fv\u0259r\u0259t\u00e7i referendumlar\u0131 haqq\u0131nda elan<\/strong><\/p>\n<p style=\"text-align: justify;\">09-03-2018<\/p>\n<p style=\"text-align: justify;\">Bu elanla ba\u011fl\u0131 a\u015fa\u011f\u0131dak\u0131 link\u0259 bax\u0131n:<\/p>\n<p style=\"text-align: justify;\"><a href=\"http:\/\/ambbaku.esteri.it\/ambasciata_baku\/it\/ambasciata\/news\/dall_ambasciata\/friuli-venezia-giulia-elezioni.html\">http: \/\/ambbaku.esteri.it\/ambasciata_baku\/it\/ambasciata\/news\/dall_ambasciata\/friuli-venezia-giulia-elezioni.html<\/a><\/p>\n<p style=\"text-align: justify;\">\n<p style=\"text-align: justify;\"><strong>Si\u00e7iliya b\u00f6lg\u0259si v\u0259 Si\u00e7iliya Regional Assembleya s\u0259drinin birba\u015fa se\u00e7ilm\u0259si ba\u011fl\u0131 ke\u00e7iril\u0259n se\u00e7kiqaba\u011f\u0131 iclaslar bar\u0259d\u0259 elan.<\/strong><\/p>\n<p style=\"text-align: justify;\">2017-10-02<\/p>\n<p style=\"text-align: justify;\">Si\u00e7iliya regionu r\u0259hb\u0259rinin 1 sentyabr 2017-ci il tarixli 445 sayl\u0131 q\u0259rar\u0131na \u0259sas\u0259n, b\u00f6lg\u0259 ba\u015f\u00e7\u0131s\u0131n\u0131n v\u0259 Si\u00e7iliya Regional Assembleyas\u0131na birba\u015fa se\u00e7kil\u0259ri \u00fc\u00e7\u00fcn se\u00e7kiqaba\u011f\u0131 iclaslar\u0131n \u00e7a\u011f\u0131r\u0131lmas\u0131n\u0131 elan edir. Se\u00e7kil\u0259r 5 Noyabr 2017-ci il bazar g\u00fcn\u00fc ke\u00e7iril\u0259c\u0259k.<\/p>\n<p style=\"text-align: justify;\">\n<p style=\"text-align: justify;\"><strong>Valle d&#8217;Aosta Region s\u0259drinin se\u00e7kiqaba\u011f\u0131 iclaslar\u0131n \u00e7a\u011f\u0131r\u0131lmas\u0131 il\u0259 ba\u011fl\u0131 elan\u0131<\/strong><\/p>\n<p style=\"text-align: justify;\">2017-10-02<\/p>\n<p style=\"text-align: justify;\">Valle d&#8217;Aosta B\u00f6lg\u0259sinin ba\u015f\u00e7\u0131s\u0131n\u0131n 04 sentyabr 2017-ci il tarixli 608 sayl\u0131 q\u0259rar\u0131 il\u0259 b\u0259l\u0259diyy\u0259 ba\u015f\u00e7\u0131s\u0131n\u0131n, b\u0259l\u0259diyy\u0259 s\u0259drinin m\u00fcavinl\u0259rinin v\u0259 B\u0259l\u0259diyy\u0259 \u015furas\u0131n\u0131n 13 \u00fczv\u00fcn\u00fcn birba\u015fa se\u00e7ilm\u0259si \u00fc\u00e7\u00fcn se\u00e7kiqaba\u011f\u0131 iclaslar\u0131n \u00e7a\u011fr\u0131ld\u0131\u011f\u0131 bildirilir. Se\u00e7ki m\u0259\u015fv\u0259r\u0259ti is\u0259,26 Noyabr 2017-ci il tarixin\u0259 t\u0259yin edilib, yenid\u0259n s\u0259sverm\u0259 is\u0259, 10 dekabr 2017-ci il tarixind\u0259 ke\u00e7iril\u0259c\u0259k.<\/p>\n<p style=\"text-align: justify;\">\n<p style=\"text-align: justify;\"><strong>Friuli Venesiya Culya Muxtar vilya\u0259tinin ba\u015f\u00e7\u0131s\u0131 t\u0259r\u0259find\u0259n \u00e7a\u011f\u0131r\u0131lan iki Referenduma dair elan<\/strong><\/p>\n<p style=\"text-align: justify;\">2017-10-02<\/p>\n<p style=\"text-align: justify;\">Friuli Venesiya Culiya Muxtar Vilay\u0259tinin s\u0259drinin 0201 \/ Pres. v\u0259 0202 \/ Pres. sayl\u0131 q\u0259rar\u0131na \u0259sas\u0259n 4 sentyabr 2017-ci il tarixind\u0259 Lauco, Raveo, Villa Santina,Ligosullo v\u0259 Treppo Carnico b\u0259l\u0259diyy\u0259l\u0259rinin birl\u0259\u015fm\u0259sind\u0259n yaranan &#8220;Villa Lauco Raveo&#8221; v\u0259 &#8220;Treppo Ligosullo&#8221; adl\u0131 yeni b\u0259l\u0259diyy\u0259l\u0259rin yarad\u0131lmas\u0131 m\u0259qs\u0259dil\u0259 iki m\u0259\u015fv\u0259r\u0259t\u00e7i referendumun \u00e7a\u011fr\u0131lmas\u0131 il\u0259 ba\u011fl\u0131 m\u0259lumat verilir.<\/p>\n<p style=\"text-align: justify;\">\n<p style=\"text-align: justify;\"><strong>SE\u00c7K\u0130 X\u0130DM\u018fTL\u018fR\u0130<\/strong><\/p>\n<p style=\"text-align: justify;\">Se\u00e7ki Xidm\u0259tl\u0259ri \u015e\u00f6b\u0259si, \u0259razid\u0259 ya\u015fayan v\u0259 s\u0259sverm\u0259 h\u00fcququ olan \u015f\u0259xsl\u0259rin se\u00e7kid\u0259 i\u015ftirak etm\u0259si il\u0259 ba\u011fl\u0131 b\u00fct\u00fcn milli v\u0259 Avropa se\u00e7ki t\u0259yinatlar\u0131n\u0131n idar\u0259 edilm\u0259si il\u0259 m\u0259\u015f\u011fuldur.<\/p>\n<p style=\"text-align: justify;\"><a href=\"http:\/\/www.esteri.it\/MAE\/IT\/Italiani_nel_Mondo\/ServiziConsolari\/VotoEstero\/\">\u00dcmumi m\u0259lumatlar haqq\u0131nda link&#8212;&gt;<\/a><\/p>\n","protected":false},"excerpt":{"rendered":"Uninominal 01-Kalyari se\u00e7ki dair\u0259sind\u0259n Deputatlar Palatas\u0131na \u0259lav\u0259 se\u00e7ki. Abrutso regionu \u00fczr\u0259 cunta v\u0259 \u015fura s\u0259drinin se\u00e7ilm\u0259si Deputatlardan biri istefa etdiyi t\u0259qdird\u0259 20 Yanvar 2019-cu il tarixind\u0259 bazar g\u00fcn\u00fc bir XXVI Sardiniya dair\u0259sinin 01 &#8216;Kalyari se\u00e7ki m\u0259nt\u0259q\u0259sind\u0259 Deputatlar Palatas\u0131na \u0259lav\u0259 se\u00e7kil\u0259rin ke\u00e7irilm\u0259si haqq\u0131nda Daxili \u0130\u015fl\u0259r Nazirliyinin m\u00fcraci\u0259ti d\u0259rc olunur. Eyni m\u00fcraci\u0259tl\u0259, yuxar\u0131da g\u00f6st\u0259ril\u0259n Nazirlik, Abrutso regionu [&hellip;]","protected":false},"author":5,"featured_media":0,"parent":195,"menu_order":0,"comment_status":"closed","ping_status":"closed","template":"","meta":{"footnotes":""},"class_list":["post-787","page","type-page","status-publish","hentry"],"_links":{"self":[{"href":"https:\/\/ambbaku.esteri.it\/az\/wp-json\/wp\/v2\/pages\/787","targetHints":{"allow":["GET"]}}],"collection":[{"href":"https:\/\/ambbaku.esteri.it\/az\/wp-json\/wp\/v2\/pages"}],"about":[{"href":"https:\/\/ambbaku.esteri.it\/az\/wp-json\/wp\/v2\/types\/page"}],"author":[{"embeddable":true,"href":"https:\/\/ambbaku.esteri.it\/az\/wp-json\/wp\/v2\/users\/5"}],"replies":[{"embeddable":true,"href":"https:\/\/ambbaku.esteri.it\/az\/wp-json\/wp\/v2\/comments?post=787"}],"version-history":[{"count":2,"href":"https:\/\/ambbaku.esteri.it\/az\/wp-json\/wp\/v2\/pages\/787\/revisions"}],"predecessor-version":[{"id":789,"href":"https:\/\/ambbaku.esteri.it\/az\/wp-json\/wp\/v2\/pages\/787\/revisions\/789"}],"up":[{"embeddable":true,"href":"https:\/\/ambbaku.esteri.it\/az\/wp-json\/wp\/v2\/pages\/195"}],"wp:attachment":[{"href":"https:\/\/ambbaku.esteri.it\/az\/wp-json\/wp\/v2\/media?parent=787"}],"curies":[{"name":"wp","href":"https:\/\/api.w.org\/{rel}","templated":true}]}}