{"id":831,"date":"2023-09-28T16:32:48","date_gmt":"2023-09-28T12:32:48","guid":{"rendered":"https:\/\/ambbaku.esteri.it\/?page_id=831"},"modified":"2023-09-28T16:36:18","modified_gmt":"2023-09-28T12:36:18","slug":"comites-e-cgie-normati%cc%87vl%c9%99r","status":"publish","type":"page","link":"https:\/\/ambbaku.esteri.it\/az\/servizi-consolari-e-visti\/servizi-per-il-cittadino-italiano\/secki-xidm%c9%99tl%c9%99ri\/comites-e-cgie-normati%cc%87vl%c9%99r\/","title":{"rendered":"Comites e cgie normati\u0307vl\u0259r"},"content":{"rendered":"<p><strong>Xaricd\u0259ki \u0130TAL\u0130YANLARIN \u00dcMUM\u0130 \u015eURASINA SE\u00c7K\u0130L\u018fR (C.G.I.E)<\/strong><\/p>\n<p style=\"text-align: justify;\">6 Noyabr 1989 -cu il tarixli 368 sayl\u0131 qanunla (18 iyun 1998-ci il tarixli 198 sayl\u0131 Qanunla d\u0259yi\u015fdirilmi\u015fdir) t\u0259sis edilmi\u015f v\u0259 Prezidentin 14 sentyabr 1998 \u2013 cil tarixli 329 sayl\u0131 f\u0259rman\u0131 il\u0259 t\u0259nziml\u0259n\u0259n C.G.I.E., xaricd\u0259ki italyanlar\u0131n maraqlar\u0131n\u0131 \u0259ks etdir\u0259n m\u00f6vzularda h\u00f6k\u00fcm\u0259t yan\u0131nda m\u0259sl\u0259h\u0259t\u00e7i qurum kimi f\u0259aliyy\u0259t g\u00f6st\u0259rir. Bu,d\u00fcnyadak\u0131 italyan icmalar\u0131n\u0131n \u00f6lk\u0259nin siyasi h\u0259yat\u0131nda f\u0259al &#8220;i\u015ftirak\u0131n\u0131&#8221; t\u0259min ed\u0259n inki\u015faf prosesinin ilk add\u0131m\u0131n\u0131 t\u0259\u015fkil edir v\u0259 onlar\u0131n \u0130taliya il\u0259 daimi \u0259laq\u0259l\u0259ri \u00fc\u00e7\u00fcn vacib qurumdur.<\/p>\n<p style=\"text-align: justify;\">Xaricd\u0259ki italyanlar\u0131n Ba\u015f \u015euras\u0131 Plenar iclas, Kontinental Komissiyalar v\u0259 Tematik Komissiyalar s\u0259viyy\u0259sind\u0259 toplan\u0131r. \u015eura, 65-i yerli se\u00e7ki orqanlar\u0131 vasit\u0259si il\u0259 h\u0259r be\u015f ild\u0259n bir xaricd\u0259ki italyanlar t\u0259r\u0259find\u0259n se\u00e7il\u0259n 94 \u00fczvd\u0259n ibar\u0259tdir(son se\u00e7kil\u0259r Xarici \u0130\u015fl\u0259r nazirinin 4 May 2004 \u2013 il tarixli q\u0259rar\u0131 il\u0259 m\u00fc\u0259yy\u0259n edilmi\u015f co\u011frafi b\u00f6lg\u00fcy\u0259 \u0259saslanaraq, 2004-c\u00fc ilin iyununda ke\u00e7irilib). Milli m\u00fchacir\u0259t birlikl\u0259rinin, parlament t\u0259msil\u00e7iliyi olan partiyalar\u0131n, h\u0259mkarlar ittifaq\u0131 t\u0259\u015fkilatlar\u0131n\u0131n v\u0259 \u0259n \u00e7ox t\u0259msil olunan himya\u0259\u00e7il\u0259rin t\u0259klifin\u0259 \u0259sas\u0259n, Nazirl\u0259r Kabineti s\u0259drinin q\u0259rar\u0131 il\u0259 29 n\u0259f\u0259r se\u00e7il\u0259n namiz\u0259dl\u0259rin siyah\u0131s\u0131na \u0259lav\u0259 olunur.<\/p>\n<p style=\"text-align: justify;\">CGIE-nin s\u0259dri Xarici \u0130\u015fl\u0259r naziri olmaqla, ba\u015f katib (Plenar M\u0259clisi v\u0259 Prezident Komit\u0259sini \u00e7a\u011f\u0131ran, i\u015fi istiqam\u0259tl\u0259ndir\u0259n v\u0259 al\u0131nan q\u0259rarlar\u0131 icra ed\u0259n), \u00fc\u00e7 co\u011frafi b\u00f6lg\u0259 (Avropa v\u0259 \u015eimali Afrika; Lat\u0131n Amerikas\u0131 \u0130ngilis Dilli Ekstra Avropa \u00d6lk\u0259l\u0259ri) v\u0259 \u00fczvl\u0259ri h\u00f6kum\u0259t t\u0259r\u0259find\u0259n t\u0259yin olunmu\u015f qrup \u00fczr\u0259 ba\u015f katibin d\u00f6rd m\u00fcavini v\u0259 ild\u0259 \u0259n az\u0131 6 d\u0259f\u0259 toplanan, s\u0259drin ba\u00e7\u015f\u0131l\u0131q etdiyi komissiya \u00fczvl\u0259rinin (\u00fcmumilikd\u0259 17 \u00fczvd\u0259n ibar\u0259tdir) v\u0259zif\u0259l\u0259ri se\u00e7ki yolu il\u0259 t\u0259nziml\u0259nir.<\/p>\n<p style=\"text-align: justify;\">\u0130ki illik plenar iclasda m\u0259\u015fv\u0259r\u0259t\u00e7i qurum olan CGIE, xaricd\u0259ki \u0130talyan icmalar\u0131n\u0131n probleml\u0259rini ara\u015fd\u0131r\u0131r, \u00f6lk\u0259nin v\u0259 ya b\u00f6lg\u0259l\u0259rin qanunvericilik v\u0259 ya inzibati t\u0259\u015f\u0259bb\u00fcsl\u0259ri, xaricd\u0259ki italyan icmalar\u0131na dair beyn\u0259lxalq m\u00fcqavil\u0259l\u0259r v\u0259 icma qaydalar\u0131 il\u0259 ba\u011fl\u0131 r\u0259y, t\u0259klif v\u0259 t\u00f6vsiy\u0259l\u0259r haz\u0131rlay\u0131r. X\u00fcsusil\u0259, CGIE a\u015fa\u011f\u0131dak\u0131 m\u0259s\u0259l\u0259l\u0259r\u0259 dair h\u00f6kum\u0259tin t\u0259limatlar\u0131 bar\u0259d\u0259 konkret r\u0259yl\u0259r formala\u015fd\u0131r\u0131r. Xaricd\u0259ki icmalara d\u00f6vl\u0259tin maliyy\u0259 d\u0259st\u0259yi\u0131; m\u0259kt\u0259b siyas\u0259ti, pe\u015f\u0259 t\u0259hsili, sosial m\u00fcdafi\u0259 v\u0259 \u0259halinin rifah\u0131 \u00fc\u00e7\u00fcn \u00e7oxillik proqramlar; yerli d\u0259rn\u0259kl\u0259r, xeyriyy\u0259\u00e7i t\u0259\u015fkilatlar, pe\u015f\u0259 t\u0259hsili orqanlar\u0131n, m\u0259tbuat v\u0259 media orqanlar\u0131na maliyy\u0259 d\u0259st\u0259yinin verilm\u0259 meyarlar\u0131; xaricd\u0259ki icmalar \u00fc\u00e7\u00fcn radio v\u0259 televiziya proqramlar\u0131; konsulluq, m\u0259kt\u0259b v\u0259 sosial xidm\u0259tl\u0259r\u0259 dair islahatlar.<\/p>\n<p style=\"text-align: justify;\"><strong>XAR\u0130CD\u018fK\u0130 \u0130TALYAN \u0130CMALARI (COM.IT.ES.)<\/strong><\/p>\n<p style=\"text-align: justify;\">205\/1985 sayl\u0131 qanuna \u0259sas\u0259n yarad\u0131lan Com.It.Es, h\u0259r konsulluq b\u00f6lg\u0259sind\u0259 \u0259n az\u0131 3000 v\u0259t\u0259nda\u015f\u0131n ya\u015fad\u0131\u011f\u0131, xaricd\u0259 ya\u015fayan italyanlar t\u0259r\u0259find\u0259n birba\u015fa se\u00e7il\u0259n icmam\u0131z\u0131n t\u0259msiledici qurumlar\u0131d\u0131r; \u0259slind\u0259, 3000-d\u0259n az italyan v\u0259t\u0259nda\u015f\u0131n\u0131n ya\u015fad\u0131\u011f\u0131 \u0259razil\u0259rd\u0259ki bel\u0259 komit\u0259l\u0259r diplomatik-konsulluq orqan\u0131 t\u0259r\u0259find\u0259n t\u0259yin edil\u0259 bil\u0259r.<\/p>\n<p style=\"text-align: justify;\">Kom.it.Es. haqq\u0131nda qanunvericilik 26 oktyabr 2003-c\u00fc il tarixli 286 sayl\u0131 qanun v\u0259 29 dekabr 2003 tarixli 395 sayl\u0131 (\u0130cra Qaydalar\u0131) D.P.R. t\u0259r\u0259find\u0259n \u0259sasl\u0131 \u015f\u0259kild\u0259 d\u0259yi\u015fdirilmi\u015fdir. \u00c7oxsayl\u0131 yenilikl\u0259r aras\u0131nda ilk n\u00f6vb\u0259d\u0259 Komit\u0259l\u0259rin se\u00e7kil\u0259rind\u0259 yaz\u0131\u015fmalar yolu il\u0259 s\u0259sverm\u0259nin t\u0259tbiqi qeyd edilm\u0259lidir. Bunun \u00fc\u00e7\u00fcn qanun 27 dekabr 2001- il tarixli 459 sayl\u0131 q\u0259rarla n\u0259z\u0259rd\u0259 tutulmu\u015f qaydalara istinad edir. Bu s\u0259b\u0259bd\u0259n se\u00e7ki bazas\u0131, yerli parlament n\u00fcmay\u0259nd\u0259l\u0259rinin se\u00e7ilm\u0259si \u00fc\u00e7\u00fcn n\u0259z\u0259rd\u0259 tutulanla eynidir.<\/p>\n<p style=\"text-align: justify;\">Com.It.Es. 100.000-d\u0259n az v\u0259 ya daha \u00e7ox v\u0259t\u0259nda\u015f\u0131n ya\u015fad\u0131\u011f\u0131 konsulluq \u0259razil\u0259rind\u0259n se\u00e7ildikl\u0259rin\u0259 g\u00f6r\u0259, \u00fczvl\u0259ri 12 v\u0259 ya 18 n\u0259f\u0259rd\u0259n ibar\u0259t ola bil\u0259r. Onlar\u0131n ad\u0131 yerli parlament\u0259 se\u00e7kil\u0259ri \u00fc\u00e7\u00fcn t\u0259rtib olunan yenil\u0259nmi\u015f se\u00e7ici siyah\u0131s\u0131ndan g\u00f6t\u00fcr\u00fclm\u00fc\u015fd\u00fcr. Bir d\u0259f\u0259 se\u00e7il\u0259n Komit\u0259, sonradan italyan m\u0259n\u015f\u0259li xarici v\u0259t\u0259nda\u015flar\u0131n 4 v\u0259 ya 6 \u00fczv\u00fcn\u00fcn se\u00e7imin\u0259 q\u0259rar ver\u0259 bil\u0259r.<\/p>\n<p style=\"text-align: justify;\">Bu yenilik 286\/2003 sayl\u0131 qanunun 1-ci madd\u0259sinin 2-ci b\u0259ndin\u0259 \u0259sas\u0259n, ilk d\u0259f\u0259 Com.It.Es.-i &#8220;Diplomatik-konsulluq n\u00fcmay\u0259nd\u0259likl\u0259ri il\u0259 m\u00fcnasib\u0259tl\u0259rd\u0259 xaricd\u0259ki italyanlar\u0131n t\u0259msil\u00e7i n\u00fcmay\u0259nd\u0259liyi&#8221; kimi m\u00fc\u0259yy\u0259nl\u0259\u015fdirmi\u015fdir. Bu \u015f\u0259kild\u0259 onlar\u0131n h\u0259m t\u0259msil etdikl\u0259ri icmalar, h\u0259m d\u0259 konsulluq orqanlar\u0131 \u0259laq\u0259l\u0259ri d\u0259y\u0259rl\u0259ndirilir. Yeni qanun \u0259slind\u0259, konsulluq orqanlar\u0131 il\u0259 Komit\u0259l\u0259r aras\u0131nda \u201cm\u00fcnt\u0259z\u0259m m\u0259lumat m\u00fcadil\u0259si\u201d \u0259sas\u0131nda qurulan \u0259m\u0259kda\u015fl\u0131q \u0259laq\u0259l\u0259rind\u0259n x\u0259b\u0259r verir.<\/p>\n<p style=\"text-align: justify;\">Com.It.Es-in f\u0259aliyy\u0259tin\u0259 g\u0259ldikd\u0259 is\u0259 qurum, ara\u015fd\u0131rma v\u0259 t\u0259dqiqat yolu il\u0259 m\u00fcvafiq icman\u0131n sosial, m\u0259d\u0259ni v\u0259 sivil inki\u015faf ehtiyaclar\u0131n\u0131 m\u00fc\u0259yy\u0259nl\u0259\u015fdirir. X\u00fcsusi diqq\u0259t yetiril\u0259n sah\u0259l\u0259r\u0259 g\u0259ncl\u0259rin f\u0259all\u0131\u011f\u0131, gender b\u0259rab\u0259rliyi, sosial v\u0259 t\u0259hsil m\u00fcavin\u0259tl\u0259ri, pe\u015f\u0259 haz\u0131rl\u0131\u011f\u0131, \u0259yl\u0259nc\u0259, idman v\u0259 asud\u0259 vaxt\u0131n s\u0259m\u0259r\u0259li istifad\u0259si aiddir.<\/p>\n<p style=\"text-align: justify;\">Komit\u0259l\u0259r, konsulluq \u0259razisind\u0259 ya\u015fayan italyan v\u0259t\u0259nda\u015flar\u0131n\u0131n h\u00fcquq v\u0259 m\u0259nafel\u0259rinin qorunmas\u0131nda konsulluq orqan\u0131 il\u0259 \u0259m\u0259kda\u015fl\u0131q etm\u0259y\u0259 d\u0259v\u0259t olunur. 2004-c\u00fc il Mart se\u00e7kil\u0259rind\u0259n sonra bu g\u00fcn 38 \u00f6lk\u0259d\u0259 126 Com.It.Es f\u0259aliyy\u0259t g\u00f6st\u0259rir. Bunlardan 69-u Avropada, 23-\u00fc Lat\u0131n Amerikas\u0131nda, 4-\u00fc M\u0259rk\u0259zi Amerikada, 16-s\u0131 \u015eimali Amerikada, 7-si Asiyada v\u0259 7-si is\u0259 Afrikada f\u0259aliyy\u0259t g\u00f6st\u0259rir.<\/p>\n","protected":false},"excerpt":{"rendered":"Xaricd\u0259ki \u0130TAL\u0130YANLARIN \u00dcMUM\u0130 \u015eURASINA SE\u00c7K\u0130L\u018fR (C.G.I.E) 6 Noyabr 1989 -cu il tarixli 368 sayl\u0131 qanunla (18 iyun 1998-ci il tarixli 198 sayl\u0131 Qanunla d\u0259yi\u015fdirilmi\u015fdir) t\u0259sis edilmi\u015f v\u0259 Prezidentin 14 sentyabr 1998 \u2013 cil tarixli 329 sayl\u0131 f\u0259rman\u0131 il\u0259 t\u0259nziml\u0259n\u0259n C.G.I.E., xaricd\u0259ki italyanlar\u0131n maraqlar\u0131n\u0131 \u0259ks etdir\u0259n m\u00f6vzularda h\u00f6k\u00fcm\u0259t yan\u0131nda m\u0259sl\u0259h\u0259t\u00e7i qurum kimi f\u0259aliyy\u0259t g\u00f6st\u0259rir. Bu,d\u00fcnyadak\u0131 italyan [&hellip;]","protected":false},"author":5,"featured_media":0,"parent":787,"menu_order":0,"comment_status":"closed","ping_status":"closed","template":"","meta":{"footnotes":""},"class_list":["post-831","page","type-page","status-publish","hentry"],"_links":{"self":[{"href":"https:\/\/ambbaku.esteri.it\/az\/wp-json\/wp\/v2\/pages\/831","targetHints":{"allow":["GET"]}}],"collection":[{"href":"https:\/\/ambbaku.esteri.it\/az\/wp-json\/wp\/v2\/pages"}],"about":[{"href":"https:\/\/ambbaku.esteri.it\/az\/wp-json\/wp\/v2\/types\/page"}],"author":[{"embeddable":true,"href":"https:\/\/ambbaku.esteri.it\/az\/wp-json\/wp\/v2\/users\/5"}],"replies":[{"embeddable":true,"href":"https:\/\/ambbaku.esteri.it\/az\/wp-json\/wp\/v2\/comments?post=831"}],"version-history":[{"count":3,"href":"https:\/\/ambbaku.esteri.it\/az\/wp-json\/wp\/v2\/pages\/831\/revisions"}],"predecessor-version":[{"id":834,"href":"https:\/\/ambbaku.esteri.it\/az\/wp-json\/wp\/v2\/pages\/831\/revisions\/834"}],"up":[{"embeddable":true,"href":"https:\/\/ambbaku.esteri.it\/az\/wp-json\/wp\/v2\/pages\/787"}],"wp:attachment":[{"href":"https:\/\/ambbaku.esteri.it\/az\/wp-json\/wp\/v2\/media?parent=831"}],"curies":[{"name":"wp","href":"https:\/\/api.w.org\/{rel}","templated":true}]}}