{"id":850,"date":"2023-09-28T16:43:57","date_gmt":"2023-09-28T12:43:57","guid":{"rendered":"https:\/\/ambbaku.esteri.it\/?page_id=850"},"modified":"2023-09-28T16:44:21","modified_gmt":"2023-09-28T12:44:21","slug":"sponsorluqlar","status":"publish","type":"page","link":"https:\/\/ambbaku.esteri.it\/az\/servizi-consolari-e-visti\/servizi-per-il-cittadino-straniero\/sponsorluqlar\/","title":{"rendered":"Sponsorluqlar"},"content":{"rendered":"<div>\n<p style=\"text-align: justify;\"><strong>S\u0259firlik \u00fc\u00e7\u00fcn sponsorluqlar, ian\u0259l\u0259r v\u0259 yard\u0131mlar<\/strong><\/p>\n<p style=\"text-align: justify;\">S\u0259firliyin t\u0259\u015fkil etdiyi t\u0259dbirl\u0259r v\u0259 t\u0259\u015f\u0259bb\u00fcsl\u0259r zaman\u0131 h\u0259m\u00e7inin qurumun x\u0259rcl\u0259rin\u0259 yard\u0131m m\u0259qs\u0259dil\u0259 \u015firk\u0259tl\u0259r v\u0259 xarici \u015f\u0259xsl\u0259r qanunda n\u0259z\u0259rd\u0259 tutulmu\u015f institusional m\u0259qs\u0259dl\u0259r \u00fc\u00e7\u00fcn sponsorluq ed\u0259 bil\u0259rl\u0259r.<\/p>\n<p style=\"text-align: justify;\">S\u0259firlik f\u0259rdl\u0259rd\u0259n h\u0259m na\u011fd, h\u0259m d\u0259 s\u0259n\u0259t \u0259s\u0259rl\u0259ri \u015f\u0259klind\u0259 ian\u0259l\u0259r q\u0259bul edir. Bundan \u0259lav\u0259, s\u0259firlik istifad\u0259\u00e7il\u0259rin verdiyi ian\u0259l\u0259r m\u00fcqabilind\u0259, konqresl\u0259r, m\u0259d\u0259ni, elmi f\u0259aliyy\u0259tl\u0259rin ke\u00e7irilm\u0259si, ictimai f\u0259aliyy\u0259tl\u0259r v\u0259 ya \u015f\u0259nlikl\u0259r, b\u0259dii v\u0259 m\u0259d\u0259ni irs s\u0259rgil\u0259riniin ke\u00e7irilm\u0259si \u00fc\u00e7\u00fcn s\u0259firliyin binas\u0131 v\u0259 iqam\u0259tgah\u0131n\u0131n istifad\u0259sin\u0259 \u015f\u0259rait yarad\u0131r.<\/p>\n<p style=\"text-align: justify;\">Daha \u0259trafl\u0131 m\u0259lumat \u00fc\u00e7\u00fcn a\u015fa\u011f\u0131dak\u0131 elektron po\u00e7tla <a href=\"mailto:segreteria.baku@esteri.it\">segreteria.baku@esteri.it<\/a>\u00a0v\u0259 ya telefon n\u00f6mr\u0259si: tel: +994 12 4975133\/35 il\u0259 \u0259laq\u0259 saxlay\u0131n<\/p>\n<\/div>\n","protected":false},"excerpt":{"rendered":"S\u0259firlik \u00fc\u00e7\u00fcn sponsorluqlar, ian\u0259l\u0259r v\u0259 yard\u0131mlar S\u0259firliyin t\u0259\u015fkil etdiyi t\u0259dbirl\u0259r v\u0259 t\u0259\u015f\u0259bb\u00fcsl\u0259r zaman\u0131 h\u0259m\u00e7inin qurumun x\u0259rcl\u0259rin\u0259 yard\u0131m m\u0259qs\u0259dil\u0259 \u015firk\u0259tl\u0259r v\u0259 xarici \u015f\u0259xsl\u0259r qanunda n\u0259z\u0259rd\u0259 tutulmu\u015f institusional m\u0259qs\u0259dl\u0259r \u00fc\u00e7\u00fcn sponsorluq ed\u0259 bil\u0259rl\u0259r. S\u0259firlik f\u0259rdl\u0259rd\u0259n h\u0259m na\u011fd, h\u0259m d\u0259 s\u0259n\u0259t \u0259s\u0259rl\u0259ri \u015f\u0259klind\u0259 ian\u0259l\u0259r q\u0259bul edir. Bundan \u0259lav\u0259, s\u0259firlik istifad\u0259\u00e7il\u0259rin verdiyi ian\u0259l\u0259r m\u00fcqabilind\u0259, konqresl\u0259r, m\u0259d\u0259ni, elmi f\u0259aliyy\u0259tl\u0259rin ke\u00e7irilm\u0259si, [&hellip;]","protected":false},"author":5,"featured_media":0,"parent":214,"menu_order":0,"comment_status":"closed","ping_status":"closed","template":"","meta":{"footnotes":""},"class_list":["post-850","page","type-page","status-publish","hentry"],"_links":{"self":[{"href":"https:\/\/ambbaku.esteri.it\/az\/wp-json\/wp\/v2\/pages\/850","targetHints":{"allow":["GET"]}}],"collection":[{"href":"https:\/\/ambbaku.esteri.it\/az\/wp-json\/wp\/v2\/pages"}],"about":[{"href":"https:\/\/ambbaku.esteri.it\/az\/wp-json\/wp\/v2\/types\/page"}],"author":[{"embeddable":true,"href":"https:\/\/ambbaku.esteri.it\/az\/wp-json\/wp\/v2\/users\/5"}],"replies":[{"embeddable":true,"href":"https:\/\/ambbaku.esteri.it\/az\/wp-json\/wp\/v2\/comments?post=850"}],"version-history":[{"count":1,"href":"https:\/\/ambbaku.esteri.it\/az\/wp-json\/wp\/v2\/pages\/850\/revisions"}],"predecessor-version":[{"id":851,"href":"https:\/\/ambbaku.esteri.it\/az\/wp-json\/wp\/v2\/pages\/850\/revisions\/851"}],"up":[{"embeddable":true,"href":"https:\/\/ambbaku.esteri.it\/az\/wp-json\/wp\/v2\/pages\/214"}],"wp:attachment":[{"href":"https:\/\/ambbaku.esteri.it\/az\/wp-json\/wp\/v2\/media?parent=850"}],"curies":[{"name":"wp","href":"https:\/\/api.w.org\/{rel}","templated":true}]}}