{"id":1979,"date":"2024-01-08T16:30:14","date_gmt":"2024-01-08T12:30:14","guid":{"rendered":"https:\/\/ambbaku.esteri.it\/?page_id=1979"},"modified":"2024-01-08T16:40:17","modified_gmt":"2024-01-08T12:40:17","slug":"carta-didentita-elettronica-cie","status":"publish","type":"page","link":"https:\/\/ambbaku.esteri.it\/it\/servizi-consolari-e-visti\/servizi-per-il-cittadino-italiano\/passaporti-e-carte-didentita\/carta-didentita-elettronica-cie\/","title":{"rendered":"Carta d&#8217;Identit\u00e0 Elettronica (CIE)"},"content":{"rendered":"<div class=\"entry-content\">\n<p style=\"text-align: justify;\"><strong>Che cos\u2019\u00e8 la carta d\u2019identit\u00e0 elettronica<\/strong>.<\/p>\n<p style=\"text-align: justify;\">La carta d\u2019identit\u00e0 \u00e8 un documento personale di riconoscimento valido per identificarsi e circolare nell\u2019Unione Europea, in alcuni Stati aderenti all\u2019accordo di Schengen (ad es. Islanda, Norvegia e Svizzera) e in altri Stati con cui sono stati raggiunti accordi bilaterali (vedasi le singole \u201cschede Paese\u201d sul sito www.viaggiaresicuri.it).<\/p>\n<p style=\"text-align: justify;\">La carta d\u2019identit\u00e0 elettronica (CIE) \u00e8 la nuova carta d\u2019identit\u00e0 in formato tessera; oltre a svolgere le stesse funzioni di quella cartacea, consente di accedere ai servizi online delle Pubbliche Amministrazioni italiane.<\/p>\n<p>&nbsp;<\/p>\n<p style=\"text-align: justify;\"><img loading=\"lazy\" decoding=\"async\" class=\"alignnone size-medium wp-image-1971 img-fluid\" src=\"https:\/\/ambbaku.esteri.it\/wp-content\/uploads\/2024\/01\/carta-300x140.jpg\" sizes=\"auto, (max-width: 300px) 100vw, 300px\" srcset=\"https:\/\/ambbaku.esteri.it\/wp-content\/uploads\/2024\/01\/carta-300x140.jpg 300w, https:\/\/ambbaku.esteri.it\/wp-content\/uploads\/2024\/01\/carta.jpg 329w\" alt=\"\" width=\"300\" height=\"140\" \/><\/p>\n<p>&nbsp;<\/p>\n<p style=\"text-align: justify;\"><strong>A chi pu\u00f2 essere rilasciata la carta d\u2019identit\u00e0 elettronica<\/strong>.<\/p>\n<p style=\"text-align: justify;\">La Cancelleria Consolare dell\u2019Ambasciata d\u2019Italia a Baku \u00a0pu\u00f2 rilasciare la carta d\u2019identit\u00e0 <u>esclusivamente ai cittadini italiani regolarmente residenti nella propria circoscrizione consolare registrati nello schedario consolare e i cui dati anagrafici siano gi\u00e0 presenti nel registro A.I.R.E. (Anagrafe degli Italiani Residenti all\u2019Estero) del Ministero dell\u2019Interno.<\/u><\/p>\n<p style=\"text-align: justify;\">Chi non \u00e8 registrato all\u2019A.I.R.E. dovr\u00e0 prima regolarizzare la propria iscrizione anagrafica ed attendere, prima di poter far domanda, di essere inserito in tale registro da parte del Comune italiano competente (per i cittadini non iscritti all\u2019A.I.R.E., la competenza al rilascio della carta d\u2019identit\u00e0 rimane al Comune di residenza).<\/p>\n<p style=\"text-align: justify;\"><u>Ai fini della registrazione nella banca dati A.I.R.E. \u00e8 indispensabile, per i cittadini italiani nati all\u2019estero, che l\u2019atto di nascita risulti gi\u00e0 trascritto nei registri di Stato Civile del Comune di riferimento.<\/u><\/p>\n<p style=\"text-align: justify;\">Nel caso si sia cambiato indirizzo di residenza (rispetto a quello comunicato all\u2019Ufficio consolare), \u00e8 necessario chiedere la variazione di indirizzo.<\/p>\n<p style=\"text-align: justify;\">Inoltre, per ottenere la CIE \u00e8 indispensabile possedere il codice fiscale validato dall\u2019Agenzia delle Entrate. Qualora il connazionale non sia in possesso di un codice fiscale o quest\u2019ultimo non sia stato validato, sar\u00e0 cura della Cancelleria Consolare richiederlo tramite l\u2019Agenzia delle Entrate.<\/p>\n<p>&nbsp;<\/p>\n<p style=\"text-align: justify;\"><strong>Come si richiede la carta d\u2019identit\u00e0 elettronica (CIE)<\/strong><\/p>\n<p style=\"text-align: justify;\">E\u2019 possibile richiedere il rilascio della carta di identit\u00e0 solo tramite prenotazione di un appuntamento scrivendo a <a href=\"mailto:baku.consolare@esteri.it\">baku.consolare@esteri.it<\/a> (<u>attenzione<\/u>: chiedere la CIE direttamente allo sportello, senza appuntamento, non \u00e8 possibile).<\/p>\n<p>&nbsp;<\/p>\n<p style=\"text-align: justify;\"><strong>Qual \u00e8 la documentazione necessaria da presentare al momento dell\u2019appuntamento per richiedere la CIE<\/strong><\/p>\n<p style=\"text-align: justify;\">Il giorno dell\u2019appuntamento, il richiedente deve presentarsi munito di:<\/p>\n<p style=\"text-align: justify;\">\u2013 carta d\u2019identit\u00e0 precedente (se non si possiede, altro documento di riconoscimento); se la CIE \u00e8 richiesta per un minorenne \u00e8 necessario che anche il genitore che accompagna presenti un documento di riconoscimento. La carta di identit\u00e0 precedente viene ritirata il giorno dell\u2019appuntamento.<\/p>\n<p style=\"text-align: justify;\">\u2013 1 fotocopia del documento precedente (fotocopia di fronte e retro della carta d\u2019identit\u00e0; fotocopia delle pagine 2, 3, 4 e 5 del passaporto);<\/p>\n<p style=\"text-align: justify;\">\u2013 2 fototessera (recente, frontale, a colori formato 35 x 45 mm).<\/p>\n<p style=\"text-align: justify;\">\u2013 nel caso in cui si richieda la carta d\u2019identit\u00e0 per un figlio minore di 18 anni, atto di assenso da parte dell\u2019altro genitore (la firma del genitore straniero dovr\u00e0 essere autenticata a cura dell\u2019Autorit\u00e0 italiana). In caso di decesso di uno dei genitori \u00e8 necessario presentare l\u2019atto di morte dello stesso.<\/p>\n<p style=\"text-align: justify;\">\u2013 nel caso in cui il richiedente non sia pi\u00f9 in possesso del precedente documento in seguito a furto o smarrimento, \u00e8 necessario presentare al momento dell\u2019appuntamento il formulario di dichiarazione di furto o smarrimento unitamente alla denuncia effettuata presso le autorit\u00e0 di Polizia locale.<\/p>\n<p style=\"text-align: justify;\">Il costo della CIE \u00e8 di:<\/p>\n<ul style=\"text-align: justify;\">\n<li>\u00a0<strong>21,95\u00a0<\/strong>euro complessivi (corrisposti in valuta locale), in caso di primo rilascio o rinnovo;<\/li>\n<li>\u00a0<strong>27,11<\/strong>\u00a0euro complessivi (corrisposti in valuta locale), in caso di duplicato per furto o smarrimento.<\/li>\n<\/ul>\n<p>&nbsp;<\/p>\n<p style=\"text-align: justify;\"><strong>Il giorno dell\u2019appuntamento saranno effettuate le seguenti operazioni. \u00a0<\/strong><\/p>\n<p style=\"text-align: justify;\">Il giorno dell\u2019appuntamento, l\u2019operatore consolare acquisisce la documentazione indicata al punto precedente, effettua il riconoscimento e la verifica della foto ed acquisisce le impronte digitali e la firma (salvo per i minori di anni 12).<\/p>\n<p style=\"text-align: justify;\">Anche i minori di et\u00e0 inferiore ai 12 anni devono essere presenti, in quanto \u00e8 necessaria la loro identificazione da parte del funzionario incaricato. I minori devono essere sempre accompagnati da uno dei genitori o comunque dal titolare della responsabilit\u00e0 genitoriale.<\/p>\n<p>&nbsp;<\/p>\n<p style=\"text-align: justify;\"><strong>Come si riceve la Carta d\u2019identit\u00e0 elettronica<\/strong><\/p>\n<p style=\"text-align: justify;\">La CIE \u00e8 emessa dal Ministero dell\u2019Interno e prodotta dall\u2019Istituto Poligrafico e Zecca dello Stato, che la spedisce, a mezzo posta raccomandata, all\u2019indirizzo di residenza dichiarato dal richiedente. Salvo casi particolari, la CIE dovrebbe arrivare per posta entro 15 giorni dal giorno dell\u2019appuntamento (il connazionale potr\u00e0 seguire la raccomandata autonomamente online, attraverso il codice di tracciamento).<\/p>\n<p style=\"text-align: justify;\">In caso di mancata consegna, scaduto il termine di giacenza presso l\u2019ufficio postale il plico viene restituito all\u2019Ufficio consolare per ulteriori tentativi di consegna.<\/p>\n<p>&nbsp;<\/p>\n<p style=\"text-align: justify;\"><strong>Quanto tempo vale la carta d\u2019identit\u00e0.<\/strong><\/p>\n<p style=\"text-align: justify;\">La validit\u00e0 della carta d\u2019identit\u00e0 varia a seconda dell\u2019et\u00e0 del titolare ed \u00e8 di:<\/p>\n<p style=\"text-align: justify;\">\u2013 3 anni per i minori di et\u00e0 compresa tra 0 e 3 anni;<\/p>\n<p style=\"text-align: justify;\">\u2013 5 anni per i minori di et\u00e0 compresa tra 3 anni e il raggiungimento della maggiore et\u00e0 (18 anni);<\/p>\n<p style=\"text-align: justify;\">\u2013 10 anni dai 18 anni di et\u00e0.<\/p>\n<\/div>\n","protected":false},"excerpt":{"rendered":"Che cos\u2019\u00e8 la carta d\u2019identit\u00e0 elettronica. La carta d\u2019identit\u00e0 \u00e8 un documento personale di riconoscimento valido per identificarsi e circolare nell\u2019Unione Europea, in alcuni Stati aderenti all\u2019accordo di Schengen (ad es. Islanda, Norvegia e Svizzera) e in altri Stati con cui sono stati raggiunti accordi bilaterali (vedasi le singole \u201cschede Paese\u201d sul sito www.viaggiaresicuri.it). La [&hellip;]","protected":false},"author":5,"featured_media":0,"parent":49,"menu_order":0,"comment_status":"closed","ping_status":"closed","template":"","meta":{"footnotes":""},"class_list":["post-1979","page","type-page","status-publish","hentry"],"_links":{"self":[{"href":"https:\/\/ambbaku.esteri.it\/it\/wp-json\/wp\/v2\/pages\/1979","targetHints":{"allow":["GET"]}}],"collection":[{"href":"https:\/\/ambbaku.esteri.it\/it\/wp-json\/wp\/v2\/pages"}],"about":[{"href":"https:\/\/ambbaku.esteri.it\/it\/wp-json\/wp\/v2\/types\/page"}],"author":[{"embeddable":true,"href":"https:\/\/ambbaku.esteri.it\/it\/wp-json\/wp\/v2\/users\/5"}],"replies":[{"embeddable":true,"href":"https:\/\/ambbaku.esteri.it\/it\/wp-json\/wp\/v2\/comments?post=1979"}],"version-history":[{"count":3,"href":"https:\/\/ambbaku.esteri.it\/it\/wp-json\/wp\/v2\/pages\/1979\/revisions"}],"predecessor-version":[{"id":1997,"href":"https:\/\/ambbaku.esteri.it\/it\/wp-json\/wp\/v2\/pages\/1979\/revisions\/1997"}],"up":[{"embeddable":true,"href":"https:\/\/ambbaku.esteri.it\/it\/wp-json\/wp\/v2\/pages\/49"}],"wp:attachment":[{"href":"https:\/\/ambbaku.esteri.it\/it\/wp-json\/wp\/v2\/media?parent=1979"}],"curies":[{"name":"wp","href":"https:\/\/api.w.org\/{rel}","templated":true}]}}