{"id":303,"date":"2023-06-28T16:07:14","date_gmt":"2023-06-28T12:07:14","guid":{"rendered":"https:\/\/ambbaku.esteri.it\/?page_id=303"},"modified":"2023-10-09T15:54:18","modified_gmt":"2023-10-09T11:54:18","slug":"servizi-per-le-imprese","status":"publish","type":"page","link":"https:\/\/ambbaku.esteri.it\/it\/italia-e-azerbaigian\/diplomazia-economica\/fare-affari-in-azerbaigian\/servizi-per-le-imprese\/","title":{"rendered":"SERVIZI PER LE IMPRESE"},"content":{"rendered":"<h3 class=\"boxLevel03\">Assicurazione all&#8217;export<\/h3>\n<p>&nbsp;<\/p>\n<h4><strong>SACE S.p.A. &#8211; Servizi Assicurativi del Commercio Estero<\/strong><\/h4>\n<p style=\"text-align: justify;\">\u2022\u00a0Societ\u00e0 di assicurazione dei crediti all\u2019esportazione con capitale sociale sottoscritto dal Ministero dell\u2019Economia e delle Finanze;<\/p>\n<p style=\"text-align: justify;\">\u2022\u00a0assume in assicurazione e riassicurazione i rischi di carattere politico, economico e commerciale a cui sono esposti gli operatori italiani nelle loro transazioni internazionali;<\/p>\n<p dir=\"ltr\" style=\"text-align: justify;\">\u2022\u00a0sostiene le esportazioni delle piccole e medie imprese italiane facilitando l&#8217;accesso alla garanzia assicurativa attraverso due strategie basate sulla possibilit\u00e0 lasciata alle imprese di scegliersi il genere di rapporto da instaurare con SACE:<\/p>\n<p>&#8211;\u00a0strategia diretta, in questa ipotesi, tra i vari strumenti assicurativi disponibili, spicca quello delle Polizze Globali, destinato alle Societ\u00e0 che hanno rapporti commerciali continuativi con vari debitori esteri;<\/p>\n<p>&#8211;\u00a0strategia indiretta, cio\u00e8 attivit\u00e0 mediata da Banche e\/o Societ\u00e0 assicurative private;<a href=\"https:\/\/ambbaku.esteri.it\/resource\/2005\/03\/85_f_amb61item01pretoria99.gif\" target=\"_blank\" rel=\"noopener\"><img decoding=\"async\" src=\"https:\/\/ambbaku.esteri.it\/resource\/2005\/03\/85_f_amb61item01pretoria991.gif\" alt=\"\" border=\"0\" \/><\/a><\/p>\n<p><a href=\"http:\/\/www.sace.it\/\" target=\"_blank\" rel=\"noopener\"><strong>Il sito\u00a0web SACE<\/strong><\/a><\/p>\n<p>&nbsp;<\/p>\n<header class=\"entry-header\">\n<h3 class=\"entry-title h3\">Finanziamenti e investimenti<\/h3>\n<\/header>\n<div class=\"entry-content\">\n<h4><\/h4>\n<h4>SIMEST S.p.A.<br \/>\nFinanziaria di sviluppo e promozione delle imprese italiane all\u2019estero<\/h4>\n<p>\u2022\u00a0Societ\u00e0 controllata dal Governo Italiano che detiene il 76% del pacchetto azionario, \u00e8 partecipata da banche, imprese, associazioni imprenditoriali e di categoria;<\/p>\n<p>\u2022\u00a0promuove e sostiene le attivit\u00e0 all\u2019estero di tutte le aziende italiane, in particolare le piccole e medie, comprese quelle commerciali, artigiane e turistiche, nonch\u00e9 cooperative, consorzi ed altri organismi economici, attraverso due principali canali di attivit\u00e0: il sostegno agli scambi commerciali ed il sostegno agli investimenti all\u2019estero;<\/p>\n<p>\u2022\u00a0fornisce servizi di assistenza e consulenza per tutte le fasi dell\u2019avvio e della realizzazione di investimenti all\u2019estero;<\/p>\n<p>\u2022\u00a0fornisce supporto finanziario agli investimenti di imprese italiane all\u2019estero attraverso la gestione di incentivi e agevolazioni dirette;<\/p>\n<p>\u2022\u00a0la partecipazione di SIMEST al capitale delle imprese estere consente di condividere il rischio potenziale della nuova iniziativa con un partner istituzionale che immette capitali propri, e mette a disposizione la propria esperienza pluriennale sui mercati esteri basata sulla partecipazione a centinaia di progetti in tutto il mondo;<\/p>\n<p>\u2022\u00a0gestisce i fondi venture capital del Ministero delle Attivit\u00e0 Produttive;<\/p>\n<p>\u2022\u00a0eroga contributi agli interessi su finanziamenti concessi ad esportatori italiani;<\/p>\n<p>\u2022\u00a0finanzia le spese destinate alla realizzazione di strutture commerciali permanenti;<\/p>\n<p>\u2022\u00a0eroga finanziamenti per studi di fattibilit\u00e0 e assistenza tecnica;<\/p>\n<p>\u2022\u00a0finanzia i costi di gare internazionali;<\/p>\n<p>\u2022\u00a0effettua operazioni di business scouting.<\/p>\n<\/div>\n<p><a href=\"https:\/\/ambbaku.esteri.it\/resource\/2005\/03\/86_f_amb61item01pretoria99.gif\" target=\"_blank\" rel=\"noopener\"><img decoding=\"async\" src=\"https:\/\/ambbaku.esteri.it\/resource\/2005\/03\/86_f_amb61item01pretoria991.gif\" alt=\"\" border=\"0\" \/><\/a>\u00a0<a href=\"http:\/\/www.simest.it\/\"><strong>Il sito web di SIMEST<\/strong><\/a><\/p>\n<p>&nbsp;<\/p>\n<h3>Assistenza e promozione<\/h3>\n<div class=\"entry-content\">\n<h4><\/h4>\n<h4>ICE<br \/>\n(Istituto nazionale per il Commercio Estero)<\/h4>\n<p>\u2022\u00a0Ente pubblico che ha il compito di sviluppare, agevolare e promuovere i rapporti economici e commerciali italiani con l\u2019estero, con particolare attenzione alle esigenze delle piccole e medie imprese, dei loro consorzi e raggruppamenti; in stretta collaborazione con il Ministero delle Attivit\u00e0 Produttive elabora il Programma delle Attivit\u00e0 promozionali;<\/p>\n<p>\u2022\u00a0organizza partecipazioni a fiere internazionali e iniziative per sviluppare contatti e business;<\/p>\n<p>\u2022\u00a0organizza e gestisce seminari e incontri tra operatori, conduce ricerche di mercato, sviluppa azioni di comunicazione;<\/p>\n<p>\u2022\u00a0svolge attivit\u00e0 di attrazione degli investimenti esteri in Italia, promuovendo all\u2019estero \u2013 per conto di agenzie di sviluppo locali \u2013 le opportunit\u00e0 in specifiche aree e realizzando azioni di comunicazione, in collaborazione con Sviluppo Italia;<\/p>\n<p>\u2022\u00a0sito Web:\u00a0<a href=\"http:\/\/www.ice.it\/\">www.ice.it<\/a><\/p>\n<p>&nbsp;<\/p>\n<h4>ASSOCAMERESTERO<br \/>\n(Associazione delle Camere di Commercio Italiane all\u2019Estero)<\/h4>\n<p>\u2022\u00a0Associazione che rappresenta le esigenze e le potenzialit\u00e0 di servizio delle Camere di Commercio Italiane all\u2019estero (CCIE) e ricerca collaborazioni ed alleanze strategiche con soggetti ed enti pubblici e privati \u2013 italiani ed internazionali \u2013 per favorire la conoscenza e l\u2019utilizzo della rete delle CCIE;<\/p>\n<p>\u2022\u00a0provvede alla redazione del Rapporto sulle Opportunit\u00e0 di Business, che prospetta le potenzialit\u00e0 delle CCIE quali fornitori di informazioni sulle opportunit\u00e0 d\u2019affari, settore per settore, esistenti nei paesi di operativit\u00e0 della rete;<\/p>\n<p>\u2022\u00a0svolge attivit\u00e0 di assistenza progettuale e coordinamento degli sportelli per l\u2019internazionalizzazione delle Camere di Commercio Italiane all\u2019estero, di raccordo con il progetto di Unioncamere;<\/p>\n<p>\u2022\u00a0sito Web:\u00a0<a href=\"http:\/\/www.assocamerestero.it\/\">www.assocamerestero.it<\/a><\/p>\n<p>&nbsp;<\/p>\n<h4>UNIONCAMERE<br \/>\n(Unione italiana delle Camere di Commercio Industria e Artigianato)<\/h4>\n<p>\u2022\u00a0Unione che cura e rappresenta gli interessi generali delle Camere di Commercio, punto di riferimento per i settori produttivi, sia a livello locale sia nazionale ed internazionale;<\/p>\n<p>\u2022\u00a0promuove, realizza e gestisce, direttamente o per il tramite di proprie aziende speciali, servizi e attivit\u00e0 d\u2019interesse delle Camere di commercio e delle categorie economiche;<\/p>\n<p>\u2022\u00a0punta a consolidare e sviluppare la collaborazione con la rete delle CCIE;<\/p>\n<p>\u2022\u00a0facilita l\u2019accesso, con tecnologie all\u2019avanguardia, a iniziative e programmi comunitari, favorendo accordi internazionali per promuovere l\u2019Italia nel mondo;<\/p>\n<p>\u2022\u00a0sito Web:\u00a0<a href=\"http:\/\/www.unioncamere.it\/\">www.unioncamere.it<\/a><\/p>\n<p>&nbsp;<\/p>\n<h4>ENIT<br \/>\n(Ente Nazionale Italiano per il Turismo)<\/h4>\n<p>\u2022\u00a0Struttura istituzionale che provvede alla promozione turistica dell\u2019Italia all\u2019estero adottando iniziative per far conoscere all\u2019estero le risorse turistiche nazionali e regionali e in particolare i valori naturali, ambientali, storici culturali ed artistici del nostro paese;<\/p>\n<p>\u2022\u00a0provvede ad assistere e offrire servizi tecnici alle imprese turistiche italiane per la loro penetrazione commerciale sui mercati esteri;<\/p>\n<p>\u2022\u00a0elabora studi sui mercati internazionali ed in particolare sulle tendenze della domanda turistica individuale ed organizzata;<\/p>\n<p>\u2022\u00a0analizza l\u2019evoluzione della domanda turistica estera e pianifica strategie operative disegnate d\u2019intesa con i protagonisti pubblici e privati del turismo italiano (Ministero delle Attivit\u00e0 Produttive, Ministero degli Affari Esteri, Regioni, Amministrazioni pubbliche, Enti e Associazioni di categoria e produttori di servizi turistici;<\/p>\n<p>\u2022\u00a0sito Web:\u00a0<a href=\"http:\/\/www.enit.it\/\">www.enit.it<\/a><\/p>\n<p>&nbsp;<\/p>\n<h4>MONDIMPRESA<br \/>\n(Agenzia per la Mondializzazione dell\u2019impresa)<\/h4>\n<p>\u2022\u00a0Agenzia che promuove e sostiene i processi di mondializzazione, in particolare delle PMI \u2013 prevalentemente nel Mezzogiorno \u2013 attraverso un\u2019ampia e capillare rete in Italia, composta dalle diverse realt\u00e0 del Sistema italiano delle Camere di Commercio, della Confcommercio e della Confagricoltura;<\/p>\n<p>\u2022\u00a0redige offerte e progetti per la partecipazione a gare e per attingere a finanziamenti della Pubblica Amministrazione e delle principali organizzazioni internazionali;<\/p>\n<p>\u2022\u00a0organizza iniziative volte alla promozione del partenariato imprenditoriale transnazionale, sia a carattere settoriale sia multisettoriale;<\/p>\n<p>\u2022\u00a0promuove gli investimenti esteri in Italia attraverso le opportune azioni informative sulla struttura del sistema imprenditoriale italiano e sulla legislazione a sostegno degli investimenti;<\/p>\n<p>\u2022\u00a0sito Web:\u00a0<a href=\"http:\/\/www.mondimpresa.it\/\">www.mondimpresa.it<\/a><\/p>\n<p>&nbsp;<\/p>\n<\/div>\n<header class=\"entry-header\"><\/header>\n<div class=\"entry-content\">\n<div>\n<h3>Formazione<\/h3>\n<p>&nbsp;<\/p>\n<\/div>\n<div class=\"entry-content\">\n<h4>FORMEZ<br \/>\nCentro di Formazione e Studi<\/h4>\n<p>\u2022\u00a0Istituto che fornisce assistenza tecnica e servizi formativi e informativi soprattutto alle Amministrazioni Locali;<\/p>\n<p>\u2022\u00a0partecipa ad iniziative di assistenza tecnica e di formazione a livello nazionale ed internazionale in collaborazione con organismi pubblici e privati;<\/p>\n<p>\u2022 il servizio Sportello Impresa di Formez svolge un\u2019attivit\u00e0 continua di formazione, assistenza e consulenza al fine di affiancare gli enti locali nella realizzazione e sviluppo degli Sportelli Unici per le attivit\u00e0 produttive<\/p>\n<p><a href=\"https:\/\/ambbaku.esteri.it\/resource\/2005\/03\/92_f_amb61item01pretoria99.gif\" target=\"_blank\" rel=\"noopener\"><img decoding=\"async\" src=\"https:\/\/ambbaku.esteri.it\/resource\/2005\/03\/92_f_amb61item01pretoria991.gif\" alt=\"\" border=\"0\" \/><\/a>\u00a0<a href=\"http:\/\/www.formez.it\/\" target=\"_blank\" rel=\"noopener\"><strong>Il sito web del Formez<\/strong><\/a><\/p>\n<\/div>\n<\/div>\n","protected":false},"excerpt":{"rendered":"Assicurazione all&#8217;export &nbsp; SACE S.p.A. &#8211; Servizi Assicurativi del Commercio Estero \u2022\u00a0Societ\u00e0 di assicurazione dei crediti all\u2019esportazione con capitale sociale sottoscritto dal Ministero dell\u2019Economia e delle Finanze; \u2022\u00a0assume in assicurazione e riassicurazione i rischi di carattere politico, economico e commerciale a cui sono esposti gli operatori italiani nelle loro transazioni internazionali; \u2022\u00a0sostiene le esportazioni delle [&hellip;]","protected":false},"author":5,"featured_media":0,"parent":95,"menu_order":0,"comment_status":"closed","ping_status":"closed","template":"","meta":{"footnotes":""},"class_list":["post-303","page","type-page","status-publish","hentry"],"_links":{"self":[{"href":"https:\/\/ambbaku.esteri.it\/it\/wp-json\/wp\/v2\/pages\/303","targetHints":{"allow":["GET"]}}],"collection":[{"href":"https:\/\/ambbaku.esteri.it\/it\/wp-json\/wp\/v2\/pages"}],"about":[{"href":"https:\/\/ambbaku.esteri.it\/it\/wp-json\/wp\/v2\/types\/page"}],"author":[{"embeddable":true,"href":"https:\/\/ambbaku.esteri.it\/it\/wp-json\/wp\/v2\/users\/5"}],"replies":[{"embeddable":true,"href":"https:\/\/ambbaku.esteri.it\/it\/wp-json\/wp\/v2\/comments?post=303"}],"version-history":[{"count":7,"href":"https:\/\/ambbaku.esteri.it\/it\/wp-json\/wp\/v2\/pages\/303\/revisions"}],"predecessor-version":[{"id":1609,"href":"https:\/\/ambbaku.esteri.it\/it\/wp-json\/wp\/v2\/pages\/303\/revisions\/1609"}],"up":[{"embeddable":true,"href":"https:\/\/ambbaku.esteri.it\/it\/wp-json\/wp\/v2\/pages\/95"}],"wp:attachment":[{"href":"https:\/\/ambbaku.esteri.it\/it\/wp-json\/wp\/v2\/media?parent=303"}],"curies":[{"name":"wp","href":"https:\/\/api.w.org\/{rel}","templated":true}]}}