{"id":398,"date":"2023-09-20T14:15:46","date_gmt":"2023-09-20T10:15:46","guid":{"rendered":"https:\/\/ambbaku.esteri.it\/?page_id=398"},"modified":"2024-01-24T11:58:27","modified_gmt":"2024-01-24T07:58:27","slug":"anagrafe","status":"publish","type":"page","link":"https:\/\/ambbaku.esteri.it\/it\/servizi-consolari-e-visti\/servizi-per-il-cittadino-italiano\/anagrafe\/","title":{"rendered":"Anagrafe italiani residenti all&#8217;estero (A.I.R.E.)"},"content":{"rendered":"<p><strong>Anagrafe AIRE<\/strong><\/p>\n<p>L\u2019iscrizione all\u2019AIRE \u00e8 un diritto-dovere del cittadino e costituisce il presupposto per usufruire di una serie di servizi forniti dalle rappresentanze diplomatiche e consolari all\u2019estero e per l\u2019esercizio di importanti diritti come il voto.<\/p>\n<p>Nel ricordare che l\u2019iscrizione all\u2019AIRE \u00e8 un preciso dovere del connazionale residente all\u2019estero nonch\u00e9 un presupposto fondamentale per l\u2019accesso ai servizi consolari, si segnala che la Legge 30 dicembre 2023, n. 213 recante il <em>Bilancio di previsione dello Stato per l\u2019anno finanziario 2024 e bilancio pluriennale per il triennio 2024-2026<\/em> ha introdotto alcune importanti modifiche relativamente alle iscrizioni anagrafiche. Nello specifico, l\u2019art. 1 comma 242, modificando la Legge n. 1228 del 24 dicembre 1954, introduce misure pi\u00f9 severe per chi, spostando <u>anche solo di fatto<\/u> la propria residenza all\u2019estero, non ottempera all\u2019iscrizione all\u2019AIRE. Nello specifico, il novellato art. 11 della prefata L. 1228\/1954 permette ai Comuni italiani di erogare <strong>una sanzione da 200 Euro fino ad un massimo di 1.000 Euro a persona per ogni anno di mancata iscrizione all\u2019AIRE<\/strong> e fino ad un massimo di 5 anni.<\/p>\n<p>Inoltre, l\u2019art. 1 comma 243 della Legge di Bilancio, prevede uno <strong>specifico obbligo di segnalazione al comune di iscrizione anagrafica in capo a tutte le amministrazioni pubbliche<\/strong> che, nell\u2019esercizio delle loro funzioni, vengano a conoscenza di elementi tali da indicare la residenza all\u2019estero, anche solo di fatto, del concittadino. Il comune di iscrizione anagrafica dovr\u00e0 comunicare all\u2019Agenzia delle Entrate le informazioni ricevute, cos\u00ec da poter dare inizio a controlli di carattere tributario.<\/p>\n<p>Per effettuare l\u2019iscrizione puoi seguire questi semplici passi:<\/p>\n<p><strong>STEP 1 \u2013 Registrazione su Fast.it<\/strong><\/p>\n<ul>\n<li>Accedi e registrati sul portale\u00a0<a href=\"https:\/\/serviziconsolari.esteri.it\/ScoFE\/index.sco\">https:\/\/serviziconsolari.esteri.it\/ScoFE\/index.sco<\/a> ;<\/li>\n<li>effettuata la registrazione, potrai richiedere l\u2019iscrizione all\u2019AIRE, seguendo la procedura guidata;<\/li>\n<li>dopo aver inserito i tuoi dati anagrafici, il sistema generer\u00e0 automaticamente un \u201cModulo di richiesta di iscrizione all\u2019AIRE\u201d che dovrai scaricare, stampare e firmare.<\/li>\n<\/ul>\n<p><strong>STEP 2 \u2013 Caricamento documenti<\/strong><\/p>\n<p>Carica nella sezione dedicata i seguenti file:<\/p>\n<ol>\n<li>\u201cModulo di richiesta di iscrizione all\u2019AIRE\u201d, opportunamente firmato e scansionato (v. \u201cStep 1\u201d);<\/li>\n<li>scansione del passaporto italiano valido per ognuno dei membri della tua famiglia (nella scansione dovranno essere chiaramente distinguibili foto, firma, dati anagrafici e numero del documento);<\/li>\n<li>scansione di un documento comprovante la residenza in Azerbaigian, ad esempio, il certificato di residenza, permesso di soggiorno, una bolletta di utenza (acqua, luce, o gas) intestata al richiedente.<\/li>\n<\/ol>\n<ul>\n<li>Caricati i documenti di cui allo \u201cStep 2\u201d, sar\u00e0 possibile inviare la propria richiesta di iscrizione all\u2019AIRE.<\/li>\n<\/ul>\n<p><strong>STEP 3 \u2013 Validazione richiesta da parte del Consolato<\/strong><\/p>\n<ul>\n<li>Il Consolato prender\u00e0 in carico la tua richiesta e provveder\u00e0 a controllare i documenti caricati.<\/li>\n<li>Qualora venissero rilevati errori, riceverai indicazioni dal Consolato;<\/li>\n<li>Se la pratica \u00e8 stata caricata correttamente, invece, il Consolato valider\u00e0 la tua richiesta e la trasmetter\u00e0 al Comune di iscrizione AIRE;<\/li>\n<li>Una volta validata la domanda, riceverai una notifica via mail dal Consolato.<\/li>\n<\/ul>\n<p><strong>STEP 4 \u2013 Iscrizione nel registro AIRE da parte del Comune<\/strong><\/p>\n<ul>\n<li>Il Comune di iscrizione AIRE, effettuate le opportune verifiche, provveder\u00e0 alla tua iscrizione nel registro anagrafico degli italiani residenti all\u2019estero e ti invier\u00e0 una notifica via mail.<\/li>\n<\/ul>\n<p>&nbsp;<\/p>\n<p><strong>VARIAZIONE INDIRIZZO DI RESIDENZA<\/strong><\/p>\n<p>Se sei gi\u00e0 iscritto all\u2019AIRE, tramite il portale\u00a0<a href=\"https:\/\/serviziconsolari.esteri.it\/ScoFE\/index.sco\">https:\/\/serviziconsolari.esteri.it\/ScoFE\/index.sco<\/a> \u00a0puoi comunicare la variazione dell\u2019indirizzo di\u00a0residenza per\u00a0te e i tuoi familiari. La richiesta verr\u00e0 inoltrata all\u2019Ufficio consolare che effettuer\u00e0 le modifiche richieste e comunicher\u00e0 l\u2019aggiornamento dei dati al tuo Comune di iscrizione AIRE.<\/p>\n<p>Ti ricordiamo che il mancato aggiornamento delle informazioni relative all\u2019indirizzo rende impossibile il contatto con il cittadino e il ricevimento della cartolina o del plico elettorale in caso di votazioni.<\/p>\n<p><strong>RIMPATRIO<\/strong><\/p>\n<p>In caso di rientro definitivo in Italia, dovrai presentarti personalmente presso il tuo Comune per dichiarare il nuovo indirizzo di residenza. Il Comune provveder\u00e0 alla cancellazione dall\u2019AIRE e alla contestuale iscrizione in APR (Anagrafe Popolazione Residente). Sar\u00e0 poi cura del\u00a0Comune comunicare ufficialmente la data di decorrenza del rimpatrio al nostro Consolato.<\/p>\n<p>Per ogni dubbio o chiarimento si pu\u00f2 contattare la Cancelleria Consolare via email: <a href=\"mailto:baku.consolare@esteri.it\">baku.consolare@esteri.it<\/a>.<\/p>\n<p><strong>\u00a0<\/strong><\/p>\n<p><strong>COME SI OTTIENE IL CERTIFICATO DI ISCRIZIONE ALL\u2019A.I.R.E.?<\/strong><\/p>\n<p>Gli uffici consolari <strong>NON<\/strong> possono rilasciare certificati di nascita, residenza n\u00e9 di stato di famiglia, che possono essere rilasciati solo dal Comune italiano di iscrizione.<\/p>\n<p>L\u2019Ambasciata potr\u00e0 rilasciare solo un\u2019attestazione di iscrizione nello schedario consolare, nella quale verr\u00e0 indicato che l\u2019interessato risulta all\u2019indirizzo presente in schedario, nonch\u00e9, se presente, la composizione del nucleo familiare.<\/p>\n<p>&nbsp;<\/p>\n<p>Per maggiori informazioni consultare la pagina: <a href=\"https:\/\/www.esteri.it\/it\/servizi-consolari-e-visti\/italiani-all-estero\/aire_0\/\">Anagrafe Italiani residenti all\u2019estero (A.I.R.E.) \u2013 Ministero degli Affari Esteri e della Cooperazione Internazionale<\/a><\/p>\n<p>&nbsp;<\/p>\n<p><a href=\"https:\/\/ambbaku.esteri.it\/wp-content\/uploads\/2024\/01\/1.2-lista-documenti-necessari-iscrizione-AIRE-2.docx\">1.Lista documenti necessari iscrizione AIRE<\/a><\/p>\n<p><a href=\"https:\/\/ambbaku.esteri.it\/wp-content\/uploads\/2024\/01\/1.3-modulo-iscrizione-AIRE-2.doc\">2. Modulo iscrizione AIRE<\/a><\/p>\n","protected":false},"excerpt":{"rendered":"Anagrafe AIRE L\u2019iscrizione all\u2019AIRE \u00e8 un diritto-dovere del cittadino e costituisce il presupposto per usufruire di una serie di servizi forniti dalle rappresentanze diplomatiche e consolari all\u2019estero e per l\u2019esercizio di importanti diritti come il voto. Nel ricordare che l\u2019iscrizione all\u2019AIRE \u00e8 un preciso dovere del connazionale residente all\u2019estero nonch\u00e9 un presupposto fondamentale per l\u2019accesso [&hellip;]","protected":false},"author":6,"featured_media":0,"parent":47,"menu_order":0,"comment_status":"closed","ping_status":"closed","template":"","meta":{"footnotes":""},"class_list":["post-398","page","type-page","status-publish","hentry"],"_links":{"self":[{"href":"https:\/\/ambbaku.esteri.it\/it\/wp-json\/wp\/v2\/pages\/398","targetHints":{"allow":["GET"]}}],"collection":[{"href":"https:\/\/ambbaku.esteri.it\/it\/wp-json\/wp\/v2\/pages"}],"about":[{"href":"https:\/\/ambbaku.esteri.it\/it\/wp-json\/wp\/v2\/types\/page"}],"author":[{"embeddable":true,"href":"https:\/\/ambbaku.esteri.it\/it\/wp-json\/wp\/v2\/users\/6"}],"replies":[{"embeddable":true,"href":"https:\/\/ambbaku.esteri.it\/it\/wp-json\/wp\/v2\/comments?post=398"}],"version-history":[{"count":6,"href":"https:\/\/ambbaku.esteri.it\/it\/wp-json\/wp\/v2\/pages\/398\/revisions"}],"predecessor-version":[{"id":2081,"href":"https:\/\/ambbaku.esteri.it\/it\/wp-json\/wp\/v2\/pages\/398\/revisions\/2081"}],"up":[{"embeddable":true,"href":"https:\/\/ambbaku.esteri.it\/it\/wp-json\/wp\/v2\/pages\/47"}],"wp:attachment":[{"href":"https:\/\/ambbaku.esteri.it\/it\/wp-json\/wp\/v2\/media?parent=398"}],"curies":[{"name":"wp","href":"https:\/\/api.w.org\/{rel}","templated":true}]}}