{"id":416,"date":"2023-09-20T14:59:07","date_gmt":"2023-09-20T10:59:07","guid":{"rendered":"https:\/\/ambbaku.esteri.it\/?page_id=416"},"modified":"2023-09-20T14:59:07","modified_gmt":"2023-09-20T10:59:07","slug":"rimpatri-e-rimpatri-sanitari","status":"publish","type":"page","link":"https:\/\/ambbaku.esteri.it\/it\/servizi-consolari-e-visti\/servizi-per-il-cittadino-italiano\/assistenza-ai-cittadini-allestero\/rimpatri-e-rimpatri-sanitari\/","title":{"rendered":"Rimpatri e rimpatri sanitari"},"content":{"rendered":"<h4>RIMPATRI E RIMPATRI SANITARI<\/h4>\n<p>Un settore particolarmente delicato dell\u2019attivit\u00e0 di assistenza ai cittadini italiani all\u2019estero riguarda il rimpatrio dei connazionali che si trovino in Paesi stranieri in situazioni di gravi difficolt\u00e0, non superabili in loco. Gli interventi della Farnesina, in collaborazione con gli enti territorialmente competenti (Prefetture, Questure, Comuni, Unit\u00e0 Sanitarie Locali, Servizi Sociali), riguardano:<\/p>\n<p><dir><dir><\/p>\n<p align=\"justify\">\u00b7 connazionali emigrati, che si trovano nella necessit\u00e0 di rientrare in Italia in via definitiva per motivi economici o sanitari;<\/p>\n<p align=\"justify\">\u00b7 minori in stato di abbandono;<\/p>\n<p align=\"justify\">\u00b7 malati di mente (la procedura in questo caso e&#8217; assai complessa, perch\u00e8 richiede la presenza di uno o pi\u00f9 accompagnatori qualificati, nonch\u00e8 il reperimento di ospedali specializzati);<\/p>\n<p align=\"justify\">\u00b7 cittadini italiani al termine della detenzione o espulsi;<\/p>\n<p align=\"justify\">\u00b7 anziani soli per i quali viene richiesto il ricovero in case di riposo in Italia;<\/p>\n<p align=\"justify\">\u00b7 ammalati gravi che non possono essere curati in loco per mancanza di idonee strutture.<\/p>\n<p><\/dir><\/dir>I rimpatri a carico dell&#8217;Erario sono limitati ai casi di comprovata indigenza verificati dalla rete diplomatico-consolare; in tutti gli altri casi il rimpatrio avviene previa sottoscrizione di prestiti con promessa di restituzione all\u2019Erario.<\/p>\n<p><a href=\"http:\/\/www.esteri.it\/MAE\/IT\/Italiani_nel_Mondo\/ServiziConsolari\/AssistenzaCittadiniEstero\/Rimpatri.htm\">Link Ministero degli Esteri &#8212;&gt;<\/a><\/p>\n<p>&nbsp;<\/p>\n<h4>RIMPATRIO DELLE SALME<\/h4>\n<p align=\"justify\">Perdere una persona cara \u00e8 sempre motivo di grande dolore, ma se questo dovesse succedere all&#8217;estero, al dolore si aggiunge la necessit\u00e0 di risolvere alcuni problemi pratici.<\/p>\n<p align=\"justify\">Qui di seguito diamo delle indicazioni sulla soluzione di tali problemi.<\/p>\n<p align=\"justify\">Per il rimpatrio della salma, una volta contattata una\u00a0Rappresentanza italiana all&#8217;estero,\u00a0sar\u00e0 inoltrata una richiesta al competente Comune italiano per ottenere il &#8220;nulla osta all&#8217;introduzione della salma&#8221;. Avuto il &#8220;nulla osta&#8221; dal Comune, l&#8217;agenzia di pompe funebri, incaricata dai familiari del rimpatrio a proprie spese della salma, potr\u00e0 procedere.<\/p>\n<p align=\"justify\"><strong>E&#8217; peraltro possibile rivolgersi alle Regioni ed agli enti locali per eventuali rimborsi o contributi.<\/strong><\/p>\n<p>In caso di decesso di connazionali residenti all&#8217;estero in stato di accertata indigenza, il Consolato o l&#8217;Ambasciata contattati potranno prestare assistenza ai familiari indigenti, residenti all&#8217;estero, del connazionale deceduto, mediante rimborso totale o parziale delle spese funebri sostenute in loco, regolarmente documentate.<\/p>\n<p>&nbsp;<\/p>\n<p><a href=\"http:\/\/www.esteri.it\/MAE\/IT\/Italiani_nel_Mondo\/ServiziConsolari\/AssistenzaCittadiniEstero\/Rimpatrio_Salme.htm\">Link Ministero degli Esteri &#8212;&gt;<\/a><\/p>\n","protected":false},"excerpt":{"rendered":"RIMPATRI E RIMPATRI SANITARI Un settore particolarmente delicato dell\u2019attivit\u00e0 di assistenza ai cittadini italiani all\u2019estero riguarda il rimpatrio dei connazionali che si trovino in Paesi stranieri in situazioni di gravi difficolt\u00e0, non superabili in loco. Gli interventi della Farnesina, in collaborazione con gli enti territorialmente competenti (Prefetture, Questure, Comuni, Unit\u00e0 Sanitarie Locali, Servizi Sociali), riguardano: [&hellip;]","protected":false},"author":6,"featured_media":0,"parent":69,"menu_order":0,"comment_status":"closed","ping_status":"closed","template":"","meta":{"footnotes":""},"class_list":["post-416","page","type-page","status-publish","hentry"],"_links":{"self":[{"href":"https:\/\/ambbaku.esteri.it\/it\/wp-json\/wp\/v2\/pages\/416","targetHints":{"allow":["GET"]}}],"collection":[{"href":"https:\/\/ambbaku.esteri.it\/it\/wp-json\/wp\/v2\/pages"}],"about":[{"href":"https:\/\/ambbaku.esteri.it\/it\/wp-json\/wp\/v2\/types\/page"}],"author":[{"embeddable":true,"href":"https:\/\/ambbaku.esteri.it\/it\/wp-json\/wp\/v2\/users\/6"}],"replies":[{"embeddable":true,"href":"https:\/\/ambbaku.esteri.it\/it\/wp-json\/wp\/v2\/comments?post=416"}],"version-history":[{"count":1,"href":"https:\/\/ambbaku.esteri.it\/it\/wp-json\/wp\/v2\/pages\/416\/revisions"}],"predecessor-version":[{"id":417,"href":"https:\/\/ambbaku.esteri.it\/it\/wp-json\/wp\/v2\/pages\/416\/revisions\/417"}],"up":[{"embeddable":true,"href":"https:\/\/ambbaku.esteri.it\/it\/wp-json\/wp\/v2\/pages\/69"}],"wp:attachment":[{"href":"https:\/\/ambbaku.esteri.it\/it\/wp-json\/wp\/v2\/media?parent=416"}],"curies":[{"name":"wp","href":"https:\/\/api.w.org\/{rel}","templated":true}]}}