{"id":4253,"date":"2025-10-15T11:28:14","date_gmt":"2025-10-15T07:28:14","guid":{"rendered":"https:\/\/ambbaku.esteri.it\/?page_id=4253"},"modified":"2026-02-03T15:02:52","modified_gmt":"2026-02-03T11:02:52","slug":"enti-che-rilasciano-certificazioni-di-lingua-italiana-in-azerbaigian","status":"publish","type":"page","link":"https:\/\/ambbaku.esteri.it\/it\/italia-e-azerbaigian\/diplomazia-culturale\/enti-che-rilasciano-certificazioni-di-lingua-italiana-in-azerbaigian\/","title":{"rendered":"Enti che rilasciano certificazioni di lingua italiana in Azerbaigian"},"content":{"rendered":"<p style=\"text-align: justify;\">A beneficio degli interessati, si elencano qui di seguito gli enti abilitati al rilascio delle certificazioni di lingua italiana in Azerbaigian. Si ricorda in proposito che l&#8217;Ambasciata d&#8217;Italia a Baku non intrattiene alcun rapporto contrattuale o di altra natura coi predetti enti e non assume di conseguenza alcuna responsabilit\u00e0 per i corsi da essi erogati n\u00e9 per le informazioni qui riportate che dovranno essere verificate direttamente presso la scuola o universit\u00e0 che rilascia i certificati.<\/p>\n<p>&nbsp;<\/p>\n<p><strong>1. CIAO \u2013 Centro Italiano di Apprendimento e Orientamento<\/strong><\/p>\n<p style=\"text-align: justify;\">CIAO \u00e8 sede ufficiale ed esclusiva degli esami di certificazione <strong>CILS<\/strong> dell\u2019Universit\u00e0 per Stranieri di Siena e <strong>PLIDA<\/strong> della Societ\u00e0 Dante Alighieri, riconosciuti dal Ministero degli Affari Esteri e della Cooperazione Internazionale (MAECI) e validi a livello internazionale per lo studio, il lavoro e la cittadinanza italiana.<\/p>\n<p>Per informazioni:<\/p>\n<p>\ud83d\udcde +994 50 388 38 87<\/p>\n<p>\ud83d\udcde +994 50 265 72 35<\/p>\n<p>\ud83d\udce7 <a href=\"mailto:info@ciao.az\">info@ciao.az<\/a><\/p>\n<p>\ud83c\udf10 <a href=\"http:\/\/www.ciao.az\">www.ciao.az<\/a><\/p>\n<p>\ud83d\udcf8 Instagram: ciao.azerbaigian.italia<\/p>\n<p>&nbsp;<\/p>\n<p><strong>2. Universit\u00e0 di Lingue Straniere dell&#8217;Azerbaigian, ADU<\/strong><\/p>\n<p>La ADU \u00e8 sede ufficiale ed esclusiva degli esami di certificazione <strong>CELI<\/strong> dell&#8217;Universit\u00e0 per Stranieri di Perugia. I corsi non sono tuttavia ancora attivi.<\/p>\n<p>Per ogni informazione si prega di contattare direttamente l&#8217;ateneo.<\/p>\n","protected":false},"excerpt":{"rendered":"A beneficio degli interessati, si elencano qui di seguito gli enti abilitati al rilascio delle certificazioni di lingua italiana in Azerbaigian. Si ricorda in proposito che l&#8217;Ambasciata d&#8217;Italia a Baku non intrattiene alcun rapporto contrattuale o di altra natura coi predetti enti e non assume di conseguenza alcuna responsabilit\u00e0 per i corsi da essi erogati [&hellip;]","protected":false},"author":7,"featured_media":3423,"parent":44,"menu_order":0,"comment_status":"closed","ping_status":"closed","template":"","meta":{"footnotes":""},"class_list":["post-4253","page","type-page","status-publish","has-post-thumbnail","hentry"],"_links":{"self":[{"href":"https:\/\/ambbaku.esteri.it\/it\/wp-json\/wp\/v2\/pages\/4253","targetHints":{"allow":["GET"]}}],"collection":[{"href":"https:\/\/ambbaku.esteri.it\/it\/wp-json\/wp\/v2\/pages"}],"about":[{"href":"https:\/\/ambbaku.esteri.it\/it\/wp-json\/wp\/v2\/types\/page"}],"author":[{"embeddable":true,"href":"https:\/\/ambbaku.esteri.it\/it\/wp-json\/wp\/v2\/users\/7"}],"replies":[{"embeddable":true,"href":"https:\/\/ambbaku.esteri.it\/it\/wp-json\/wp\/v2\/comments?post=4253"}],"version-history":[{"count":7,"href":"https:\/\/ambbaku.esteri.it\/it\/wp-json\/wp\/v2\/pages\/4253\/revisions"}],"predecessor-version":[{"id":5120,"href":"https:\/\/ambbaku.esteri.it\/it\/wp-json\/wp\/v2\/pages\/4253\/revisions\/5120"}],"up":[{"embeddable":true,"href":"https:\/\/ambbaku.esteri.it\/it\/wp-json\/wp\/v2\/pages\/44"}],"wp:featuredmedia":[{"embeddable":true,"href":"https:\/\/ambbaku.esteri.it\/it\/wp-json\/wp\/v2\/media\/3423"}],"wp:attachment":[{"href":"https:\/\/ambbaku.esteri.it\/it\/wp-json\/wp\/v2\/media?parent=4253"}],"curies":[{"name":"wp","href":"https:\/\/api.w.org\/{rel}","templated":true}]}}