{"id":44,"date":"2023-04-11T18:10:45","date_gmt":"2023-04-11T16:10:45","guid":{"rendered":"https:\/\/ambasciatapraga.esteri.it\/?page_id=44"},"modified":"2024-07-30T14:22:16","modified_gmt":"2024-07-30T10:22:16","slug":"diplomazia-culturale","status":"publish","type":"page","link":"https:\/\/ambbaku.esteri.it\/it\/italia-e-azerbaigian\/diplomazia-culturale\/","title":{"rendered":"Diplomazia culturale"},"content":{"rendered":"<p style=\"text-align: justify;\">La cultura italiana occupa un posto di rilievo in Azerbaigian. Gli antichi e solidi legami fra i due Paesi sono chiaramente visibili nei fregi e nelle sculture che adornano le strade del centro storico della capitale azera in cui lavorarono, a cavallo tra Ottocento e Novecento, architetti e artisti italiani. I rapporti culturali del resto non vennero meno nemmeno durante l&#8217;era sovietica. In questo senso \u00e8 emblematico\u00a0 il gemellaggio tra Baku e Napoli, stipulato nel 1972 tra il sindaco di Napoli Gerardo De Michele e il responsabile del Soviet di Baku Aydin Mammadov, &#8220;concreta testimonianza della rilevanza di quel \u201cponte\u201d tra i nostri due mari, il Caspio e il Mediterraneo, che siamo ancora oggi, e con convinzione, impegnati a rafforzare&#8221;, come sottolineato dal Presidente della Repubblica Sergio Mattarella in occasione della sua visita di Stato in Azerbaigian nel 2018.<\/p>\n<p style=\"text-align: justify;\">Numerosi nel corso degli anni sono stati gli scambi artistici, museali e cinematografici. Basti pensare ai viaggi in Italia del compositore Arif Melikov nel 1967 e 1969 e, nel 1967, il viaggio di un gruppo di musicisti italiani in Azerbaigian.<br \/>\nNegli stessi anni il leggendario cantante Muslim Magomayev trascorse il biennio 1963-1964 alla Scala di Milano, assorbendo e interpretando la tradizione lirica italiana ma anche la musica popolare del nostro Paese.<br \/>\nSi ricordano inoltre le Giornate del cinema azerbaigiano tenutesi in Italia nel 1972, le Giornate del cinema italiano in Azerbaigian nel 1987 e la partecipazione azerbaigiana al Festival del Cinema a Napoli del 1989 con il film \u201cIl mascalzone\u201d (Yaramaz) del registra Vagif Mustafayev.<\/p>\n<p style=\"text-align: justify;\">Nel 1975, l\u2019intensificazione dei rapporti port\u00f2 all\u2019istituzione a Baku di un ufficio locale dell\u2019Associazione Italia-URSS.<\/p>\n<p style=\"text-align: justify;\">A settembre 2021 \u00e8 stato firmato il Protocollo d&#8217;intesa per la creazione dell&#8217;Universit\u00e0 Italia-Azerbaijan tra l&#8217;Universit\u00e0 ADA, la pi\u00f9 prestigiosa universit\u00e0 locale, e cinque primarie universit\u00e0 italiane (Luiss Guido Carli, La Sapienza, Politecnico di Torino, Alma Mater Studiorum di Bologna e Politecnico di Milano). Nelle intenzioni dei promotori il progetto dovrebbe sviluppare capacit\u00e0 di gestione e manodopera in settori strategici per l\u2019Azerbaijan. A tal fine ADA si avvarr\u00e0 delle competenze delle predette universit\u00e0 in specifici ambiti (gestione dei marchi, agroalimentare, architettura, design, studi urbani e ingegneria). I programmi saranno integrati con laboratori tecnologici, una sala di fabbricazione, un centro di progettazione e un incubatore di imprese.<\/p>\n<p style=\"text-align: justify;\">***<\/p>\n<p style=\"text-align: justify;\">L&#8217;Ambasciata d&#8217;Italia a Baku fornisce i seguenti servizi ai cittadini azerbaigiani:<\/p>\n<ul style=\"text-align: justify;\">\n<li style=\"text-align: justify;\">Informazioni a carattere culturale sul sistema educativo e formativo in Italia;<\/li>\n<li style=\"text-align: justify;\">Pratiche relative all&#8217;iscrizione dei cittadini azerbaigiani presso le universit\u00e0 italiane (il servizio \u00e8 rivolto agli studenti con titolo di studio secondario);<\/li>\n<li style=\"text-align: justify;\">Gestione delle borse di studio offerte dal Governo Italiano nel quadro dell&#8217;accordo di cooperazione culturale;<\/li>\n<li style=\"text-align: justify;\">Dichiarazioni di valore dei titoli di studio conseguiti in Azerbaigian per studenti che si recano in Italia.<\/li>\n<\/ul>\n<p>&nbsp;<\/p>\n<p><img loading=\"lazy\" decoding=\"async\" class=\"wp-image-935 img-fluid aligncenter\" style=\"text-align: justify;\" src=\"https:\/\/ambbaku.esteri.it\/wp-content\/uploads\/2023\/10\/massimo-virgilio-bzItNUjmjpU-unsplash-300x225.jpg\" alt=\"\" width=\"799\" height=\"599\" srcset=\"https:\/\/ambbaku.esteri.it\/wp-content\/uploads\/2023\/10\/massimo-virgilio-bzItNUjmjpU-unsplash-300x225.jpg 300w, https:\/\/ambbaku.esteri.it\/wp-content\/uploads\/2023\/10\/massimo-virgilio-bzItNUjmjpU-unsplash-1024x768.jpg 1024w, https:\/\/ambbaku.esteri.it\/wp-content\/uploads\/2023\/10\/massimo-virgilio-bzItNUjmjpU-unsplash-768x576.jpg 768w, https:\/\/ambbaku.esteri.it\/wp-content\/uploads\/2023\/10\/massimo-virgilio-bzItNUjmjpU-unsplash.jpg 1920w\" sizes=\"auto, (max-width: 799px) 100vw, 799px\" \/><\/p>\n<p>&nbsp;<\/p>\n<h3 style=\"text-align: justify;\"><strong>Promozione della lingua italiana<\/strong><\/h3>\n<p style=\"text-align: justify;\">La lingua italiana \u00e8 un mezzo di grande importanza per la promozione della cultura e delle attivit\u00e0 economiche in Azerbaigian. L\u2019interesse verso la nostra lingua da parte dei giovani azerbaigiani si spiega in gran parte col desiderio di tanti studenti azeri di proseguire gli studi in Italia. Proprio per questo la cooperazione nella sfera universitaria sta compiendo passi importanti. Nel 2022 sono stati firmati diversi accordi tra universit\u00e0 italiane ed azerbaigiane per la formazione di un\u2019universit\u00e0 congiunta. Il Ministero degli Affari Esteri e della Cooperazione Internazionale inoltre tramite l\u2019Ambasciata d\u2019Italia a Baku ha contribuito alla sviluppo di una cattedra di lingua italiana presso l\u2019Universit\u00e0 di Lingue dell\u2019Azerbaigian (<a href=\"http:\/\/www.adu.edu.az\/\">www.adu.edu.az<\/a>) e l\u2019Universit\u00e0 di archiettura (<a href=\"http:\/\/www.azmiu.edu.az\/\">www.azmiu.edu.az<\/a>). Presso l\u2019Universit\u00e0 di architettura \u00e8 operativo un Centro di Design Italo-Azero, nell\u2019ambito del progetto di collaborazione fra l\u2019Ateneo ed il Politecnico di Milano. Anche le aziende italiane a Baku sono interessate a promuovere la conoscenza della lingua italiana. Presso l\u2019Ateneo \u00e8 operativo dal 2009 un Centro Culturale italiano dotato di moderne attrezzature informatiche, fornite gratuitamente dalla ditta Saipem. Esso mira ad essere un punto d\u2019incontro degli studenti d\u2019Italiano ed il luogo di svolgimento d\u2019attivit\u00e0 extra accademiche (dibattiti, proiezioni di film ecc.). L&#8217;Azerbaigian inoltre \u00e8 uno dei paesi beneficiari del programma di Borse di studio offerte annualmente dal Ministero degli Affari Esteri e della Cooperazione Internazionale (MAECI) tramite l&#8217;Ambasciata a studenti desiderosi di proseguire i propri studi in Italia.<\/p>\n","protected":false},"excerpt":{"rendered":"La cultura italiana occupa un posto di rilievo in Azerbaigian. Gli antichi e solidi legami fra i due Paesi sono chiaramente visibili nei fregi e nelle sculture che adornano le strade del centro storico della capitale azera in cui lavorarono, a cavallo tra Ottocento e Novecento, architetti e artisti italiani. I rapporti culturali del resto [&hellip;]","protected":false},"author":1,"featured_media":0,"parent":14,"menu_order":2,"comment_status":"closed","ping_status":"closed","template":"","meta":{"footnotes":""},"class_list":["post-44","page","type-page","status-publish","hentry"],"_links":{"self":[{"href":"https:\/\/ambbaku.esteri.it\/it\/wp-json\/wp\/v2\/pages\/44","targetHints":{"allow":["GET"]}}],"collection":[{"href":"https:\/\/ambbaku.esteri.it\/it\/wp-json\/wp\/v2\/pages"}],"about":[{"href":"https:\/\/ambbaku.esteri.it\/it\/wp-json\/wp\/v2\/types\/page"}],"author":[{"embeddable":true,"href":"https:\/\/ambbaku.esteri.it\/it\/wp-json\/wp\/v2\/users\/1"}],"replies":[{"embeddable":true,"href":"https:\/\/ambbaku.esteri.it\/it\/wp-json\/wp\/v2\/comments?post=44"}],"version-history":[{"count":7,"href":"https:\/\/ambbaku.esteri.it\/it\/wp-json\/wp\/v2\/pages\/44\/revisions"}],"predecessor-version":[{"id":2902,"href":"https:\/\/ambbaku.esteri.it\/it\/wp-json\/wp\/v2\/pages\/44\/revisions\/2902"}],"up":[{"embeddable":true,"href":"https:\/\/ambbaku.esteri.it\/it\/wp-json\/wp\/v2\/pages\/14"}],"wp:attachment":[{"href":"https:\/\/ambbaku.esteri.it\/it\/wp-json\/wp\/v2\/media?parent=44"}],"curies":[{"name":"wp","href":"https:\/\/api.w.org\/{rel}","templated":true}]}}