{"id":516,"date":"2023-09-20T16:56:38","date_gmt":"2023-09-20T12:56:38","guid":{"rendered":"https:\/\/ambbaku.esteri.it\/?page_id=516"},"modified":"2023-10-03T14:35:40","modified_gmt":"2023-10-03T10:35:40","slug":"il-presidente-sergio-mattarella-in-azerbaigian-luglio-2018","status":"publish","type":"page","link":"https:\/\/ambbaku.esteri.it\/it\/italia-e-azerbaigian\/rapporti-politici\/incontri\/il-presidente-sergio-mattarella-in-azerbaigian-luglio-2018\/","title":{"rendered":"Il presidente Sergio Mattarella In Azerbaigian (Luglio 2018)"},"content":{"rendered":"<p style=\"text-align: justify;\"><strong>La visita di Stato del Presidente Sergio Mattarella nella Repubblica dell\u2019Azerbaigian nel luglio del 2018<\/strong><\/p>\n<p style=\"text-align: justify;\">Conclusa la Visita di Stato nella Repubblica dell\u2019Azerbaigian del Presidente Sergio Mattarella. Il 18 luglio, Mattarella, accompagnato dal Ministro degli Affari Esteri e della Cooperazione Internazionale, Enzo Moavero Milanesi, \u00e8 stato ricevuto a Zagulba, Residenza ufficiale del Presidente della Repubblica dell\u2019Azerbaigian, dal Presidente Ilham Aliyev: al termine dell\u2019incontro hanno rilasciato dichiarazioni alla stampa. Alla presenza dei due Presidenti sono state firmate intese bilaterali.<br \/>\nAl Parco Chimico Industriale di Sumgayt i due Capi di Stato hanno inaugurato l\u2019impianto di produzione di polipropilene costruito da Maire Tecnimont.<br \/>\nLa visita \u00e8 proseguita nel pomeriggio all\u2019Universit\u00e0 ADA (Azerbaijian Diplomatic Academy) dove il Presidente Mattarella ha tenuto una prolusione dal titolo: \u201cAzerbaigian e Italia: le radici profonde di un\u2019amicizia in evoluzione e il futuro della nostra collaborazione\u201d. Al termine il Capo dello Stato ha consegnato borse di studio del Ministero degli Affari Esteri e della Cooperazione Internazionale e del programma &#8220;Invest Your Talent in Italy&#8221; ad una rappresentanza di studenti azerbaigiani.<br \/>\nIl Presidente Mattarella ha successivamente incontrato i leader religiosi dell&#8217;Azerbaigian guidati dal Capo della direzione dei musulmani del Caucaso Sheykh-ul-Islam Hajji Allash\u00fck\u00fcr Pasha-zade, il Capo della comunit\u00e0 religiosa degli ebrei della montagna Milix Yevdaev, il Capo della comunit\u00e0 cattolica Prefetto Apostolico Vescovo Vladimir Fekete, il Segretario dell&#8217;Eparchia di Baku e dell&#8217;Azerbaigian della chiesa ortodossa russa Arciprete Mefodij Efendev.<br \/>\nIn serata, al Palazzo Presidenziale di Ganjlik, si \u00e8 svolto il Pranzo di Stato offerto dal Presidente della Repubblica dell\u2019Azerbaigian in onore del Presidente Mattarella.<br \/>\nIl 19 luglio mattina il Presidente Mattarella, dopo aver deposto una corona al Cimitero dei Martiri, \u00e8 intervenuto, insieme al Presidente Ilham Aliyev, alla sessione conclusiva del Forum economico italo-azerbaigiano al Centro Culturale Heydar Aliyev e ha inaugurato la mostra dedicata a Ismail I Sophi.<br \/>\nIl Capo dello Stato ha incontrato, quindi, il Primo Ministro della Repubblica dell\u2019Azerbaigian, Novruz Mammadov.<br \/>\nPrima di far rientro a Roma, il Presidente Mattarella ha salutato il personale dell&#8217;Ambasciata d&#8217;Italia, dell&#8217;ICE e una rappresentanza della collettivit\u00e0 italiana.<\/p>\n","protected":false},"excerpt":{"rendered":"La visita di Stato del Presidente Sergio Mattarella nella Repubblica dell\u2019Azerbaigian nel luglio del 2018 Conclusa la Visita di Stato nella Repubblica dell\u2019Azerbaigian del Presidente Sergio Mattarella. Il 18 luglio, Mattarella, accompagnato dal Ministro degli Affari Esteri e della Cooperazione Internazionale, Enzo Moavero Milanesi, \u00e8 stato ricevuto a Zagulba, Residenza ufficiale del Presidente della Repubblica [&hellip;]","protected":false},"author":6,"featured_media":0,"parent":510,"menu_order":0,"comment_status":"closed","ping_status":"closed","template":"","meta":{"footnotes":""},"class_list":["post-516","page","type-page","status-publish","hentry"],"_links":{"self":[{"href":"https:\/\/ambbaku.esteri.it\/it\/wp-json\/wp\/v2\/pages\/516","targetHints":{"allow":["GET"]}}],"collection":[{"href":"https:\/\/ambbaku.esteri.it\/it\/wp-json\/wp\/v2\/pages"}],"about":[{"href":"https:\/\/ambbaku.esteri.it\/it\/wp-json\/wp\/v2\/types\/page"}],"author":[{"embeddable":true,"href":"https:\/\/ambbaku.esteri.it\/it\/wp-json\/wp\/v2\/users\/6"}],"replies":[{"embeddable":true,"href":"https:\/\/ambbaku.esteri.it\/it\/wp-json\/wp\/v2\/comments?post=516"}],"version-history":[{"count":2,"href":"https:\/\/ambbaku.esteri.it\/it\/wp-json\/wp\/v2\/pages\/516\/revisions"}],"predecessor-version":[{"id":920,"href":"https:\/\/ambbaku.esteri.it\/it\/wp-json\/wp\/v2\/pages\/516\/revisions\/920"}],"up":[{"embeddable":true,"href":"https:\/\/ambbaku.esteri.it\/it\/wp-json\/wp\/v2\/pages\/510"}],"wp:attachment":[{"href":"https:\/\/ambbaku.esteri.it\/it\/wp-json\/wp\/v2\/media?parent=516"}],"curies":[{"name":"wp","href":"https:\/\/api.w.org\/{rel}","templated":true}]}}