{"id":68,"date":"2023-04-11T18:18:08","date_gmt":"2023-04-11T16:18:08","guid":{"rendered":"https:\/\/ambasciatapraga.esteri.it\/?page_id=68"},"modified":"2024-01-31T12:22:43","modified_gmt":"2024-01-31T08:22:43","slug":"stato-civile","status":"publish","type":"page","link":"https:\/\/ambbaku.esteri.it\/it\/servizi-consolari-e-visti\/servizi-per-il-cittadino-italiano\/stato-civile\/","title":{"rendered":"Stato Civile"},"content":{"rendered":"<p><strong>Stato Civile<\/strong><\/p>\n<p><strong>Informazioni Generali<\/strong><\/p>\n<p>I cittadini italiani sono sempre tenuti a comunicare alle autorit\u00e0 italiane le variazioni nello stato civile del loro nucleo familiare avvenute all\u2019estero (nascite, matrimoni, unioni civili, divorzi, decessi, adozioni, cambi di nome e cognome) presentando i certificati di stato civile o le sentenze straniere che li riguardano al Consolato competente territorialmente o direttamente al Comune.<\/p>\n<p>Anche nel caso di eventi avvenuti in Italia, \u00e8 opportuno darne informazione all\u2019ufficio consolare presso cui si \u00e8 registrati, onde poter aggiornare la posizione nello schedario consolare.<\/p>\n<p>L\u2019ufficio di Stato Civile si occupa di:<\/p>\n<p>\u2013 Registrazione di nascite, matrimoni, unioni civili (= matrimoni fra persone dello stesso sesso), decessi<\/p>\n<p>\u2013 Riconoscimento di adozione di minorenni stranieri<\/p>\n<p>\u2013 Invio di sentenze di divorzio<\/p>\n<p>\u2013 Cambio o correzione del nome e del cognome<\/p>\n<p>\u2013 Ricevimento delle dichiarazioni di riconoscimento di paternit\u00e0 e delle sentenze di filiazione<\/p>\n<p>\u2013 Pubblicazioni di matrimonio (per cittadini italiani che si sposano in Italia)<\/p>\n<p>\u2013 Invio per trascrizione di atti di separazione dei beni firmati presso l\u2019ufficio notarile del Consolato<\/p>\n<p><strong>* Si comunica che, a partire dal 15 novembre 2021, i cittadini iscritti nelle anagrafi italiane (sia APR che AIRE) hanno la possibilit\u00e0 di richiedere direttamente online diversi tipi di certificati anagrafici. Il rilascio di tali certificati e\u2019 gratuito e possibile solo a condizione di avere un\u2019identit\u00e0 digitale (CIE, Spid o CNS), dal momento che tale modalit\u00e0 \u00e8 ormai l\u2019unica in Italia per accedere ai servizi telematici erogati dalla Pubblica Amministrazione.<\/strong><\/p>\n<p>Il sito al quale e\u2019 necessario connettersi e\u2019<\/p>\n<p><a href=\"https:\/\/www.anagrafenazionale.interno.it\/servizi-al-cittadino\/\">https:\/\/www.anagrafenazionale.interno.it\/servizi-al-cittadino\/<\/a>;<\/p>\n<p>i certificati che si possono richiedere, per se\u2019 oppure per i familiari conviventi anagraficamente, sono:<\/p>\n<ul>\n<li>Certificato Anagrafico di nascita<\/li>\n<li>Certificato Anagrafico di matrimonio<\/li>\n<li>Certificato di Cittadinanza<\/li>\n<li>Certificato di Esistenza in vita<\/li>\n<li>Certificato di Residenza AIRE<\/li>\n<li>Certificato di Stato civile<\/li>\n<li>Certificato di Residenza in convivenza<\/li>\n<li>Certificato di Stato di famiglia AIRE<\/li>\n<li>Certificato di Stato Libero<\/li>\n<li>Certificato Anagrafico di Unione Civile<\/li>\n<li>Certificato di Contratto di Convivenza<\/li>\n<\/ul>\n<p>CHI PUO\u2019 RIVOLGERSI PER QUESTIONI DI STATO CIVILE ALLA CANCELLERIA CONSOLARE D\u2019ITALIA A BAKU:<\/p>\n<p><strong>I cittadini italiani residenti nella circoscrizione dell\u2019Ambasciata <\/strong>in regola con l\u2019iscrizione AIRE, possono presentare atti per eventi di stato civile formati in Azerbaigian.<\/p>\n<p><strong>I cittadini italiani residenti in Italia<\/strong> e temporaneamente in questa circoscrizione consolare possono scegliere se incaricare il Consolato di trasmettere gli atti ai propri Comuni di residenza oppure se presentarli personalmente presso gli uffici comunali (possibilit\u00e0 prevista dal DPR 396\/2000 art. 12, comma 11).<\/p>\n<p><strong>IMPORTANTE<\/strong><\/p>\n<p><strong>I figli minorenni di cittadini italiani vengono automaticamente iscritti all\u2019AIRE come cittadini italiani dall\u2019ufficio Stato Civile al momento della registrazione del certificato di nascita.<\/strong><\/p>\n<p>Per la presentazione di certificati di stato civile (nascite, matrimoni, unioni civili, decessi) o di altri atti stranieri da registrare in Italia (sentenze di divorzio e di cambio del nome) \u00a0\u00e8 necessario \u00a0concordare un appuntamento con l\u2019ufficio stato civile, inviando una email a <a href=\"mailto:baku.consolare@esteri.it\">baku.consolare@esteri.it<\/a> o utilizzando il sistema Prenota@mi.<\/p>\n<p><strong>Regole generali valide per tutti i documenti di stato civile:<\/strong><\/p>\n<p>Per poter effettuare le trascrizioni di stato civile, l\u2019amministrazione italiana deve ricevere e conservare i documenti <strong>esclusivamente in originale<\/strong>. Non \u00e8 quindi possibile inviare i documenti a mezzo posta elettronica e non \u00e8 possibile richiedere la restituzione degli stessi.<\/p>\n<p>I documenti originali e le relative legalizzazioni sono richiesti alle autorita\u2019 straniere competenti esclusivamente dai <strong>diretti interessati o da persona appositamente delegata<\/strong>.<\/p>\n<p>Si raccomanda di fornire sempre alle autorit\u00e0 locali le generalit\u00e0 corrette, esattamente come risultano dai documenti italiani. Inoltre si raccomanda di <strong>controllare<\/strong> i certificati ottenuti e di fare correggere eventuali errori prima di procedere alla legalizzazione e alla traduzione.<\/p>\n<p>Ogni documento di cui si chiede la trascrizione deve essere accompagnato dal relativo modulo di richiesta trascrizione dell\u2019atto, compilato, datato e firmato dal\/dalla cittadino\/a italiano\/a che richiede il servizio e da copia del documento d\u2019identit\u00e0 valido (preferibilmente passaporto Italiano).<\/p>\n<p>Tutti i documenti originali (certificati di stato civile e sentenze straniere) per essere registrati in Italia devono possedere due requisiti:<\/p>\n<ol>\n<li>Essere correttamente legalizzati (APOSTILLE)<\/li>\n<li>Essere accompagnati da una traduzione in lingua italiana anch\u2019essa con APOSTILLE<\/li>\n<\/ol>\n<p>&nbsp;<\/p>\n<p><a href=\"https:\/\/ambbaku.esteri.it\/wp-content\/uploads\/2024\/01\/14.1-MATRIMONIO-Generale.docx\">1 MATRIMONIO Generale<\/a><\/p>\n<p><a href=\"https:\/\/ambbaku.esteri.it\/wp-content\/uploads\/2024\/01\/14.1.1-modulo-trascrizione-matrimonio.doc\">1.1 Modulo trascrizione matrimonio<\/a><\/p>\n<p><a href=\"https:\/\/ambbaku.esteri.it\/wp-content\/uploads\/2024\/01\/14.1.2-modulo-trascrizione-divorzio.doc\">1.2 Modulo trascrizione divorzio<\/a><\/p>\n<p><a href=\"https:\/\/ambbaku.esteri.it\/wp-content\/uploads\/2024\/01\/14.2-modulo-trascrizione-nascita.doc\">2 Modulo trascrizione nascita<\/a><\/p>\n","protected":false},"excerpt":{"rendered":"Stato Civile Informazioni Generali I cittadini italiani sono sempre tenuti a comunicare alle autorit\u00e0 italiane le variazioni nello stato civile del loro nucleo familiare avvenute all\u2019estero (nascite, matrimoni, unioni civili, divorzi, decessi, adozioni, cambi di nome e cognome) presentando i certificati di stato civile o le sentenze straniere che li riguardano al Consolato competente territorialmente [&hellip;]","protected":false},"author":1,"featured_media":0,"parent":47,"menu_order":4,"comment_status":"closed","ping_status":"closed","template":"","meta":{"footnotes":""},"class_list":["post-68","page","type-page","status-publish","hentry"],"_links":{"self":[{"href":"https:\/\/ambbaku.esteri.it\/it\/wp-json\/wp\/v2\/pages\/68","targetHints":{"allow":["GET"]}}],"collection":[{"href":"https:\/\/ambbaku.esteri.it\/it\/wp-json\/wp\/v2\/pages"}],"about":[{"href":"https:\/\/ambbaku.esteri.it\/it\/wp-json\/wp\/v2\/types\/page"}],"author":[{"embeddable":true,"href":"https:\/\/ambbaku.esteri.it\/it\/wp-json\/wp\/v2\/users\/1"}],"replies":[{"embeddable":true,"href":"https:\/\/ambbaku.esteri.it\/it\/wp-json\/wp\/v2\/comments?post=68"}],"version-history":[{"count":4,"href":"https:\/\/ambbaku.esteri.it\/it\/wp-json\/wp\/v2\/pages\/68\/revisions"}],"predecessor-version":[{"id":2152,"href":"https:\/\/ambbaku.esteri.it\/it\/wp-json\/wp\/v2\/pages\/68\/revisions\/2152"}],"up":[{"embeddable":true,"href":"https:\/\/ambbaku.esteri.it\/it\/wp-json\/wp\/v2\/pages\/47"}],"wp:attachment":[{"href":"https:\/\/ambbaku.esteri.it\/it\/wp-json\/wp\/v2\/media?parent=68"}],"curies":[{"name":"wp","href":"https:\/\/api.w.org\/{rel}","templated":true}]}}