{"id":923,"date":"2023-10-03T14:43:46","date_gmt":"2023-10-03T10:43:46","guid":{"rendered":"https:\/\/ambbaku.esteri.it\/?page_id=923"},"modified":"2023-10-03T14:45:00","modified_gmt":"2023-10-03T10:45:00","slug":"il-presidente-ilham-aliyev-in-italia-settembre-2022","status":"publish","type":"page","link":"https:\/\/ambbaku.esteri.it\/it\/italia-e-azerbaigian\/rapporti-politici\/incontri\/il-presidente-ilham-aliyev-in-italia-settembre-2022\/","title":{"rendered":"Il Presidente Ilham Aliyev in Italia (Settembre 2022)"},"content":{"rendered":"<p style=\"text-align: justify;\">Il Presidente Aliyev il 1 e 2 settembre 2022 ha svolto la sua visita ufficiale in Italia. Dove il Presidente ha incontrato il Presidente della Repubblica Sergio Mattarella e Mario Draghi. Nei due incontri si \u00e8 parlato dello stato politico ed economico delle relazioni bilaterali. In aggiunta, \u00e8 stata sottolineata l\u2019importanza del partenariato strategico tra i due paesi e dello sviluppo dei rapporti tra Azerbaigian e Unione Europea in relazione al \u201cMemorandum of Understanding\u201d. Sono stati anche evidenziatigli gli sviluppi sul campo culturale, scientifico, universitario e del ruolo delle aziende italiane nella ricostruzione del Karabakh.<\/p>\n<p style=\"text-align: justify;\">Il Presidente Aliyev ha avuto la possibilit\u00e0 di inaugurare la nuova ambasciata Azerbaigiana a Roma, dove nello stesso giorno si \u00e8 celebrato lo scambio dei documenti firmati per la formazione di una universit\u00e0 congiunta azerbaigiana-italiana. Le universit\u00e0 coinvolte sono state l\u2019ADA University di Baku e cinque universit\u00e0 italiane, tra cui la Sapienza, la LUISS, l\u2019Universit\u00e0 di Bologna, il Politecnico di Milano e il Politecnico di Torino.<\/p>\n<p style=\"text-align: justify;\">Aliyev ha avuto possibilit\u00e0 di partecipare anche al Forum di Cernubbio dove ha tenuto un discorso sull\u2019esistente cooperazione tra Azerbaigian ed Europa e le sue potenzialit\u00e0.<\/p>\n","protected":false},"excerpt":{"rendered":"Il Presidente Aliyev il 1 e 2 settembre 2022 ha svolto la sua visita ufficiale in Italia. Dove il Presidente ha incontrato il Presidente della Repubblica Sergio Mattarella e Mario Draghi. Nei due incontri si \u00e8 parlato dello stato politico ed economico delle relazioni bilaterali. In aggiunta, \u00e8 stata sottolineata l\u2019importanza del partenariato strategico tra [&hellip;]","protected":false},"author":5,"featured_media":0,"parent":510,"menu_order":0,"comment_status":"closed","ping_status":"closed","template":"","meta":{"footnotes":""},"class_list":["post-923","page","type-page","status-publish","hentry"],"_links":{"self":[{"href":"https:\/\/ambbaku.esteri.it\/it\/wp-json\/wp\/v2\/pages\/923","targetHints":{"allow":["GET"]}}],"collection":[{"href":"https:\/\/ambbaku.esteri.it\/it\/wp-json\/wp\/v2\/pages"}],"about":[{"href":"https:\/\/ambbaku.esteri.it\/it\/wp-json\/wp\/v2\/types\/page"}],"author":[{"embeddable":true,"href":"https:\/\/ambbaku.esteri.it\/it\/wp-json\/wp\/v2\/users\/5"}],"replies":[{"embeddable":true,"href":"https:\/\/ambbaku.esteri.it\/it\/wp-json\/wp\/v2\/comments?post=923"}],"version-history":[{"count":3,"href":"https:\/\/ambbaku.esteri.it\/it\/wp-json\/wp\/v2\/pages\/923\/revisions"}],"predecessor-version":[{"id":926,"href":"https:\/\/ambbaku.esteri.it\/it\/wp-json\/wp\/v2\/pages\/923\/revisions\/926"}],"up":[{"embeddable":true,"href":"https:\/\/ambbaku.esteri.it\/it\/wp-json\/wp\/v2\/pages\/510"}],"wp:attachment":[{"href":"https:\/\/ambbaku.esteri.it\/it\/wp-json\/wp\/v2\/media?parent=923"}],"curies":[{"name":"wp","href":"https:\/\/api.w.org\/{rel}","templated":true}]}}