{"id":99,"date":"2023-04-11T18:24:38","date_gmt":"2023-04-11T16:24:38","guid":{"rendered":"https:\/\/ambasciatapraga.esteri.it\/?page_id=99"},"modified":"2024-12-18T10:38:16","modified_gmt":"2024-12-18T06:38:16","slug":"studiare-in-italia","status":"publish","type":"page","link":"https:\/\/ambbaku.esteri.it\/it\/italia-e-azerbaigian\/diplomazia-culturale\/studiare-in-italia\/","title":{"rendered":"Studiare in Italia"},"content":{"rendered":"<p style=\"text-align: justify;\"><strong>Le universit\u00e0 italiane<\/strong> offrono la possibilit\u00e0 di studiare sia in lingua italiana che inglese. Solitamente le iscrizioni si tengono tra i mesi di aprile e luglio, ma \u00e8 prerogativa delle singole universit\u00e0 decidere le tempistiche e le scadenze della presentazione delle domande di iscrizione ed eventuali test d\u2019ingresso.<\/p>\n<p style=\"text-align: justify;\">Per poter seguire i corsi in <strong>lingua italiana<\/strong> \u00e8 solitamente richiesto un livello di conoscenza della lingua italiana B2, come il <a href=\"https:\/\/www.dante.global\/en\/certifications\/plida-certification\">PLIDA<\/a> per l&#8217;italiano offerto dall\u2019<strong>Istituto Dante Alighieri<\/strong>. Alcune universit\u00e0 permettono di svolgere un esame di lingua italiana prima dell\u2019inizio dell\u2019anno accademico.<\/p>\n<p style=\"text-align: justify;\">Per quanto riguarda le <strong>borse di studio<\/strong> spetta al singolo studente verificare i requisiti di assegnazione leggendo i bandi pubblicati dalle regioni italiane, dalle universit\u00e0 e da questa Ambasciata.<\/p>\n<p style=\"text-align: justify;\">Il Ministero degli Affari Esteri italiano infatti offre annualmente un numero limitato di borse di studio il cui bando \u00e8 pubblicato indicativamente nel mese di aprile sul sito dell\u2019Ambasciata italiana a Baku e sul sito del Ministero (<a href=\"https:\/\/www.esteri.it\/en\/opportunita\/borse-di-studio\/\">Borse<\/a>).<\/p>\n<p style=\"text-align: justify;\">Si ricorda in proposito che i cittadini azeri che intendono studiare in Italia hanno bisogno di un visto per studio.<\/p>\n<p style=\"text-align: justify;\">Per maggiori informazioni si invitano gli interessati a leggere i seguenti siti:<\/p>\n<p style=\"text-align: justify;\"><a href=\"https:\/\/studyinitaly.esteri.it\/\">StudyinItaly<\/a><\/p>\n<p style=\"text-align: justify;\"><a href=\"https:\/\/www.universitaly.it\/\">Universitaly<\/a><\/p>\n<p style=\"text-align: justify;\"><a href=\"https:\/\/www.esteri.it\/en\/sportello_info\/domandefrequenti\/studiare-in-italia\/\">Faq<\/a><\/p>\n","protected":false},"excerpt":{"rendered":"Le universit\u00e0 italiane offrono la possibilit\u00e0 di studiare sia in lingua italiana che inglese. Solitamente le iscrizioni si tengono tra i mesi di aprile e luglio, ma \u00e8 prerogativa delle singole universit\u00e0 decidere le tempistiche e le scadenze della presentazione delle domande di iscrizione ed eventuali test d\u2019ingresso. Per poter seguire i corsi in lingua [&hellip;]","protected":false},"author":1,"featured_media":0,"parent":44,"menu_order":0,"comment_status":"closed","ping_status":"closed","template":"","meta":{"footnotes":""},"class_list":["post-99","page","type-page","status-publish","hentry"],"_links":{"self":[{"href":"https:\/\/ambbaku.esteri.it\/it\/wp-json\/wp\/v2\/pages\/99","targetHints":{"allow":["GET"]}}],"collection":[{"href":"https:\/\/ambbaku.esteri.it\/it\/wp-json\/wp\/v2\/pages"}],"about":[{"href":"https:\/\/ambbaku.esteri.it\/it\/wp-json\/wp\/v2\/types\/page"}],"author":[{"embeddable":true,"href":"https:\/\/ambbaku.esteri.it\/it\/wp-json\/wp\/v2\/users\/1"}],"replies":[{"embeddable":true,"href":"https:\/\/ambbaku.esteri.it\/it\/wp-json\/wp\/v2\/comments?post=99"}],"version-history":[{"count":8,"href":"https:\/\/ambbaku.esteri.it\/it\/wp-json\/wp\/v2\/pages\/99\/revisions"}],"predecessor-version":[{"id":3191,"href":"https:\/\/ambbaku.esteri.it\/it\/wp-json\/wp\/v2\/pages\/99\/revisions\/3191"}],"up":[{"embeddable":true,"href":"https:\/\/ambbaku.esteri.it\/it\/wp-json\/wp\/v2\/pages\/44"}],"wp:attachment":[{"href":"https:\/\/ambbaku.esteri.it\/it\/wp-json\/wp\/v2\/media?parent=99"}],"curies":[{"name":"wp","href":"https:\/\/api.w.org\/{rel}","templated":true}]}}